{"id":391487,"date":"2026-04-05T14:23:03","date_gmt":"2026-04-05T12:23:03","guid":{"rendered":"https:\/\/bogensportdiscount.ch\/produkt\/coche-books-guider-son-mental-french\/"},"modified":"2026-04-15T12:10:05","modified_gmt":"2026-04-15T10:10:05","slug":"coche-buch-guider-son-mental-franzoesisch","status":"publish","type":"product","link":"https:\/\/bogensportdiscount.ch\/it\/prodotto\/coche-buch-guider-son-mental-franzoesisch\/","title":{"rendered":"LIBRI COCHE \u201aGUIDA FIGLIO MENTALE\u2018 (francese)"},"content":{"rendered":"<p>\u00abGuider Son Mental\u00bb von COCHE widmet sich der mentalen Seite des Bogensports. Der Titel l\u00e4sst sich sinngem\u00e4ss mit \u00abSeinen Geist lenken\u00bb \u00fcbersetzen und beschreibt den inhaltlichen Schwerpunkt: die bewusste Steuerung mentaler Prozesse f\u00fcr eine konstantere Leistung beim Schiessen.<\/p>\n<p>Das Buch richtet sich an Bogensch\u00fctzen aller Niveaus \u2013 vom Einsteiger bis zum fortgeschrittenen Sch\u00fctzen \u2013 und ist in franz\u00f6sischer Sprache verfasst. Es eignet sich besonders f\u00fcr frankophone Sch\u00fctzen in der Schweiz, Frankreich und Belgien.<\/p>\n<ul>\n<li>Thema: mentale Steuerung und Vorbereitung im Bogensport<\/li>\n<li>Sprache: Franz\u00f6sisch<\/li>\n<li>Geeignet f\u00fcr alle Leistungsstufen<\/li>\n<li>Kompaktes Format zum g\u00fcnstigen Preis<\/li>\n<\/ul>","protected":false},"excerpt":{"rendered":"<p><strong>Marchio:<\/strong> Coche<br \/><strong>Sprache:<\/strong> French<br \/><strong>GTIN:<\/strong> 9782950609243<\/p>","protected":false},"featured_media":452283,"comment_status":"open","ping_status":"closed","template":"","meta":[],"product_brand":[787],"product_cat":[4568],"product_tag":[3546],"class_list":{"0":"post-391487","1":"product","2":"type-product","3":"status-publish","4":"has-post-thumbnail","6":"product_brand-coche","7":"product_cat-buecher-buecher-dvds-werkzeuge-training","8":"product_tag-neuheit","10":"first","11":"instock","12":"shipping-taxable","13":"purchasable","14":"product-type-simple"},"_links":{"self":[{"href":"https:\/\/bogensportdiscount.ch\/it\/wp-json\/wp\/v2\/product\/391487","targetHints":{"allow":["GET"]}}],"collection":[{"href":"https:\/\/bogensportdiscount.ch\/it\/wp-json\/wp\/v2\/product"}],"about":[{"href":"https:\/\/bogensportdiscount.ch\/it\/wp-json\/wp\/v2\/types\/product"}],"replies":[{"embeddable":true,"href":"https:\/\/bogensportdiscount.ch\/it\/wp-json\/wp\/v2\/comments?post=391487"}],"wp:featuredmedia":[{"embeddable":true,"href":"https:\/\/bogensportdiscount.ch\/it\/wp-json\/wp\/v2\/media\/452283"}],"wp:attachment":[{"href":"https:\/\/bogensportdiscount.ch\/it\/wp-json\/wp\/v2\/media?parent=391487"}],"wp:term":[{"taxonomy":"product_brand","embeddable":true,"href":"https:\/\/bogensportdiscount.ch\/it\/wp-json\/wp\/v2\/product_brand?post=391487"},{"taxonomy":"product_cat","embeddable":true,"href":"https:\/\/bogensportdiscount.ch\/it\/wp-json\/wp\/v2\/product_cat?post=391487"},{"taxonomy":"product_tag","embeddable":true,"href":"https:\/\/bogensportdiscount.ch\/it\/wp-json\/wp\/v2\/product_tag?post=391487"}],"curies":[{"name":"wp","href":"https:\/\/api.w.org\/{rel}","templated":true}]}}