{"id":391471,"date":"2026-04-05T14:23:00","date_gmt":"2026-04-05T12:23:00","guid":{"rendered":"https:\/\/bogensportdiscount.ch\/produkt\/gompy-chestguards-bb4-small-rh-black\/"},"modified":"2026-04-15T12:10:03","modified_gmt":"2026-04-15T10:10:03","slug":"gompy-brustschuetzer-bb4-small-rh-schwarz","status":"publish","type":"product","link":"https:\/\/bogensportdiscount.ch\/it\/prodotto\/gompy-brustschuetzer-bb4-small-rh-schwarz\/","title":{"rendered":"GOMPY PARACOSTOLE BB4 SMALL RH NERO"},"content":{"rendered":"<p>Der GOMPY BB4 Brustsch\u00fctzer ist ein praktisches Schiesszubeh\u00f6r, das die Brust vor unerw\u00fcnschtem Kontakt mit der Bogensehne sch\u00fctzt. Dies verhindert nicht nur Schmerzen und Verletzungen, sondern sorgt auch daf\u00fcr, dass die Kleidung nicht in den Sehnenweg ger\u00e4t und den Schuss beeinflusst.<\/p>\n<p>Das Modell ist in der Ausf\u00fchrung Small f\u00fcr Rechtsh\u00e4nder (RH) erh\u00e4ltlich und in klassischem Schwarz gehalten. Dank des kompakten Designs sitzt der Brustsch\u00fctzer eng am K\u00f6rper und schr\u00e4nkt die Bewegungsfreiheit beim Schiessen kaum ein.<\/p>\n<ul>\n<li>F\u00fcr Rechtsh\u00e4nder (RH) geeignet<\/li>\n<li>Gr\u00f6sse: Small<\/li>\n<li>Farbe: Schwarz<\/li>\n<li>Sch\u00fctzt vor Sehnenber\u00fchrung an Brust und Kleidung<\/li>\n<\/ul>","protected":false},"excerpt":{"rendered":"<p><strong>Marchio:<\/strong> Gompy<br \/><strong>LH\/RH:<\/strong> RH<br \/><strong>Farbe:<\/strong> Schwarz<br \/><strong>Gr\u00f6\u00dfen:<\/strong> S<br \/><strong>GTIN:<\/strong> 6426011041094<\/p>","protected":false},"featured_media":452281,"comment_status":"open","ping_status":"closed","template":"","meta":[],"product_brand":[596],"product_cat":[4180],"product_tag":[3546],"class_list":{"0":"post-391471","1":"product","2":"type-product","3":"status-publish","4":"has-post-thumbnail","6":"product_brand-gompy","7":"product_cat-brustschutz","8":"product_tag-neuheit","10":"first","11":"instock","12":"shipping-taxable","13":"purchasable","14":"product-type-simple"},"_links":{"self":[{"href":"https:\/\/bogensportdiscount.ch\/it\/wp-json\/wp\/v2\/product\/391471","targetHints":{"allow":["GET"]}}],"collection":[{"href":"https:\/\/bogensportdiscount.ch\/it\/wp-json\/wp\/v2\/product"}],"about":[{"href":"https:\/\/bogensportdiscount.ch\/it\/wp-json\/wp\/v2\/types\/product"}],"replies":[{"embeddable":true,"href":"https:\/\/bogensportdiscount.ch\/it\/wp-json\/wp\/v2\/comments?post=391471"}],"wp:featuredmedia":[{"embeddable":true,"href":"https:\/\/bogensportdiscount.ch\/it\/wp-json\/wp\/v2\/media\/452281"}],"wp:attachment":[{"href":"https:\/\/bogensportdiscount.ch\/it\/wp-json\/wp\/v2\/media?parent=391471"}],"wp:term":[{"taxonomy":"product_brand","embeddable":true,"href":"https:\/\/bogensportdiscount.ch\/it\/wp-json\/wp\/v2\/product_brand?post=391471"},{"taxonomy":"product_cat","embeddable":true,"href":"https:\/\/bogensportdiscount.ch\/it\/wp-json\/wp\/v2\/product_cat?post=391471"},{"taxonomy":"product_tag","embeddable":true,"href":"https:\/\/bogensportdiscount.ch\/it\/wp-json\/wp\/v2\/product_tag?post=391471"}],"curies":[{"name":"wp","href":"https:\/\/api.w.org\/{rel}","templated":true}]}}