{"id":391470,"date":"2026-04-05T14:23:00","date_gmt":"2026-04-05T12:23:00","guid":{"rendered":"https:\/\/bogensportdiscount.ch\/produkt\/gompy-chestguards-bb4-small-rh-white\/"},"modified":"2026-04-15T12:10:03","modified_gmt":"2026-04-15T10:10:03","slug":"gompy-brustschutz-bb4-small-rh-weiss","status":"publish","type":"product","link":"https:\/\/bogensportdiscount.ch\/it\/prodotto\/gompy-brustschutz-bb4-small-rh-weiss\/","title":{"rendered":"PROTEZIONI TORACICHE GOMPY BB4 SMALL RH BIANCO"},"content":{"rendered":"<p>Der GOMPY BB4 Brustschutz ist ein einfaches und funktionales Schutzzubeh\u00f6r f\u00fcr Bogensch\u00fctzen. Er verhindert den Kontakt der Bogensehne mit der Brust beim Abschuss und tr\u00e4gt so zu einem sauberen, ungehinderten Schiessablauf bei.<\/p>\n<p>Dieses Modell ist in der Gr\u00f6sse Small ausgef\u00fchrt und f\u00fcr Rechtsh\u00e4nder (RH) konzipiert. Die Ausf\u00fchrung in Weiss macht ihn gut sichtbar und leicht zu kombinieren.<\/p>\n<ul>\n<li>Gr\u00f6sse: Small<\/li>\n<li>Ausf\u00fchrung: Rechtsh\u00e4nder (RH)<\/li>\n<li>Farbe: Weiss<\/li>\n<li>Schutz vor Sehnenkontakt an der Brust<\/li>\n<\/ul>","protected":false},"excerpt":{"rendered":"<p><strong>Marchio:<\/strong> Gompy<br \/><strong>LH\/RH:<\/strong> RH<br \/><strong>Farbe:<\/strong> Wei\u00df<br \/><strong>Gr\u00f6\u00dfen:<\/strong> S<br \/><strong>GTIN:<\/strong> 6426005512500<\/p>","protected":false},"featured_media":452280,"comment_status":"open","ping_status":"closed","template":"","meta":[],"product_brand":[596],"product_cat":[4180],"product_tag":[3546],"class_list":{"0":"post-391470","1":"product","2":"type-product","3":"status-publish","4":"has-post-thumbnail","6":"product_brand-gompy","7":"product_cat-brustschutz","8":"product_tag-neuheit","10":"first","11":"instock","12":"shipping-taxable","13":"purchasable","14":"product-type-simple"},"_links":{"self":[{"href":"https:\/\/bogensportdiscount.ch\/it\/wp-json\/wp\/v2\/product\/391470","targetHints":{"allow":["GET"]}}],"collection":[{"href":"https:\/\/bogensportdiscount.ch\/it\/wp-json\/wp\/v2\/product"}],"about":[{"href":"https:\/\/bogensportdiscount.ch\/it\/wp-json\/wp\/v2\/types\/product"}],"replies":[{"embeddable":true,"href":"https:\/\/bogensportdiscount.ch\/it\/wp-json\/wp\/v2\/comments?post=391470"}],"wp:featuredmedia":[{"embeddable":true,"href":"https:\/\/bogensportdiscount.ch\/it\/wp-json\/wp\/v2\/media\/452280"}],"wp:attachment":[{"href":"https:\/\/bogensportdiscount.ch\/it\/wp-json\/wp\/v2\/media?parent=391470"}],"wp:term":[{"taxonomy":"product_brand","embeddable":true,"href":"https:\/\/bogensportdiscount.ch\/it\/wp-json\/wp\/v2\/product_brand?post=391470"},{"taxonomy":"product_cat","embeddable":true,"href":"https:\/\/bogensportdiscount.ch\/it\/wp-json\/wp\/v2\/product_cat?post=391470"},{"taxonomy":"product_tag","embeddable":true,"href":"https:\/\/bogensportdiscount.ch\/it\/wp-json\/wp\/v2\/product_tag?post=391470"}],"curies":[{"name":"wp","href":"https:\/\/api.w.org\/{rel}","templated":true}]}}