{"id":391455,"date":"2026-04-05T14:22:58","date_gmt":"2026-04-05T12:22:58","guid":{"rendered":"https:\/\/bogensportdiscount.ch\/produkt\/moultrie-feeder-6-5-gallon-directional-hanging\/"},"modified":"2026-05-14T07:13:27","modified_gmt":"2026-05-14T05:13:27","slug":"moultrie-futterautomat-6-5-gallon-directional-hanging","status":"publish","type":"product","link":"https:\/\/bogensportdiscount.ch\/it\/prodotto\/moultrie-futterautomat-6-5-gallon-directional-hanging\/","title":{"rendered":"MOULTRIE FUTTERAUTOMAT &#8218;6.5-GALLON RICHTUNGS-HAENGEND&#8216;"},"content":{"rendered":"<p>Il distributore automatico di mangime MOULTRIE Directional Hanging offre una capacit\u00e0 di 6,5 galloni (ca. 24,6 litri) ed \u00e8 progettato per il montaggio sospeso. Il meccanismo di distribuzione direzionale consente una distribuzione mirata del mangime nella direzione desiderata, facilitando la configurazione precisa di un punto di alimentazione.<\/p>\n<p>Grazie al montaggio a sospensione, il distributore \u00e8 particolarmente adatto per l'uso in aree boschive e presso appostamenti. Pu\u00f2 essere posizionato in modo flessibile ed \u00e8 concepito sia per la caccia che per l'osservazione della fauna selvatica.<\/p>\n<ul>\n<li>Capacit\u00e0: 6,5 galloni (ca. 24,6 litri)<\/li>\n<li>Montaggio sospeso per un posizionamento flessibile<\/li>\n<li>Distribuzione direzionale del mangime per punti di alimentazione mirati<\/li>\n<li>Adatta per caccia e osservazione della fauna selvatica<\/li>\n<\/ul>","protected":false},"excerpt":{"rendered":"<table>\n<tr>\n<th>Propriet\u00e0<\/th>\n<th>Valore<\/th>\n<\/tr>\n<tr>\n<td>Marca<\/td>\n<td>Moultrie<\/td>\n<\/tr>\n<tr>\n<td>Paese di origine<\/td>\n<td>USA<\/td>\n<\/tr>\n<tr>\n<td>GTIN<\/td>\n<td>053695132822<\/td>\n<\/tr>\n<\/table>","protected":false},"featured_media":443089,"comment_status":"open","ping_status":"closed","template":"","meta":[],"product_brand":[784],"product_cat":[4171,4309,4310],"product_tag":[3546],"class_list":{"0":"post-391455","1":"product","2":"type-product","3":"status-publish","4":"has-post-thumbnail","6":"product_brand-moultrie","7":"product_cat-jagd-outdoor","8":"product_cat-jagd-zubehoer","9":"product_cat-feeders-zubehoer","10":"product_tag-neuheit","11":"product_shipping_class-bsd-standard","13":"first","14":"instock","15":"shipping-taxable","16":"purchasable","17":"product-type-simple"},"yoast_head":"<!-- This site is optimized with the Yoast SEO plugin v27.6 - https:\/\/yoast.com\/product\/yoast-seo-wordpress\/ -->\n<title>MOULTRIE FUTTERAUTOMAT &#039;6.5-GALLON RICHTUNGS-HAENGEND&#039; - Bogensportdiscount \u2013 B\u00f6gen, Pfeile, Targets &amp; Zubeh\u00f6r<\/title>\n<meta name=\"description\" content=\"MOULTRIE FUTTERAUTOMAT &#039;6.5-GALLON RICHTUNGS-HAENGEND&#039; g\u00fcnstig kaufen bei Bogensportdiscount \u2013 Top-Marken, schneller Versand aus der Schweiz.\" \/>\n<meta name=\"robots\" content=\"index, follow, max-snippet:-1, max-image-preview:large, max-video-preview:-1\" \/>\n<link rel=\"canonical\" href=\"https:\/\/bogensportdiscount.ch\/it\/prodotto\/moultrie-futterautomat-6-5-gallon-directional-hanging\/\" \/>\n<meta property=\"og:locale\" content=\"it_IT\" \/>\n<meta property=\"og:type\" content=\"article\" \/>\n<meta property=\"og:title\" content=\"MOULTRIE FUTTERAUTOMAT &#039;6.5-GALLON RICHTUNGS-HAENGEND&#039; - Bogensportdiscount \u2013 B\u00f6gen, Pfeile, Targets &amp; Zubeh\u00f6r\" \/>\n<meta property=\"og:description\" content=\"MOULTRIE FUTTERAUTOMAT &#039;6.5-GALLON RICHTUNGS-HAENGEND&#039; g\u00fcnstig kaufen bei Bogensportdiscount \u2013 Top-Marken, schneller Versand aus der Schweiz.\" \/>\n<meta property=\"og:url\" content=\"https:\/\/bogensportdiscount.ch\/it\/prodotto\/moultrie-futterautomat-6-5-gallon-directional-hanging\/\" \/>\n<meta property=\"og:site_name\" content=\"Bogensportdiscount \u2013 B\u00f6gen, Pfeile, Targets &amp; Zubeh\u00f6r\" \/>\n<meta property=\"article:modified_time\" content=\"2026-05-14T05:13:27+00:00\" \/>\n<meta property=\"og:image\" content=\"https:\/\/bogensportdiscount.ch\/wp-content\/uploads\/bsm-images\/A009936_1.png\" \/>\n\t<meta property=\"og:image:width\" content=\"914\" \/>\n\t<meta property=\"og:image:height\" content=\"792\" \/>\n\t<meta property=\"og:image:type\" content=\"image\/png\" \/>\n<meta name=\"twitter:card\" content=\"summary_large_image\" \/>\n<meta name=\"twitter:label1\" content=\"Tempo di lettura stimato\" \/>\n\t<meta name=\"twitter:data1\" content=\"1 minuto\" \/>\n<script type=\"application\/ld+json\" class=\"yoast-schema-graph\">{\"@context\":\"https:\\\/\\\/schema.org\",\"@graph\":[{\"@type\":\"WebPage\",\"@id\":\"https:\\\/\\\/bogensportdiscount.ch\\\/produkt\\\/moultrie-futterautomat-6-5-gallon-directional-hanging\\\/\",\"url\":\"https:\\\/\\\/bogensportdiscount.ch\\\/produkt\\\/moultrie-futterautomat-6-5-gallon-directional-hanging\\\/\",\"name\":\"MOULTRIE FUTTERAUTOMAT '6.5-GALLON RICHTUNGS-HAENGEND' - Bogensportdiscount \u2013 B\u00f6gen, Pfeile, Targets &amp; Zubeh\u00f6r\",\"isPartOf\":{\"@id\":\"https:\\\/\\\/bogensportdiscount.ch\\\/#website\"},\"primaryImageOfPage\":{\"@id\":\"https:\\\/\\\/bogensportdiscount.ch\\\/produkt\\\/moultrie-futterautomat-6-5-gallon-directional-hanging\\\/#primaryimage\"},\"image\":{\"@id\":\"https:\\\/\\\/bogensportdiscount.ch\\\/produkt\\\/moultrie-futterautomat-6-5-gallon-directional-hanging\\\/#primaryimage\"},\"thumbnailUrl\":\"https:\\\/\\\/bogensportdiscount.ch\\\/wp-content\\\/uploads\\\/bsm-images\\\/A009936_1.png\",\"datePublished\":\"2026-04-05T12:22:58+00:00\",\"dateModified\":\"2026-05-14T05:13:27+00:00\",\"description\":\"MOULTRIE FUTTERAUTOMAT '6.5-GALLON RICHTUNGS-HAENGEND' g\u00fcnstig kaufen bei Bogensportdiscount \u2013 Top-Marken, schneller Versand aus der Schweiz.\",\"breadcrumb\":{\"@id\":\"https:\\\/\\\/bogensportdiscount.ch\\\/produkt\\\/moultrie-futterautomat-6-5-gallon-directional-hanging\\\/#breadcrumb\"},\"inLanguage\":\"it-IT\",\"potentialAction\":[{\"@type\":\"ReadAction\",\"target\":[\"https:\\\/\\\/bogensportdiscount.ch\\\/produkt\\\/moultrie-futterautomat-6-5-gallon-directional-hanging\\\/\"]}]},{\"@type\":\"ImageObject\",\"inLanguage\":\"it-IT\",\"@id\":\"https:\\\/\\\/bogensportdiscount.ch\\\/produkt\\\/moultrie-futterautomat-6-5-gallon-directional-hanging\\\/#primaryimage\",\"url\":\"https:\\\/\\\/bogensportdiscount.ch\\\/wp-content\\\/uploads\\\/bsm-images\\\/A009936_1.png\",\"contentUrl\":\"https:\\\/\\\/bogensportdiscount.ch\\\/wp-content\\\/uploads\\\/bsm-images\\\/A009936_1.png\",\"width\":914,\"height\":792},{\"@type\":\"BreadcrumbList\",\"@id\":\"https:\\\/\\\/bogensportdiscount.ch\\\/produkt\\\/moultrie-futterautomat-6-5-gallon-directional-hanging\\\/#breadcrumb\",\"itemListElement\":[{\"@type\":\"ListItem\",\"position\":1,\"name\":\"Home\",\"item\":\"https:\\\/\\\/bogensportdiscount.ch\\\/\"},{\"@type\":\"ListItem\",\"position\":2,\"name\":\"Shop\",\"item\":\"https:\\\/\\\/bogensportdiscount.ch\\\/shop\\\/\"},{\"@type\":\"ListItem\",\"position\":3,\"name\":\"MOULTRIE FEEDER &#8218;6.5-GALLON DIRECTIONAL HANGING&#8216;\"}]},{\"@type\":\"WebSite\",\"@id\":\"https:\\\/\\\/bogensportdiscount.ch\\\/#website\",\"url\":\"https:\\\/\\\/bogensportdiscount.ch\\\/\",\"name\":\"Bogensportdiscount\",\"description\":\"\",\"potentialAction\":[{\"@type\":\"SearchAction\",\"target\":{\"@type\":\"EntryPoint\",\"urlTemplate\":\"https:\\\/\\\/bogensportdiscount.ch\\\/?s={search_term_string}\"},\"query-input\":{\"@type\":\"PropertyValueSpecification\",\"valueRequired\":true,\"valueName\":\"search_term_string\"}}],\"inLanguage\":\"it-IT\"}]}<\/script>\n<!-- \/ Yoast SEO plugin. -->","yoast_head_json":{"title":"MOULTRIE FUTTERAUTOMAT '6.5-GALLON RICHTUNGS-HAENGEND' - Bogensportdiscount \u2013 B\u00f6gen, Pfeile, Targets &amp; Zubeh\u00f6r","description":"MOULTRIE FUTTERAUTOMAT '6.5-GALLON RICHTUNGS-HAENGEND' g\u00fcnstig kaufen bei Bogensportdiscount \u2013 Top-Marken, schneller Versand aus der Schweiz.","robots":{"index":"index","follow":"follow","max-snippet":"max-snippet:-1","max-image-preview":"max-image-preview:large","max-video-preview":"max-video-preview:-1"},"canonical":"https:\/\/bogensportdiscount.ch\/it\/prodotto\/moultrie-futterautomat-6-5-gallon-directional-hanging\/","og_locale":"it_IT","og_type":"article","og_title":"MOULTRIE FUTTERAUTOMAT '6.5-GALLON RICHTUNGS-HAENGEND' - Bogensportdiscount \u2013 B\u00f6gen, Pfeile, Targets &amp; Zubeh\u00f6r","og_description":"MOULTRIE FUTTERAUTOMAT '6.5-GALLON RICHTUNGS-HAENGEND' g\u00fcnstig kaufen bei Bogensportdiscount \u2013 Top-Marken, schneller Versand aus der Schweiz.","og_url":"https:\/\/bogensportdiscount.ch\/it\/prodotto\/moultrie-futterautomat-6-5-gallon-directional-hanging\/","og_site_name":"Bogensportdiscount \u2013 B\u00f6gen, Pfeile, Targets &amp; Zubeh\u00f6r","article_modified_time":"2026-05-14T05:13:27+00:00","og_image":[{"width":914,"height":792,"url":"https:\/\/bogensportdiscount.ch\/wp-content\/uploads\/bsm-images\/A009936_1.png","type":"image\/png"}],"twitter_card":"summary_large_image","twitter_misc":{"Tempo di lettura stimato":"1 minuto"},"schema":{"@context":"https:\/\/schema.org","@graph":[{"@type":"WebPage","@id":"https:\/\/bogensportdiscount.ch\/produkt\/moultrie-futterautomat-6-5-gallon-directional-hanging\/","url":"https:\/\/bogensportdiscount.ch\/produkt\/moultrie-futterautomat-6-5-gallon-directional-hanging\/","name":"MOULTRIE FUTTERAUTOMAT '6.5-GALLON RICHTUNGS-HAENGEND' - Bogensportdiscount \u2013 B\u00f6gen, Pfeile, Targets &amp; Zubeh\u00f6r","isPartOf":{"@id":"https:\/\/bogensportdiscount.ch\/#website"},"primaryImageOfPage":{"@id":"https:\/\/bogensportdiscount.ch\/produkt\/moultrie-futterautomat-6-5-gallon-directional-hanging\/#primaryimage"},"image":{"@id":"https:\/\/bogensportdiscount.ch\/produkt\/moultrie-futterautomat-6-5-gallon-directional-hanging\/#primaryimage"},"thumbnailUrl":"https:\/\/bogensportdiscount.ch\/wp-content\/uploads\/bsm-images\/A009936_1.png","datePublished":"2026-04-05T12:22:58+00:00","dateModified":"2026-05-14T05:13:27+00:00","description":"MOULTRIE FUTTERAUTOMAT '6.5-GALLON RICHTUNGS-HAENGEND' g\u00fcnstig kaufen bei Bogensportdiscount \u2013 Top-Marken, schneller Versand aus der Schweiz.","breadcrumb":{"@id":"https:\/\/bogensportdiscount.ch\/produkt\/moultrie-futterautomat-6-5-gallon-directional-hanging\/#breadcrumb"},"inLanguage":"it-IT","potentialAction":[{"@type":"ReadAction","target":["https:\/\/bogensportdiscount.ch\/produkt\/moultrie-futterautomat-6-5-gallon-directional-hanging\/"]}]},{"@type":"ImageObject","inLanguage":"it-IT","@id":"https:\/\/bogensportdiscount.ch\/produkt\/moultrie-futterautomat-6-5-gallon-directional-hanging\/#primaryimage","url":"https:\/\/bogensportdiscount.ch\/wp-content\/uploads\/bsm-images\/A009936_1.png","contentUrl":"https:\/\/bogensportdiscount.ch\/wp-content\/uploads\/bsm-images\/A009936_1.png","width":914,"height":792},{"@type":"BreadcrumbList","@id":"https:\/\/bogensportdiscount.ch\/produkt\/moultrie-futterautomat-6-5-gallon-directional-hanging\/#breadcrumb","itemListElement":[{"@type":"ListItem","position":1,"name":"Home","item":"https:\/\/bogensportdiscount.ch\/"},{"@type":"ListItem","position":2,"name":"Shop","item":"https:\/\/bogensportdiscount.ch\/shop\/"},{"@type":"ListItem","position":3,"name":"MOULTRIE FEEDER &#8218;6.5-GALLON DIRECTIONAL HANGING&#8216;"}]},{"@type":"WebSite","@id":"https:\/\/bogensportdiscount.ch\/#website","url":"https:\/\/bogensportdiscount.ch\/","name":"Bogensportdiscount","description":"","potentialAction":[{"@type":"SearchAction","target":{"@type":"EntryPoint","urlTemplate":"https:\/\/bogensportdiscount.ch\/?s={search_term_string}"},"query-input":{"@type":"PropertyValueSpecification","valueRequired":true,"valueName":"search_term_string"}}],"inLanguage":"it-IT"}]}},"_links":{"self":[{"href":"https:\/\/bogensportdiscount.ch\/it\/wp-json\/wp\/v2\/product\/391455","targetHints":{"allow":["GET"]}}],"collection":[{"href":"https:\/\/bogensportdiscount.ch\/it\/wp-json\/wp\/v2\/product"}],"about":[{"href":"https:\/\/bogensportdiscount.ch\/it\/wp-json\/wp\/v2\/types\/product"}],"replies":[{"embeddable":true,"href":"https:\/\/bogensportdiscount.ch\/it\/wp-json\/wp\/v2\/comments?post=391455"}],"wp:featuredmedia":[{"embeddable":true,"href":"https:\/\/bogensportdiscount.ch\/it\/wp-json\/wp\/v2\/media\/443089"}],"wp:attachment":[{"href":"https:\/\/bogensportdiscount.ch\/it\/wp-json\/wp\/v2\/media?parent=391455"}],"wp:term":[{"taxonomy":"product_brand","embeddable":true,"href":"https:\/\/bogensportdiscount.ch\/it\/wp-json\/wp\/v2\/product_brand?post=391455"},{"taxonomy":"product_cat","embeddable":true,"href":"https:\/\/bogensportdiscount.ch\/it\/wp-json\/wp\/v2\/product_cat?post=391455"},{"taxonomy":"product_tag","embeddable":true,"href":"https:\/\/bogensportdiscount.ch\/it\/wp-json\/wp\/v2\/product_tag?post=391455"}],"curies":[{"name":"wp","href":"https:\/\/api.w.org\/{rel}","templated":true}]}}