{"id":391450,"date":"2026-04-05T14:22:57","date_gmt":"2026-04-05T12:22:57","guid":{"rendered":"https:\/\/bogensportdiscount.ch\/produkt\/code-blue-scent-eliminator-dryer-sheets\/"},"modified":"2026-04-15T12:10:02","modified_gmt":"2026-04-15T10:10:02","slug":"codeblue-geruchsneutralisierer-dryer-sheets","status":"publish","type":"product","link":"https:\/\/bogensportdiscount.ch\/it\/prodotto\/codeblue-geruchsneutralisierer-dryer-sheets\/","title":{"rendered":"FOGLIETTI ELIMINATORI DI PROFUMO CODE BLUE"},"content":{"rendered":"<p>Die CODEBLUE Scent Eliminator Dryer Sheets sind speziell f\u00fcr die Jagd entwickelt und helfen dabei, Ger\u00fcche an Kleidung und Ausr\u00fcstung wirkungsvoll zu reduzieren. Die T\u00fccher werden einfach zusammen mit der Jagdbekleidung in den W\u00e4schetrockner gegeben und entfalten dort ihre geruchsneutralisierende Wirkung.<\/p>\n<p>F\u00fcr J\u00e4ger ist die Geruchskontrolle ein entscheidender Faktor, um das Wild nicht vorzeitig zu warnen. Diese Dryer Sheets lassen sich unkompliziert in den Jagdalltag integrieren und erg\u00e4nzen eine umfassende Geruchskontrollstrategie.<\/p>\n<ul>\n<li>Geruchsneutralisierende Wirkung f\u00fcr Jagdbekleidung<\/li>\n<li>Anwendung direkt im W\u00e4schetrockner<\/li>\n<li>Reduziert K\u00f6rper- und Fremdger\u00fcche<\/li>\n<li>Von der auf Geruchskontrolle spezialisierten Marke CODEBLUE<\/li>\n<\/ul>","protected":false},"excerpt":{"rendered":"<p><strong>Marchio:<\/strong> Code Blue<br \/><strong>GTIN:<\/strong> 707114013192<\/p>","protected":false},"featured_media":443093,"comment_status":"open","ping_status":"closed","template":"","meta":[],"product_brand":[783],"product_cat":[4321],"product_tag":[3546],"class_list":{"0":"post-391450","1":"product","2":"type-product","3":"status-publish","4":"has-post-thumbnail","6":"product_brand-codeblue","7":"product_cat-geruchstarnung","8":"product_tag-neuheit","10":"first","11":"instock","12":"shipping-taxable","13":"purchasable","14":"product-type-simple"},"_links":{"self":[{"href":"https:\/\/bogensportdiscount.ch\/it\/wp-json\/wp\/v2\/product\/391450","targetHints":{"allow":["GET"]}}],"collection":[{"href":"https:\/\/bogensportdiscount.ch\/it\/wp-json\/wp\/v2\/product"}],"about":[{"href":"https:\/\/bogensportdiscount.ch\/it\/wp-json\/wp\/v2\/types\/product"}],"replies":[{"embeddable":true,"href":"https:\/\/bogensportdiscount.ch\/it\/wp-json\/wp\/v2\/comments?post=391450"}],"wp:featuredmedia":[{"embeddable":true,"href":"https:\/\/bogensportdiscount.ch\/it\/wp-json\/wp\/v2\/media\/443093"}],"wp:attachment":[{"href":"https:\/\/bogensportdiscount.ch\/it\/wp-json\/wp\/v2\/media?parent=391450"}],"wp:term":[{"taxonomy":"product_brand","embeddable":true,"href":"https:\/\/bogensportdiscount.ch\/it\/wp-json\/wp\/v2\/product_brand?post=391450"},{"taxonomy":"product_cat","embeddable":true,"href":"https:\/\/bogensportdiscount.ch\/it\/wp-json\/wp\/v2\/product_cat?post=391450"},{"taxonomy":"product_tag","embeddable":true,"href":"https:\/\/bogensportdiscount.ch\/it\/wp-json\/wp\/v2\/product_tag?post=391450"}],"curies":[{"name":"wp","href":"https:\/\/api.w.org\/{rel}","templated":true}]}}