{"id":391436,"date":"2026-04-05T14:22:55","date_gmt":"2026-04-05T12:22:55","guid":{"rendered":"https:\/\/bogensportdiscount.ch\/produkt\/gompy-double-armguards-ab1-4-fasteners-black\/"},"modified":"2026-04-20T12:46:36","modified_gmt":"2026-04-20T10:46:36","slug":"gompy-doppel-armschutz-ab1-4-befestigungen-schwarz","status":"publish","type":"product","link":"https:\/\/bogensportdiscount.ch\/it\/prodotto\/gompy-doppel-armschutz-ab1-4-befestigungen-schwarz\/","title":{"rendered":"GOMPY DOPPEL ARMSCHUTZ AB1 4 VERSCHLUESSE SCHWARZ"},"content":{"rendered":"<p>Der GOMPY Doppel-Armschutz AB1 ist ein klassischer Bogensport-Armschutz in Schwarz, der den Unterarm vor dem Aufprall der Bogensehne sch\u00fctzt. Mit 4 verstellbaren Befestigungen l\u00e4sst er sich sicher und komfortabel am Arm fixieren.<\/p>\n<p>Das doppelte Design bietet eine gr\u00f6ssere Schutzfl\u00e4che als einfache Armsch\u00fctzer und eignet sich sowohl f\u00fcr Einsteiger als auch f\u00fcr erfahrene Bogensch\u00fctzen. Der Armschutz ist in der Kategorie Schiesszubeh\u00f6r eingeordnet und f\u00fcr den t\u00e4glichen Einsatz auf dem Schiessstand ausgelegt.<\/p>\n<ul>\n<li>Doppelter Armschutz f\u00fcr gr\u00f6ssere Schutzfl\u00e4che<\/li>\n<li>4 Befestigungen f\u00fcr sicheren und stabilen Sitz<\/li>\n<li>Colore nero<\/li>\n<li>Modell AB1<\/li>\n<\/ul>","protected":false},"excerpt":{"rendered":"<p><strong>Marchio:<\/strong> Gompy<br \/><strong>Colore:<\/strong> Nero<br \/><strong>GTIN:<\/strong> 6426000738714<\/p>","protected":false},"featured_media":453631,"comment_status":"open","ping_status":"closed","template":"","meta":[],"product_brand":[596],"product_cat":[4154],"product_tag":[3546],"class_list":{"0":"post-391436","1":"product","2":"type-product","3":"status-publish","4":"has-post-thumbnail","6":"product_brand-gompy","7":"product_cat-double-armschutz","8":"product_tag-neuheit","10":"first","11":"instock","12":"shipping-taxable","13":"purchasable","14":"product-type-simple"},"yoast_head":"<!-- This site is optimized with the Yoast SEO plugin v27.4 - https:\/\/yoast.com\/product\/yoast-seo-wordpress\/ -->\n<title>GOMPY PROTEZIONI DOPPIE PER BRACCIA AB1 4 CHIUSURE NERO - Bogensportdiscount \u2013 Archi, frecce, bersagli e accessori<\/title>\n<meta name=\"description\" content=\"Acquista GOMPY DOPPEL ARMSCHUTZ AB1 4 CHIUSURE NERO a un prezzo conveniente su Bogensportdiscount \u2013 Le migliori marche, spedizione veloce dalla Svizzera.\" \/>\n<meta name=\"robots\" content=\"noindex, follow, max-snippet:-1, max-image-preview:large, max-video-preview:-1\" \/>\n<meta property=\"og:locale\" content=\"it_IT\" \/>\n<meta property=\"og:type\" content=\"article\" \/>\n<meta property=\"og:title\" content=\"GOMPY PROTEZIONI DOPPIE PER BRACCIA AB1 4 CHIUSURE NERO - Bogensportdiscount \u2013 Archi, frecce, bersagli e accessori\" \/>\n<meta property=\"og:description\" content=\"Acquista GOMPY DOPPEL ARMSCHUTZ AB1 4 CHIUSURE NERO a un prezzo conveniente su Bogensportdiscount \u2013 Le migliori marche, spedizione veloce dalla Svizzera.\" \/>\n<meta property=\"og:url\" content=\"https:\/\/bogensportdiscount.ch\/it\/prodotto\/gompy-doppel-armschutz-ab1-4-befestigungen-schwarz\/\" \/>\n<meta property=\"og:site_name\" content=\"Bogensportdiscount \u2013 B\u00f6gen, Pfeile, Targets &amp; Zubeh\u00f6r\" \/>\n<meta property=\"article:modified_time\" content=\"2026-04-20T10:46:36+00:00\" \/>\n<meta property=\"og:image\" content=\"https:\/\/bogensportdiscount.ch\/wp-content\/uploads\/bsm-images\/a009612_1.jpg\" \/>\n\t<meta property=\"og:image:width\" content=\"382\" \/>\n\t<meta property=\"og:image:height\" content=\"400\" \/>\n\t<meta property=\"og:image:type\" content=\"image\/jpeg\" \/>\n<meta name=\"twitter:card\" content=\"summary_large_image\" \/>\n<script type=\"application\/ld+json\" class=\"yoast-schema-graph\">{\"@context\":\"https:\\\/\\\/schema.org\",\"@graph\":[{\"@type\":\"WebPage\",\"@id\":\"https:\\\/\\\/bogensportdiscount.ch\\\/produkt\\\/gompy-doppel-armschutz-ab1-4-befestigungen-schwarz\\\/\",\"url\":\"https:\\\/\\\/bogensportdiscount.ch\\\/produkt\\\/gompy-doppel-armschutz-ab1-4-befestigungen-schwarz\\\/\",\"name\":\"GOMPY DOPPEL ARMSCHUTZ AB1 4 VERSCHLUESSE SCHWARZ - Bogensportdiscount \u2013 B\u00f6gen, Pfeile, Targets &amp; Zubeh\u00f6r\",\"isPartOf\":{\"@id\":\"https:\\\/\\\/bogensportdiscount.ch\\\/#website\"},\"primaryImageOfPage\":{\"@id\":\"https:\\\/\\\/bogensportdiscount.ch\\\/produkt\\\/gompy-doppel-armschutz-ab1-4-befestigungen-schwarz\\\/#primaryimage\"},\"image\":{\"@id\":\"https:\\\/\\\/bogensportdiscount.ch\\\/produkt\\\/gompy-doppel-armschutz-ab1-4-befestigungen-schwarz\\\/#primaryimage\"},\"thumbnailUrl\":\"https:\\\/\\\/bogensportdiscount.ch\\\/wp-content\\\/uploads\\\/2026\\\/04\\\/bogensportdiscount.ch-pfeile-boegen-zubehoer-fuer-anfaenger-und-profis-zum-besten-preis-Symbolbild-kein-foto-zu-diesem-artikel_01.jpg\",\"datePublished\":\"2026-04-05T12:22:55+00:00\",\"dateModified\":\"2026-04-20T10:46:36+00:00\",\"description\":\"GOMPY DOPPEL ARMSCHUTZ AB1 4 VERSCHLUESSE SCHWARZ g\u00fcnstig kaufen bei Bogensportdiscount \u2013 Top-Marken, schneller Versand aus der Schweiz.\",\"breadcrumb\":{\"@id\":\"https:\\\/\\\/bogensportdiscount.ch\\\/produkt\\\/gompy-doppel-armschutz-ab1-4-befestigungen-schwarz\\\/#breadcrumb\"},\"inLanguage\":\"it-IT\",\"potentialAction\":[{\"@type\":\"ReadAction\",\"target\":[\"https:\\\/\\\/bogensportdiscount.ch\\\/produkt\\\/gompy-doppel-armschutz-ab1-4-befestigungen-schwarz\\\/\"]}]},{\"@type\":\"ImageObject\",\"inLanguage\":\"it-IT\",\"@id\":\"https:\\\/\\\/bogensportdiscount.ch\\\/produkt\\\/gompy-doppel-armschutz-ab1-4-befestigungen-schwarz\\\/#primaryimage\",\"url\":\"https:\\\/\\\/bogensportdiscount.ch\\\/wp-content\\\/uploads\\\/2026\\\/04\\\/bogensportdiscount.ch-pfeile-boegen-zubehoer-fuer-anfaenger-und-profis-zum-besten-preis-Symbolbild-kein-foto-zu-diesem-artikel_01.jpg\",\"contentUrl\":\"https:\\\/\\\/bogensportdiscount.ch\\\/wp-content\\\/uploads\\\/2026\\\/04\\\/bogensportdiscount.ch-pfeile-boegen-zubehoer-fuer-anfaenger-und-profis-zum-besten-preis-Symbolbild-kein-foto-zu-diesem-artikel_01.jpg\",\"width\":1080,\"height\":1080},{\"@type\":\"BreadcrumbList\",\"@id\":\"https:\\\/\\\/bogensportdiscount.ch\\\/produkt\\\/gompy-doppel-armschutz-ab1-4-befestigungen-schwarz\\\/#breadcrumb\",\"itemListElement\":[{\"@type\":\"ListItem\",\"position\":1,\"name\":\"Home\",\"item\":\"https:\\\/\\\/bogensportdiscount.ch\\\/\"},{\"@type\":\"ListItem\",\"position\":2,\"name\":\"Shop\",\"item\":\"https:\\\/\\\/bogensportdiscount.ch\\\/shop\\\/\"},{\"@type\":\"ListItem\",\"position\":3,\"name\":\"GOMPY DOPPEL ARMSCHUTZ AB1 4 VERSCHLUESSE SCHWARZ\"}]},{\"@type\":\"WebSite\",\"@id\":\"https:\\\/\\\/bogensportdiscount.ch\\\/#website\",\"url\":\"https:\\\/\\\/bogensportdiscount.ch\\\/\",\"name\":\"Bogensportdiscount\",\"description\":\"\",\"potentialAction\":[{\"@type\":\"SearchAction\",\"target\":{\"@type\":\"EntryPoint\",\"urlTemplate\":\"https:\\\/\\\/bogensportdiscount.ch\\\/?s={search_term_string}\"},\"query-input\":{\"@type\":\"PropertyValueSpecification\",\"valueRequired\":true,\"valueName\":\"search_term_string\"}}],\"inLanguage\":\"it-IT\"}]}<\/script>\n<!-- \/ Yoast SEO plugin. -->","yoast_head_json":{"title":"GOMPY PROTEZIONI DOPPIE PER BRACCIA AB1 4 CHIUSURE NERO - Bogensportdiscount \u2013 Archi, frecce, bersagli e accessori","description":"Acquista GOMPY DOPPEL ARMSCHUTZ AB1 4 CHIUSURE NERO a un prezzo conveniente su Bogensportdiscount \u2013 Le migliori marche, spedizione veloce dalla Svizzera.","robots":{"index":"noindex","follow":"follow","max-snippet":"max-snippet:-1","max-image-preview":"max-image-preview:large","max-video-preview":"max-video-preview:-1"},"og_locale":"it_IT","og_type":"article","og_title":"GOMPY PROTEZIONI DOPPIE PER BRACCIA AB1 4 CHIUSURE NERO - Bogensportdiscount \u2013 Archi, frecce, bersagli e accessori","og_description":"Acquista GOMPY DOPPEL ARMSCHUTZ AB1 4 CHIUSURE NERO a un prezzo conveniente su Bogensportdiscount \u2013 Le migliori marche, spedizione veloce dalla Svizzera.","og_url":"https:\/\/bogensportdiscount.ch\/it\/prodotto\/gompy-doppel-armschutz-ab1-4-befestigungen-schwarz\/","og_site_name":"Bogensportdiscount \u2013 B\u00f6gen, Pfeile, Targets &amp; Zubeh\u00f6r","article_modified_time":"2026-04-20T10:46:36+00:00","og_image":[{"width":382,"height":400,"url":"https:\/\/bogensportdiscount.ch\/wp-content\/uploads\/bsm-images\/a009612_1.jpg","type":"image\/jpeg"}],"twitter_card":"summary_large_image","schema":{"@context":"https:\/\/schema.org","@graph":[{"@type":"WebPage","@id":"https:\/\/bogensportdiscount.ch\/produkt\/gompy-doppel-armschutz-ab1-4-befestigungen-schwarz\/","url":"https:\/\/bogensportdiscount.ch\/produkt\/gompy-doppel-armschutz-ab1-4-befestigungen-schwarz\/","name":"GOMPY PROTEZIONI DOPPIE PER BRACCIA AB1 4 CHIUSURE NERO - Bogensportdiscount \u2013 Archi, frecce, bersagli e accessori","isPartOf":{"@id":"https:\/\/bogensportdiscount.ch\/#website"},"primaryImageOfPage":{"@id":"https:\/\/bogensportdiscount.ch\/produkt\/gompy-doppel-armschutz-ab1-4-befestigungen-schwarz\/#primaryimage"},"image":{"@id":"https:\/\/bogensportdiscount.ch\/produkt\/gompy-doppel-armschutz-ab1-4-befestigungen-schwarz\/#primaryimage"},"thumbnailUrl":"https:\/\/bogensportdiscount.ch\/wp-content\/uploads\/2026\/04\/bogensportdiscount.ch-pfeile-boegen-zubehoer-fuer-anfaenger-und-profis-zum-besten-preis-Symbolbild-kein-foto-zu-diesem-artikel_01.jpg","datePublished":"2026-04-05T12:22:55+00:00","dateModified":"2026-04-20T10:46:36+00:00","description":"Acquista GOMPY DOPPEL ARMSCHUTZ AB1 4 CHIUSURE NERO a un prezzo conveniente su Bogensportdiscount \u2013 Le migliori marche, spedizione veloce dalla Svizzera.","breadcrumb":{"@id":"https:\/\/bogensportdiscount.ch\/produkt\/gompy-doppel-armschutz-ab1-4-befestigungen-schwarz\/#breadcrumb"},"inLanguage":"it-IT","potentialAction":[{"@type":"ReadAction","target":["https:\/\/bogensportdiscount.ch\/produkt\/gompy-doppel-armschutz-ab1-4-befestigungen-schwarz\/"]}]},{"@type":"ImageObject","inLanguage":"it-IT","@id":"https:\/\/bogensportdiscount.ch\/produkt\/gompy-doppel-armschutz-ab1-4-befestigungen-schwarz\/#primaryimage","url":"https:\/\/bogensportdiscount.ch\/wp-content\/uploads\/2026\/04\/bogensportdiscount.ch-pfeile-boegen-zubehoer-fuer-anfaenger-und-profis-zum-besten-preis-Symbolbild-kein-foto-zu-diesem-artikel_01.jpg","contentUrl":"https:\/\/bogensportdiscount.ch\/wp-content\/uploads\/2026\/04\/bogensportdiscount.ch-pfeile-boegen-zubehoer-fuer-anfaenger-und-profis-zum-besten-preis-Symbolbild-kein-foto-zu-diesem-artikel_01.jpg","width":1080,"height":1080},{"@type":"BreadcrumbList","@id":"https:\/\/bogensportdiscount.ch\/produkt\/gompy-doppel-armschutz-ab1-4-befestigungen-schwarz\/#breadcrumb","itemListElement":[{"@type":"ListItem","position":1,"name":"Home","item":"https:\/\/bogensportdiscount.ch\/"},{"@type":"ListItem","position":2,"name":"Shop","item":"https:\/\/bogensportdiscount.ch\/shop\/"},{"@type":"ListItem","position":3,"name":"GOMPY DOPPEL ARMSCHUTZ AB1 4 VERSCHLUESSE SCHWARZ"}]},{"@type":"WebSite","@id":"https:\/\/bogensportdiscount.ch\/#website","url":"https:\/\/bogensportdiscount.ch\/","name":"Bogensportdiscount","description":"","potentialAction":[{"@type":"SearchAction","target":{"@type":"EntryPoint","urlTemplate":"https:\/\/bogensportdiscount.ch\/?s={search_term_string}"},"query-input":{"@type":"PropertyValueSpecification","valueRequired":true,"valueName":"search_term_string"}}],"inLanguage":"it-IT"}]}},"_links":{"self":[{"href":"https:\/\/bogensportdiscount.ch\/it\/wp-json\/wp\/v2\/product\/391436","targetHints":{"allow":["GET"]}}],"collection":[{"href":"https:\/\/bogensportdiscount.ch\/it\/wp-json\/wp\/v2\/product"}],"about":[{"href":"https:\/\/bogensportdiscount.ch\/it\/wp-json\/wp\/v2\/types\/product"}],"replies":[{"embeddable":true,"href":"https:\/\/bogensportdiscount.ch\/it\/wp-json\/wp\/v2\/comments?post=391436"}],"wp:featuredmedia":[{"embeddable":true,"href":"https:\/\/bogensportdiscount.ch\/it\/wp-json\/wp\/v2\/media\/453631"}],"wp:attachment":[{"href":"https:\/\/bogensportdiscount.ch\/it\/wp-json\/wp\/v2\/media?parent=391436"}],"wp:term":[{"taxonomy":"product_brand","embeddable":true,"href":"https:\/\/bogensportdiscount.ch\/it\/wp-json\/wp\/v2\/product_brand?post=391436"},{"taxonomy":"product_cat","embeddable":true,"href":"https:\/\/bogensportdiscount.ch\/it\/wp-json\/wp\/v2\/product_cat?post=391436"},{"taxonomy":"product_tag","embeddable":true,"href":"https:\/\/bogensportdiscount.ch\/it\/wp-json\/wp\/v2\/product_tag?post=391436"}],"curies":[{"name":"wp","href":"https:\/\/api.w.org\/{rel}","templated":true}]}}