{"id":391330,"date":"2026-04-05T14:22:35","date_gmt":"2026-04-05T12:22:35","guid":{"rendered":"https:\/\/bogensportdiscount.ch\/produkt\/natur-foam-3d-target-pheasant-soaring\/"},"modified":"2026-04-15T12:09:58","modified_gmt":"2026-04-15T10:09:58","slug":"naturfoam-3d-ziel-fasan-soaring","status":"publish","type":"product","link":"https:\/\/bogensportdiscount.ch\/it\/prodotto\/naturfoam-3d-ziel-fasan-soaring\/","title":{"rendered":"FAGIANO BERSAGLIO 3D IN SCHIUMA NATURALE - IMPENNATA"},"content":{"rendered":"<p>Das NATURFOAM 3D-Ziel Fasan Soaring ist eine lebensgrosse Schaumstoff-Nachbildung eines auffliegenden Fasans. Die naturgetreue Formgebung und Bemalung erm\u00f6glichen eine praxisnahe Schiesssituation f\u00fcr Bogensch\u00fctzen, die das Ansprechen und Beschiessen von fliegendem Federwild trainieren m\u00f6chten.<\/p>\n<p>Dank der hochwertigen Schaumstoffkonstruktion ist das Ziel witterungsbest\u00e4ndig und f\u00fcr den dauerhaften Ausseneinsatz geeignet. Die realistische K\u00f6rperhaltung des aufsteigenden Fasans stellt eine anspruchsvolle Ziel\u00fcbung dar und eignet sich gut f\u00fcr den Einsatz auf 3D-Bogenparcours.<\/p>\n<ul>\n<li>Naturgetreue 3D-Darstellung eines auffliegenden Fasans<\/li>\n<li>Aus langlebigem, witterungsbest\u00e4ndigem Schaumstoff gefertigt<\/li>\n<li>Geeignet f\u00fcr den Einsatz im Freien und auf 3D-Parcours<\/li>\n<li>Ideal f\u00fcr Trainingseinheiten mit fliegendem Federwild<\/li>\n<\/ul>","protected":false},"excerpt":{"rendered":"<p><strong>Marchio:<\/strong> Natur Foam<br \/><strong>Tipo:<\/strong> Group 4<\/p>","protected":false},"featured_media":452217,"comment_status":"open","ping_status":"closed","template":"","meta":[],"product_brand":[412],"product_cat":[4148],"product_tag":[3546],"class_list":{"0":"post-391330","1":"product","2":"type-product","3":"status-publish","4":"has-post-thumbnail","6":"product_brand-naturfoam","7":"product_cat-voegel-3d-ziele-ziele-auflagen","8":"product_tag-neuheit","10":"first","11":"instock","12":"shipping-taxable","13":"purchasable","14":"product-type-simple"},"_links":{"self":[{"href":"https:\/\/bogensportdiscount.ch\/it\/wp-json\/wp\/v2\/product\/391330","targetHints":{"allow":["GET"]}}],"collection":[{"href":"https:\/\/bogensportdiscount.ch\/it\/wp-json\/wp\/v2\/product"}],"about":[{"href":"https:\/\/bogensportdiscount.ch\/it\/wp-json\/wp\/v2\/types\/product"}],"replies":[{"embeddable":true,"href":"https:\/\/bogensportdiscount.ch\/it\/wp-json\/wp\/v2\/comments?post=391330"}],"wp:featuredmedia":[{"embeddable":true,"href":"https:\/\/bogensportdiscount.ch\/it\/wp-json\/wp\/v2\/media\/452217"}],"wp:attachment":[{"href":"https:\/\/bogensportdiscount.ch\/it\/wp-json\/wp\/v2\/media?parent=391330"}],"wp:term":[{"taxonomy":"product_brand","embeddable":true,"href":"https:\/\/bogensportdiscount.ch\/it\/wp-json\/wp\/v2\/product_brand?post=391330"},{"taxonomy":"product_cat","embeddable":true,"href":"https:\/\/bogensportdiscount.ch\/it\/wp-json\/wp\/v2\/product_cat?post=391330"},{"taxonomy":"product_tag","embeddable":true,"href":"https:\/\/bogensportdiscount.ch\/it\/wp-json\/wp\/v2\/product_tag?post=391330"}],"curies":[{"name":"wp","href":"https:\/\/api.w.org\/{rel}","templated":true}]}}