{"id":391315,"date":"2026-04-05T14:22:32","date_gmt":"2026-04-05T12:22:32","guid":{"rendered":"https:\/\/bogensportdiscount.ch\/produkt\/natur-foam-3d-target-rabbit-sitting-1\/"},"modified":"2026-05-14T07:13:26","modified_gmt":"2026-05-14T05:13:26","slug":"naturfoam-3d-ziel-hase-sitzend-1","status":"publish","type":"product","link":"https:\/\/bogensportdiscount.ch\/it\/prodotto\/naturfoam-3d-ziel-hase-sitzend-1\/","title":{"rendered":"NATUR FOAM BERSAGLIO 3D CONIGLIO &#8211; SITTING 1"},"content":{"rendered":"<p>Il bersaglio 3D NATURFOAM \u00abLepre seduta 1\u00bb \u00e8 un bersaglio in schiuma fedele alla realt\u00e0 per il tiro con l'arco 3D. Riproduce una lepre seduta ed \u00e8 adatto per l'allenamento su bersagli realistici di selvaggina.<\/p>\n<p>Grazie alla realizzazione in schiuma robusta, il bersaglio \u00e8 compatibile con le frecce e consente una facile estrazione senza danni. \u00c8 adatto sia per l'uso su percorsi 3D che per l'allenamento in giardino.<\/p>\n<ul>\n<li>Rappresentazione naturalistica di una lepre seduta<\/li>\n<li>Materiale: schiuma robusta e compatibile con le frecce<\/li>\n<li>Adatto per percorsi 3D e allenamento all'aperto<\/li>\n<li>Adatto per tutti i tipi di frecce comuni<\/li>\n<\/ul>","protected":false},"excerpt":{"rendered":"<table>\n<tr>\n<th>Propriet\u00e0<\/th>\n<th>Valore<\/th>\n<\/tr>\n<tr>\n<td>Marca<\/td>\n<td>Natur Foam<\/td>\n<\/tr>\n<tr>\n<td>Tipo<\/td>\n<td>Group 4<\/td>\n<\/tr>\n<tr>\n<td>Paese di origine<\/td>\n<td>Francia<\/td>\n<\/tr>\n<\/table>","protected":false},"featured_media":452202,"comment_status":"open","ping_status":"closed","template":"","meta":[],"product_brand":[412],"product_cat":[4143,4144,4433],"product_tag":[3546],"class_list":{"0":"post-391315","1":"product","2":"type-product","3":"status-publish","4":"has-post-thumbnail","6":"product_brand-naturfoam","7":"product_cat-ziele-auflagen","8":"product_cat-3d-ziele","9":"product_cat-nagetiere-beuteltiere","10":"product_tag-neuheit","11":"product_shipping_class-bsd-standard","13":"first","14":"instock","15":"shipping-taxable","16":"purchasable","17":"product-type-simple"},"yoast_head":"<!-- This site is optimized with the Yoast SEO plugin v27.6 - https:\/\/yoast.com\/product\/yoast-seo-wordpress\/ -->\n<title>NATUR FOAM 3D-ZIEL KANINCHEN - SITTING 1 - Bogensportdiscount \u2013 B\u00f6gen, Pfeile, Targets &amp; Zubeh\u00f6r<\/title>\n<meta name=\"description\" content=\"NATUR FOAM 3D-ZIEL KANINCHEN - SITTING 1 g\u00fcnstig kaufen bei Bogensportdiscount \u2013 Top-Marken, schneller Versand aus der Schweiz.\" \/>\n<meta name=\"robots\" content=\"index, follow, max-snippet:-1, max-image-preview:large, max-video-preview:-1\" \/>\n<link rel=\"canonical\" href=\"https:\/\/bogensportdiscount.ch\/it\/prodotto\/naturfoam-3d-ziel-hase-sitzend-1\/\" \/>\n<meta property=\"og:locale\" content=\"it_IT\" \/>\n<meta property=\"og:type\" content=\"article\" \/>\n<meta property=\"og:title\" content=\"NATUR FOAM 3D-ZIEL KANINCHEN - SITTING 1 - Bogensportdiscount \u2013 B\u00f6gen, Pfeile, Targets &amp; Zubeh\u00f6r\" \/>\n<meta property=\"og:description\" content=\"NATUR FOAM 3D-ZIEL KANINCHEN - SITTING 1 g\u00fcnstig kaufen bei Bogensportdiscount \u2013 Top-Marken, schneller Versand aus der Schweiz.\" \/>\n<meta property=\"og:url\" content=\"https:\/\/bogensportdiscount.ch\/it\/prodotto\/naturfoam-3d-ziel-hase-sitzend-1\/\" \/>\n<meta property=\"og:site_name\" content=\"Bogensportdiscount \u2013 B\u00f6gen, Pfeile, Targets &amp; Zubeh\u00f6r\" \/>\n<meta property=\"article:modified_time\" content=\"2026-05-14T05:13:26+00:00\" \/>\n<meta property=\"og:image\" content=\"https:\/\/bogensportdiscount.ch\/wp-content\/uploads\/bsm-images\/a001629_1.jpg\" \/>\n\t<meta property=\"og:image:width\" content=\"400\" \/>\n\t<meta property=\"og:image:height\" content=\"250\" \/>\n\t<meta property=\"og:image:type\" content=\"image\/jpeg\" \/>\n<meta name=\"twitter:card\" content=\"summary_large_image\" \/>\n<script type=\"application\/ld+json\" class=\"yoast-schema-graph\">{\"@context\":\"https:\\\/\\\/schema.org\",\"@graph\":[{\"@type\":\"WebPage\",\"@id\":\"https:\\\/\\\/bogensportdiscount.ch\\\/produkt\\\/naturfoam-3d-ziel-hase-sitzend-1\\\/\",\"url\":\"https:\\\/\\\/bogensportdiscount.ch\\\/produkt\\\/naturfoam-3d-ziel-hase-sitzend-1\\\/\",\"name\":\"NATUR FOAM 3D-ZIEL KANINCHEN - SITTING 1 - Bogensportdiscount \u2013 B\u00f6gen, Pfeile, Targets &amp; Zubeh\u00f6r\",\"isPartOf\":{\"@id\":\"https:\\\/\\\/bogensportdiscount.ch\\\/#website\"},\"primaryImageOfPage\":{\"@id\":\"https:\\\/\\\/bogensportdiscount.ch\\\/produkt\\\/naturfoam-3d-ziel-hase-sitzend-1\\\/#primaryimage\"},\"image\":{\"@id\":\"https:\\\/\\\/bogensportdiscount.ch\\\/produkt\\\/naturfoam-3d-ziel-hase-sitzend-1\\\/#primaryimage\"},\"thumbnailUrl\":\"https:\\\/\\\/bogensportdiscount.ch\\\/wp-content\\\/uploads\\\/bsm-images\\\/a001629_1.jpg\",\"datePublished\":\"2026-04-05T12:22:32+00:00\",\"dateModified\":\"2026-05-14T05:13:26+00:00\",\"description\":\"NATUR FOAM 3D-ZIEL KANINCHEN - SITTING 1 g\u00fcnstig kaufen bei Bogensportdiscount \u2013 Top-Marken, schneller Versand aus der Schweiz.\",\"breadcrumb\":{\"@id\":\"https:\\\/\\\/bogensportdiscount.ch\\\/produkt\\\/naturfoam-3d-ziel-hase-sitzend-1\\\/#breadcrumb\"},\"inLanguage\":\"it-IT\",\"potentialAction\":[{\"@type\":\"ReadAction\",\"target\":[\"https:\\\/\\\/bogensportdiscount.ch\\\/produkt\\\/naturfoam-3d-ziel-hase-sitzend-1\\\/\"]}]},{\"@type\":\"ImageObject\",\"inLanguage\":\"it-IT\",\"@id\":\"https:\\\/\\\/bogensportdiscount.ch\\\/produkt\\\/naturfoam-3d-ziel-hase-sitzend-1\\\/#primaryimage\",\"url\":\"https:\\\/\\\/bogensportdiscount.ch\\\/wp-content\\\/uploads\\\/bsm-images\\\/a001629_1.jpg\",\"contentUrl\":\"https:\\\/\\\/bogensportdiscount.ch\\\/wp-content\\\/uploads\\\/bsm-images\\\/a001629_1.jpg\",\"width\":400,\"height\":250},{\"@type\":\"BreadcrumbList\",\"@id\":\"https:\\\/\\\/bogensportdiscount.ch\\\/produkt\\\/naturfoam-3d-ziel-hase-sitzend-1\\\/#breadcrumb\",\"itemListElement\":[{\"@type\":\"ListItem\",\"position\":1,\"name\":\"Home\",\"item\":\"https:\\\/\\\/bogensportdiscount.ch\\\/\"},{\"@type\":\"ListItem\",\"position\":2,\"name\":\"Shop\",\"item\":\"https:\\\/\\\/bogensportdiscount.ch\\\/shop\\\/\"},{\"@type\":\"ListItem\",\"position\":3,\"name\":\"NATUR FOAM 3D TARGET RABBIT &#8211; SITTING 1\"}]},{\"@type\":\"WebSite\",\"@id\":\"https:\\\/\\\/bogensportdiscount.ch\\\/#website\",\"url\":\"https:\\\/\\\/bogensportdiscount.ch\\\/\",\"name\":\"Bogensportdiscount\",\"description\":\"\",\"potentialAction\":[{\"@type\":\"SearchAction\",\"target\":{\"@type\":\"EntryPoint\",\"urlTemplate\":\"https:\\\/\\\/bogensportdiscount.ch\\\/?s={search_term_string}\"},\"query-input\":{\"@type\":\"PropertyValueSpecification\",\"valueRequired\":true,\"valueName\":\"search_term_string\"}}],\"inLanguage\":\"it-IT\"}]}<\/script>\n<!-- \/ Yoast SEO plugin. -->","yoast_head_json":{"title":"NATUR FOAM 3D-ZIEL KANINCHEN - SITTING 1 - Bogensportdiscount \u2013 B\u00f6gen, Pfeile, Targets &amp; Zubeh\u00f6r","description":"NATUR FOAM 3D-ZIEL KANINCHEN - SITTING 1 g\u00fcnstig kaufen bei Bogensportdiscount \u2013 Top-Marken, schneller Versand aus der Schweiz.","robots":{"index":"index","follow":"follow","max-snippet":"max-snippet:-1","max-image-preview":"max-image-preview:large","max-video-preview":"max-video-preview:-1"},"canonical":"https:\/\/bogensportdiscount.ch\/it\/prodotto\/naturfoam-3d-ziel-hase-sitzend-1\/","og_locale":"it_IT","og_type":"article","og_title":"NATUR FOAM 3D-ZIEL KANINCHEN - SITTING 1 - Bogensportdiscount \u2013 B\u00f6gen, Pfeile, Targets &amp; Zubeh\u00f6r","og_description":"NATUR FOAM 3D-ZIEL KANINCHEN - SITTING 1 g\u00fcnstig kaufen bei Bogensportdiscount \u2013 Top-Marken, schneller Versand aus der Schweiz.","og_url":"https:\/\/bogensportdiscount.ch\/it\/prodotto\/naturfoam-3d-ziel-hase-sitzend-1\/","og_site_name":"Bogensportdiscount \u2013 B\u00f6gen, Pfeile, Targets &amp; Zubeh\u00f6r","article_modified_time":"2026-05-14T05:13:26+00:00","og_image":[{"width":400,"height":250,"url":"https:\/\/bogensportdiscount.ch\/wp-content\/uploads\/bsm-images\/a001629_1.jpg","type":"image\/jpeg"}],"twitter_card":"summary_large_image","schema":{"@context":"https:\/\/schema.org","@graph":[{"@type":"WebPage","@id":"https:\/\/bogensportdiscount.ch\/produkt\/naturfoam-3d-ziel-hase-sitzend-1\/","url":"https:\/\/bogensportdiscount.ch\/produkt\/naturfoam-3d-ziel-hase-sitzend-1\/","name":"NATUR FOAM 3D-ZIEL KANINCHEN - SITTING 1 - Bogensportdiscount \u2013 B\u00f6gen, Pfeile, Targets &amp; Zubeh\u00f6r","isPartOf":{"@id":"https:\/\/bogensportdiscount.ch\/#website"},"primaryImageOfPage":{"@id":"https:\/\/bogensportdiscount.ch\/produkt\/naturfoam-3d-ziel-hase-sitzend-1\/#primaryimage"},"image":{"@id":"https:\/\/bogensportdiscount.ch\/produkt\/naturfoam-3d-ziel-hase-sitzend-1\/#primaryimage"},"thumbnailUrl":"https:\/\/bogensportdiscount.ch\/wp-content\/uploads\/bsm-images\/a001629_1.jpg","datePublished":"2026-04-05T12:22:32+00:00","dateModified":"2026-05-14T05:13:26+00:00","description":"NATUR FOAM 3D-ZIEL KANINCHEN - SITTING 1 g\u00fcnstig kaufen bei Bogensportdiscount \u2013 Top-Marken, schneller Versand aus der Schweiz.","breadcrumb":{"@id":"https:\/\/bogensportdiscount.ch\/produkt\/naturfoam-3d-ziel-hase-sitzend-1\/#breadcrumb"},"inLanguage":"it-IT","potentialAction":[{"@type":"ReadAction","target":["https:\/\/bogensportdiscount.ch\/produkt\/naturfoam-3d-ziel-hase-sitzend-1\/"]}]},{"@type":"ImageObject","inLanguage":"it-IT","@id":"https:\/\/bogensportdiscount.ch\/produkt\/naturfoam-3d-ziel-hase-sitzend-1\/#primaryimage","url":"https:\/\/bogensportdiscount.ch\/wp-content\/uploads\/bsm-images\/a001629_1.jpg","contentUrl":"https:\/\/bogensportdiscount.ch\/wp-content\/uploads\/bsm-images\/a001629_1.jpg","width":400,"height":250},{"@type":"BreadcrumbList","@id":"https:\/\/bogensportdiscount.ch\/produkt\/naturfoam-3d-ziel-hase-sitzend-1\/#breadcrumb","itemListElement":[{"@type":"ListItem","position":1,"name":"Home","item":"https:\/\/bogensportdiscount.ch\/"},{"@type":"ListItem","position":2,"name":"Shop","item":"https:\/\/bogensportdiscount.ch\/shop\/"},{"@type":"ListItem","position":3,"name":"NATUR FOAM 3D TARGET RABBIT &#8211; SITTING 1"}]},{"@type":"WebSite","@id":"https:\/\/bogensportdiscount.ch\/#website","url":"https:\/\/bogensportdiscount.ch\/","name":"Bogensportdiscount","description":"","potentialAction":[{"@type":"SearchAction","target":{"@type":"EntryPoint","urlTemplate":"https:\/\/bogensportdiscount.ch\/?s={search_term_string}"},"query-input":{"@type":"PropertyValueSpecification","valueRequired":true,"valueName":"search_term_string"}}],"inLanguage":"it-IT"}]}},"_links":{"self":[{"href":"https:\/\/bogensportdiscount.ch\/it\/wp-json\/wp\/v2\/product\/391315","targetHints":{"allow":["GET"]}}],"collection":[{"href":"https:\/\/bogensportdiscount.ch\/it\/wp-json\/wp\/v2\/product"}],"about":[{"href":"https:\/\/bogensportdiscount.ch\/it\/wp-json\/wp\/v2\/types\/product"}],"replies":[{"embeddable":true,"href":"https:\/\/bogensportdiscount.ch\/it\/wp-json\/wp\/v2\/comments?post=391315"}],"wp:featuredmedia":[{"embeddable":true,"href":"https:\/\/bogensportdiscount.ch\/it\/wp-json\/wp\/v2\/media\/452202"}],"wp:attachment":[{"href":"https:\/\/bogensportdiscount.ch\/it\/wp-json\/wp\/v2\/media?parent=391315"}],"wp:term":[{"taxonomy":"product_brand","embeddable":true,"href":"https:\/\/bogensportdiscount.ch\/it\/wp-json\/wp\/v2\/product_brand?post=391315"},{"taxonomy":"product_cat","embeddable":true,"href":"https:\/\/bogensportdiscount.ch\/it\/wp-json\/wp\/v2\/product_cat?post=391315"},{"taxonomy":"product_tag","embeddable":true,"href":"https:\/\/bogensportdiscount.ch\/it\/wp-json\/wp\/v2\/product_tag?post=391315"}],"curies":[{"name":"wp","href":"https:\/\/api.w.org\/{rel}","templated":true}]}}