{"id":391304,"date":"2026-04-05T14:22:30","date_gmt":"2026-04-05T12:22:30","guid":{"rendered":"https:\/\/bogensportdiscount.ch\/produkt\/srt-3d-target-pheasant-black-group-4-l72cm-h52cm\/"},"modified":"2026-04-15T12:09:57","modified_gmt":"2026-04-15T10:09:57","slug":"srt-3d-ziel-fasan-schwarz-gruppe-4-l72cm-h52cm","status":"publish","type":"product","link":"https:\/\/bogensportdiscount.ch\/it\/prodotto\/srt-3d-ziel-fasan-schwarz-gruppe-4-l72cm-h52cm\/","title":{"rendered":"SRT 3D TARGET FAGIOLO NERO - GRUPPO 4 - L72cm H52cm"},"content":{"rendered":"<p>Das SRT 3D-Ziel Fasan Schwarz ist ein massstabsgetreues Tiernachbildung f\u00fcr das 3D-Bogenschiessen. Die schwarze Ausf\u00fchrung des Fasans geh\u00f6rt zur Gruppe 4 der offiziellen 3D-Zielklassifikation und entspricht den g\u00e4ngigen Wettkampf- und Trainingsstandards.<\/p>\n<p>Mit einer L\u00e4nge von 72 cm und einer H\u00f6he von 52 cm bietet das Ziel eine realistische Silhouette, die den nat\u00fcrlichen Proportionen eines Fasans nachempfunden ist. Es eignet sich sowohl f\u00fcr das Training als auch f\u00fcr 3D-Bogensport-Turniere.<\/p>\n<ul>\n<li>Gruppe 4 \u2013 entspricht den g\u00e4ngigen 3D-Klassifikationsstandards<\/li>\n<li>Abmessungen: L 72 cm \u00d7 H 52 cm<\/li>\n<li>Farbe: Schwarz<\/li>\n<li>Geeignet f\u00fcr Wettkampf und Training<\/li>\n<\/ul>","protected":false},"excerpt":{"rendered":"<p><strong>Marchio:<\/strong> SRT Targets<br \/><strong>Tipo:<\/strong> Group 4<br \/><strong>GTIN:<\/strong> 08478888<\/p>","protected":false},"featured_media":443157,"comment_status":"open","ping_status":"closed","template":"","meta":[],"product_brand":[410],"product_cat":[4148],"product_tag":[3546],"class_list":{"0":"post-391304","1":"product","2":"type-product","3":"status-publish","4":"has-post-thumbnail","6":"product_brand-srt","7":"product_cat-voegel-3d-ziele-ziele-auflagen","8":"product_tag-neuheit","10":"first","11":"instock","12":"shipping-taxable","13":"purchasable","14":"product-type-simple"},"_links":{"self":[{"href":"https:\/\/bogensportdiscount.ch\/it\/wp-json\/wp\/v2\/product\/391304","targetHints":{"allow":["GET"]}}],"collection":[{"href":"https:\/\/bogensportdiscount.ch\/it\/wp-json\/wp\/v2\/product"}],"about":[{"href":"https:\/\/bogensportdiscount.ch\/it\/wp-json\/wp\/v2\/types\/product"}],"replies":[{"embeddable":true,"href":"https:\/\/bogensportdiscount.ch\/it\/wp-json\/wp\/v2\/comments?post=391304"}],"wp:featuredmedia":[{"embeddable":true,"href":"https:\/\/bogensportdiscount.ch\/it\/wp-json\/wp\/v2\/media\/443157"}],"wp:attachment":[{"href":"https:\/\/bogensportdiscount.ch\/it\/wp-json\/wp\/v2\/media?parent=391304"}],"wp:term":[{"taxonomy":"product_brand","embeddable":true,"href":"https:\/\/bogensportdiscount.ch\/it\/wp-json\/wp\/v2\/product_brand?post=391304"},{"taxonomy":"product_cat","embeddable":true,"href":"https:\/\/bogensportdiscount.ch\/it\/wp-json\/wp\/v2\/product_cat?post=391304"},{"taxonomy":"product_tag","embeddable":true,"href":"https:\/\/bogensportdiscount.ch\/it\/wp-json\/wp\/v2\/product_tag?post=391304"}],"curies":[{"name":"wp","href":"https:\/\/api.w.org\/{rel}","templated":true}]}}