{"id":391287,"date":"2026-04-05T14:22:28","date_gmt":"2026-04-05T12:22:28","guid":{"rendered":"https:\/\/bogensportdiscount.ch\/produkt\/srt-3d-target-turkey-group-3-l74cm-h72cm\/"},"modified":"2026-04-15T12:09:56","modified_gmt":"2026-04-15T10:09:56","slug":"srt-3d-ziel-truthahn-gruppe-3","status":"publish","type":"product","link":"https:\/\/bogensportdiscount.ch\/it\/prodotto\/srt-3d-ziel-truthahn-gruppe-3\/","title":{"rendered":"SRT 3D TARGET TURCHESE - GRUPPO 3 - L74cm H72cm"},"content":{"rendered":"<p>Das SRT 3D-Ziel Truthahn (Gruppe 3) ist ein massstabsgetreues Zielobjekt f\u00fcr das 3D-Bogenschiessen. Die naturalistische Darstellung eines Truthahns bietet eine praxisnahe Trainingsgrundlage und simuliert eine typische Jagdwildart unter realistischen Bedingungen.<\/p>\n<p>Mit einer L\u00e4nge von 74 cm und einer H\u00f6he von 72 cm entspricht das Ziel den g\u00e4ngigen Abmessungen f\u00fcr die Gruppe-3-Klassifizierung, wie sie bei offiziellen 3D-Bogensport-Veranstaltungen verwendet wird. Das Ziel ist f\u00fcr den Ausseneinsatz konzipiert.<\/p>\n<ul>\n<li>Gruppe 3 gem\u00e4ss 3D-Zielklassifizierung<\/li>\n<li>Abmessungen: L 74 cm \u00d7 H 72 cm<\/li>\n<li>Kategorie V\u00f6gel \u2013 Truthahn<\/li>\n<li>Geeignet f\u00fcr Training und Wettkampf im 3D-Bogensport<\/li>\n<\/ul>","protected":false},"excerpt":{"rendered":"<p><strong>Marchio:<\/strong> SRT Targets<br \/><strong>Tipo:<\/strong> Group 3<br \/><strong>GTIN:<\/strong> 08475487<\/p>","protected":false},"featured_media":443177,"comment_status":"open","ping_status":"closed","template":"","meta":[],"product_brand":[410],"product_cat":[4148],"product_tag":[3546],"class_list":{"0":"post-391287","1":"product","2":"type-product","3":"status-publish","4":"has-post-thumbnail","6":"product_brand-srt","7":"product_cat-voegel-3d-ziele-ziele-auflagen","8":"product_tag-neuheit","10":"first","11":"instock","12":"shipping-taxable","13":"purchasable","14":"product-type-simple"},"_links":{"self":[{"href":"https:\/\/bogensportdiscount.ch\/it\/wp-json\/wp\/v2\/product\/391287","targetHints":{"allow":["GET"]}}],"collection":[{"href":"https:\/\/bogensportdiscount.ch\/it\/wp-json\/wp\/v2\/product"}],"about":[{"href":"https:\/\/bogensportdiscount.ch\/it\/wp-json\/wp\/v2\/types\/product"}],"replies":[{"embeddable":true,"href":"https:\/\/bogensportdiscount.ch\/it\/wp-json\/wp\/v2\/comments?post=391287"}],"wp:featuredmedia":[{"embeddable":true,"href":"https:\/\/bogensportdiscount.ch\/it\/wp-json\/wp\/v2\/media\/443177"}],"wp:attachment":[{"href":"https:\/\/bogensportdiscount.ch\/it\/wp-json\/wp\/v2\/media?parent=391287"}],"wp:term":[{"taxonomy":"product_brand","embeddable":true,"href":"https:\/\/bogensportdiscount.ch\/it\/wp-json\/wp\/v2\/product_brand?post=391287"},{"taxonomy":"product_cat","embeddable":true,"href":"https:\/\/bogensportdiscount.ch\/it\/wp-json\/wp\/v2\/product_cat?post=391287"},{"taxonomy":"product_tag","embeddable":true,"href":"https:\/\/bogensportdiscount.ch\/it\/wp-json\/wp\/v2\/product_tag?post=391287"}],"curies":[{"name":"wp","href":"https:\/\/api.w.org\/{rel}","templated":true}]}}