{"id":475973,"date":"2026-04-14T16:15:54","date_gmt":"2026-04-14T14:15:54","guid":{"rendered":"https:\/\/bogensportdiscount.ch\/?page_id=475973"},"modified":"2026-04-15T10:37:45","modified_gmt":"2026-04-15T08:37:45","slug":"pfeile-kuerzen","status":"publish","type":"page","link":"https:\/\/bogensportdiscount.ch\/it\/pfeile-kuerzen\/","title":{"rendered":"Pfeile k\u00fcrzen"},"content":{"rendered":"<div class=\"et_pb_section_0 et_pb_section et_section_regular et_block_section\">\n<div class=\"et_pb_row_0 et_pb_row et_block_row\">\n<div class=\"et_pb_column_0 et_pb_column et_pb_column_4_4 et-last-child et_block_column et_pb_css_mix_blend_mode_passthrough\">\n<div class=\"et_pb_text_0 et_pb_text et_pb_bg_layout_light et_pb_module et_block_module\"><div class=\"et_pb_text_inner\"><p><!-- wp:divi\/placeholder --><!-- wp:divi\/section {\"module\":{\"meta\":{\"adminLabel\":{\"desktop\":{\"value\":\"section\"}}}}} --><!-- wp:divi\/row {\"module\":{\"meta\":{\"adminLabel\":{\"desktop\":{\"value\":\"row\"}}}}} --><!-- wp:divi\/column {\"module\":{\"advanced\":{\"type\":{\"desktop\":{\"value\":\"4_4\"}}}}} \/--><!-- \/wp:divi\/row --><!-- \/wp:divi\/section --><!-- \/wp:divi\/placeholder --><br \/><strong>Pfeill\u00e4nge im Bogensport \u2013 richtig messen<\/strong><br \/><strong>Was bedeutet \u201ePfeill\u00e4nge\u201c?<\/strong><br \/>Die Pfeill\u00e4nge ist ein entscheidender Faktor bei der Auswahl des richtigen Pfeils. Sie beeinflusst<br \/>sowohl die <strong>Sicherheit<\/strong> als auch die Schusseigenschaften.<br \/>Im Bogensport gilt eine klare Definition:<br \/>Die Pfeill\u00e4nge wird vom Nockboden bis zum Ende des Schafts gemessen \u2013 ohne Spitze.<br \/><strong>So wird die Pfeill\u00e4nge gemessen<\/strong><br \/>Startpunkt: Der tiefste Punkt der Nocke (Nockboden), an dem die Sehne eingelegt wird.<br \/>Endpunkt: Das vordere Ende des Schafts (ohne Insert und ohne Spitze).<br \/>Wichtig: Die Pfeilspitze wird bei der L\u00e4ngenangabe nicht ber\u00fccksichtigt.<br \/><strong>Pfeile zuschneiden lassen \u2013 was wird gek\u00fcrzt?<\/strong><br \/>Wenn du im Online-Shop eine Pfeill\u00e4nge ausw\u00e4hlst, bezieht sich diese immer auf den reinen<br \/>Schaft.<br \/>Der Schaft wird exakt auf die gew\u00fcnschte L\u00e4nge gek\u00fcrzt, danach werden Insert und Spitze<br \/>montiert.<br \/><strong>Die richtige Pfeill\u00e4nge w\u00e4hlen<\/strong><br \/>Ein Pfeil sollte immer etwa 1\u20132 Zoll l\u00e4nger sein als die Auszugsl\u00e4nge.<br \/><strong>Warum ist das wichtig?<\/strong><br \/>Zu kurze Pfeile k\u00f6nnen vom Auflagepunkt rutschen und erh\u00f6hen das Verletzungsrisiko.<br \/>Zu lange Pfeile sind etwas schwerer, aber sicherer.<br \/><strong>Beispiel<\/strong><br \/>Auszugsl\u00e4nge: 28 Zoll<br \/>Empfohlene Pfeill\u00e4nge: 29\u201330 Zoll<br \/><strong>Merksatz<\/strong><br \/>Gemessen wird vom Nockboden bis zum Schaftende \u2013 ohne Spitze.<\/p>\n<p>&nbsp;<\/p>\n<\/div><\/div>\n<\/div>\n<\/div>\n\n<div class=\"et_pb_row_1 et_pb_row et_flex_row\">\n<div class=\"et_pb_column_1 et_pb_column et_flex_column et_pb_css_mix_blend_mode_passthrough et_flex_column_24_24 et_flex_column_24_24_tablet et_flex_column_24_24_phone\">\n<div class=\"et_pb_image_0 et_pb_image et_pb_module et_flex_module\"><span class=\"et_pb_image_wrap\"><img loading=\"lazy\" decoding=\"async\" src=\"https:\/\/bogensportdiscount.ch\/wp-content\/uploads\/2026\/04\/Bild1.jpg\" title=\"Bild1\" width=\"1531\" height=\"515\" srcset=\"https:\/\/bogensportdiscount.ch\/wp-content\/uploads\/2026\/04\/Bild1.jpg 1531w, https:\/\/bogensportdiscount.ch\/wp-content\/uploads\/2026\/04\/Bild1-800x269.jpg 800w\" sizes=\"(max-width: 1531px) 100vw, 1531px\" class=\"wp-image-476816\" \/><\/span><\/div>\n<\/div>\n\n<div class=\"et_pb_column_2 et_pb_column et-last-child et_flex_column et_pb_column_empty et_pb_css_mix_blend_mode_passthrough et_flex_column_24_24 et_flex_column_24_24_tablet et_flex_column_24_24_phone\"><\/div>\n<\/div>\n\n<div class=\"et_pb_row_2 et_pb_row et-vb-row--no-module et_flex_row\">\n<div class=\"et_pb_column_3 et_pb_column et_flex_column et_pb_column_empty et_pb_css_mix_blend_mode_passthrough et_flex_column_24_24 et_flex_column_24_24_tablet et_flex_column_24_24_phone\"><\/div>\n\n<div class=\"et_pb_column_4 et_pb_column et-last-child et_flex_column et_pb_column_empty et_pb_css_mix_blend_mode_passthrough et_flex_column_24_24 et_flex_column_24_24_tablet et_flex_column_24_24_phone\"><\/div>\n<\/div>\n<\/div>","protected":false},"excerpt":{"rendered":"","protected":false},"author":1,"featured_media":0,"parent":0,"menu_order":0,"comment_status":"closed","ping_status":"closed","template":"","meta":{"footnotes":""},"class_list":["post-475973","page","type-page","status-publish","hentry"],"_links":{"self":[{"href":"https:\/\/bogensportdiscount.ch\/it\/wp-json\/wp\/v2\/pages\/475973","targetHints":{"allow":["GET"]}}],"collection":[{"href":"https:\/\/bogensportdiscount.ch\/it\/wp-json\/wp\/v2\/pages"}],"about":[{"href":"https:\/\/bogensportdiscount.ch\/it\/wp-json\/wp\/v2\/types\/page"}],"author":[{"embeddable":true,"href":"https:\/\/bogensportdiscount.ch\/it\/wp-json\/wp\/v2\/users\/1"}],"replies":[{"embeddable":true,"href":"https:\/\/bogensportdiscount.ch\/it\/wp-json\/wp\/v2\/comments?post=475973"}],"version-history":[{"count":5,"href":"https:\/\/bogensportdiscount.ch\/it\/wp-json\/wp\/v2\/pages\/475973\/revisions"}],"predecessor-version":[{"id":476817,"href":"https:\/\/bogensportdiscount.ch\/it\/wp-json\/wp\/v2\/pages\/475973\/revisions\/476817"}],"wp:attachment":[{"href":"https:\/\/bogensportdiscount.ch\/it\/wp-json\/wp\/v2\/media?parent=475973"}],"curies":[{"name":"wp","href":"https:\/\/api.w.org\/{rel}","templated":true}]}}