{"id":236384,"date":"2026-03-30T13:18:11","date_gmt":"2026-03-30T11:18:11","guid":{"rendered":"https:\/\/bogensportdiscount.ch\/?page_id=236384"},"modified":"2026-04-19T00:43:03","modified_gmt":"2026-04-18T22:43:03","slug":"maximal-10-tage-lieferfrist","status":"publish","type":"page","link":"https:\/\/bogensportdiscount.ch\/it\/maximal-10-tage-lieferfrist\/","title":{"rendered":"Maximal 10 Tage Lieferfrist"},"content":{"rendered":"<div class=\"et_pb_section_0 et_pb_section et_section_regular et_block_section\">\n<div class=\"et_pb_row_0 et_pb_row et_block_row\">\n<div class=\"et_pb_column_0 et_pb_column et_pb_column_4_4 et-last-child et_block_column et_pb_css_mix_blend_mode_passthrough\">\n<div class=\"et_pb_post_title_0 et_pb_post_title et_pb_bg_layout_light et_pb_module et_flex_module\"><div class=\"et_pb_title_container\"><h1 class=\"entry-title\">Maximal 10 Tage Lieferfrist<\/h1><\/div><\/div>\n<\/div>\n<\/div>\n<\/div>\n\n<div class=\"et_pb_section_1 et_pb_section et_section_regular et_flex_section\">\n<div class=\"et_pb_row_1 et_pb_row et_flex_row\">\n<div class=\"et_pb_column_1 et_pb_column et_flex_column et_pb_css_mix_blend_mode_passthrough et_flex_column_12_24 et_flex_column_12_24_tablet et_flex_column_24_24_phone\">\n<div class=\"et_pb_text_0 et_pb_text et_pb_bg_layout_light et_pb_module et_flex_module\"><div class=\"et_pb_text_inner\"><h2 class=\"font-claude-response-body break-words whitespace-normal leading-[1.7]\"><strong>Maximal 10 Arbeitstage Lieferfrist \u2013 Warum unser Modell dir bessere Preise erm\u00f6glicht<\/strong><\/h2>\n<p class=\"font-claude-response-body break-words whitespace-normal leading-[1.7]\">Bei Bogensportdiscount.ch funktioniert Bogensport-Shopping anders \u2013 und das ganz bewusst. Wir betreiben kein eigenes Lager. Stattdessen wird deine Bestellung erst dann bei unserem Distributor ausgel\u00f6st, wenn sie bei uns eingegangen ist. Dieses Modell hat einen entscheidenden Vorteil f\u00fcr dich: Wir sparen erhebliche Lager- und Logistikkosten \u2013 und diese Einsparungen geben wir direkt in Form von g\u00fcnstigeren Preisen an dich weiter.<\/p>\n<\/div><\/div>\n<\/div>\n\n<div class=\"et_pb_column_2 et_pb_column et-last-child et_flex_column et_pb_css_mix_blend_mode_passthrough et_flex_column_12_24 et_flex_column_12_24_tablet et_flex_column_24_24_phone\">\n<div class=\"et_pb_text_1 et_pb_text et_pb_bg_layout_light et_pb_module et_flex_module\"><div class=\"et_pb_text_inner\"><h2 class=\"font-claude-response-body break-words whitespace-normal leading-[1.7]\"><strong>10 Tage f\u00fcr bessere Preise \u2013 ein fairer Tausch<\/strong><\/h2>\n<p class=\"font-claude-response-body break-words whitespace-normal leading-[1.7]\">\u00a0Unser schlankes Bestellmodell ist der Grund, warum wir dir die Tiefpreisgarantie auf \u00fcber 40'000 Artikel anbieten k\u00f6nnen. Wer bereit ist, etwas Geduld mitzubringen, wird mit den besten Preisen der Schweiz belohnt.<\/p>\n<p class=\"font-claude-response-body break-words whitespace-normal leading-[1.7]\">Bestelle jetzt bei Bogensportdiscount.ch \u2013 Qualit\u00e4t und Auswahl zum besten Preis.<\/p>\n<\/div><\/div>\n<\/div>\n<\/div>\n\n<div class=\"et_pb_row_2 et_pb_row et_flex_row\">\n<div class=\"et_pb_column_3 et_pb_column et_flex_column et_pb_css_mix_blend_mode_passthrough et_flex_column_12_24 et_flex_column_12_24_tablet et_flex_column_24_24_phone\">\n<div class=\"et_pb_text_2 et_pb_text et_pb_bg_layout_light et_pb_module et_flex_module\"><div class=\"et_pb_text_inner\"><h2 data-start=\"48\" data-end=\"94\"><strong data-start=\"48\" data-end=\"94\">SPEZIALBESTELLUNGEN \u2013 KLAR UND TRANSPARENT<\/strong><\/h2>\n<p data-start=\"96\" data-end=\"434\">Bei einzelnen Produkten handelt es sich um Spezialbestellungen. Wenn du dies beim Kauf best\u00e4tigst, wird der Artikel gezielt f\u00fcr dich bestellt. Wir informieren dich aktiv \u00fcber den Bestellstatus. Bitte beachte aber, dass die Lieferung je nach Hersteller und Verf\u00fcgbarkeit mehrere Wochen oder in Einzelf\u00e4llen auch mehrere Monate dauern kann.<\/p>\n<\/div><\/div>\n<\/div>\n\n<div class=\"et_pb_column_4 et_pb_column et-last-child et_flex_column et_pb_css_mix_blend_mode_passthrough et_flex_column_12_24 et_flex_column_12_24_tablet et_flex_column_24_24_phone\">\n<div class=\"et_pb_text_3 et_pb_text et_pb_bg_layout_light et_pb_module et_flex_module\"><div class=\"et_pb_text_inner\"><h2 data-start=\"33\" data-end=\"80\"><strong data-start=\"33\" data-end=\"80\">\u00c4USSERE EINFL\u00dcSSE \u2013 NICHT ALLES IST PLANBAR<\/strong><\/h2>\n<p data-start=\"82\" data-end=\"404\" data-is-last-node=\"\" data-is-only-node=\"\">Auf \u00e4ussere Einfl\u00fcsse entlang der Lieferkette haben wir keinen direkten Einfluss. In gewissen F\u00e4llen kann es dadurch zu l\u00e4ngeren Lieferzeiten kommen. Auch dann informieren wir dich aktiv, sobald es neue Informationen zum Status deiner Bestellung gibt, und suchen wenn m\u00f6glich gemeinsam mit dir nach passenden Alternativen.<\/p>\n<\/div><\/div>\n<\/div>\n<\/div>\n<\/div>\n\n<div class=\"et_pb_section_2 et_pb_section et_section_regular et_flex_section\">\n<div class=\"et_pb_row_3 et_pb_row et_flex_row\">\n<div class=\"et_pb_column_5 et_pb_column et-last-child et_flex_column et_pb_css_mix_blend_mode_passthrough et_flex_column_24_24 et_flex_column_24_24_tablet et_flex_column_24_24_phone\">\n<div class=\"et_pb_text_4 et_pb_text et_pb_bg_layout_light et_pb_module et_flex_module\"><\/div>\n<\/div>\n<\/div>\n<\/div>","protected":false},"excerpt":{"rendered":"","protected":false},"author":1,"featured_media":477162,"parent":0,"menu_order":0,"comment_status":"closed","ping_status":"closed","template":"","meta":{"footnotes":""},"class_list":["post-236384","page","type-page","status-publish","has-post-thumbnail","hentry"],"yoast_head":"<!-- This site is optimized with the Yoast SEO plugin v27.6 - https:\/\/yoast.com\/product\/yoast-seo-wordpress\/ -->\n<title>Maximal 10 Tage Lieferfrist - Bogensportdiscount \u2013 B\u00f6gen, Pfeile, Targets &amp; Zubeh\u00f6r<\/title>\n<meta name=\"robots\" content=\"index, follow, max-snippet:-1, max-image-preview:large, max-video-preview:-1\" \/>\n<link rel=\"canonical\" href=\"https:\/\/bogensportdiscount.ch\/it\/maximal-10-tage-liferfrist\/\" \/>\n<meta property=\"og:locale\" content=\"it_IT\" \/>\n<meta property=\"og:type\" content=\"article\" \/>\n<meta property=\"og:title\" content=\"Maximal 10 Tage Lieferfrist - Bogensportdiscount \u2013 B\u00f6gen, Pfeile, Targets &amp; Zubeh\u00f6r\" \/>\n<meta property=\"og:url\" content=\"https:\/\/bogensportdiscount.ch\/it\/maximal-10-tage-liferfrist\/\" \/>\n<meta property=\"og:site_name\" content=\"Bogensportdiscount \u2013 B\u00f6gen, Pfeile, Targets &amp; Zubeh\u00f6r\" \/>\n<meta property=\"article:modified_time\" content=\"2026-04-18T22:43:03+00:00\" \/>\n<meta property=\"og:image\" content=\"https:\/\/bogensportdiscount.ch\/wp-content\/uploads\/2026\/04\/bogensportdiscount.ch-pfeile-boegen-zubehoer-fuer-anfaenger-und-profis-zum-besten-preis-kategorie-lieferzeiten.jpg\" \/>\n\t<meta property=\"og:image:width\" content=\"2560\" \/>\n\t<meta property=\"og:image:height\" content=\"720\" \/>\n\t<meta property=\"og:image:type\" content=\"image\/jpeg\" \/>\n<meta name=\"twitter:card\" content=\"summary_large_image\" \/>\n<script type=\"application\/ld+json\" class=\"yoast-schema-graph\">{\"@context\":\"https:\\\/\\\/schema.org\",\"@graph\":[{\"@type\":\"WebPage\",\"@id\":\"https:\\\/\\\/bogensportdiscount.ch\\\/maximal-10-tage-liferfrist\\\/\",\"url\":\"https:\\\/\\\/bogensportdiscount.ch\\\/maximal-10-tage-liferfrist\\\/\",\"name\":\"Maximal 10 Tage Lieferfrist - Bogensportdiscount \u2013 B\u00f6gen, Pfeile, Targets &amp; Zubeh\u00f6r\",\"isPartOf\":{\"@id\":\"https:\\\/\\\/bogensportdiscount.ch\\\/#website\"},\"primaryImageOfPage\":{\"@id\":\"https:\\\/\\\/bogensportdiscount.ch\\\/maximal-10-tage-liferfrist\\\/#primaryimage\"},\"image\":{\"@id\":\"https:\\\/\\\/bogensportdiscount.ch\\\/maximal-10-tage-liferfrist\\\/#primaryimage\"},\"thumbnailUrl\":\"https:\\\/\\\/bogensportdiscount.ch\\\/wp-content\\\/uploads\\\/2026\\\/04\\\/bogensportdiscount.ch-pfeile-boegen-zubehoer-fuer-anfaenger-und-profis-zum-besten-preis-kategorie-lieferzeiten.jpg\",\"datePublished\":\"2026-03-30T11:18:11+00:00\",\"dateModified\":\"2026-04-18T22:43:03+00:00\",\"breadcrumb\":{\"@id\":\"https:\\\/\\\/bogensportdiscount.ch\\\/maximal-10-tage-liferfrist\\\/#breadcrumb\"},\"inLanguage\":\"it-IT\",\"potentialAction\":[{\"@type\":\"ReadAction\",\"target\":[\"https:\\\/\\\/bogensportdiscount.ch\\\/maximal-10-tage-liferfrist\\\/\"]}]},{\"@type\":\"ImageObject\",\"inLanguage\":\"it-IT\",\"@id\":\"https:\\\/\\\/bogensportdiscount.ch\\\/maximal-10-tage-liferfrist\\\/#primaryimage\",\"url\":\"https:\\\/\\\/bogensportdiscount.ch\\\/wp-content\\\/uploads\\\/2026\\\/04\\\/bogensportdiscount.ch-pfeile-boegen-zubehoer-fuer-anfaenger-und-profis-zum-besten-preis-kategorie-lieferzeiten.jpg\",\"contentUrl\":\"https:\\\/\\\/bogensportdiscount.ch\\\/wp-content\\\/uploads\\\/2026\\\/04\\\/bogensportdiscount.ch-pfeile-boegen-zubehoer-fuer-anfaenger-und-profis-zum-besten-preis-kategorie-lieferzeiten.jpg\",\"width\":2560,\"height\":720},{\"@type\":\"BreadcrumbList\",\"@id\":\"https:\\\/\\\/bogensportdiscount.ch\\\/maximal-10-tage-liferfrist\\\/#breadcrumb\",\"itemListElement\":[{\"@type\":\"ListItem\",\"position\":1,\"name\":\"Home\",\"item\":\"https:\\\/\\\/bogensportdiscount.ch\\\/\"},{\"@type\":\"ListItem\",\"position\":2,\"name\":\"Maximal 10 Tage Liferfrist\"}]},{\"@type\":\"WebSite\",\"@id\":\"https:\\\/\\\/bogensportdiscount.ch\\\/#website\",\"url\":\"https:\\\/\\\/bogensportdiscount.ch\\\/\",\"name\":\"Bogensportdiscount\",\"description\":\"\",\"potentialAction\":[{\"@type\":\"SearchAction\",\"target\":{\"@type\":\"EntryPoint\",\"urlTemplate\":\"https:\\\/\\\/bogensportdiscount.ch\\\/?s={search_term_string}\"},\"query-input\":{\"@type\":\"PropertyValueSpecification\",\"valueRequired\":true,\"valueName\":\"search_term_string\"}}],\"inLanguage\":\"it-IT\"}]}<\/script>\n<!-- \/ Yoast SEO plugin. -->","yoast_head_json":{"title":"Maximal 10 Tage Lieferfrist - Bogensportdiscount \u2013 B\u00f6gen, Pfeile, Targets &amp; Zubeh\u00f6r","robots":{"index":"index","follow":"follow","max-snippet":"max-snippet:-1","max-image-preview":"max-image-preview:large","max-video-preview":"max-video-preview:-1"},"canonical":"https:\/\/bogensportdiscount.ch\/it\/maximal-10-tage-liferfrist\/","og_locale":"it_IT","og_type":"article","og_title":"Maximal 10 Tage Lieferfrist - Bogensportdiscount \u2013 B\u00f6gen, Pfeile, Targets &amp; Zubeh\u00f6r","og_url":"https:\/\/bogensportdiscount.ch\/it\/maximal-10-tage-liferfrist\/","og_site_name":"Bogensportdiscount \u2013 B\u00f6gen, Pfeile, Targets &amp; Zubeh\u00f6r","article_modified_time":"2026-04-18T22:43:03+00:00","og_image":[{"width":2560,"height":720,"url":"https:\/\/bogensportdiscount.ch\/wp-content\/uploads\/2026\/04\/bogensportdiscount.ch-pfeile-boegen-zubehoer-fuer-anfaenger-und-profis-zum-besten-preis-kategorie-lieferzeiten.jpg","type":"image\/jpeg"}],"twitter_card":"summary_large_image","schema":{"@context":"https:\/\/schema.org","@graph":[{"@type":"WebPage","@id":"https:\/\/bogensportdiscount.ch\/maximal-10-tage-liferfrist\/","url":"https:\/\/bogensportdiscount.ch\/maximal-10-tage-liferfrist\/","name":"Maximal 10 Tage Lieferfrist - Bogensportdiscount \u2013 B\u00f6gen, Pfeile, Targets &amp; Zubeh\u00f6r","isPartOf":{"@id":"https:\/\/bogensportdiscount.ch\/#website"},"primaryImageOfPage":{"@id":"https:\/\/bogensportdiscount.ch\/maximal-10-tage-liferfrist\/#primaryimage"},"image":{"@id":"https:\/\/bogensportdiscount.ch\/maximal-10-tage-liferfrist\/#primaryimage"},"thumbnailUrl":"https:\/\/bogensportdiscount.ch\/wp-content\/uploads\/2026\/04\/bogensportdiscount.ch-pfeile-boegen-zubehoer-fuer-anfaenger-und-profis-zum-besten-preis-kategorie-lieferzeiten.jpg","datePublished":"2026-03-30T11:18:11+00:00","dateModified":"2026-04-18T22:43:03+00:00","breadcrumb":{"@id":"https:\/\/bogensportdiscount.ch\/maximal-10-tage-liferfrist\/#breadcrumb"},"inLanguage":"it-IT","potentialAction":[{"@type":"ReadAction","target":["https:\/\/bogensportdiscount.ch\/maximal-10-tage-liferfrist\/"]}]},{"@type":"ImageObject","inLanguage":"it-IT","@id":"https:\/\/bogensportdiscount.ch\/maximal-10-tage-liferfrist\/#primaryimage","url":"https:\/\/bogensportdiscount.ch\/wp-content\/uploads\/2026\/04\/bogensportdiscount.ch-pfeile-boegen-zubehoer-fuer-anfaenger-und-profis-zum-besten-preis-kategorie-lieferzeiten.jpg","contentUrl":"https:\/\/bogensportdiscount.ch\/wp-content\/uploads\/2026\/04\/bogensportdiscount.ch-pfeile-boegen-zubehoer-fuer-anfaenger-und-profis-zum-besten-preis-kategorie-lieferzeiten.jpg","width":2560,"height":720},{"@type":"BreadcrumbList","@id":"https:\/\/bogensportdiscount.ch\/maximal-10-tage-liferfrist\/#breadcrumb","itemListElement":[{"@type":"ListItem","position":1,"name":"Home","item":"https:\/\/bogensportdiscount.ch\/"},{"@type":"ListItem","position":2,"name":"Maximal 10 Tage Liferfrist"}]},{"@type":"WebSite","@id":"https:\/\/bogensportdiscount.ch\/#website","url":"https:\/\/bogensportdiscount.ch\/","name":"Bogensportdiscount","description":"","potentialAction":[{"@type":"SearchAction","target":{"@type":"EntryPoint","urlTemplate":"https:\/\/bogensportdiscount.ch\/?s={search_term_string}"},"query-input":{"@type":"PropertyValueSpecification","valueRequired":true,"valueName":"search_term_string"}}],"inLanguage":"it-IT"}]}},"_links":{"self":[{"href":"https:\/\/bogensportdiscount.ch\/it\/wp-json\/wp\/v2\/pages\/236384","targetHints":{"allow":["GET"]}}],"collection":[{"href":"https:\/\/bogensportdiscount.ch\/it\/wp-json\/wp\/v2\/pages"}],"about":[{"href":"https:\/\/bogensportdiscount.ch\/it\/wp-json\/wp\/v2\/types\/page"}],"author":[{"embeddable":true,"href":"https:\/\/bogensportdiscount.ch\/it\/wp-json\/wp\/v2\/users\/1"}],"replies":[{"embeddable":true,"href":"https:\/\/bogensportdiscount.ch\/it\/wp-json\/wp\/v2\/comments?post=236384"}],"version-history":[{"count":4,"href":"https:\/\/bogensportdiscount.ch\/it\/wp-json\/wp\/v2\/pages\/236384\/revisions"}],"predecessor-version":[{"id":477163,"href":"https:\/\/bogensportdiscount.ch\/it\/wp-json\/wp\/v2\/pages\/236384\/revisions\/477163"}],"wp:featuredmedia":[{"embeddable":true,"href":"https:\/\/bogensportdiscount.ch\/it\/wp-json\/wp\/v2\/media\/477162"}],"wp:attachment":[{"href":"https:\/\/bogensportdiscount.ch\/it\/wp-json\/wp\/v2\/media?parent=236384"}],"curies":[{"name":"wp","href":"https:\/\/api.w.org\/{rel}","templated":true}]}}