{"id":236381,"date":"2026-03-30T13:15:15","date_gmt":"2026-03-30T11:15:15","guid":{"rendered":"https:\/\/bogensportdiscount.ch\/?page_id=236381"},"modified":"2026-03-30T13:43:35","modified_gmt":"2026-03-30T11:43:35","slug":"schweizweit-groesstes-sortiment","status":"publish","type":"page","link":"https:\/\/bogensportdiscount.ch\/it\/schweizweit-groesstes-sortiment\/","title":{"rendered":"Il pi\u00f9 vasto assortimento in Svizzera"},"content":{"rendered":"<div class=\"et_pb_section_0 et_pb_section et_section_regular et_block_section\">\n<div class=\"et_pb_row_0 et_pb_row et_block_row\">\n<div class=\"et_pb_column_0 et_pb_column et_pb_column_4_4 et-last-child et_block_column et_pb_css_mix_blend_mode_passthrough\">\n<div class=\"et_pb_post_title_0 et_pb_post_title et_pb_bg_layout_light et_pb_module et_flex_module\"><div class=\"et_pb_title_container\"><h1 class=\"entry-title\">Schweizweit gr\u00f6sstes Sortiment<\/h1><\/div><\/div>\n<\/div>\n<\/div>\n<\/div>\n\n<div class=\"et_pb_section_1 et_pb_section et_section_regular et_flex_section\">\n<div class=\"et_pb_row_1 et_pb_row et_flex_row\">\n<div class=\"et_pb_column_1 et_pb_column et-last-child et_flex_column et_pb_css_mix_blend_mode_passthrough et_flex_column_24_24 et_flex_column_24_24_tablet et_flex_column_24_24_phone\">\n<div class=\"et_pb_text_0 et_pb_text et_pb_bg_layout_light et_pb_module et_flex_module\"><div class=\"et_pb_text_inner\"><h2 class=\"font-claude-response-body break-words whitespace-normal leading-[1.7]\"><strong>Das schweizweit gr\u00f6sste Bogensport-Sortiment \u2013 \u00fcber 190 Marken auf einen Blick<\/strong><\/h2>\n<p class=\"font-claude-response-body break-words whitespace-normal leading-[1.7]\">Egal ob du gerade erst mit dem Bogenschiessen beginnst oder als erfahrene Bogensch\u00fctzin bzw. erfahrener Bogensch\u00fctze auf der Suche nach Premium-Equipment bist \u2013 bei Bogensportdiscount.ch findest du garantiert, was du brauchst. Mit \u00fcber 190 Marken und mehr als 40'000 Artikeln bieten wir das mit Abstand gr\u00f6sste Bogensport-Sortiment der Schweiz.<\/p>\n<p class=\"font-claude-response-body break-words whitespace-normal leading-[1.7]\">Von Recurvebogen und Compoundbogen \u00fcber Pfeile, K\u00f6cher und Zielscheiben bis hin zu Schutzausr\u00fcstung und Zubeh\u00f6r: Unser Sortiment deckt jeden Bedarf ab \u2013 f\u00fcr Einsteigerinnen und Einsteiger, Fortgeschrittene und ambitionierte Wettkampfsch\u00fctzinnen und -sch\u00fctzen gleichermassen. Entdecke Bestseller von weltweit f\u00fchrenden Marken wie PSE, Old Mountain, Easton, Avalon und vielen mehr, alles auf einer einzigen Plattform.<\/p>\n<\/div><\/div>\n\n<div class=\"et_pb_text_1 et_pb_text et_pb_bg_layout_light et_pb_module et_flex_module\"><div class=\"et_pb_text_inner\"><h2 class=\"font-claude-response-body break-words whitespace-normal leading-[1.7]\"><strong>Warum das gr\u00f6sste Sortiment f\u00fcr dich wichtig ist:<\/strong><\/h2>\n<p class=\"font-claude-response-body break-words whitespace-normal leading-[1.7]\">Bogensport ist individuell. Die richtige Ausr\u00fcstung h\u00e4ngt von Zuggewicht, K\u00f6rpergr\u00f6sse, Erfahrungslevel und pers\u00f6nlichem Stil ab. Ein breites Sortiment bedeutet f\u00fcr dich: mehr Auswahl, bessere Vergleichsm\u00f6glichkeiten und die Gewissheit, immer die optimale Ausr\u00fcstung zu finden \u2013 ohne Kompromisse eingehen zu m\u00fcssen.<\/p>\n<p class=\"font-claude-response-body break-words whitespace-normal leading-[1.7]\">St\u00f6bere jetzt durch unser Sortiment und \u00fcberzeuge dich selbst, warum Bogensportdiscount.ch die erste Adresse f\u00fcr Bogensch\u00fctzinnen und Bogensch\u00fctzen in der ganzen Schweiz ist.<\/p>\n<\/div><\/div>\n<\/div>\n<\/div>\n<\/div>","protected":false},"excerpt":{"rendered":"","protected":false},"author":1,"featured_media":0,"parent":0,"menu_order":0,"comment_status":"closed","ping_status":"closed","template":"","meta":{"footnotes":""},"class_list":["post-236381","page","type-page","status-publish","hentry"],"_links":{"self":[{"href":"https:\/\/bogensportdiscount.ch\/it\/wp-json\/wp\/v2\/pages\/236381","targetHints":{"allow":["GET"]}}],"collection":[{"href":"https:\/\/bogensportdiscount.ch\/it\/wp-json\/wp\/v2\/pages"}],"about":[{"href":"https:\/\/bogensportdiscount.ch\/it\/wp-json\/wp\/v2\/types\/page"}],"author":[{"embeddable":true,"href":"https:\/\/bogensportdiscount.ch\/it\/wp-json\/wp\/v2\/users\/1"}],"replies":[{"embeddable":true,"href":"https:\/\/bogensportdiscount.ch\/it\/wp-json\/wp\/v2\/comments?post=236381"}],"version-history":[{"count":7,"href":"https:\/\/bogensportdiscount.ch\/it\/wp-json\/wp\/v2\/pages\/236381\/revisions"}],"predecessor-version":[{"id":236400,"href":"https:\/\/bogensportdiscount.ch\/it\/wp-json\/wp\/v2\/pages\/236381\/revisions\/236400"}],"wp:attachment":[{"href":"https:\/\/bogensportdiscount.ch\/it\/wp-json\/wp\/v2\/media?parent=236381"}],"curies":[{"name":"wp","href":"https:\/\/api.w.org\/{rel}","templated":true}]}}