{"id":479002,"date":"2026-04-19T11:41:18","date_gmt":"2026-04-19T09:41:18","guid":{"rendered":"https:\/\/bogensportdiscount.ch\/produkt\/easton-shafts-fmj-5mm-mg-250-hit-w-collar-12-pk\/"},"modified":"2026-04-19T17:28:44","modified_gmt":"2026-04-19T15:28:44","slug":"easton-shafts-fmj-5mm-mg-hit-collar-12er-pack","status":"publish","type":"product","link":"https:\/\/bogensportdiscount.ch\/fr\/produit\/easton-shafts-fmj-5mm-mg-hit-collar-12er-pack\/","title":{"rendered":"EASTON SHAFTS FMJ 5MM MG HIT w\/ COLLAR 12\/PK"},"content":{"rendered":"<p>Die Easton FMJ 5mm MG Hit Sch\u00e4fte sind hochwertige Jagdpfeile mit 5mm Durchmesser und MG Hit Konstruktion. Diese Sch\u00e4fte werden mit Collar (Arretierring) geliefert und sind in einem 12er Pack erh\u00e4ltlich.<\/p>\n<p>Die Sch\u00e4fte sind in mehreren Spine-Varianten verf\u00fcgbar (250, 300, 340, 400, 500), wodurch sie sich f\u00fcr verschiedene Zugelgewichte und Anforderungen eignen. Als Jagdsch\u00e4fte kombinieren sie Zuverl\u00e4ssigkeit und Pr\u00e4zision f\u00fcr den praktischen Einsatz im Feld.<\/p>\n<p>Hergestellt in den USA, bieten diese Sch\u00e4fte die bew\u00e4hrte Qualit\u00e4t des Herstellers Easton f\u00fcr anspruchsvolle Bogensch\u00fctzen.<\/p>","protected":false},"excerpt":{"rendered":"<table>\n<tr>\n<th>Propri\u00e9t\u00e9<\/th>\n<th>Valeur<\/th>\n<\/tr>\n<tr>\n<td>Marque<\/td>\n<td>Easton<\/td>\n<\/tr>\n<tr>\n<td>Mod\u00e8le<\/td>\n<td>FMJ 5mm MG Hit<\/td>\n<\/tr>\n<tr>\n<td>Contenu<\/td>\n<td>Pack de 12<\/td>\n<\/tr>\n<tr>\n<td>Verf\u00fcgbare Spine-Werte<\/td>\n<td>250, 300, 340, 400, 500<\/td>\n<\/tr>\n<tr>\n<td>Pays d'origine<\/td>\n<td>USA<\/td>\n<\/tr>\n<\/table>","protected":false},"featured_media":453243,"comment_status":"open","ping_status":"closed","template":"","meta":[],"product_brand":[417],"product_cat":[4158,4235,4442],"product_tag":[],"class_list":{"0":"post-479002","1":"product","2":"type-product","3":"status-publish","4":"has-post-thumbnail","6":"product_brand-easton","7":"product_cat-pfeile-schaefte","8":"product_cat-pfeilschaefte","9":"product_cat-carbon-alu-jagd-schaefte","11":"first","12":"instock","13":"shipping-taxable","14":"purchasable","15":"product-type-variable"},"_links":{"self":[{"href":"https:\/\/bogensportdiscount.ch\/fr\/wp-json\/wp\/v2\/product\/479002","targetHints":{"allow":["GET"]}}],"collection":[{"href":"https:\/\/bogensportdiscount.ch\/fr\/wp-json\/wp\/v2\/product"}],"about":[{"href":"https:\/\/bogensportdiscount.ch\/fr\/wp-json\/wp\/v2\/types\/product"}],"replies":[{"embeddable":true,"href":"https:\/\/bogensportdiscount.ch\/fr\/wp-json\/wp\/v2\/comments?post=479002"}],"wp:featuredmedia":[{"embeddable":true,"href":"https:\/\/bogensportdiscount.ch\/fr\/wp-json\/wp\/v2\/media\/453243"}],"wp:attachment":[{"href":"https:\/\/bogensportdiscount.ch\/fr\/wp-json\/wp\/v2\/media?parent=479002"}],"wp:term":[{"taxonomy":"product_brand","embeddable":true,"href":"https:\/\/bogensportdiscount.ch\/fr\/wp-json\/wp\/v2\/product_brand?post=479002"},{"taxonomy":"product_cat","embeddable":true,"href":"https:\/\/bogensportdiscount.ch\/fr\/wp-json\/wp\/v2\/product_cat?post=479002"},{"taxonomy":"product_tag","embeddable":true,"href":"https:\/\/bogensportdiscount.ch\/fr\/wp-json\/wp\/v2\/product_tag?post=479002"}],"curies":[{"name":"wp","href":"https:\/\/api.w.org\/{rel}","templated":true}]}}