{"id":478875,"date":"2026-04-19T11:41:04","date_gmt":"2026-04-19T09:41:04","guid":{"rendered":"https:\/\/bogensportdiscount.ch\/produkt\/easton-crossbow-nocks-flat-back-9mm-carbon-bolt-green-36-pk\/"},"modified":"2026-05-14T15:28:18","modified_gmt":"2026-05-14T13:28:18","slug":"easton-armbrust-nocken-flat-back-9mm-carbon-bolzen-36er-pack","status":"publish","type":"product","link":"https:\/\/bogensportdiscount.ch\/fr\/produit\/easton-armbrust-nocken-flat-back-9mm-carbon-bolzen-36er-pack\/","title":{"rendered":"EASTON ARMBRUSTNOCKEN FLACH ZUR\u00dcCK 9MM CARBON BOLZEN 36\/PK"},"content":{"rendered":"<p>Les encoches d'arbal\u00e8te EASTON \u00e0 design Flat-Back sont sp\u00e9cialement d\u00e9velopp\u00e9es pour les carreaux en carbone de 9mm de diam\u00e8tre. Le set contient 36 encoches et offre une connexion fiable entre le carreau et la corde pour des performances de tir constantes.<\/p>\n<p>Ces encoches sont disponibles en deux couleurs classiques \u2013 vert et blanc \u2013 et permettent une distinction facile entre diff\u00e9rents sets de carreaux. Le design Flat-Back \u00e9prouv\u00e9 garantit un alignement pr\u00e9cis et des propri\u00e9t\u00e9s de vol stables lors du tir \u00e0 l'arbal\u00e8te.<\/p>","protected":false},"excerpt":{"rendered":"<table>\n<tr>\n<th>Propri\u00e9t\u00e9<\/th>\n<th>Valeur<\/th>\n<\/tr>\n<tr>\n<td>Marque<\/td>\n<td>Easton<\/td>\n<\/tr>\n<tr>\n<td>Type<\/td>\n<td>Encoches d'arbal\u00e8te Flat Back<\/td>\n<\/tr>\n<tr>\n<td>Diam\u00e8tre<\/td>\n<td>9mm<\/td>\n<\/tr>\n<tr>\n<td>Mat\u00e9riau<\/td>\n<td>Carbon<\/td>\n<\/tr>\n<tr>\n<td>Contenu de l'emballage<\/td>\n<td>36 pi\u00e8ces<\/td>\n<\/tr>\n<tr>\n<td>Couleurs disponibles<\/td>\n<td>Vert, Blanc<\/td>\n<\/tr>\n<\/table>","protected":false},"featured_media":523187,"comment_status":"open","ping_status":"closed","template":"","meta":[],"product_brand":[417],"product_cat":[3348,4135,4204],"product_tag":[],"class_list":{"0":"post-478875","1":"product","2":"type-product","3":"status-publish","4":"has-post-thumbnail","6":"product_brand-easton","7":"product_cat-nocken","8":"product_cat-armbrust-zubehoer","9":"product_cat-bolzen-armbrust-zubehoer","10":"product_shipping_class-bsd-standard","12":"first","13":"instock","14":"shipping-taxable","15":"purchasable","16":"product-type-variable"},"yoast_head":"<!-- This site is optimized with the Yoast SEO plugin v27.6 - https:\/\/yoast.com\/product\/yoast-seo-wordpress\/ -->\n<title>Plaquettes d&#x27;arbal\u00e8te EASTON FLACH ZUR\u00dcCK 9 mm en carbone, lot de 36 - Bogensportdiscount \u2013 Arcs, fl\u00e8ches, cibles et accessoires<\/title>\n<meta name=\"description\" content=\"Achetez les plombs pour arbal\u00e8te EASTON FLACH ZUR\u00dcCK 9 mm en carbone (36 pi\u00e8ces) \u00e0 un prix avantageux chez Bogensportdiscount \u2013 Grandes marques, livraison rapide depuis la Suisse.\" \/>\n<meta name=\"robots\" content=\"index, follow, max-snippet:-1, max-image-preview:large, max-video-preview:-1\" \/>\n<link rel=\"canonical\" href=\"https:\/\/bogensportdiscount.ch\/fr\/produit\/easton-armbrust-nocken-flat-back-9mm-carbon-bolzen-36er-pack\/\" \/>\n<meta property=\"og:locale\" content=\"fr_FR\" \/>\n<meta property=\"og:type\" content=\"article\" \/>\n<meta property=\"og:title\" content=\"Plaquettes d&#x27;arbal\u00e8te EASTON FLACH ZUR\u00dcCK 9 mm en carbone, lot de 36 - Bogensportdiscount \u2013 Arcs, fl\u00e8ches, cibles et accessoires\" \/>\n<meta property=\"og:description\" content=\"Achetez les plombs pour arbal\u00e8te EASTON FLACH ZUR\u00dcCK 9 mm en carbone (36 pi\u00e8ces) \u00e0 un prix avantageux chez Bogensportdiscount \u2013 Grandes marques, livraison rapide depuis la Suisse.\" \/>\n<meta property=\"og:url\" content=\"https:\/\/bogensportdiscount.ch\/fr\/produit\/easton-armbrust-nocken-flat-back-9mm-carbon-bolzen-36er-pack\/\" \/>\n<meta property=\"og:site_name\" content=\"Bogensportdiscount \u2013 B\u00f6gen, Pfeile, Targets &amp; Zubeh\u00f6r\" \/>\n<meta property=\"article:modified_time\" content=\"2026-05-14T13:28:18+00:00\" \/>\n<meta property=\"og:image\" content=\"https:\/\/bogensportdiscount.ch\/wp-content\/uploads\/bsm-images\/a077870_1.jpg\" \/>\n\t<meta property=\"og:image:width\" content=\"266\" \/>\n\t<meta property=\"og:image:height\" content=\"400\" \/>\n\t<meta property=\"og:image:type\" content=\"image\/jpeg\" \/>\n<meta name=\"twitter:card\" content=\"summary_large_image\" \/>\n<script type=\"application\/ld+json\" class=\"yoast-schema-graph\">{\"@context\":\"https:\\\/\\\/schema.org\",\"@graph\":[{\"@type\":\"WebPage\",\"@id\":\"https:\\\/\\\/bogensportdiscount.ch\\\/produkt\\\/easton-armbrust-nocken-flat-back-9mm-carbon-bolzen-36er-pack\\\/\",\"url\":\"https:\\\/\\\/bogensportdiscount.ch\\\/produkt\\\/easton-armbrust-nocken-flat-back-9mm-carbon-bolzen-36er-pack\\\/\",\"name\":\"EASTON ARMBRUSTNOCKEN FLACH ZUR\u00dcCK 9MM CARBON BOLZEN 36\\\/PK - Bogensportdiscount \u2013 B\u00f6gen, Pfeile, Targets &amp; Zubeh\u00f6r\",\"isPartOf\":{\"@id\":\"https:\\\/\\\/bogensportdiscount.ch\\\/#website\"},\"primaryImageOfPage\":{\"@id\":\"https:\\\/\\\/bogensportdiscount.ch\\\/produkt\\\/easton-armbrust-nocken-flat-back-9mm-carbon-bolzen-36er-pack\\\/#primaryimage\"},\"image\":{\"@id\":\"https:\\\/\\\/bogensportdiscount.ch\\\/produkt\\\/easton-armbrust-nocken-flat-back-9mm-carbon-bolzen-36er-pack\\\/#primaryimage\"},\"thumbnailUrl\":\"https:\\\/\\\/bogensportdiscount.ch\\\/wp-content\\\/uploads\\\/bsm-images\\\/A077870_1.jpg\",\"datePublished\":\"2026-04-19T09:41:04+00:00\",\"dateModified\":\"2026-05-14T13:28:18+00:00\",\"description\":\"EASTON ARMBRUSTNOCKEN FLACH ZUR\u00dcCK 9MM CARBON BOLZEN 36\\\/PK g\u00fcnstig kaufen bei Bogensportdiscount \u2013 Top-Marken, schneller Versand aus der Schweiz.\",\"breadcrumb\":{\"@id\":\"https:\\\/\\\/bogensportdiscount.ch\\\/produkt\\\/easton-armbrust-nocken-flat-back-9mm-carbon-bolzen-36er-pack\\\/#breadcrumb\"},\"inLanguage\":\"fr-FR\",\"potentialAction\":[{\"@type\":\"ReadAction\",\"target\":[\"https:\\\/\\\/bogensportdiscount.ch\\\/produkt\\\/easton-armbrust-nocken-flat-back-9mm-carbon-bolzen-36er-pack\\\/\"]}]},{\"@type\":\"ImageObject\",\"inLanguage\":\"fr-FR\",\"@id\":\"https:\\\/\\\/bogensportdiscount.ch\\\/produkt\\\/easton-armbrust-nocken-flat-back-9mm-carbon-bolzen-36er-pack\\\/#primaryimage\",\"url\":\"https:\\\/\\\/bogensportdiscount.ch\\\/wp-content\\\/uploads\\\/bsm-images\\\/A077870_1.jpg\",\"contentUrl\":\"https:\\\/\\\/bogensportdiscount.ch\\\/wp-content\\\/uploads\\\/bsm-images\\\/A077870_1.jpg\",\"width\":682,\"height\":1023},{\"@type\":\"BreadcrumbList\",\"@id\":\"https:\\\/\\\/bogensportdiscount.ch\\\/produkt\\\/easton-armbrust-nocken-flat-back-9mm-carbon-bolzen-36er-pack\\\/#breadcrumb\",\"itemListElement\":[{\"@type\":\"ListItem\",\"position\":1,\"name\":\"Home\",\"item\":\"https:\\\/\\\/bogensportdiscount.ch\\\/\"},{\"@type\":\"ListItem\",\"position\":2,\"name\":\"Shop\",\"item\":\"https:\\\/\\\/bogensportdiscount.ch\\\/shop\\\/\"},{\"@type\":\"ListItem\",\"position\":3,\"name\":\"EASTON ARMBRUSTNOCKEN FLACH ZUR\u00dcCK 9MM CARBON BOLZEN 36\\\/PK\"}]},{\"@type\":\"WebSite\",\"@id\":\"https:\\\/\\\/bogensportdiscount.ch\\\/#website\",\"url\":\"https:\\\/\\\/bogensportdiscount.ch\\\/\",\"name\":\"Bogensportdiscount\",\"description\":\"\",\"potentialAction\":[{\"@type\":\"SearchAction\",\"target\":{\"@type\":\"EntryPoint\",\"urlTemplate\":\"https:\\\/\\\/bogensportdiscount.ch\\\/?s={search_term_string}\"},\"query-input\":{\"@type\":\"PropertyValueSpecification\",\"valueRequired\":true,\"valueName\":\"search_term_string\"}}],\"inLanguage\":\"fr-FR\"}]}<\/script>\n<!-- \/ Yoast SEO plugin. -->","yoast_head_json":{"title":"Plaquettes d&#x27;arbal\u00e8te EASTON FLACH ZUR\u00dcCK 9 mm en carbone, lot de 36 - Bogensportdiscount \u2013 Arcs, fl\u00e8ches, cibles et accessoires","description":"Achetez les encoches d'arbal\u00e8te EASTON FLAT BACK 9 mm en carbone (36 pi\u00e8ces) \u00e0 un prix avantageux chez Bogensportdiscount \u2013 Grandes marques, livraison rapide depuis la Suisse.","robots":{"index":"index","follow":"follow","max-snippet":"max-snippet:-1","max-image-preview":"max-image-preview:large","max-video-preview":"max-video-preview:-1"},"canonical":"https:\/\/bogensportdiscount.ch\/fr\/produit\/easton-armbrust-nocken-flat-back-9mm-carbon-bolzen-36er-pack\/","og_locale":"fr_FR","og_type":"article","og_title":"Plaquettes d&#x27;arbal\u00e8te EASTON FLACH ZUR\u00dcCK 9 mm en carbone, lot de 36 - Bogensportdiscount \u2013 Arcs, fl\u00e8ches, cibles et accessoires","og_description":"Achetez les plombs pour arbal\u00e8te EASTON FLACH ZUR\u00dcCK 9 mm en carbone (36 pi\u00e8ces) \u00e0 un prix avantageux chez Bogensportdiscount \u2013 Grandes marques, livraison rapide depuis la Suisse.","og_url":"https:\/\/bogensportdiscount.ch\/fr\/produit\/easton-armbrust-nocken-flat-back-9mm-carbon-bolzen-36er-pack\/","og_site_name":"Bogensportdiscount \u2013 B\u00f6gen, Pfeile, Targets &amp; Zubeh\u00f6r","article_modified_time":"2026-05-14T13:28:18+00:00","og_image":[{"width":266,"height":400,"url":"https:\/\/bogensportdiscount.ch\/wp-content\/uploads\/bsm-images\/a077870_1.jpg","type":"image\/jpeg"}],"twitter_card":"summary_large_image","schema":{"@context":"https:\/\/schema.org","@graph":[{"@type":"WebPage","@id":"https:\/\/bogensportdiscount.ch\/produkt\/easton-armbrust-nocken-flat-back-9mm-carbon-bolzen-36er-pack\/","url":"https:\/\/bogensportdiscount.ch\/produkt\/easton-armbrust-nocken-flat-back-9mm-carbon-bolzen-36er-pack\/","name":"Plaquettes d&#x27;arbal\u00e8te EASTON FLACH ZUR\u00dcCK 9 mm en carbone, lot de 36 - Bogensportdiscount \u2013 Arcs, fl\u00e8ches, cibles et accessoires","isPartOf":{"@id":"https:\/\/bogensportdiscount.ch\/#website"},"primaryImageOfPage":{"@id":"https:\/\/bogensportdiscount.ch\/produkt\/easton-armbrust-nocken-flat-back-9mm-carbon-bolzen-36er-pack\/#primaryimage"},"image":{"@id":"https:\/\/bogensportdiscount.ch\/produkt\/easton-armbrust-nocken-flat-back-9mm-carbon-bolzen-36er-pack\/#primaryimage"},"thumbnailUrl":"https:\/\/bogensportdiscount.ch\/wp-content\/uploads\/bsm-images\/A077870_1.jpg","datePublished":"2026-04-19T09:41:04+00:00","dateModified":"2026-05-14T13:28:18+00:00","description":"Achetez les plombs pour arbal\u00e8te EASTON FLACH ZUR\u00dcCK 9 mm en carbone (36 pi\u00e8ces) \u00e0 un prix avantageux chez Bogensportdiscount \u2013 Grandes marques, livraison rapide depuis la Suisse.","breadcrumb":{"@id":"https:\/\/bogensportdiscount.ch\/produkt\/easton-armbrust-nocken-flat-back-9mm-carbon-bolzen-36er-pack\/#breadcrumb"},"inLanguage":"fr-FR","potentialAction":[{"@type":"ReadAction","target":["https:\/\/bogensportdiscount.ch\/produkt\/easton-armbrust-nocken-flat-back-9mm-carbon-bolzen-36er-pack\/"]}]},{"@type":"ImageObject","inLanguage":"fr-FR","@id":"https:\/\/bogensportdiscount.ch\/produkt\/easton-armbrust-nocken-flat-back-9mm-carbon-bolzen-36er-pack\/#primaryimage","url":"https:\/\/bogensportdiscount.ch\/wp-content\/uploads\/bsm-images\/A077870_1.jpg","contentUrl":"https:\/\/bogensportdiscount.ch\/wp-content\/uploads\/bsm-images\/A077870_1.jpg","width":682,"height":1023},{"@type":"BreadcrumbList","@id":"https:\/\/bogensportdiscount.ch\/produkt\/easton-armbrust-nocken-flat-back-9mm-carbon-bolzen-36er-pack\/#breadcrumb","itemListElement":[{"@type":"ListItem","position":1,"name":"Home","item":"https:\/\/bogensportdiscount.ch\/"},{"@type":"ListItem","position":2,"name":"Shop","item":"https:\/\/bogensportdiscount.ch\/shop\/"},{"@type":"ListItem","position":3,"name":"EASTON ARMBRUSTNOCKEN FLACH ZUR\u00dcCK 9MM CARBON BOLZEN 36\/PK"}]},{"@type":"WebSite","@id":"https:\/\/bogensportdiscount.ch\/#website","url":"https:\/\/bogensportdiscount.ch\/","name":"Bogensportdiscount","description":"","potentialAction":[{"@type":"SearchAction","target":{"@type":"EntryPoint","urlTemplate":"https:\/\/bogensportdiscount.ch\/?s={search_term_string}"},"query-input":{"@type":"PropertyValueSpecification","valueRequired":true,"valueName":"search_term_string"}}],"inLanguage":"fr-FR"}]}},"_links":{"self":[{"href":"https:\/\/bogensportdiscount.ch\/fr\/wp-json\/wp\/v2\/product\/478875","targetHints":{"allow":["GET"]}}],"collection":[{"href":"https:\/\/bogensportdiscount.ch\/fr\/wp-json\/wp\/v2\/product"}],"about":[{"href":"https:\/\/bogensportdiscount.ch\/fr\/wp-json\/wp\/v2\/types\/product"}],"replies":[{"embeddable":true,"href":"https:\/\/bogensportdiscount.ch\/fr\/wp-json\/wp\/v2\/comments?post=478875"}],"wp:featuredmedia":[{"embeddable":true,"href":"https:\/\/bogensportdiscount.ch\/fr\/wp-json\/wp\/v2\/media\/523187"}],"wp:attachment":[{"href":"https:\/\/bogensportdiscount.ch\/fr\/wp-json\/wp\/v2\/media?parent=478875"}],"wp:term":[{"taxonomy":"product_brand","embeddable":true,"href":"https:\/\/bogensportdiscount.ch\/fr\/wp-json\/wp\/v2\/product_brand?post=478875"},{"taxonomy":"product_cat","embeddable":true,"href":"https:\/\/bogensportdiscount.ch\/fr\/wp-json\/wp\/v2\/product_cat?post=478875"},{"taxonomy":"product_tag","embeddable":true,"href":"https:\/\/bogensportdiscount.ch\/fr\/wp-json\/wp\/v2\/product_tag?post=478875"}],"curies":[{"name":"wp","href":"https:\/\/api.w.org\/{rel}","templated":true}]}}