{"id":478693,"date":"2026-04-19T11:40:49","date_gmt":"2026-04-19T09:40:49","guid":{"rendered":"https:\/\/bogensportdiscount.ch\/produkt\/easton-arrows-carbon-legacy-5mm-340-4-helical-feathers-mixed-colors-36-pk\/"},"modified":"2026-05-14T15:28:17","modified_gmt":"2026-05-14T13:28:17","slug":"easton-carbon-legacy-5mm-340-4-helical-feathers-36er","status":"publish","type":"product","link":"https:\/\/bogensportdiscount.ch\/fr\/produit\/easton-carbon-legacy-5mm-340-4-helical-feathers-36er\/","title":{"rendered":"Fl\u00e8che EASTON en carbone LEGACY 5 mm"},"content":{"rendered":"<p>Les fl\u00e8ches Easton Carbon Legacy sont des fl\u00e8ches carbone traditionnelles empenn\u00e9es avec un diam\u00e8tre 5mm de haute qualit\u00e9 et des plumes 4&#8243; Helical pour une trajectoire de vol optimale. Avec un poids de 340 GPI, elles offrent un comportement de vol fiable pour les archers qui appr\u00e9cient la construction classique de fl\u00e8ches.<\/p>\n<p>La s\u00e9rie Carbon Legacy d'Easton combine une qualit\u00e9 de mat\u00e9riaux \u00e9prouv\u00e9e avec une fabrication pr\u00e9cise. Avec plusieurs options de spine (400, 500, 600, 700), il est possible de s\u00e9lectionner la variante adapt\u00e9e \u00e0 diff\u00e9rentes puissances et exigences. L'empennage Helical Feather assure un vol stable et des impacts constants.<\/p>\n<p>Livraison en pack de 36 \u2014 id\u00e9al pour l'entra\u00eenement r\u00e9gulier et la comp\u00e9tition.<\/p>","protected":false},"excerpt":{"rendered":"<table>\n<tr>\n<th>Propri\u00e9t\u00e9<\/th>\n<th>Valeur<\/th>\n<\/tr>\n<tr>\n<td>Marque<\/td>\n<td>Easton<\/td>\n<\/tr>\n<tr>\n<td>Mod\u00e8le<\/td>\n<td>Carbon Legacy<\/td>\n<\/tr>\n<tr>\n<td>Diam\u00e8tre<\/td>\n<td>5mm<\/td>\n<\/tr>\n<tr>\n<td>Poids<\/td>\n<td>340<\/td>\n<\/tr>\n<tr>\n<td>Empennage<\/td>\n<td>4&#8243; Helical Feathers<\/td>\n<\/tr>\n<tr>\n<td>Emballage<\/td>\n<td>36 pcs<\/td>\n<\/tr>\n<tr>\n<td>Origine<\/td>\n<td>USA<\/td>\n<\/tr>\n<\/table>","protected":false},"featured_media":524846,"comment_status":"open","ping_status":"closed","template":"","meta":[],"product_brand":[417],"product_cat":[4286,4538,4158],"product_tag":[],"class_list":{"0":"post-478693","1":"product","2":"type-product","3":"status-publish","4":"has-post-thumbnail","6":"product_brand-easton","7":"product_cat-befiederte-pfeile","8":"product_cat-befiederte-carbon-traditionelle-pfeile","9":"product_cat-pfeile-schaefte","10":"product_shipping_class-bsd-standard","12":"first","13":"instock","14":"shipping-taxable","15":"purchasable","16":"product-type-variable"},"yoast_head":"<!-- This site is optimized with the Yoast SEO plugin v27.6 - https:\/\/yoast.com\/product\/yoast-seo-wordpress\/ -->\n<title>Fl\u00e8che EASTON en carbone LEGACY 5 mm - Bogensportdiscount \u2013 Arcs, fl\u00e8ches, cibles et accessoires<\/title>\n<meta name=\"description\" content=\"Achetez la fl\u00e8che EASTON Carbon LEGACY 5 mm \u00e0 prix avantageux chez Bogensportdiscount \u2013 Les meilleures marques, livraison rapide depuis la Suisse.\" \/>\n<meta name=\"robots\" content=\"index, follow, max-snippet:-1, max-image-preview:large, max-video-preview:-1\" \/>\n<link rel=\"canonical\" href=\"https:\/\/bogensportdiscount.ch\/fr\/produit\/easton-carbon-legacy-5mm-340-4-helical-feathers-36er\/\" \/>\n<meta property=\"og:locale\" content=\"fr_FR\" \/>\n<meta property=\"og:type\" content=\"article\" \/>\n<meta property=\"og:title\" content=\"Fl\u00e8che EASTON en carbone LEGACY 5 mm - Bogensportdiscount \u2013 Arcs, fl\u00e8ches, cibles et accessoires\" \/>\n<meta property=\"og:description\" content=\"Achetez la fl\u00e8che EASTON Carbon LEGACY 5 mm \u00e0 prix avantageux chez Bogensportdiscount \u2013 Les meilleures marques, livraison rapide depuis la Suisse.\" \/>\n<meta property=\"og:url\" content=\"https:\/\/bogensportdiscount.ch\/fr\/produit\/easton-carbon-legacy-5mm-340-4-helical-feathers-36er\/\" \/>\n<meta property=\"og:site_name\" content=\"Bogensportdiscount \u2013 B\u00f6gen, Pfeile, Targets &amp; Zubeh\u00f6r\" \/>\n<meta property=\"article:modified_time\" content=\"2026-05-14T13:28:17+00:00\" \/>\n<meta property=\"og:image\" content=\"https:\/\/bogensportdiscount.ch\/wp-content\/uploads\/bsm-images\/A068445_1.png\" \/>\n\t<meta property=\"og:image:width\" content=\"11120\" \/>\n\t<meta property=\"og:image:height\" content=\"581\" \/>\n\t<meta property=\"og:image:type\" content=\"image\/png\" \/>\n<meta name=\"twitter:card\" content=\"summary_large_image\" \/>\n<script type=\"application\/ld+json\" class=\"yoast-schema-graph\">{\"@context\":\"https:\\\/\\\/schema.org\",\"@graph\":[{\"@type\":\"WebPage\",\"@id\":\"https:\\\/\\\/bogensportdiscount.ch\\\/produkt\\\/easton-carbon-legacy-5mm-340-4-helical-feathers-36er\\\/\",\"url\":\"https:\\\/\\\/bogensportdiscount.ch\\\/produkt\\\/easton-carbon-legacy-5mm-340-4-helical-feathers-36er\\\/\",\"name\":\"EASTON Pfeil Carbon LEGACY 5 mm - Bogensportdiscount \u2013 B\u00f6gen, Pfeile, Targets &amp; Zubeh\u00f6r\",\"isPartOf\":{\"@id\":\"https:\\\/\\\/bogensportdiscount.ch\\\/#website\"},\"primaryImageOfPage\":{\"@id\":\"https:\\\/\\\/bogensportdiscount.ch\\\/produkt\\\/easton-carbon-legacy-5mm-340-4-helical-feathers-36er\\\/#primaryimage\"},\"image\":{\"@id\":\"https:\\\/\\\/bogensportdiscount.ch\\\/produkt\\\/easton-carbon-legacy-5mm-340-4-helical-feathers-36er\\\/#primaryimage\"},\"thumbnailUrl\":\"https:\\\/\\\/bogensportdiscount.ch\\\/wp-content\\\/uploads\\\/bsm-images\\\/A068445_1.png\",\"datePublished\":\"2026-04-19T09:40:49+00:00\",\"dateModified\":\"2026-05-14T13:28:17+00:00\",\"description\":\"EASTON Pfeil Carbon LEGACY 5 mm g\u00fcnstig kaufen bei Bogensportdiscount \u2013 Top-Marken, schneller Versand aus der Schweiz.\",\"breadcrumb\":{\"@id\":\"https:\\\/\\\/bogensportdiscount.ch\\\/produkt\\\/easton-carbon-legacy-5mm-340-4-helical-feathers-36er\\\/#breadcrumb\"},\"inLanguage\":\"fr-FR\",\"potentialAction\":[{\"@type\":\"ReadAction\",\"target\":[\"https:\\\/\\\/bogensportdiscount.ch\\\/produkt\\\/easton-carbon-legacy-5mm-340-4-helical-feathers-36er\\\/\"]}]},{\"@type\":\"ImageObject\",\"inLanguage\":\"fr-FR\",\"@id\":\"https:\\\/\\\/bogensportdiscount.ch\\\/produkt\\\/easton-carbon-legacy-5mm-340-4-helical-feathers-36er\\\/#primaryimage\",\"url\":\"https:\\\/\\\/bogensportdiscount.ch\\\/wp-content\\\/uploads\\\/bsm-images\\\/A068445_1.png\",\"contentUrl\":\"https:\\\/\\\/bogensportdiscount.ch\\\/wp-content\\\/uploads\\\/bsm-images\\\/A068445_1.png\",\"width\":11120,\"height\":581},{\"@type\":\"BreadcrumbList\",\"@id\":\"https:\\\/\\\/bogensportdiscount.ch\\\/produkt\\\/easton-carbon-legacy-5mm-340-4-helical-feathers-36er\\\/#breadcrumb\",\"itemListElement\":[{\"@type\":\"ListItem\",\"position\":1,\"name\":\"Home\",\"item\":\"https:\\\/\\\/bogensportdiscount.ch\\\/\"},{\"@type\":\"ListItem\",\"position\":2,\"name\":\"Shop\",\"item\":\"https:\\\/\\\/bogensportdiscount.ch\\\/shop\\\/\"},{\"@type\":\"ListItem\",\"position\":3,\"name\":\"EASTON Pfeil Carbon LEGACY 5 mm\"}]},{\"@type\":\"WebSite\",\"@id\":\"https:\\\/\\\/bogensportdiscount.ch\\\/#website\",\"url\":\"https:\\\/\\\/bogensportdiscount.ch\\\/\",\"name\":\"Bogensportdiscount\",\"description\":\"\",\"potentialAction\":[{\"@type\":\"SearchAction\",\"target\":{\"@type\":\"EntryPoint\",\"urlTemplate\":\"https:\\\/\\\/bogensportdiscount.ch\\\/?s={search_term_string}\"},\"query-input\":{\"@type\":\"PropertyValueSpecification\",\"valueRequired\":true,\"valueName\":\"search_term_string\"}}],\"inLanguage\":\"fr-FR\"}]}<\/script>\n<!-- \/ Yoast SEO plugin. -->","yoast_head_json":{"title":"Fl\u00e8che EASTON en carbone LEGACY 5 mm - Bogensportdiscount \u2013 Arcs, fl\u00e8ches, cibles et accessoires","description":"Achetez la fl\u00e8che EASTON Carbon LEGACY 5 mm \u00e0 prix avantageux chez Bogensportdiscount \u2013 Les meilleures marques, livraison rapide depuis la Suisse.","robots":{"index":"index","follow":"follow","max-snippet":"max-snippet:-1","max-image-preview":"max-image-preview:large","max-video-preview":"max-video-preview:-1"},"canonical":"https:\/\/bogensportdiscount.ch\/fr\/produit\/easton-carbon-legacy-5mm-340-4-helical-feathers-36er\/","og_locale":"fr_FR","og_type":"article","og_title":"Fl\u00e8che EASTON en carbone LEGACY 5 mm - Bogensportdiscount \u2013 Arcs, fl\u00e8ches, cibles et accessoires","og_description":"Achetez la fl\u00e8che EASTON Carbon LEGACY 5 mm \u00e0 prix avantageux chez Bogensportdiscount \u2013 Les meilleures marques, livraison rapide depuis la Suisse.","og_url":"https:\/\/bogensportdiscount.ch\/fr\/produit\/easton-carbon-legacy-5mm-340-4-helical-feathers-36er\/","og_site_name":"Bogensportdiscount \u2013 B\u00f6gen, Pfeile, Targets &amp; Zubeh\u00f6r","article_modified_time":"2026-05-14T13:28:17+00:00","og_image":[{"width":11120,"height":581,"url":"https:\/\/bogensportdiscount.ch\/wp-content\/uploads\/bsm-images\/A068445_1.png","type":"image\/png"}],"twitter_card":"summary_large_image","schema":{"@context":"https:\/\/schema.org","@graph":[{"@type":"WebPage","@id":"https:\/\/bogensportdiscount.ch\/produkt\/easton-carbon-legacy-5mm-340-4-helical-feathers-36er\/","url":"https:\/\/bogensportdiscount.ch\/produkt\/easton-carbon-legacy-5mm-340-4-helical-feathers-36er\/","name":"Fl\u00e8che EASTON en carbone LEGACY 5 mm - Bogensportdiscount \u2013 Arcs, fl\u00e8ches, cibles et accessoires","isPartOf":{"@id":"https:\/\/bogensportdiscount.ch\/#website"},"primaryImageOfPage":{"@id":"https:\/\/bogensportdiscount.ch\/produkt\/easton-carbon-legacy-5mm-340-4-helical-feathers-36er\/#primaryimage"},"image":{"@id":"https:\/\/bogensportdiscount.ch\/produkt\/easton-carbon-legacy-5mm-340-4-helical-feathers-36er\/#primaryimage"},"thumbnailUrl":"https:\/\/bogensportdiscount.ch\/wp-content\/uploads\/bsm-images\/A068445_1.png","datePublished":"2026-04-19T09:40:49+00:00","dateModified":"2026-05-14T13:28:17+00:00","description":"Achetez la fl\u00e8che EASTON Carbon LEGACY 5 mm \u00e0 prix avantageux chez Bogensportdiscount \u2013 Les meilleures marques, livraison rapide depuis la Suisse.","breadcrumb":{"@id":"https:\/\/bogensportdiscount.ch\/produkt\/easton-carbon-legacy-5mm-340-4-helical-feathers-36er\/#breadcrumb"},"inLanguage":"fr-FR","potentialAction":[{"@type":"ReadAction","target":["https:\/\/bogensportdiscount.ch\/produkt\/easton-carbon-legacy-5mm-340-4-helical-feathers-36er\/"]}]},{"@type":"ImageObject","inLanguage":"fr-FR","@id":"https:\/\/bogensportdiscount.ch\/produkt\/easton-carbon-legacy-5mm-340-4-helical-feathers-36er\/#primaryimage","url":"https:\/\/bogensportdiscount.ch\/wp-content\/uploads\/bsm-images\/A068445_1.png","contentUrl":"https:\/\/bogensportdiscount.ch\/wp-content\/uploads\/bsm-images\/A068445_1.png","width":11120,"height":581},{"@type":"BreadcrumbList","@id":"https:\/\/bogensportdiscount.ch\/produkt\/easton-carbon-legacy-5mm-340-4-helical-feathers-36er\/#breadcrumb","itemListElement":[{"@type":"ListItem","position":1,"name":"Home","item":"https:\/\/bogensportdiscount.ch\/"},{"@type":"ListItem","position":2,"name":"Shop","item":"https:\/\/bogensportdiscount.ch\/shop\/"},{"@type":"ListItem","position":3,"name":"EASTON Pfeil Carbon LEGACY 5 mm"}]},{"@type":"WebSite","@id":"https:\/\/bogensportdiscount.ch\/#website","url":"https:\/\/bogensportdiscount.ch\/","name":"Bogensportdiscount","description":"","potentialAction":[{"@type":"SearchAction","target":{"@type":"EntryPoint","urlTemplate":"https:\/\/bogensportdiscount.ch\/?s={search_term_string}"},"query-input":{"@type":"PropertyValueSpecification","valueRequired":true,"valueName":"search_term_string"}}],"inLanguage":"fr-FR"}]}},"_links":{"self":[{"href":"https:\/\/bogensportdiscount.ch\/fr\/wp-json\/wp\/v2\/product\/478693","targetHints":{"allow":["GET"]}}],"collection":[{"href":"https:\/\/bogensportdiscount.ch\/fr\/wp-json\/wp\/v2\/product"}],"about":[{"href":"https:\/\/bogensportdiscount.ch\/fr\/wp-json\/wp\/v2\/types\/product"}],"replies":[{"embeddable":true,"href":"https:\/\/bogensportdiscount.ch\/fr\/wp-json\/wp\/v2\/comments?post=478693"}],"wp:featuredmedia":[{"embeddable":true,"href":"https:\/\/bogensportdiscount.ch\/fr\/wp-json\/wp\/v2\/media\/524846"}],"wp:attachment":[{"href":"https:\/\/bogensportdiscount.ch\/fr\/wp-json\/wp\/v2\/media?parent=478693"}],"wp:term":[{"taxonomy":"product_brand","embeddable":true,"href":"https:\/\/bogensportdiscount.ch\/fr\/wp-json\/wp\/v2\/product_brand?post=478693"},{"taxonomy":"product_cat","embeddable":true,"href":"https:\/\/bogensportdiscount.ch\/fr\/wp-json\/wp\/v2\/product_cat?post=478693"},{"taxonomy":"product_tag","embeddable":true,"href":"https:\/\/bogensportdiscount.ch\/fr\/wp-json\/wp\/v2\/product_tag?post=478693"}],"curies":[{"name":"wp","href":"https:\/\/api.w.org\/{rel}","templated":true}]}}