{"id":478687,"date":"2026-04-19T11:40:48","date_gmt":"2026-04-19T09:40:48","guid":{"rendered":"https:\/\/bogensportdiscount.ch\/produkt\/easton-shaft-carbon-legacy-5mm-340-12-pk\/"},"modified":"2026-04-19T17:28:41","modified_gmt":"2026-04-19T15:28:41","slug":"easton-pfeilschaft-carbon-legacy-5mm-12er-pack","status":"publish","type":"product","link":"https:\/\/bogensportdiscount.ch\/fr\/produit\/easton-pfeilschaft-carbon-legacy-5mm-12er-pack\/","title":{"rendered":"Manches EASTON CARBON LEGACY 5 mm, lot de 12"},"content":{"rendered":"<p>Die Easton Carbon Legacy Pfeilsch\u00e4fte sind traditionelle Carbon-Sch\u00e4fte mit einem Durchmesser von 5 mm. Sie werden in 12er-Packs verkauft und sind in f\u00fcnf verschiedenen Spine-Werten erh\u00e4ltlich (340, 400, 500, 600 und 700), damit Sie die richtige Steifigkeit f\u00fcr Ihre Zuggewicht- und Pfeilaufbau-Anforderungen w\u00e4hlen k\u00f6nnen.<\/p>\n<p>Diese bew\u00e4hrten Carbon-Sch\u00e4fte bieten eine zuverl\u00e4ssige Grundlage f\u00fcr den Bogensport, egal ob im Traditionellen Bogenschiessen oder bei Wettk\u00e4mpfen. Die hochwertige Verarbeitung und amerikanische Herstellung von Easton garantieren Konsistenz und Langlebigkeit \u00fcber viele Sch\u00fcsse hinweg.<\/p>","protected":false},"excerpt":{"rendered":"<table>\n<tr>\n<th>Propri\u00e9t\u00e9<\/th>\n<th>Valeur<\/th>\n<\/tr>\n<tr>\n<td>Marque<\/td>\n<td>Easton<\/td>\n<\/tr>\n<tr>\n<td>Mat\u00e9riau<\/td>\n<td>Carbone<\/td>\n<\/tr>\n<tr>\n<td>Diam\u00e8tre<\/td>\n<td>5 mm<\/td>\n<\/tr>\n<tr>\n<td>Taille du paquet<\/td>\n<td>12 pi\u00e8ces<\/td>\n<\/tr>\n<tr>\n<td>Verf\u00fcgbare Spine-Werte<\/td>\n<td>340, 400, 500, 600, 700<\/td>\n<\/tr>\n<tr>\n<td>Pays d'origine<\/td>\n<td>USA<\/td>\n<\/tr>\n<\/table>","protected":false},"featured_media":482237,"comment_status":"open","ping_status":"closed","template":"","meta":[],"product_brand":[417],"product_cat":[4158,4235,4542],"product_tag":[],"class_list":{"0":"post-478687","1":"product","2":"type-product","3":"status-publish","4":"has-post-thumbnail","6":"product_brand-easton","7":"product_cat-pfeile-schaefte","8":"product_cat-pfeilschaefte","9":"product_cat-carbon-traditionell-schaefte","11":"first","12":"instock","13":"shipping-taxable","14":"purchasable","15":"product-type-variable"},"_links":{"self":[{"href":"https:\/\/bogensportdiscount.ch\/fr\/wp-json\/wp\/v2\/product\/478687","targetHints":{"allow":["GET"]}}],"collection":[{"href":"https:\/\/bogensportdiscount.ch\/fr\/wp-json\/wp\/v2\/product"}],"about":[{"href":"https:\/\/bogensportdiscount.ch\/fr\/wp-json\/wp\/v2\/types\/product"}],"replies":[{"embeddable":true,"href":"https:\/\/bogensportdiscount.ch\/fr\/wp-json\/wp\/v2\/comments?post=478687"}],"wp:featuredmedia":[{"embeddable":true,"href":"https:\/\/bogensportdiscount.ch\/fr\/wp-json\/wp\/v2\/media\/482237"}],"wp:attachment":[{"href":"https:\/\/bogensportdiscount.ch\/fr\/wp-json\/wp\/v2\/media?parent=478687"}],"wp:term":[{"taxonomy":"product_brand","embeddable":true,"href":"https:\/\/bogensportdiscount.ch\/fr\/wp-json\/wp\/v2\/product_brand?post=478687"},{"taxonomy":"product_cat","embeddable":true,"href":"https:\/\/bogensportdiscount.ch\/fr\/wp-json\/wp\/v2\/product_cat?post=478687"},{"taxonomy":"product_tag","embeddable":true,"href":"https:\/\/bogensportdiscount.ch\/fr\/wp-json\/wp\/v2\/product_tag?post=478687"}],"curies":[{"name":"wp","href":"https:\/\/api.w.org\/{rel}","templated":true}]}}