{"id":478476,"date":"2026-04-19T11:40:29","date_gmt":"2026-04-19T09:40:29","guid":{"rendered":"https:\/\/bogensportdiscount.ch\/produkt\/easton-shafts-avance-sport-4mm-carbon-340-60-pk\/"},"modified":"2026-04-19T17:28:39","modified_gmt":"2026-04-19T15:28:39","slug":"easton-avance-sport-carbon-schafte-4mm-60er-pack","status":"publish","type":"product","link":"https:\/\/bogensportdiscount.ch\/fr\/produit\/easton-avance-sport-carbon-schafte-4mm-60er-pack\/","title":{"rendered":"EASTON SCH\u00c4FTE AVANCE SPORT 4MM CARBON 60\/PK"},"content":{"rendered":"<p>Die Easton Avance Sport Carbon-Sch\u00e4fte sind hochwertige Pfeilsch\u00e4fte mit 4mm Durchmesser, die f\u00fcr verschiedene Bogensportarten geeignet sind. Sie werden in praktischen 60er Packs angeboten und stehen in zahlreichen Spine-Werten zur Verf\u00fcgung, um f\u00fcr unterschiedliche Bogentypen und Auszugsl\u00e4ngen die optimale Abstimmung zu erm\u00f6glichen.<\/p>\n<p>Die Carbon-Konstruktion bietet eine ausgezeichnete Balance zwischen Gewicht, Haltbarkeit und Flugstabilit\u00e4t. Mit den angebotenen Spine-Optionen von 340 bis 1150 k\u00f6nnen Sch\u00fctzen jeden Erfahrungsniveaus die perfekt abgestimmten Sch\u00e4fte f\u00fcr ihr Setup finden.<\/p>\n<ul>\n<li>Carbon-Material f\u00fcr optimale Performance<\/li>\n<li>60 Sch\u00e4fte pro Pack \u2014 ideal f\u00fcr regelm\u00e4ssiges Training<\/li>\n<li>Breite Auswahl an Spine-Werten<\/li>\n<li>Fabriqu\u00e9 aux \u00c9tats-Unis<\/li>\n<\/ul>","protected":false},"excerpt":{"rendered":"<table>\n<tr>\n<th>Propri\u00e9t\u00e9<\/th>\n<th>Valeur<\/th>\n<\/tr>\n<tr>\n<td>Marque<\/td>\n<td>Easton<\/td>\n<\/tr>\n<tr>\n<td>Mod\u00e8le<\/td>\n<td>Avance Sport<\/td>\n<\/tr>\n<tr>\n<td>Mat\u00e9riau<\/td>\n<td>Carbone<\/td>\n<\/tr>\n<tr>\n<td>Diam\u00e8tre<\/td>\n<td>4mm<\/td>\n<\/tr>\n<tr>\n<td>Quantit\u00e9<\/td>\n<td>60 St\u00fcck<\/td>\n<\/tr>\n<tr>\n<td>Verf\u00fcgbare Spine-Werte<\/td>\n<td>1000, 1150, 340, 400, 450, 500, 550, 600, 660, 730, 810, 900<\/td>\n<\/tr>\n<\/table>","protected":false},"featured_media":453181,"comment_status":"open","ping_status":"closed","template":"","meta":[],"product_brand":[417],"product_cat":[4158,4235,4236],"product_tag":[],"class_list":{"0":"post-478476","1":"product","2":"type-product","3":"status-publish","4":"has-post-thumbnail","6":"product_brand-easton","7":"product_cat-pfeile-schaefte","8":"product_cat-pfeilschaefte","9":"product_cat-carbon-schaefte","11":"first","12":"instock","13":"shipping-taxable","14":"purchasable","15":"product-type-variable"},"_links":{"self":[{"href":"https:\/\/bogensportdiscount.ch\/fr\/wp-json\/wp\/v2\/product\/478476","targetHints":{"allow":["GET"]}}],"collection":[{"href":"https:\/\/bogensportdiscount.ch\/fr\/wp-json\/wp\/v2\/product"}],"about":[{"href":"https:\/\/bogensportdiscount.ch\/fr\/wp-json\/wp\/v2\/types\/product"}],"replies":[{"embeddable":true,"href":"https:\/\/bogensportdiscount.ch\/fr\/wp-json\/wp\/v2\/comments?post=478476"}],"wp:featuredmedia":[{"embeddable":true,"href":"https:\/\/bogensportdiscount.ch\/fr\/wp-json\/wp\/v2\/media\/453181"}],"wp:attachment":[{"href":"https:\/\/bogensportdiscount.ch\/fr\/wp-json\/wp\/v2\/media?parent=478476"}],"wp:term":[{"taxonomy":"product_brand","embeddable":true,"href":"https:\/\/bogensportdiscount.ch\/fr\/wp-json\/wp\/v2\/product_brand?post=478476"},{"taxonomy":"product_cat","embeddable":true,"href":"https:\/\/bogensportdiscount.ch\/fr\/wp-json\/wp\/v2\/product_cat?post=478476"},{"taxonomy":"product_tag","embeddable":true,"href":"https:\/\/bogensportdiscount.ch\/fr\/wp-json\/wp\/v2\/product_tag?post=478476"}],"curies":[{"name":"wp","href":"https:\/\/api.w.org\/{rel}","templated":true}]}}