{"id":478196,"date":"2026-04-19T11:40:03","date_gmt":"2026-04-19T09:40:03","guid":{"rendered":"https:\/\/bogensportdiscount.ch\/produkt\/easton-vanes-diamond-280-white-100-pk\/"},"modified":"2026-05-14T15:28:13","modified_gmt":"2026-05-14T13:28:13","slug":"easton-vanes-diamond-280-100er-pack","status":"publish","type":"product","link":"https:\/\/bogensportdiscount.ch\/fr\/produit\/easton-vanes-diamond-280-100er-pack\/","title":{"rendered":"EASTON VANES DIAMOND 280 100\/PK"},"content":{"rendered":"<p>Les vanes EASTON Diamond 280 sont des vanes en plastique de haute qualit\u00e9 pour le tir \u00e0 l'arc. Avec 100 pi\u00e8ces par emballage, elles conviennent parfaitement aux archers ambitieux et aux sportifs de club qui s'entra\u00eenent r\u00e9guli\u00e8rement et souhaitent r\u00e9parer ou r\u00e9empenner leurs fl\u00e8ches.<\/p>\n<p>La s\u00e9rie Diamond offre des caract\u00e9ristiques de vol \u00e9prouv\u00e9es et une grande fiabilit\u00e9. Le profil 280 est une taille classique adapt\u00e9e \u00e0 diff\u00e9rents types de fl\u00e8ches. Les vanes EASTON sont reconnues pour leur long\u00e9vit\u00e9 et leur qualit\u00e9 constante en comp\u00e9tition et \u00e0 l'entra\u00eenement.<\/p>\n<p>Disponibles en sept couleurs diff\u00e9rentes : Noir, Bleu, Orange feu, Vert, Rose, Blanc et Jaune.<\/p>","protected":false},"excerpt":{"rendered":"<table>\n<tr>\n<th>Propri\u00e9t\u00e9<\/th>\n<th>Valeur<\/th>\n<\/tr>\n<tr>\n<td>Marque<\/td>\n<td>Easton<\/td>\n<\/tr>\n<tr>\n<td>Mod\u00e8le<\/td>\n<td>Diamond 280<\/td>\n<\/tr>\n<tr>\n<td>Contenu<\/td>\n<td>100 pi\u00e8ces<\/td>\n<\/tr>\n<tr>\n<td>Pays d'origine<\/td>\n<td>USA<\/td>\n<\/tr>\n<tr>\n<td>Couleurs disponibles<\/td>\n<td>Noir, Bleu, Orange Feu, Vert, Rose, Blanc, Jaune<\/td>\n<\/tr>\n<\/table>","protected":false},"featured_media":480658,"comment_status":"open","ping_status":"closed","template":"","meta":[],"product_brand":[417],"product_cat":[4220,4552,4158],"product_tag":[],"class_list":{"0":"post-478196","1":"product","2":"type-product","3":"status-publish","4":"has-post-thumbnail","6":"product_brand-easton","7":"product_cat-befiederung-nocken-wraps","8":"product_cat-plastik-vanes-vanes-nocks-wraps","9":"product_cat-pfeile-schaefte","10":"product_shipping_class-bsd-standard","12":"first","13":"instock","14":"shipping-taxable","15":"purchasable","16":"product-type-variable"},"yoast_head":"<!-- This site is optimized with the Yoast SEO plugin v27.6 - https:\/\/yoast.com\/product\/yoast-seo-wordpress\/ -->\n<title>EASTON VANES DIAMOND 280 100\/PK - Bogensportdiscount \u2013 B\u00f6gen, Pfeile, Targets &amp; Zubeh\u00f6r<\/title>\n<meta name=\"description\" content=\"EASTON VANES DIAMOND 280 100\/PK g\u00fcnstig kaufen bei Bogensportdiscount \u2013 Top-Marken, schneller Versand aus der Schweiz.\" \/>\n<meta name=\"robots\" content=\"index, follow, max-snippet:-1, max-image-preview:large, max-video-preview:-1\" \/>\n<link rel=\"canonical\" href=\"https:\/\/bogensportdiscount.ch\/fr\/produit\/easton-vanes-diamond-280-100er-pack\/\" \/>\n<meta property=\"og:locale\" content=\"fr_FR\" \/>\n<meta property=\"og:type\" content=\"article\" \/>\n<meta property=\"og:title\" content=\"EASTON VANES DIAMOND 280 100\/PK - Bogensportdiscount \u2013 B\u00f6gen, Pfeile, Targets &amp; Zubeh\u00f6r\" \/>\n<meta property=\"og:description\" content=\"EASTON VANES DIAMOND 280 100\/PK g\u00fcnstig kaufen bei Bogensportdiscount \u2013 Top-Marken, schneller Versand aus der Schweiz.\" \/>\n<meta property=\"og:url\" content=\"https:\/\/bogensportdiscount.ch\/fr\/produit\/easton-vanes-diamond-280-100er-pack\/\" \/>\n<meta property=\"og:site_name\" content=\"Bogensportdiscount \u2013 B\u00f6gen, Pfeile, Targets &amp; Zubeh\u00f6r\" \/>\n<meta property=\"article:modified_time\" content=\"2026-05-14T13:28:13+00:00\" \/>\n<meta property=\"og:image\" content=\"https:\/\/bogensportdiscount.ch\/wp-content\/uploads\/bsm-images\/A030355_1.png\" \/>\n\t<meta property=\"og:image:width\" content=\"4966\" \/>\n\t<meta property=\"og:image:height\" content=\"5308\" \/>\n\t<meta property=\"og:image:type\" content=\"image\/png\" \/>\n<meta name=\"twitter:card\" content=\"summary_large_image\" \/>\n<script type=\"application\/ld+json\" class=\"yoast-schema-graph\">{\"@context\":\"https:\\\/\\\/schema.org\",\"@graph\":[{\"@type\":\"WebPage\",\"@id\":\"https:\\\/\\\/bogensportdiscount.ch\\\/produkt\\\/easton-vanes-diamond-280-100er-pack\\\/\",\"url\":\"https:\\\/\\\/bogensportdiscount.ch\\\/produkt\\\/easton-vanes-diamond-280-100er-pack\\\/\",\"name\":\"EASTON VANES DIAMOND 280 100\\\/PK - Bogensportdiscount \u2013 B\u00f6gen, Pfeile, Targets &amp; Zubeh\u00f6r\",\"isPartOf\":{\"@id\":\"https:\\\/\\\/bogensportdiscount.ch\\\/#website\"},\"primaryImageOfPage\":{\"@id\":\"https:\\\/\\\/bogensportdiscount.ch\\\/produkt\\\/easton-vanes-diamond-280-100er-pack\\\/#primaryimage\"},\"image\":{\"@id\":\"https:\\\/\\\/bogensportdiscount.ch\\\/produkt\\\/easton-vanes-diamond-280-100er-pack\\\/#primaryimage\"},\"thumbnailUrl\":\"https:\\\/\\\/bogensportdiscount.ch\\\/wp-content\\\/uploads\\\/bsm-images\\\/A030355_1.png\",\"datePublished\":\"2026-04-19T09:40:03+00:00\",\"dateModified\":\"2026-05-14T13:28:13+00:00\",\"description\":\"EASTON VANES DIAMOND 280 100\\\/PK g\u00fcnstig kaufen bei Bogensportdiscount \u2013 Top-Marken, schneller Versand aus der Schweiz.\",\"breadcrumb\":{\"@id\":\"https:\\\/\\\/bogensportdiscount.ch\\\/produkt\\\/easton-vanes-diamond-280-100er-pack\\\/#breadcrumb\"},\"inLanguage\":\"fr-FR\",\"potentialAction\":[{\"@type\":\"ReadAction\",\"target\":[\"https:\\\/\\\/bogensportdiscount.ch\\\/produkt\\\/easton-vanes-diamond-280-100er-pack\\\/\"]}]},{\"@type\":\"ImageObject\",\"inLanguage\":\"fr-FR\",\"@id\":\"https:\\\/\\\/bogensportdiscount.ch\\\/produkt\\\/easton-vanes-diamond-280-100er-pack\\\/#primaryimage\",\"url\":\"https:\\\/\\\/bogensportdiscount.ch\\\/wp-content\\\/uploads\\\/bsm-images\\\/A030355_1.png\",\"contentUrl\":\"https:\\\/\\\/bogensportdiscount.ch\\\/wp-content\\\/uploads\\\/bsm-images\\\/A030355_1.png\",\"width\":4966,\"height\":5308},{\"@type\":\"BreadcrumbList\",\"@id\":\"https:\\\/\\\/bogensportdiscount.ch\\\/produkt\\\/easton-vanes-diamond-280-100er-pack\\\/#breadcrumb\",\"itemListElement\":[{\"@type\":\"ListItem\",\"position\":1,\"name\":\"Home\",\"item\":\"https:\\\/\\\/bogensportdiscount.ch\\\/\"},{\"@type\":\"ListItem\",\"position\":2,\"name\":\"Shop\",\"item\":\"https:\\\/\\\/bogensportdiscount.ch\\\/shop\\\/\"},{\"@type\":\"ListItem\",\"position\":3,\"name\":\"EASTON VANES DIAMOND 280 100\\\/PK\"}]},{\"@type\":\"WebSite\",\"@id\":\"https:\\\/\\\/bogensportdiscount.ch\\\/#website\",\"url\":\"https:\\\/\\\/bogensportdiscount.ch\\\/\",\"name\":\"Bogensportdiscount\",\"description\":\"\",\"potentialAction\":[{\"@type\":\"SearchAction\",\"target\":{\"@type\":\"EntryPoint\",\"urlTemplate\":\"https:\\\/\\\/bogensportdiscount.ch\\\/?s={search_term_string}\"},\"query-input\":{\"@type\":\"PropertyValueSpecification\",\"valueRequired\":true,\"valueName\":\"search_term_string\"}}],\"inLanguage\":\"fr-FR\"}]}<\/script>\n<!-- \/ Yoast SEO plugin. -->","yoast_head_json":{"title":"EASTON VANES DIAMOND 280 100\/PK - Bogensportdiscount \u2013 B\u00f6gen, Pfeile, Targets &amp; Zubeh\u00f6r","description":"EASTON VANES DIAMOND 280 100\/PK g\u00fcnstig kaufen bei Bogensportdiscount \u2013 Top-Marken, schneller Versand aus der Schweiz.","robots":{"index":"index","follow":"follow","max-snippet":"max-snippet:-1","max-image-preview":"max-image-preview:large","max-video-preview":"max-video-preview:-1"},"canonical":"https:\/\/bogensportdiscount.ch\/fr\/produit\/easton-vanes-diamond-280-100er-pack\/","og_locale":"fr_FR","og_type":"article","og_title":"EASTON VANES DIAMOND 280 100\/PK - Bogensportdiscount \u2013 B\u00f6gen, Pfeile, Targets &amp; Zubeh\u00f6r","og_description":"EASTON VANES DIAMOND 280 100\/PK g\u00fcnstig kaufen bei Bogensportdiscount \u2013 Top-Marken, schneller Versand aus der Schweiz.","og_url":"https:\/\/bogensportdiscount.ch\/fr\/produit\/easton-vanes-diamond-280-100er-pack\/","og_site_name":"Bogensportdiscount \u2013 B\u00f6gen, Pfeile, Targets &amp; Zubeh\u00f6r","article_modified_time":"2026-05-14T13:28:13+00:00","og_image":[{"url":"https:\/\/bogensportdiscount.ch\/wp-content\/uploads\/bsm-images\/A030355_1.png","width":4966,"height":5308,"type":"image\/png"}],"twitter_card":"summary_large_image","schema":{"@context":"https:\/\/schema.org","@graph":[{"@type":"WebPage","@id":"https:\/\/bogensportdiscount.ch\/produkt\/easton-vanes-diamond-280-100er-pack\/","url":"https:\/\/bogensportdiscount.ch\/produkt\/easton-vanes-diamond-280-100er-pack\/","name":"EASTON VANES DIAMOND 280 100\/PK - Bogensportdiscount \u2013 B\u00f6gen, Pfeile, Targets &amp; Zubeh\u00f6r","isPartOf":{"@id":"https:\/\/bogensportdiscount.ch\/#website"},"primaryImageOfPage":{"@id":"https:\/\/bogensportdiscount.ch\/produkt\/easton-vanes-diamond-280-100er-pack\/#primaryimage"},"image":{"@id":"https:\/\/bogensportdiscount.ch\/produkt\/easton-vanes-diamond-280-100er-pack\/#primaryimage"},"thumbnailUrl":"https:\/\/bogensportdiscount.ch\/wp-content\/uploads\/bsm-images\/A030355_1.png","datePublished":"2026-04-19T09:40:03+00:00","dateModified":"2026-05-14T13:28:13+00:00","description":"EASTON VANES DIAMOND 280 100\/PK g\u00fcnstig kaufen bei Bogensportdiscount \u2013 Top-Marken, schneller Versand aus der Schweiz.","breadcrumb":{"@id":"https:\/\/bogensportdiscount.ch\/produkt\/easton-vanes-diamond-280-100er-pack\/#breadcrumb"},"inLanguage":"fr-FR","potentialAction":[{"@type":"ReadAction","target":["https:\/\/bogensportdiscount.ch\/produkt\/easton-vanes-diamond-280-100er-pack\/"]}]},{"@type":"ImageObject","inLanguage":"fr-FR","@id":"https:\/\/bogensportdiscount.ch\/produkt\/easton-vanes-diamond-280-100er-pack\/#primaryimage","url":"https:\/\/bogensportdiscount.ch\/wp-content\/uploads\/bsm-images\/A030355_1.png","contentUrl":"https:\/\/bogensportdiscount.ch\/wp-content\/uploads\/bsm-images\/A030355_1.png","width":4966,"height":5308},{"@type":"BreadcrumbList","@id":"https:\/\/bogensportdiscount.ch\/produkt\/easton-vanes-diamond-280-100er-pack\/#breadcrumb","itemListElement":[{"@type":"ListItem","position":1,"name":"Home","item":"https:\/\/bogensportdiscount.ch\/"},{"@type":"ListItem","position":2,"name":"Shop","item":"https:\/\/bogensportdiscount.ch\/shop\/"},{"@type":"ListItem","position":3,"name":"EASTON VANES DIAMOND 280 100\/PK"}]},{"@type":"WebSite","@id":"https:\/\/bogensportdiscount.ch\/#website","url":"https:\/\/bogensportdiscount.ch\/","name":"Bogensportdiscount","description":"","potentialAction":[{"@type":"SearchAction","target":{"@type":"EntryPoint","urlTemplate":"https:\/\/bogensportdiscount.ch\/?s={search_term_string}"},"query-input":{"@type":"PropertyValueSpecification","valueRequired":true,"valueName":"search_term_string"}}],"inLanguage":"fr-FR"}]}},"_links":{"self":[{"href":"https:\/\/bogensportdiscount.ch\/fr\/wp-json\/wp\/v2\/product\/478196","targetHints":{"allow":["GET"]}}],"collection":[{"href":"https:\/\/bogensportdiscount.ch\/fr\/wp-json\/wp\/v2\/product"}],"about":[{"href":"https:\/\/bogensportdiscount.ch\/fr\/wp-json\/wp\/v2\/types\/product"}],"replies":[{"embeddable":true,"href":"https:\/\/bogensportdiscount.ch\/fr\/wp-json\/wp\/v2\/comments?post=478196"}],"wp:featuredmedia":[{"embeddable":true,"href":"https:\/\/bogensportdiscount.ch\/fr\/wp-json\/wp\/v2\/media\/480658"}],"wp:attachment":[{"href":"https:\/\/bogensportdiscount.ch\/fr\/wp-json\/wp\/v2\/media?parent=478196"}],"wp:term":[{"taxonomy":"product_brand","embeddable":true,"href":"https:\/\/bogensportdiscount.ch\/fr\/wp-json\/wp\/v2\/product_brand?post=478196"},{"taxonomy":"product_cat","embeddable":true,"href":"https:\/\/bogensportdiscount.ch\/fr\/wp-json\/wp\/v2\/product_cat?post=478196"},{"taxonomy":"product_tag","embeddable":true,"href":"https:\/\/bogensportdiscount.ch\/fr\/wp-json\/wp\/v2\/product_tag?post=478196"}],"curies":[{"name":"wp","href":"https:\/\/api.w.org\/{rel}","templated":true}]}}