{"id":477944,"date":"2026-04-19T11:39:42","date_gmt":"2026-04-19T09:39:42","guid":{"rendered":"https:\/\/bogensportdiscount.ch\/produkt\/easton-target-quivers-flipside-2-tube-quiver-r-l-blue-no-belt-included\/"},"modified":"2026-05-14T15:28:12","modified_gmt":"2026-05-14T13:28:12","slug":"easton-target-quivers-flipside-2-tube-seitenkoecher-rl","status":"publish","type":"product","link":"https:\/\/bogensportdiscount.ch\/fr\/produit\/easton-target-quivers-flipside-2-tube-seitenkoecher-rl\/","title":{"rendered":"EASTON TARGET QUIVERS FLIPSIDE 2-TUBE QUIVER R\/L NO BELT INCLUDED"},"content":{"rendered":"<p>Le carquois lat\u00e9ral EASTON Target Flipside est un carquois lat\u00e9ral 2 tubes de haute qualit\u00e9 pour archers, qui se distingue par sa version flexible pour droitiers et gauchers (R\/L). Avec deux tubes s\u00e9par\u00e9s, ce carquois offre des possibilit\u00e9s d'organisation optimales pour vos fl\u00e8ches et accessoires.<\/p>\n<p>Le carquois Flipside est id\u00e9al pour les tireurs qui pr\u00e9f\u00e8rent une solution compacte et fonctionnelle. La finition robuste selon le standard EASTON garantit la long\u00e9vit\u00e9 au quotidien \u00e0 l'entra\u00eenement et en comp\u00e9tition. Le carquois est livr\u00e9 sans ceinture \u2014 un kit de ceinture adapt\u00e9 peut \u00eatre achet\u00e9 s\u00e9par\u00e9ment.<\/p>\n<p>Disponible en quatre couleurs attrayantes (noir, bleu, vert, rouge), ce carquois s'adapte \u00e0 diff\u00e9rentes configurations d'\u00e9quipement.<\/p>","protected":false},"excerpt":{"rendered":"<table>\n<tr>\n<th>Propri\u00e9t\u00e9<\/th>\n<th>Valeur<\/th>\n<\/tr>\n<tr>\n<td>Marque<\/td>\n<td>Easton<\/td>\n<\/tr>\n<tr>\n<td>Mod\u00e8le<\/td>\n<td>Target Quivers Flipside<\/td>\n<\/tr>\n<tr>\n<td>R\u00e9alisation<\/td>\n<td>Carquois lat\u00e9ral 2 tubes R\/L<\/td>\n<\/tr>\n<tr>\n<td>Ceintures<\/td>\n<td>Non inclus<\/td>\n<\/tr>\n<tr>\n<td>Couleurs disponibles<\/td>\n<td>Noir, Bleu, Vert, Rouge<\/td>\n<\/tr>\n<tr>\n<td>Pays d'origine<\/td>\n<td>USA<\/td>\n<\/tr>\n<\/table>","protected":false},"featured_media":480431,"comment_status":"open","ping_status":"closed","template":"","meta":[],"product_brand":[417],"product_cat":[4124,4145,4284],"product_tag":[],"class_list":{"0":"post-477944","1":"product","2":"type-product","3":"status-publish","4":"has-post-thumbnail","6":"product_brand-easton","7":"product_cat-bogenschuetzer-ausruestung","8":"product_cat-koecher-guerteltasche","9":"product_cat-seitenkoecher","10":"product_shipping_class-bsd-standard","12":"first","13":"instock","14":"shipping-taxable","15":"purchasable","16":"product-type-variable"},"yoast_head":"<!-- This site is optimized with the Yoast SEO plugin v27.6 - https:\/\/yoast.com\/product\/yoast-seo-wordpress\/ -->\n<title>EASTON TARGET QUIVERS FLIPSIDE 2-TUBE QUIVER R\/L NO BELT INCLUDED - Bogensportdiscount \u2013 B\u00f6gen, Pfeile, Targets &amp; Zubeh\u00f6r<\/title>\n<meta name=\"description\" content=\"EASTON TARGET QUIVERS FLIPSIDE 2-TUBE QUIVER R\/L NO BELT INCLUDED g\u00fcnstig kaufen bei Bogensportdiscount \u2013 Top-Marken, schneller Versand aus der Schweiz.\" \/>\n<meta name=\"robots\" content=\"index, follow, max-snippet:-1, max-image-preview:large, max-video-preview:-1\" \/>\n<link rel=\"canonical\" href=\"https:\/\/bogensportdiscount.ch\/fr\/produit\/easton-target-quivers-flipside-2-tube-seitenkoecher-rl\/\" \/>\n<meta property=\"og:locale\" content=\"fr_FR\" \/>\n<meta property=\"og:type\" content=\"article\" \/>\n<meta property=\"og:title\" content=\"EASTON TARGET QUIVERS FLIPSIDE 2-TUBE QUIVER R\/L NO BELT INCLUDED - Bogensportdiscount \u2013 B\u00f6gen, Pfeile, Targets &amp; Zubeh\u00f6r\" \/>\n<meta property=\"og:description\" content=\"EASTON TARGET QUIVERS FLIPSIDE 2-TUBE QUIVER R\/L NO BELT INCLUDED g\u00fcnstig kaufen bei Bogensportdiscount \u2013 Top-Marken, schneller Versand aus der Schweiz.\" \/>\n<meta property=\"og:url\" content=\"https:\/\/bogensportdiscount.ch\/fr\/produit\/easton-target-quivers-flipside-2-tube-seitenkoecher-rl\/\" \/>\n<meta property=\"og:site_name\" content=\"Bogensportdiscount \u2013 B\u00f6gen, Pfeile, Targets &amp; Zubeh\u00f6r\" \/>\n<meta property=\"article:modified_time\" content=\"2026-05-14T13:28:12+00:00\" \/>\n<meta property=\"og:image\" content=\"https:\/\/bogensportdiscount.ch\/wp-content\/uploads\/bsm-images\/A029907_1.png\" \/>\n\t<meta property=\"og:image:width\" content=\"1181\" \/>\n\t<meta property=\"og:image:height\" content=\"1772\" \/>\n\t<meta property=\"og:image:type\" content=\"image\/png\" \/>\n<meta name=\"twitter:card\" content=\"summary_large_image\" \/>\n<meta name=\"twitter:label1\" content=\"Dur\u00e9e de lecture estim\u00e9e\" \/>\n\t<meta name=\"twitter:data1\" content=\"1 minute\" \/>\n<script type=\"application\/ld+json\" class=\"yoast-schema-graph\">{\"@context\":\"https:\\\/\\\/schema.org\",\"@graph\":[{\"@type\":\"WebPage\",\"@id\":\"https:\\\/\\\/bogensportdiscount.ch\\\/produkt\\\/easton-target-quivers-flipside-2-tube-seitenkoecher-rl\\\/\",\"url\":\"https:\\\/\\\/bogensportdiscount.ch\\\/produkt\\\/easton-target-quivers-flipside-2-tube-seitenkoecher-rl\\\/\",\"name\":\"EASTON TARGET QUIVERS FLIPSIDE 2-TUBE QUIVER R\\\/L NO BELT INCLUDED - Bogensportdiscount \u2013 B\u00f6gen, Pfeile, Targets &amp; Zubeh\u00f6r\",\"isPartOf\":{\"@id\":\"https:\\\/\\\/bogensportdiscount.ch\\\/#website\"},\"primaryImageOfPage\":{\"@id\":\"https:\\\/\\\/bogensportdiscount.ch\\\/produkt\\\/easton-target-quivers-flipside-2-tube-seitenkoecher-rl\\\/#primaryimage\"},\"image\":{\"@id\":\"https:\\\/\\\/bogensportdiscount.ch\\\/produkt\\\/easton-target-quivers-flipside-2-tube-seitenkoecher-rl\\\/#primaryimage\"},\"thumbnailUrl\":\"https:\\\/\\\/bogensportdiscount.ch\\\/wp-content\\\/uploads\\\/bsm-images\\\/A029907_1.png\",\"datePublished\":\"2026-04-19T09:39:42+00:00\",\"dateModified\":\"2026-05-14T13:28:12+00:00\",\"description\":\"EASTON TARGET QUIVERS FLIPSIDE 2-TUBE QUIVER R\\\/L NO BELT INCLUDED g\u00fcnstig kaufen bei Bogensportdiscount \u2013 Top-Marken, schneller Versand aus der Schweiz.\",\"breadcrumb\":{\"@id\":\"https:\\\/\\\/bogensportdiscount.ch\\\/produkt\\\/easton-target-quivers-flipside-2-tube-seitenkoecher-rl\\\/#breadcrumb\"},\"inLanguage\":\"fr-FR\",\"potentialAction\":[{\"@type\":\"ReadAction\",\"target\":[\"https:\\\/\\\/bogensportdiscount.ch\\\/produkt\\\/easton-target-quivers-flipside-2-tube-seitenkoecher-rl\\\/\"]}]},{\"@type\":\"ImageObject\",\"inLanguage\":\"fr-FR\",\"@id\":\"https:\\\/\\\/bogensportdiscount.ch\\\/produkt\\\/easton-target-quivers-flipside-2-tube-seitenkoecher-rl\\\/#primaryimage\",\"url\":\"https:\\\/\\\/bogensportdiscount.ch\\\/wp-content\\\/uploads\\\/bsm-images\\\/A029907_1.png\",\"contentUrl\":\"https:\\\/\\\/bogensportdiscount.ch\\\/wp-content\\\/uploads\\\/bsm-images\\\/A029907_1.png\",\"width\":1181,\"height\":1772},{\"@type\":\"BreadcrumbList\",\"@id\":\"https:\\\/\\\/bogensportdiscount.ch\\\/produkt\\\/easton-target-quivers-flipside-2-tube-seitenkoecher-rl\\\/#breadcrumb\",\"itemListElement\":[{\"@type\":\"ListItem\",\"position\":1,\"name\":\"Home\",\"item\":\"https:\\\/\\\/bogensportdiscount.ch\\\/\"},{\"@type\":\"ListItem\",\"position\":2,\"name\":\"Shop\",\"item\":\"https:\\\/\\\/bogensportdiscount.ch\\\/shop\\\/\"},{\"@type\":\"ListItem\",\"position\":3,\"name\":\"EASTON TARGET QUIVERS FLIPSIDE 2-TUBE QUIVER R\\\/L NO BELT INCLUDED\"}]},{\"@type\":\"WebSite\",\"@id\":\"https:\\\/\\\/bogensportdiscount.ch\\\/#website\",\"url\":\"https:\\\/\\\/bogensportdiscount.ch\\\/\",\"name\":\"Bogensportdiscount\",\"description\":\"\",\"potentialAction\":[{\"@type\":\"SearchAction\",\"target\":{\"@type\":\"EntryPoint\",\"urlTemplate\":\"https:\\\/\\\/bogensportdiscount.ch\\\/?s={search_term_string}\"},\"query-input\":{\"@type\":\"PropertyValueSpecification\",\"valueRequired\":true,\"valueName\":\"search_term_string\"}}],\"inLanguage\":\"fr-FR\"}]}<\/script>\n<!-- \/ Yoast SEO plugin. -->","yoast_head_json":{"title":"EASTON TARGET QUIVERS FLIPSIDE 2-TUBE QUIVER R\/L NO BELT INCLUDED - Bogensportdiscount \u2013 B\u00f6gen, Pfeile, Targets &amp; Zubeh\u00f6r","description":"EASTON TARGET QUIVERS FLIPSIDE 2-TUBE QUIVER R\/L NO BELT INCLUDED g\u00fcnstig kaufen bei Bogensportdiscount \u2013 Top-Marken, schneller Versand aus der Schweiz.","robots":{"index":"index","follow":"follow","max-snippet":"max-snippet:-1","max-image-preview":"max-image-preview:large","max-video-preview":"max-video-preview:-1"},"canonical":"https:\/\/bogensportdiscount.ch\/fr\/produit\/easton-target-quivers-flipside-2-tube-seitenkoecher-rl\/","og_locale":"fr_FR","og_type":"article","og_title":"EASTON TARGET QUIVERS FLIPSIDE 2-TUBE QUIVER R\/L NO BELT INCLUDED - Bogensportdiscount \u2013 B\u00f6gen, Pfeile, Targets &amp; Zubeh\u00f6r","og_description":"EASTON TARGET QUIVERS FLIPSIDE 2-TUBE QUIVER R\/L NO BELT INCLUDED g\u00fcnstig kaufen bei Bogensportdiscount \u2013 Top-Marken, schneller Versand aus der Schweiz.","og_url":"https:\/\/bogensportdiscount.ch\/fr\/produit\/easton-target-quivers-flipside-2-tube-seitenkoecher-rl\/","og_site_name":"Bogensportdiscount \u2013 B\u00f6gen, Pfeile, Targets &amp; Zubeh\u00f6r","article_modified_time":"2026-05-14T13:28:12+00:00","og_image":[{"width":1181,"height":1772,"url":"https:\/\/bogensportdiscount.ch\/wp-content\/uploads\/bsm-images\/A029907_1.png","type":"image\/png"}],"twitter_card":"summary_large_image","twitter_misc":{"Dur\u00e9e de lecture estim\u00e9e":"1 minute"},"schema":{"@context":"https:\/\/schema.org","@graph":[{"@type":"WebPage","@id":"https:\/\/bogensportdiscount.ch\/produkt\/easton-target-quivers-flipside-2-tube-seitenkoecher-rl\/","url":"https:\/\/bogensportdiscount.ch\/produkt\/easton-target-quivers-flipside-2-tube-seitenkoecher-rl\/","name":"EASTON TARGET QUIVERS FLIPSIDE 2-TUBE QUIVER R\/L NO BELT INCLUDED - Bogensportdiscount \u2013 B\u00f6gen, Pfeile, Targets &amp; Zubeh\u00f6r","isPartOf":{"@id":"https:\/\/bogensportdiscount.ch\/#website"},"primaryImageOfPage":{"@id":"https:\/\/bogensportdiscount.ch\/produkt\/easton-target-quivers-flipside-2-tube-seitenkoecher-rl\/#primaryimage"},"image":{"@id":"https:\/\/bogensportdiscount.ch\/produkt\/easton-target-quivers-flipside-2-tube-seitenkoecher-rl\/#primaryimage"},"thumbnailUrl":"https:\/\/bogensportdiscount.ch\/wp-content\/uploads\/bsm-images\/A029907_1.png","datePublished":"2026-04-19T09:39:42+00:00","dateModified":"2026-05-14T13:28:12+00:00","description":"EASTON TARGET QUIVERS FLIPSIDE 2-TUBE QUIVER R\/L NO BELT INCLUDED g\u00fcnstig kaufen bei Bogensportdiscount \u2013 Top-Marken, schneller Versand aus der Schweiz.","breadcrumb":{"@id":"https:\/\/bogensportdiscount.ch\/produkt\/easton-target-quivers-flipside-2-tube-seitenkoecher-rl\/#breadcrumb"},"inLanguage":"fr-FR","potentialAction":[{"@type":"ReadAction","target":["https:\/\/bogensportdiscount.ch\/produkt\/easton-target-quivers-flipside-2-tube-seitenkoecher-rl\/"]}]},{"@type":"ImageObject","inLanguage":"fr-FR","@id":"https:\/\/bogensportdiscount.ch\/produkt\/easton-target-quivers-flipside-2-tube-seitenkoecher-rl\/#primaryimage","url":"https:\/\/bogensportdiscount.ch\/wp-content\/uploads\/bsm-images\/A029907_1.png","contentUrl":"https:\/\/bogensportdiscount.ch\/wp-content\/uploads\/bsm-images\/A029907_1.png","width":1181,"height":1772},{"@type":"BreadcrumbList","@id":"https:\/\/bogensportdiscount.ch\/produkt\/easton-target-quivers-flipside-2-tube-seitenkoecher-rl\/#breadcrumb","itemListElement":[{"@type":"ListItem","position":1,"name":"Home","item":"https:\/\/bogensportdiscount.ch\/"},{"@type":"ListItem","position":2,"name":"Shop","item":"https:\/\/bogensportdiscount.ch\/shop\/"},{"@type":"ListItem","position":3,"name":"EASTON TARGET QUIVERS FLIPSIDE 2-TUBE QUIVER R\/L NO BELT INCLUDED"}]},{"@type":"WebSite","@id":"https:\/\/bogensportdiscount.ch\/#website","url":"https:\/\/bogensportdiscount.ch\/","name":"Bogensportdiscount","description":"","potentialAction":[{"@type":"SearchAction","target":{"@type":"EntryPoint","urlTemplate":"https:\/\/bogensportdiscount.ch\/?s={search_term_string}"},"query-input":{"@type":"PropertyValueSpecification","valueRequired":true,"valueName":"search_term_string"}}],"inLanguage":"fr-FR"}]}},"_links":{"self":[{"href":"https:\/\/bogensportdiscount.ch\/fr\/wp-json\/wp\/v2\/product\/477944","targetHints":{"allow":["GET"]}}],"collection":[{"href":"https:\/\/bogensportdiscount.ch\/fr\/wp-json\/wp\/v2\/product"}],"about":[{"href":"https:\/\/bogensportdiscount.ch\/fr\/wp-json\/wp\/v2\/types\/product"}],"replies":[{"embeddable":true,"href":"https:\/\/bogensportdiscount.ch\/fr\/wp-json\/wp\/v2\/comments?post=477944"}],"wp:featuredmedia":[{"embeddable":true,"href":"https:\/\/bogensportdiscount.ch\/fr\/wp-json\/wp\/v2\/media\/480431"}],"wp:attachment":[{"href":"https:\/\/bogensportdiscount.ch\/fr\/wp-json\/wp\/v2\/media?parent=477944"}],"wp:term":[{"taxonomy":"product_brand","embeddable":true,"href":"https:\/\/bogensportdiscount.ch\/fr\/wp-json\/wp\/v2\/product_brand?post=477944"},{"taxonomy":"product_cat","embeddable":true,"href":"https:\/\/bogensportdiscount.ch\/fr\/wp-json\/wp\/v2\/product_cat?post=477944"},{"taxonomy":"product_tag","embeddable":true,"href":"https:\/\/bogensportdiscount.ch\/fr\/wp-json\/wp\/v2\/product_tag?post=477944"}],"curies":[{"name":"wp","href":"https:\/\/api.w.org\/{rel}","templated":true}]}}