{"id":477937,"date":"2026-04-19T11:39:40","date_gmt":"2026-04-19T09:39:40","guid":{"rendered":"https:\/\/bogensportdiscount.ch\/produkt\/easton-target-quivers-deluxe-hip-lh-flo-green-no-belt-included\/"},"modified":"2026-05-14T15:28:12","modified_gmt":"2026-05-14T13:28:12","slug":"easton-target-koecher-deluxe-hip-lh-ohne-guertel","status":"publish","type":"product","link":"https:\/\/bogensportdiscount.ch\/fr\/produit\/easton-target-koecher-deluxe-hip-lh-ohne-guertel\/","title":{"rendered":"EASTON TARGET QUIVERS DELUXE HIP LH NO BELT INCLUDED"},"content":{"rendered":"<p>Le carquois de hanche EASTON Target Deluxe Hip est un carquois lat\u00e9ral robuste con\u00e7u sp\u00e9cialement pour les gauchers. Avec ses caract\u00e9ristiques pratiques, il offre une solution s\u00fbre et confortable pour le transport et la mise \u00e0 disposition des fl\u00e8ches lors du tir \u00e0 l'arc.<\/p>\n<p>Le carquois est disponible en deux variantes de couleurs attrayantes : Flo Green pour une visibilit\u00e9 optimale et REALTREE Xtra pour un aspect camouflage naturel. Le design permet un acc\u00e8s rapide et facile aux fl\u00e8ches pendant le processus de tir.<\/p>\n<p>Veuillez noter : la ceinture s'acquiert s\u00e9par\u00e9ment et n'est pas incluse dans la livraison. Le produit est fabriqu\u00e9 aux \u00c9tats-Unis et r\u00e9pond aux normes de qualit\u00e9 \u00e9lev\u00e9es d'EASTON.<\/p>","protected":false},"excerpt":{"rendered":"<table>\n<tr>\n<th>Propri\u00e9t\u00e9<\/th>\n<th>Valeur<\/th>\n<\/tr>\n<tr>\n<td>Marque<\/td>\n<td>Easton<\/td>\n<\/tr>\n<tr>\n<td>Pays d'origine<\/td>\n<td>USA<\/td>\n<\/tr>\n<\/table>","protected":false},"featured_media":480426,"comment_status":"open","ping_status":"closed","template":"","meta":[],"product_brand":[417],"product_cat":[4124,4145,4284],"product_tag":[],"class_list":{"0":"post-477937","1":"product","2":"type-product","3":"status-publish","4":"has-post-thumbnail","6":"product_brand-easton","7":"product_cat-bogenschuetzer-ausruestung","8":"product_cat-koecher-guerteltasche","9":"product_cat-seitenkoecher","10":"product_shipping_class-bsd-standard","12":"first","13":"instock","14":"shipping-taxable","15":"purchasable","16":"product-type-variable"},"yoast_head":"<!-- This site is optimized with the Yoast SEO plugin v27.6 - https:\/\/yoast.com\/product\/yoast-seo-wordpress\/ -->\n<title>CARQUOIS EASTON TARGET DELUXE HIP LH (SANS CEINTURE) - Bogensportdiscount \u2013 Arcs, fl\u00e8ches, cibles et accessoires<\/title>\n<meta name=\"description\" content=\"Achetez le carquois EASTON TARGET DELUXE HIP LH (sans ceinture) \u00e0 un prix avantageux chez Bogensportdiscount \u2013 Les meilleures marques, livraison rapide depuis la Suisse.\" \/>\n<meta name=\"robots\" content=\"index, follow, max-snippet:-1, max-image-preview:large, max-video-preview:-1\" \/>\n<link rel=\"canonical\" href=\"https:\/\/bogensportdiscount.ch\/fr\/produit\/easton-target-koecher-deluxe-hip-lh-ohne-guertel\/\" \/>\n<meta property=\"og:locale\" content=\"fr_FR\" \/>\n<meta property=\"og:type\" content=\"article\" \/>\n<meta property=\"og:title\" content=\"CARQUOIS EASTON TARGET DELUXE HIP LH (SANS CEINTURE) - Bogensportdiscount \u2013 Arcs, fl\u00e8ches, cibles et accessoires\" \/>\n<meta property=\"og:description\" content=\"Achetez le carquois EASTON TARGET DELUXE HIP LH (sans ceinture) \u00e0 un prix avantageux chez Bogensportdiscount \u2013 Les meilleures marques, livraison rapide depuis la Suisse.\" \/>\n<meta property=\"og:url\" content=\"https:\/\/bogensportdiscount.ch\/fr\/produit\/easton-target-koecher-deluxe-hip-lh-ohne-guertel\/\" \/>\n<meta property=\"og:site_name\" content=\"Bogensportdiscount \u2013 B\u00f6gen, Pfeile, Targets &amp; Zubeh\u00f6r\" \/>\n<meta property=\"article:modified_time\" content=\"2026-05-14T13:28:12+00:00\" \/>\n<meta property=\"og:image\" content=\"https:\/\/bogensportdiscount.ch\/wp-content\/uploads\/bsm-images\/A029875_1.png\" \/>\n\t<meta property=\"og:image:width\" content=\"1181\" \/>\n\t<meta property=\"og:image:height\" content=\"1772\" \/>\n\t<meta property=\"og:image:type\" content=\"image\/png\" \/>\n<meta name=\"twitter:card\" content=\"summary_large_image\" \/>\n<meta name=\"twitter:label1\" content=\"Dur\u00e9e de lecture estim\u00e9e\" \/>\n\t<meta name=\"twitter:data1\" content=\"1 minute\" \/>\n<script type=\"application\/ld+json\" class=\"yoast-schema-graph\">{\"@context\":\"https:\\\/\\\/schema.org\",\"@graph\":[{\"@type\":\"WebPage\",\"@id\":\"https:\\\/\\\/bogensportdiscount.ch\\\/produkt\\\/easton-target-koecher-deluxe-hip-lh-ohne-guertel\\\/\",\"url\":\"https:\\\/\\\/bogensportdiscount.ch\\\/produkt\\\/easton-target-koecher-deluxe-hip-lh-ohne-guertel\\\/\",\"name\":\"EASTON TARGET QUIVERS DELUXE HIP LH NO BELT INCLUDED - Bogensportdiscount \u2013 B\u00f6gen, Pfeile, Targets &amp; Zubeh\u00f6r\",\"isPartOf\":{\"@id\":\"https:\\\/\\\/bogensportdiscount.ch\\\/#website\"},\"primaryImageOfPage\":{\"@id\":\"https:\\\/\\\/bogensportdiscount.ch\\\/produkt\\\/easton-target-koecher-deluxe-hip-lh-ohne-guertel\\\/#primaryimage\"},\"image\":{\"@id\":\"https:\\\/\\\/bogensportdiscount.ch\\\/produkt\\\/easton-target-koecher-deluxe-hip-lh-ohne-guertel\\\/#primaryimage\"},\"thumbnailUrl\":\"https:\\\/\\\/bogensportdiscount.ch\\\/wp-content\\\/uploads\\\/bsm-images\\\/A029875_1.png\",\"datePublished\":\"2026-04-19T09:39:40+00:00\",\"dateModified\":\"2026-05-14T13:28:12+00:00\",\"description\":\"EASTON TARGET QUIVERS DELUXE HIP LH NO BELT INCLUDED g\u00fcnstig kaufen bei Bogensportdiscount \u2013 Top-Marken, schneller Versand aus der Schweiz.\",\"breadcrumb\":{\"@id\":\"https:\\\/\\\/bogensportdiscount.ch\\\/produkt\\\/easton-target-koecher-deluxe-hip-lh-ohne-guertel\\\/#breadcrumb\"},\"inLanguage\":\"fr-FR\",\"potentialAction\":[{\"@type\":\"ReadAction\",\"target\":[\"https:\\\/\\\/bogensportdiscount.ch\\\/produkt\\\/easton-target-koecher-deluxe-hip-lh-ohne-guertel\\\/\"]}]},{\"@type\":\"ImageObject\",\"inLanguage\":\"fr-FR\",\"@id\":\"https:\\\/\\\/bogensportdiscount.ch\\\/produkt\\\/easton-target-koecher-deluxe-hip-lh-ohne-guertel\\\/#primaryimage\",\"url\":\"https:\\\/\\\/bogensportdiscount.ch\\\/wp-content\\\/uploads\\\/bsm-images\\\/A029875_1.png\",\"contentUrl\":\"https:\\\/\\\/bogensportdiscount.ch\\\/wp-content\\\/uploads\\\/bsm-images\\\/A029875_1.png\",\"width\":1181,\"height\":1772},{\"@type\":\"BreadcrumbList\",\"@id\":\"https:\\\/\\\/bogensportdiscount.ch\\\/produkt\\\/easton-target-koecher-deluxe-hip-lh-ohne-guertel\\\/#breadcrumb\",\"itemListElement\":[{\"@type\":\"ListItem\",\"position\":1,\"name\":\"Home\",\"item\":\"https:\\\/\\\/bogensportdiscount.ch\\\/\"},{\"@type\":\"ListItem\",\"position\":2,\"name\":\"Shop\",\"item\":\"https:\\\/\\\/bogensportdiscount.ch\\\/shop\\\/\"},{\"@type\":\"ListItem\",\"position\":3,\"name\":\"EASTON TARGET QUIVERS DELUXE HIP LH NO BELT INCLUDED\"}]},{\"@type\":\"WebSite\",\"@id\":\"https:\\\/\\\/bogensportdiscount.ch\\\/#website\",\"url\":\"https:\\\/\\\/bogensportdiscount.ch\\\/\",\"name\":\"Bogensportdiscount\",\"description\":\"\",\"potentialAction\":[{\"@type\":\"SearchAction\",\"target\":{\"@type\":\"EntryPoint\",\"urlTemplate\":\"https:\\\/\\\/bogensportdiscount.ch\\\/?s={search_term_string}\"},\"query-input\":{\"@type\":\"PropertyValueSpecification\",\"valueRequired\":true,\"valueName\":\"search_term_string\"}}],\"inLanguage\":\"fr-FR\"}]}<\/script>\n<!-- \/ Yoast SEO plugin. -->","yoast_head_json":{"title":"CARQUOIS EASTON TARGET DELUXE HIP LH (SANS CEINTURE) - Bogensportdiscount \u2013 Arcs, fl\u00e8ches, cibles et accessoires","description":"Achetez le carquois EASTON TARGET DELUXE HIP LH (sans ceinture) \u00e0 un prix avantageux chez Bogensportdiscount \u2013 Les meilleures marques, livraison rapide depuis la Suisse.","robots":{"index":"index","follow":"follow","max-snippet":"max-snippet:-1","max-image-preview":"max-image-preview:large","max-video-preview":"max-video-preview:-1"},"canonical":"https:\/\/bogensportdiscount.ch\/fr\/produit\/easton-target-koecher-deluxe-hip-lh-ohne-guertel\/","og_locale":"fr_FR","og_type":"article","og_title":"CARQUOIS EASTON TARGET DELUXE HIP LH (SANS CEINTURE) - Bogensportdiscount \u2013 Arcs, fl\u00e8ches, cibles et accessoires","og_description":"Achetez le carquois EASTON TARGET DELUXE HIP LH (sans ceinture) \u00e0 un prix avantageux chez Bogensportdiscount \u2013 Les meilleures marques, livraison rapide depuis la Suisse.","og_url":"https:\/\/bogensportdiscount.ch\/fr\/produit\/easton-target-koecher-deluxe-hip-lh-ohne-guertel\/","og_site_name":"Bogensportdiscount \u2013 B\u00f6gen, Pfeile, Targets &amp; Zubeh\u00f6r","article_modified_time":"2026-05-14T13:28:12+00:00","og_image":[{"width":1181,"height":1772,"url":"https:\/\/bogensportdiscount.ch\/wp-content\/uploads\/bsm-images\/A029875_1.png","type":"image\/png"}],"twitter_card":"summary_large_image","twitter_misc":{"Dur\u00e9e de lecture estim\u00e9e":"1 minute"},"schema":{"@context":"https:\/\/schema.org","@graph":[{"@type":"WebPage","@id":"https:\/\/bogensportdiscount.ch\/produkt\/easton-target-koecher-deluxe-hip-lh-ohne-guertel\/","url":"https:\/\/bogensportdiscount.ch\/produkt\/easton-target-koecher-deluxe-hip-lh-ohne-guertel\/","name":"CARQUOIS EASTON TARGET DELUXE HIP LH (SANS CEINTURE) - Bogensportdiscount \u2013 Arcs, fl\u00e8ches, cibles et accessoires","isPartOf":{"@id":"https:\/\/bogensportdiscount.ch\/#website"},"primaryImageOfPage":{"@id":"https:\/\/bogensportdiscount.ch\/produkt\/easton-target-koecher-deluxe-hip-lh-ohne-guertel\/#primaryimage"},"image":{"@id":"https:\/\/bogensportdiscount.ch\/produkt\/easton-target-koecher-deluxe-hip-lh-ohne-guertel\/#primaryimage"},"thumbnailUrl":"https:\/\/bogensportdiscount.ch\/wp-content\/uploads\/bsm-images\/A029875_1.png","datePublished":"2026-04-19T09:39:40+00:00","dateModified":"2026-05-14T13:28:12+00:00","description":"Achetez le carquois EASTON TARGET DELUXE HIP LH (sans ceinture) \u00e0 un prix avantageux chez Bogensportdiscount \u2013 Les meilleures marques, livraison rapide depuis la Suisse.","breadcrumb":{"@id":"https:\/\/bogensportdiscount.ch\/produkt\/easton-target-koecher-deluxe-hip-lh-ohne-guertel\/#breadcrumb"},"inLanguage":"fr-FR","potentialAction":[{"@type":"ReadAction","target":["https:\/\/bogensportdiscount.ch\/produkt\/easton-target-koecher-deluxe-hip-lh-ohne-guertel\/"]}]},{"@type":"ImageObject","inLanguage":"fr-FR","@id":"https:\/\/bogensportdiscount.ch\/produkt\/easton-target-koecher-deluxe-hip-lh-ohne-guertel\/#primaryimage","url":"https:\/\/bogensportdiscount.ch\/wp-content\/uploads\/bsm-images\/A029875_1.png","contentUrl":"https:\/\/bogensportdiscount.ch\/wp-content\/uploads\/bsm-images\/A029875_1.png","width":1181,"height":1772},{"@type":"BreadcrumbList","@id":"https:\/\/bogensportdiscount.ch\/produkt\/easton-target-koecher-deluxe-hip-lh-ohne-guertel\/#breadcrumb","itemListElement":[{"@type":"ListItem","position":1,"name":"Home","item":"https:\/\/bogensportdiscount.ch\/"},{"@type":"ListItem","position":2,"name":"Shop","item":"https:\/\/bogensportdiscount.ch\/shop\/"},{"@type":"ListItem","position":3,"name":"EASTON TARGET QUIVERS DELUXE HIP LH NO BELT INCLUDED"}]},{"@type":"WebSite","@id":"https:\/\/bogensportdiscount.ch\/#website","url":"https:\/\/bogensportdiscount.ch\/","name":"Bogensportdiscount","description":"","potentialAction":[{"@type":"SearchAction","target":{"@type":"EntryPoint","urlTemplate":"https:\/\/bogensportdiscount.ch\/?s={search_term_string}"},"query-input":{"@type":"PropertyValueSpecification","valueRequired":true,"valueName":"search_term_string"}}],"inLanguage":"fr-FR"}]}},"_links":{"self":[{"href":"https:\/\/bogensportdiscount.ch\/fr\/wp-json\/wp\/v2\/product\/477937","targetHints":{"allow":["GET"]}}],"collection":[{"href":"https:\/\/bogensportdiscount.ch\/fr\/wp-json\/wp\/v2\/product"}],"about":[{"href":"https:\/\/bogensportdiscount.ch\/fr\/wp-json\/wp\/v2\/types\/product"}],"replies":[{"embeddable":true,"href":"https:\/\/bogensportdiscount.ch\/fr\/wp-json\/wp\/v2\/comments?post=477937"}],"wp:featuredmedia":[{"embeddable":true,"href":"https:\/\/bogensportdiscount.ch\/fr\/wp-json\/wp\/v2\/media\/480426"}],"wp:attachment":[{"href":"https:\/\/bogensportdiscount.ch\/fr\/wp-json\/wp\/v2\/media?parent=477937"}],"wp:term":[{"taxonomy":"product_brand","embeddable":true,"href":"https:\/\/bogensportdiscount.ch\/fr\/wp-json\/wp\/v2\/product_brand?post=477937"},{"taxonomy":"product_cat","embeddable":true,"href":"https:\/\/bogensportdiscount.ch\/fr\/wp-json\/wp\/v2\/product_cat?post=477937"},{"taxonomy":"product_tag","embeddable":true,"href":"https:\/\/bogensportdiscount.ch\/fr\/wp-json\/wp\/v2\/product_tag?post=477937"}],"curies":[{"name":"wp","href":"https:\/\/api.w.org\/{rel}","templated":true}]}}