{"id":477575,"date":"2026-04-19T11:39:12","date_gmt":"2026-04-19T09:39:12","guid":{"rendered":"https:\/\/bogensportdiscount.ch\/produkt\/easton-shaft-fatboy-340-uni-bushing-for-super-nock-12-pk\/"},"modified":"2026-04-19T17:28:33","modified_gmt":"2026-04-19T15:28:33","slug":"easton-schaft-fatboy-nock-12er-pack","status":"publish","type":"product","link":"https:\/\/bogensportdiscount.ch\/fr\/produit\/easton-schaft-fatboy-nock-12er-pack\/","title":{"rendered":"EASTON SHAFT FATBOY NOCK 12\/PK"},"content":{"rendered":"<p>Die Easton Fatboy Pfeile sind Carbon-Sch\u00e4fte mit robustem Design, ideal f\u00fcr Bogensch\u00fctzen, die Zuverl\u00e4ssigkeit und Konsistenz suchen. Der 12er Pack bietet ein ausgezeichnetes Preis-Leistungs-Verh\u00e4ltnis und ist perfekt als Trainings- oder Backup-Set.<\/p>\n<p>Mit den verf\u00fcgbaren Spine-St\u00e4rken 340 und 400 lassen sich diese Sch\u00e4fte an verschiedene Bogengewichte und Zuggewichte anpassen. Die vormontierten Nocks erm\u00f6glichen sofort einsatzbereite Pfeile ohne weitere Vorbereitung.<\/p>\n<ul>\n<li>Carbon-Konstruktion f\u00fcr Langlebigkeit<\/li>\n<li>Erh\u00e4ltlich in 2 Spine-Varianten<\/li>\n<li>12 Sch\u00e4fte pro Pack<\/li>\n<li>Nock bereits montiert<\/li>\n<\/ul>","protected":false},"excerpt":{"rendered":"<p><strong>Marque :<\/strong> Easton<\/p>","protected":false},"featured_media":452604,"comment_status":"open","ping_status":"closed","template":"","meta":[],"product_brand":[417],"product_cat":[4158,4235,4236],"product_tag":[],"class_list":{"0":"post-477575","1":"product","2":"type-product","3":"status-publish","4":"has-post-thumbnail","6":"product_brand-easton","7":"product_cat-pfeile-schaefte","8":"product_cat-pfeilschaefte","9":"product_cat-carbon-schaefte","11":"first","12":"instock","13":"shipping-taxable","14":"purchasable","15":"product-type-variable"},"_links":{"self":[{"href":"https:\/\/bogensportdiscount.ch\/fr\/wp-json\/wp\/v2\/product\/477575","targetHints":{"allow":["GET"]}}],"collection":[{"href":"https:\/\/bogensportdiscount.ch\/fr\/wp-json\/wp\/v2\/product"}],"about":[{"href":"https:\/\/bogensportdiscount.ch\/fr\/wp-json\/wp\/v2\/types\/product"}],"replies":[{"embeddable":true,"href":"https:\/\/bogensportdiscount.ch\/fr\/wp-json\/wp\/v2\/comments?post=477575"}],"wp:featuredmedia":[{"embeddable":true,"href":"https:\/\/bogensportdiscount.ch\/fr\/wp-json\/wp\/v2\/media\/452604"}],"wp:attachment":[{"href":"https:\/\/bogensportdiscount.ch\/fr\/wp-json\/wp\/v2\/media?parent=477575"}],"wp:term":[{"taxonomy":"product_brand","embeddable":true,"href":"https:\/\/bogensportdiscount.ch\/fr\/wp-json\/wp\/v2\/product_brand?post=477575"},{"taxonomy":"product_cat","embeddable":true,"href":"https:\/\/bogensportdiscount.ch\/fr\/wp-json\/wp\/v2\/product_cat?post=477575"},{"taxonomy":"product_tag","embeddable":true,"href":"https:\/\/bogensportdiscount.ch\/fr\/wp-json\/wp\/v2\/product_tag?post=477575"}],"curies":[{"name":"wp","href":"https:\/\/api.w.org\/{rel}","templated":true}]}}