{"id":477553,"date":"2026-04-19T11:39:10","date_gmt":"2026-04-19T09:39:10","guid":{"rendered":"https:\/\/bogensportdiscount.ch\/produkt\/easton-shaft-superdrive-27-270-s-uni-bushing-12-pk\/"},"modified":"2026-04-19T17:28:33","modified_gmt":"2026-04-19T15:28:33","slug":"easton-pfeilschaft-superdrive-27-270-uni-bushing-12er","status":"publish","type":"product","link":"https:\/\/bogensportdiscount.ch\/fr\/produit\/easton-pfeilschaft-superdrive-27-270-uni-bushing-12er\/","title":{"rendered":"EASTON SHAFT SUPERDRIVE 27 \/ 270 UNI BUSHING 12\/PK"},"content":{"rendered":"<p>Die Easton Superdrive 27 \/ 270 Pfeilsch\u00e4fte bieten eine bew\u00e4hrte Kombination aus Leistung und Zuverl\u00e4ssigkeit. Mit dem Universal-Bushing-System sind diese Sch\u00e4fte einfach zu konfigurieren und eignen sich f\u00fcr verschiedene Pfeilaufbauten.<\/p>\n<p>Jeder 12er Pack enth\u00e4lt hochwertige Carbon-Sch\u00e4fte, die f\u00fcr Genauigkeit und Haltbarkeit entwickelt wurden. Die Spezifikation 27 \/ 270 bietet eine gute Balance zwischen Steifigkeit und Flugverhalten, die f\u00fcr unterschiedliche Zielwurfanwendungen geeignet ist.<\/p>","protected":false},"excerpt":{"rendered":"<p><strong>Marque :<\/strong> Easton<\/p>","protected":false},"featured_media":452606,"comment_status":"open","ping_status":"closed","template":"","meta":[],"product_brand":[417],"product_cat":[4158,4235,4236],"product_tag":[],"class_list":{"0":"post-477553","1":"product","2":"type-product","3":"status-publish","4":"has-post-thumbnail","6":"product_brand-easton","7":"product_cat-pfeile-schaefte","8":"product_cat-pfeilschaefte","9":"product_cat-carbon-schaefte","11":"first","12":"instock","13":"shipping-taxable","14":"purchasable","15":"product-type-variable"},"_links":{"self":[{"href":"https:\/\/bogensportdiscount.ch\/fr\/wp-json\/wp\/v2\/product\/477553","targetHints":{"allow":["GET"]}}],"collection":[{"href":"https:\/\/bogensportdiscount.ch\/fr\/wp-json\/wp\/v2\/product"}],"about":[{"href":"https:\/\/bogensportdiscount.ch\/fr\/wp-json\/wp\/v2\/types\/product"}],"replies":[{"embeddable":true,"href":"https:\/\/bogensportdiscount.ch\/fr\/wp-json\/wp\/v2\/comments?post=477553"}],"wp:featuredmedia":[{"embeddable":true,"href":"https:\/\/bogensportdiscount.ch\/fr\/wp-json\/wp\/v2\/media\/452606"}],"wp:attachment":[{"href":"https:\/\/bogensportdiscount.ch\/fr\/wp-json\/wp\/v2\/media?parent=477553"}],"wp:term":[{"taxonomy":"product_brand","embeddable":true,"href":"https:\/\/bogensportdiscount.ch\/fr\/wp-json\/wp\/v2\/product_brand?post=477553"},{"taxonomy":"product_cat","embeddable":true,"href":"https:\/\/bogensportdiscount.ch\/fr\/wp-json\/wp\/v2\/product_cat?post=477553"},{"taxonomy":"product_tag","embeddable":true,"href":"https:\/\/bogensportdiscount.ch\/fr\/wp-json\/wp\/v2\/product_tag?post=477553"}],"curies":[{"name":"wp","href":"https:\/\/api.w.org\/{rel}","templated":true}]}}