{"id":477550,"date":"2026-04-19T11:39:10","date_gmt":"2026-04-19T09:39:10","guid":{"rendered":"https:\/\/bogensportdiscount.ch\/produkt\/easton-shaft-superdrive-27-270-pro-s-uni-bushing-12-pk\/"},"modified":"2026-04-19T17:28:33","modified_gmt":"2026-04-19T15:28:33","slug":"easton-pfeilschaft-superdrive-27-270-pro-uni-bushing-12er-pack","status":"publish","type":"product","link":"https:\/\/bogensportdiscount.ch\/fr\/produit\/easton-pfeilschaft-superdrive-27-270-pro-uni-bushing-12er-pack\/","title":{"rendered":"EASTON SHAFT SUPERDRIVE 27 \/ 270 PRO UNI BUSHING 12\/PK"},"content":{"rendered":"<p>Die Easton Superdrive 27 Pfeilsch\u00e4fte bieten eine zuverl\u00e4ssige Grundlage f\u00fcr konsistente Schussleistung. Mit dem Pro Uni Bushing System erm\u00f6glichen diese Carbon-Sch\u00e4fte pr\u00e4zise und wiederholbare Flugbahnen.<\/p>\n<p>Das 12er Pack ist perfekt f\u00fcr Bogensch\u00fctzen, die regelm\u00e4ssig trainieren oder an Wettk\u00e4mpfen teilnehmen. Die 270er Gewichtsklasse eignet sich f\u00fcr eine breite Palette von Bogentypen und Zuggewichten.<\/p>\n<ul>\n<li>Carbon-Konstruktion f\u00fcr hohe Haltbarkeit<\/li>\n<li>Pro Uni Bushing System f\u00fcr optimale Kompatibilit\u00e4t<\/li>\n<li>12 Sch\u00e4fte pro Packung<\/li>\n<li>Erh\u00e4ltlich in Varianten S und G<\/li>\n<\/ul>","protected":false},"excerpt":{"rendered":"<p><strong>Marque :<\/strong> Easton<\/p>","protected":false},"featured_media":452802,"comment_status":"open","ping_status":"closed","template":"","meta":[],"product_brand":[417],"product_cat":[4158,4235,4236],"product_tag":[],"class_list":{"0":"post-477550","1":"product","2":"type-product","3":"status-publish","4":"has-post-thumbnail","6":"product_brand-easton","7":"product_cat-pfeile-schaefte","8":"product_cat-pfeilschaefte","9":"product_cat-carbon-schaefte","11":"first","12":"instock","13":"shipping-taxable","14":"purchasable","15":"product-type-variable"},"_links":{"self":[{"href":"https:\/\/bogensportdiscount.ch\/fr\/wp-json\/wp\/v2\/product\/477550","targetHints":{"allow":["GET"]}}],"collection":[{"href":"https:\/\/bogensportdiscount.ch\/fr\/wp-json\/wp\/v2\/product"}],"about":[{"href":"https:\/\/bogensportdiscount.ch\/fr\/wp-json\/wp\/v2\/types\/product"}],"replies":[{"embeddable":true,"href":"https:\/\/bogensportdiscount.ch\/fr\/wp-json\/wp\/v2\/comments?post=477550"}],"wp:featuredmedia":[{"embeddable":true,"href":"https:\/\/bogensportdiscount.ch\/fr\/wp-json\/wp\/v2\/media\/452802"}],"wp:attachment":[{"href":"https:\/\/bogensportdiscount.ch\/fr\/wp-json\/wp\/v2\/media?parent=477550"}],"wp:term":[{"taxonomy":"product_brand","embeddable":true,"href":"https:\/\/bogensportdiscount.ch\/fr\/wp-json\/wp\/v2\/product_brand?post=477550"},{"taxonomy":"product_cat","embeddable":true,"href":"https:\/\/bogensportdiscount.ch\/fr\/wp-json\/wp\/v2\/product_cat?post=477550"},{"taxonomy":"product_tag","embeddable":true,"href":"https:\/\/bogensportdiscount.ch\/fr\/wp-json\/wp\/v2\/product_tag?post=477550"}],"curies":[{"name":"wp","href":"https:\/\/api.w.org\/{rel}","templated":true}]}}