{"id":477474,"date":"2026-04-19T11:39:05","date_gmt":"2026-04-19T09:39:05","guid":{"rendered":"https:\/\/bogensportdiscount.ch\/produkt\/easton-shaft-x10-325-c4-12-pk\/"},"modified":"2026-04-19T17:28:33","modified_gmt":"2026-04-19T15:28:33","slug":"easton-shaft-x10-12er-pack","status":"publish","type":"product","link":"https:\/\/bogensportdiscount.ch\/fr\/produit\/easton-shaft-x10-12er-pack\/","title":{"rendered":"EASTON SCHAFT X10 12\/PK"},"content":{"rendered":"<p>Die Easton X10 Pfeilsch\u00e4fte geh\u00f6ren zu den bew\u00e4hrten Standardl\u00f6sungen im modernen Bogensport. Sie bieten eine hervorragende Kombination aus Stabilit\u00e4t, Konsistenz und Haltbarkeit. Der 12er-Pack erm\u00f6glicht es dir, eine vollst\u00e4ndige Garnitur mit identischen Flugeigenschaften zusammenzustellen.<\/p>\n<p>Mit insgesamt 14 verschiedenen Spine-St\u00e4rken (von 325 bis 1000) und bis zu 5 unterschiedlichen Ausf\u00fchrungen pro Spine findest du die optimale Anpassung an dein Bogensetup und deine Zuggewicht. Die Ausf\u00fchrungsvarianten (C1 bis C5) erm\u00f6glichen feinere Abstimmungen f\u00fcr maximale Fluggenauigkeit.<\/p>\n<ul>\n<li>Hochwertige Carbonkonstruktion f\u00fcr Stabilit\u00e4t und Langlebigkeit<\/li>\n<li>14 Spine-St\u00e4rken f\u00fcr unterschiedliche Bogentypen und Zuggewichte<\/li>\n<li>Mehrere Ausf\u00fchrungsvarianten pro Spine f\u00fcr pr\u00e4zise Anpassung<\/li>\n<li>12er-Pack f\u00fcr eine konsistente Pfeilgarnitur<\/li>\n<\/ul>","protected":false},"excerpt":{"rendered":"<p><strong>Marque :<\/strong> Easton<\/p>","protected":false},"featured_media":480269,"comment_status":"open","ping_status":"closed","template":"","meta":[],"product_brand":[417],"product_cat":[4158,4235,4540],"product_tag":[],"class_list":{"0":"post-477474","1":"product","2":"type-product","3":"status-publish","4":"has-post-thumbnail","6":"product_brand-easton","7":"product_cat-pfeile-schaefte","8":"product_cat-pfeilschaefte","9":"product_cat-carbon-alu-schaefte","11":"first","12":"instock","13":"shipping-taxable","14":"purchasable","15":"product-type-variable"},"_links":{"self":[{"href":"https:\/\/bogensportdiscount.ch\/fr\/wp-json\/wp\/v2\/product\/477474","targetHints":{"allow":["GET"]}}],"collection":[{"href":"https:\/\/bogensportdiscount.ch\/fr\/wp-json\/wp\/v2\/product"}],"about":[{"href":"https:\/\/bogensportdiscount.ch\/fr\/wp-json\/wp\/v2\/types\/product"}],"replies":[{"embeddable":true,"href":"https:\/\/bogensportdiscount.ch\/fr\/wp-json\/wp\/v2\/comments?post=477474"}],"wp:featuredmedia":[{"embeddable":true,"href":"https:\/\/bogensportdiscount.ch\/fr\/wp-json\/wp\/v2\/media\/480269"}],"wp:attachment":[{"href":"https:\/\/bogensportdiscount.ch\/fr\/wp-json\/wp\/v2\/media?parent=477474"}],"wp:term":[{"taxonomy":"product_brand","embeddable":true,"href":"https:\/\/bogensportdiscount.ch\/fr\/wp-json\/wp\/v2\/product_brand?post=477474"},{"taxonomy":"product_cat","embeddable":true,"href":"https:\/\/bogensportdiscount.ch\/fr\/wp-json\/wp\/v2\/product_cat?post=477474"},{"taxonomy":"product_tag","embeddable":true,"href":"https:\/\/bogensportdiscount.ch\/fr\/wp-json\/wp\/v2\/product_tag?post=477474"}],"curies":[{"name":"wp","href":"https:\/\/api.w.org\/{rel}","templated":true}]}}