{"id":477407,"date":"2026-04-19T11:39:00","date_gmt":"2026-04-19T09:39:00","guid":{"rendered":"https:\/\/bogensportdiscount.ch\/produkt\/easton-shafts-acc-620-3l-18-12pk\/"},"modified":"2026-04-19T17:28:32","modified_gmt":"2026-04-19T15:28:32","slug":"easton-shafts-acc-12er-pack","status":"publish","type":"product","link":"https:\/\/bogensportdiscount.ch\/fr\/produit\/easton-shafts-acc-12er-pack\/","title":{"rendered":"EASTON SCH\u00c4FTE ACC 12PK"},"content":{"rendered":"<p>Die Easton Shafts ACC sind qualitativ hochwertige Pfeilsch\u00e4fte, die aus einer Kombination von Carbon und Aluminium gefertigt sind. Das 12er Pack bietet eine optimale Grundausstattung f\u00fcr regelm\u00e4ssiges Training und Wettkampfeins\u00e4tze.<\/p>\n<p>Die ACC Sch\u00e4fte sind in verschiedenen Spine-Varianten (390 und 620) erh\u00e4ltlich und erm\u00f6glichen damit eine genaue Anpassung an deine spezifische Zugl\u00e4nge und Zuggewicht. Die robuste Konstruktion sorgt f\u00fcr Langlebigkeit und konstante Flugkurven \u00fcber l\u00e4ngere Zeit.<\/p>\n<ul>\n<li>12 hochwertiger Pfeilsch\u00e4fte pro Pack<\/li>\n<li>Carbon\/Aluminium-Konstruktion f\u00fcr optimale Balance<\/li>\n<li>Verf\u00fcgbar in Spine 390 und 620<\/li>\n<li>Ideal f\u00fcr Training und Wettkampf<\/li>\n<\/ul>","protected":false},"excerpt":{"rendered":"<p><strong>Marque :<\/strong> Easton<\/p>","protected":false},"featured_media":452602,"comment_status":"open","ping_status":"closed","template":"","meta":[],"product_brand":[417],"product_cat":[4158,4235,4540],"product_tag":[],"class_list":{"0":"post-477407","1":"product","2":"type-product","3":"status-publish","4":"has-post-thumbnail","6":"product_brand-easton","7":"product_cat-pfeile-schaefte","8":"product_cat-pfeilschaefte","9":"product_cat-carbon-alu-schaefte","11":"first","12":"instock","13":"shipping-taxable","14":"purchasable","15":"product-type-variable"},"_links":{"self":[{"href":"https:\/\/bogensportdiscount.ch\/fr\/wp-json\/wp\/v2\/product\/477407","targetHints":{"allow":["GET"]}}],"collection":[{"href":"https:\/\/bogensportdiscount.ch\/fr\/wp-json\/wp\/v2\/product"}],"about":[{"href":"https:\/\/bogensportdiscount.ch\/fr\/wp-json\/wp\/v2\/types\/product"}],"replies":[{"embeddable":true,"href":"https:\/\/bogensportdiscount.ch\/fr\/wp-json\/wp\/v2\/comments?post=477407"}],"wp:featuredmedia":[{"embeddable":true,"href":"https:\/\/bogensportdiscount.ch\/fr\/wp-json\/wp\/v2\/media\/452602"}],"wp:attachment":[{"href":"https:\/\/bogensportdiscount.ch\/fr\/wp-json\/wp\/v2\/media?parent=477407"}],"wp:term":[{"taxonomy":"product_brand","embeddable":true,"href":"https:\/\/bogensportdiscount.ch\/fr\/wp-json\/wp\/v2\/product_brand?post=477407"},{"taxonomy":"product_cat","embeddable":true,"href":"https:\/\/bogensportdiscount.ch\/fr\/wp-json\/wp\/v2\/product_cat?post=477407"},{"taxonomy":"product_tag","embeddable":true,"href":"https:\/\/bogensportdiscount.ch\/fr\/wp-json\/wp\/v2\/product_tag?post=477407"}],"curies":[{"name":"wp","href":"https:\/\/api.w.org\/{rel}","templated":true}]}}