{"id":477400,"date":"2026-04-19T11:39:00","date_gmt":"2026-04-19T09:39:00","guid":{"rendered":"https:\/\/bogensportdiscount.ch\/produkt\/easton-shaft-xx75-jazz-1516-purple-12-pk\/"},"modified":"2026-04-19T17:28:32","modified_gmt":"2026-04-19T15:28:32","slug":"easton-shaft-xx75-jazz","status":"publish","type":"product","link":"https:\/\/bogensportdiscount.ch\/fr\/produit\/easton-shaft-xx75-jazz\/","title":{"rendered":"EASTON SHAFT XX75 JAZZ"},"content":{"rendered":"<p>Der Easton XX75 Jazz ist ein klassischer Aluminium-Pfeilschaft, der sich durch solide Qualit\u00e4t und bew\u00e4hrte Performance auszeichnet. Die XX75-Serie von Easton steht f\u00fcr verl\u00e4ssliche Sch\u00e4fte, die sich in unterschiedlichen Bogensportdisziplinen bew\u00e4hrt haben.<\/p>\n<p>Diese Sch\u00e4fte eignen sich hervorragend f\u00fcr Bogensch\u00fctzen, die einen kosteng\u00fcnstigen und dennoch hochwertigen Pfeilschaft suchen. Mit den angebotenen Packungsgr\u00f6\u00dfen von 12 oder 60 St\u00fcck k\u00f6nnen Sie flexibel w\u00e4hlen, ob Sie eine kleinere Menge oder einen gr\u00f6\u00dferen Vorrat ben\u00f6tigen.<\/p>\n<ul>\n<li>Bew\u00e4hrte XX75-Konstruktion von Easton<\/li>\n<li>Aluminium-Material f\u00fcr gutes Preis-Leistungs-Verh\u00e4ltnis<\/li>\n<li>Verf\u00fcgbar in 12er und 60er Packungen<\/li>\n<\/ul>","protected":false},"excerpt":{"rendered":"<p><strong>Marque :<\/strong> Easton<\/p>","protected":false},"featured_media":452600,"comment_status":"open","ping_status":"closed","template":"","meta":[],"product_brand":[417],"product_cat":[4158,4235,4504],"product_tag":[],"class_list":{"0":"post-477400","1":"product","2":"type-product","3":"status-publish","4":"has-post-thumbnail","6":"product_brand-easton","7":"product_cat-pfeile-schaefte","8":"product_cat-pfeilschaefte","9":"product_cat-aluminium-schaefte","11":"first","12":"instock","13":"shipping-taxable","14":"purchasable","15":"product-type-variable"},"_links":{"self":[{"href":"https:\/\/bogensportdiscount.ch\/fr\/wp-json\/wp\/v2\/product\/477400","targetHints":{"allow":["GET"]}}],"collection":[{"href":"https:\/\/bogensportdiscount.ch\/fr\/wp-json\/wp\/v2\/product"}],"about":[{"href":"https:\/\/bogensportdiscount.ch\/fr\/wp-json\/wp\/v2\/types\/product"}],"replies":[{"embeddable":true,"href":"https:\/\/bogensportdiscount.ch\/fr\/wp-json\/wp\/v2\/comments?post=477400"}],"wp:featuredmedia":[{"embeddable":true,"href":"https:\/\/bogensportdiscount.ch\/fr\/wp-json\/wp\/v2\/media\/452600"}],"wp:attachment":[{"href":"https:\/\/bogensportdiscount.ch\/fr\/wp-json\/wp\/v2\/media?parent=477400"}],"wp:term":[{"taxonomy":"product_brand","embeddable":true,"href":"https:\/\/bogensportdiscount.ch\/fr\/wp-json\/wp\/v2\/product_brand?post=477400"},{"taxonomy":"product_cat","embeddable":true,"href":"https:\/\/bogensportdiscount.ch\/fr\/wp-json\/wp\/v2\/product_cat?post=477400"},{"taxonomy":"product_tag","embeddable":true,"href":"https:\/\/bogensportdiscount.ch\/fr\/wp-json\/wp\/v2\/product_tag?post=477400"}],"curies":[{"name":"wp","href":"https:\/\/api.w.org\/{rel}","templated":true}]}}