{"id":477358,"date":"2026-04-19T11:38:57","date_gmt":"2026-04-19T09:38:57","guid":{"rendered":"https:\/\/bogensportdiscount.ch\/produkt\/easton-shaft-xx75-genesis-1820-purple-60-bd\/"},"modified":"2026-04-19T17:28:31","modified_gmt":"2026-04-19T15:28:31","slug":"easton-shaft-xx75-genesis-1820-60-bd","status":"publish","type":"product","link":"https:\/\/bogensportdiscount.ch\/fr\/produit\/easton-shaft-xx75-genesis-1820-60-bd\/","title":{"rendered":"Manche EASTON XX75 GENESIS 1820 60\/BD"},"content":{"rendered":"<p>Der Easton XX75 Genesis ist ein bew\u00e4hrter Aluminium-Pfeilschaft, der sich durch seine robuste Konstruktion und gleichm\u00e4ssige Performance auszeichnet. Mit der Spine 1820 und einer Gesamtl\u00e4nge von 60 Zoll eignet sich dieser Schaft ideal f\u00fcr Sch\u00fctzen, die Wert auf Zuverl\u00e4ssigkeit und Genauigkeit legen.<\/p>\n<p>Der 60\/BD-Standard bezieht sich auf die L\u00e4ngen- und Endst\u00fcck-Konfiguration. Dank der hochwertigen Aluminium-Legierung bietet der XX75 Genesis eine gute Balance zwischen Gewicht, Haltbarkeit und Flugstabilit\u00e4t.<\/p>\n<p>Dieser Schaft ist in drei ansprechenden Farben erh\u00e4ltlich und l\u00e4sst sich nach Belieben mit Befiederung und Spitze zu kompletten Pfeilen ausbauen.<\/p>","protected":false},"excerpt":{"rendered":"<p><strong>Marque :<\/strong> Easton<\/p>","protected":false},"featured_media":480265,"comment_status":"open","ping_status":"closed","template":"","meta":[],"product_brand":[417],"product_cat":[4158,4235,4504],"product_tag":[],"class_list":{"0":"post-477358","1":"product","2":"type-product","3":"status-publish","4":"has-post-thumbnail","6":"product_brand-easton","7":"product_cat-pfeile-schaefte","8":"product_cat-pfeilschaefte","9":"product_cat-aluminium-schaefte","11":"first","12":"instock","13":"shipping-taxable","14":"purchasable","15":"product-type-variable"},"_links":{"self":[{"href":"https:\/\/bogensportdiscount.ch\/fr\/wp-json\/wp\/v2\/product\/477358","targetHints":{"allow":["GET"]}}],"collection":[{"href":"https:\/\/bogensportdiscount.ch\/fr\/wp-json\/wp\/v2\/product"}],"about":[{"href":"https:\/\/bogensportdiscount.ch\/fr\/wp-json\/wp\/v2\/types\/product"}],"replies":[{"embeddable":true,"href":"https:\/\/bogensportdiscount.ch\/fr\/wp-json\/wp\/v2\/comments?post=477358"}],"wp:featuredmedia":[{"embeddable":true,"href":"https:\/\/bogensportdiscount.ch\/fr\/wp-json\/wp\/v2\/media\/480265"}],"wp:attachment":[{"href":"https:\/\/bogensportdiscount.ch\/fr\/wp-json\/wp\/v2\/media?parent=477358"}],"wp:term":[{"taxonomy":"product_brand","embeddable":true,"href":"https:\/\/bogensportdiscount.ch\/fr\/wp-json\/wp\/v2\/product_brand?post=477358"},{"taxonomy":"product_cat","embeddable":true,"href":"https:\/\/bogensportdiscount.ch\/fr\/wp-json\/wp\/v2\/product_cat?post=477358"},{"taxonomy":"product_tag","embeddable":true,"href":"https:\/\/bogensportdiscount.ch\/fr\/wp-json\/wp\/v2\/product_tag?post=477358"}],"curies":[{"name":"wp","href":"https:\/\/api.w.org\/{rel}","templated":true}]}}