{"id":477354,"date":"2026-04-19T11:38:56","date_gmt":"2026-04-19T09:38:56","guid":{"rendered":"https:\/\/bogensportdiscount.ch\/produkt\/easton-shaft-xx75-gamegetter-340-black-super-bushing-and-nock-rps-insert-60-bd\/"},"modified":"2026-04-19T17:28:31","modified_gmt":"2026-04-19T15:28:31","slug":"easton-shaft-xx75-gamegetter-schwarz-super-bushing-nock-rps-insert-60-bd","status":"publish","type":"product","link":"https:\/\/bogensportdiscount.ch\/fr\/produit\/easton-shaft-xx75-gamegetter-schwarz-super-bushing-nock-rps-insert-60-bd\/","title":{"rendered":"EASTON SHAFT XX75 GAMEGETTER SCHWARZ SUPER BUSHING UND NOCK RPS INSERT 60\/BD"},"content":{"rendered":"<p>Der Easton Shaft XX75 Gamegetter bietet eine bew\u00e4hrte Aluminium-Konstruktion, die sich durch Zuverl\u00e4ssigkeit und Konsistenz auszeichnet. Mit dem Super Bushing System und dem modernen RPS Insert Nock-System garantiert dieser Schaft optimale Flugkurven und sichere Nock-Verbindung.<\/p>\n<p>Das 60\/BD Format und die verf\u00fcgbaren Spine-St\u00e4rken (340, 400, 500) erm\u00f6glichen die pr\u00e4zise Anpassung an unterschiedliche B\u00f6gen und Sch\u00fctzen. Die schwarze Lackierung bietet nicht nur Optik, sondern auch Schutz gegen Witterungseinfl\u00fcsse.<\/p>\n<p>Diese Sch\u00e4fte sind ideal f\u00fcr Jagd und Zielschie\u00dfen und geh\u00f6ren zu Eastons etablierten Produktlinien f\u00fcr anspruchsvolle Bogensch\u00fctzen.<\/p>","protected":false},"excerpt":{"rendered":"<p><strong>Marque :<\/strong> Easton<\/p>","protected":false},"featured_media":452599,"comment_status":"open","ping_status":"closed","template":"","meta":[],"product_brand":[417],"product_cat":[4158,4235,4504],"product_tag":[],"class_list":{"0":"post-477354","1":"product","2":"type-product","3":"status-publish","4":"has-post-thumbnail","6":"product_brand-easton","7":"product_cat-pfeile-schaefte","8":"product_cat-pfeilschaefte","9":"product_cat-aluminium-schaefte","11":"first","12":"instock","13":"shipping-taxable","14":"purchasable","15":"product-type-variable"},"_links":{"self":[{"href":"https:\/\/bogensportdiscount.ch\/fr\/wp-json\/wp\/v2\/product\/477354","targetHints":{"allow":["GET"]}}],"collection":[{"href":"https:\/\/bogensportdiscount.ch\/fr\/wp-json\/wp\/v2\/product"}],"about":[{"href":"https:\/\/bogensportdiscount.ch\/fr\/wp-json\/wp\/v2\/types\/product"}],"replies":[{"embeddable":true,"href":"https:\/\/bogensportdiscount.ch\/fr\/wp-json\/wp\/v2\/comments?post=477354"}],"wp:featuredmedia":[{"embeddable":true,"href":"https:\/\/bogensportdiscount.ch\/fr\/wp-json\/wp\/v2\/media\/452599"}],"wp:attachment":[{"href":"https:\/\/bogensportdiscount.ch\/fr\/wp-json\/wp\/v2\/media?parent=477354"}],"wp:term":[{"taxonomy":"product_brand","embeddable":true,"href":"https:\/\/bogensportdiscount.ch\/fr\/wp-json\/wp\/v2\/product_brand?post=477354"},{"taxonomy":"product_cat","embeddable":true,"href":"https:\/\/bogensportdiscount.ch\/fr\/wp-json\/wp\/v2\/product_cat?post=477354"},{"taxonomy":"product_tag","embeddable":true,"href":"https:\/\/bogensportdiscount.ch\/fr\/wp-json\/wp\/v2\/product_tag?post=477354"}],"curies":[{"name":"wp","href":"https:\/\/api.w.org\/{rel}","templated":true}]}}