{"id":477284,"date":"2026-04-19T11:38:47","date_gmt":"2026-04-19T09:38:47","guid":{"rendered":"https:\/\/bogensportdiscount.ch\/produkt\/easton-shaft-x27-2712-black-silver-12-pk\/"},"modified":"2026-04-19T17:28:31","modified_gmt":"2026-04-19T15:28:31","slug":"easton-shaft-x27-2712-black-silver-12er-pack","status":"publish","type":"product","link":"https:\/\/bogensportdiscount.ch\/fr\/produit\/easton-shaft-x27-2712-black-silver-12er-pack\/","title":{"rendered":"EASTON SHAFT X27 2712 SCHWARZ-SILBER 12\/PK"},"content":{"rendered":"<p>Der Easton Shaft X27 2712 ist ein hochwertiger Aluminium-Pfeilschaft mit pr\u00e4ziser Verarbeitung und konsistenter Qualit\u00e4t. Mit einer Geradheits-Toleranz von ,001 Zoll erf\u00fcllt dieser Schaft h\u00f6chste Anforderungen an Genauigkeit und Zuverl\u00e4ssigkeit im Bogensport.<\/p>\n<p>Die Black-Silver Farbgebung bietet eine ansprechende Optik und tr\u00e4gt zur optimalen Sichtbarkeit bei. Der X27 in der Gr\u00f6sse 2712 ist f\u00fcr verschiedene Bogensportanwendungen geeignet und liefert im praktischen 12er Pack eine ideale Menge f\u00fcr Training und Wettkampf.<\/p>\n<p>Als etablierter Hersteller von Bogensport-Ausr\u00fcstung garantiert Easton mit diesem Schaft konstante Performance und Langlebigkeit.<\/p>","protected":false},"excerpt":{"rendered":"<table>\n<tr>\n<th>Propri\u00e9t\u00e9<\/th>\n<th>Valeur<\/th>\n<\/tr>\n<tr>\n<td>Marque<\/td>\n<td>Easton<\/td>\n<\/tr>\n<tr>\n<td>Mod\u00e8le<\/td>\n<td>X27<\/td>\n<\/tr>\n<tr>\n<td>Taille<\/td>\n<td>2712<\/td>\n<\/tr>\n<tr>\n<td>Couleur<\/td>\n<td>Noir-Argent<\/td>\n<\/tr>\n<tr>\n<td>Geradheits-Toleranz<\/td>\n<td>,001 pouce<\/td>\n<\/tr>\n<tr>\n<td>Emballage<\/td>\n<td>Pack de 12<\/td>\n<\/tr>\n<\/table>","protected":false},"featured_media":452670,"comment_status":"open","ping_status":"closed","template":"","meta":[],"product_brand":[417],"product_cat":[4158,4235,4504],"product_tag":[3546],"class_list":{"0":"post-477284","1":"product","2":"type-product","3":"status-publish","4":"has-post-thumbnail","6":"product_brand-easton","7":"product_cat-pfeile-schaefte","8":"product_cat-pfeilschaefte","9":"product_cat-aluminium-schaefte","10":"product_tag-neuheit","12":"first","13":"instock","14":"shipping-taxable","15":"purchasable","16":"product-type-simple"},"_links":{"self":[{"href":"https:\/\/bogensportdiscount.ch\/fr\/wp-json\/wp\/v2\/product\/477284","targetHints":{"allow":["GET"]}}],"collection":[{"href":"https:\/\/bogensportdiscount.ch\/fr\/wp-json\/wp\/v2\/product"}],"about":[{"href":"https:\/\/bogensportdiscount.ch\/fr\/wp-json\/wp\/v2\/types\/product"}],"replies":[{"embeddable":true,"href":"https:\/\/bogensportdiscount.ch\/fr\/wp-json\/wp\/v2\/comments?post=477284"}],"wp:featuredmedia":[{"embeddable":true,"href":"https:\/\/bogensportdiscount.ch\/fr\/wp-json\/wp\/v2\/media\/452670"}],"wp:attachment":[{"href":"https:\/\/bogensportdiscount.ch\/fr\/wp-json\/wp\/v2\/media?parent=477284"}],"wp:term":[{"taxonomy":"product_brand","embeddable":true,"href":"https:\/\/bogensportdiscount.ch\/fr\/wp-json\/wp\/v2\/product_brand?post=477284"},{"taxonomy":"product_cat","embeddable":true,"href":"https:\/\/bogensportdiscount.ch\/fr\/wp-json\/wp\/v2\/product_cat?post=477284"},{"taxonomy":"product_tag","embeddable":true,"href":"https:\/\/bogensportdiscount.ch\/fr\/wp-json\/wp\/v2\/product_tag?post=477284"}],"curies":[{"name":"wp","href":"https:\/\/api.w.org\/{rel}","templated":true}]}}