{"id":477277,"date":"2026-04-19T11:38:46","date_gmt":"2026-04-19T09:38:46","guid":{"rendered":"https:\/\/bogensportdiscount.ch\/produkt\/easton-break-off-stainless-steel-points-a-c-g-100-120-gr-12-pk\/"},"modified":"2026-05-14T07:21:34","modified_gmt":"2026-05-14T05:21:34","slug":"easton-break-off-edelstahl-spitzen-acg-100-120gr-12er-pack","status":"publish","type":"product","link":"https:\/\/bogensportdiscount.ch\/fr\/produit\/easton-break-off-edelstahl-spitzen-acg-100-120gr-12er-pack\/","title":{"rendered":"POINTES EASTON BREAK-OFF EN ACIER INOXYDABLE A\/C\/G 100-120 GR 12\/PK"},"content":{"rendered":"<p>Les pointes \u00e0 coller EASTON Break-Off en acier inoxydable sont des pointes de haute qualit\u00e9 pour fl\u00e8ches, alliant fiabilit\u00e9 et praticit\u00e9. Avec un poids de 100-120 GR, elles conviennent \u00e0 diff\u00e9rentes configurations de fl\u00e8ches et groupes cibles.<\/p>\n<p>Le syst\u00e8me Break-Off permet de changer ou d'adapter facilement les pointes si n\u00e9cessaire, sans endommager la fl\u00e8che enti\u00e8re. Le mat\u00e9riau en acier inoxydable offre durabilit\u00e9 et r\u00e9sistance \u00e0 la corrosion. Chaque pack de 12 vous fournit un stock suffisant pour l'entra\u00eenement et la comp\u00e9tition.<\/p>\n<ul>\n<li>Design Break-Off incassable<\/li>\n<li>Mat\u00e9riau en acier inoxydable pour une longue dur\u00e9e de vie<\/li>\n<li>Utilisation flexible avec diff\u00e9rents poids de fl\u00e8ches<\/li>\n<li>12 pointes par paquet<\/li>\n<\/ul>","protected":false},"excerpt":{"rendered":"<table>\n<tr>\n<th>Propri\u00e9t\u00e9<\/th>\n<th>Valeur<\/th>\n<\/tr>\n<tr>\n<td>Marque<\/td>\n<td>Easton<\/td>\n<\/tr>\n<tr>\n<td>Type<\/td>\n<td>Break-off<\/td>\n<\/tr>\n<tr>\n<td>Poids<\/td>\n<td>100-110-120 GR<\/td>\n<\/tr>\n<tr>\n<td>Quantit\u00e9<\/td>\n<td>Pack de 12<\/td>\n<\/tr>\n<tr>\n<td>GTIN<\/td>\n<td>723560169351<\/td>\n<\/tr>\n<\/table>","protected":false},"featured_media":522833,"comment_status":"open","ping_status":"closed","template":"","meta":[],"product_brand":[417],"product_cat":[4158,4511,4543],"product_tag":[3546],"class_list":{"0":"post-477277","1":"product","2":"type-product","3":"status-publish","4":"has-post-thumbnail","6":"product_brand-easton","7":"product_cat-pfeile-schaefte","8":"product_cat-pfeil-komponenten","9":"product_cat-einklebe-spitzen","10":"product_tag-neuheit","11":"product_shipping_class-bsd-standard","13":"first","14":"instock","15":"shipping-taxable","16":"purchasable","17":"product-type-simple"},"yoast_head":"<!-- This site is optimized with the Yoast SEO plugin v27.6 - https:\/\/yoast.com\/product\/yoast-seo-wordpress\/ -->\n<title>EASTON BREAK-OFF ROSTFREIE STAHL-SPITZEN A\/C\/G 100-120 GR 12\/PK - Bogensportdiscount \u2013 B\u00f6gen, Pfeile, Targets &amp; Zubeh\u00f6r<\/title>\n<meta name=\"description\" content=\"EASTON BREAK-OFF ROSTFREIE STAHL-SPITZEN A\/C\/G 100-120 GR 12\/PK g\u00fcnstig kaufen bei Bogensportdiscount \u2013 Top-Marken, schneller Versand aus der Schweiz.\" \/>\n<meta name=\"robots\" content=\"index, follow, max-snippet:-1, max-image-preview:large, max-video-preview:-1\" \/>\n<link rel=\"canonical\" href=\"https:\/\/bogensportdiscount.ch\/fr\/produit\/easton-break-off-edelstahl-spitzen-acg-100-120gr-12er-pack\/\" \/>\n<meta property=\"og:locale\" content=\"fr_FR\" \/>\n<meta property=\"og:type\" content=\"article\" \/>\n<meta property=\"og:title\" content=\"EASTON BREAK-OFF ROSTFREIE STAHL-SPITZEN A\/C\/G 100-120 GR 12\/PK - Bogensportdiscount \u2013 B\u00f6gen, Pfeile, Targets &amp; Zubeh\u00f6r\" \/>\n<meta property=\"og:description\" content=\"EASTON BREAK-OFF ROSTFREIE STAHL-SPITZEN A\/C\/G 100-120 GR 12\/PK g\u00fcnstig kaufen bei Bogensportdiscount \u2013 Top-Marken, schneller Versand aus der Schweiz.\" \/>\n<meta property=\"og:url\" content=\"https:\/\/bogensportdiscount.ch\/fr\/produit\/easton-break-off-edelstahl-spitzen-acg-100-120gr-12er-pack\/\" \/>\n<meta property=\"og:site_name\" content=\"Bogensportdiscount \u2013 B\u00f6gen, Pfeile, Targets &amp; Zubeh\u00f6r\" \/>\n<meta property=\"article:modified_time\" content=\"2026-05-14T05:21:34+00:00\" \/>\n<meta name=\"twitter:card\" content=\"summary_large_image\" \/>\n<script type=\"application\/ld+json\" class=\"yoast-schema-graph\">{\"@context\":\"https:\\\/\\\/schema.org\",\"@graph\":[{\"@type\":\"WebPage\",\"@id\":\"https:\\\/\\\/bogensportdiscount.ch\\\/produkt\\\/easton-break-off-edelstahl-spitzen-acg-100-120gr-12er-pack\\\/\",\"url\":\"https:\\\/\\\/bogensportdiscount.ch\\\/produkt\\\/easton-break-off-edelstahl-spitzen-acg-100-120gr-12er-pack\\\/\",\"name\":\"EASTON BREAK-OFF ROSTFREIE STAHL-SPITZEN A\\\/C\\\/G 100-120 GR 12\\\/PK - Bogensportdiscount \u2013 B\u00f6gen, Pfeile, Targets &amp; Zubeh\u00f6r\",\"isPartOf\":{\"@id\":\"https:\\\/\\\/bogensportdiscount.ch\\\/#website\"},\"primaryImageOfPage\":{\"@id\":\"https:\\\/\\\/bogensportdiscount.ch\\\/produkt\\\/easton-break-off-edelstahl-spitzen-acg-100-120gr-12er-pack\\\/#primaryimage\"},\"image\":{\"@id\":\"https:\\\/\\\/bogensportdiscount.ch\\\/produkt\\\/easton-break-off-edelstahl-spitzen-acg-100-120gr-12er-pack\\\/#primaryimage\"},\"thumbnailUrl\":\"https:\\\/\\\/bogensportdiscount.ch\\\/wp-content\\\/uploads\\\/2026\\\/04\\\/a029613_1.jpg\",\"datePublished\":\"2026-04-19T09:38:46+00:00\",\"dateModified\":\"2026-05-14T05:21:34+00:00\",\"description\":\"EASTON BREAK-OFF ROSTFREIE STAHL-SPITZEN A\\\/C\\\/G 100-120 GR 12\\\/PK g\u00fcnstig kaufen bei Bogensportdiscount \u2013 Top-Marken, schneller Versand aus der Schweiz.\",\"breadcrumb\":{\"@id\":\"https:\\\/\\\/bogensportdiscount.ch\\\/produkt\\\/easton-break-off-edelstahl-spitzen-acg-100-120gr-12er-pack\\\/#breadcrumb\"},\"inLanguage\":\"fr-FR\",\"potentialAction\":[{\"@type\":\"ReadAction\",\"target\":[\"https:\\\/\\\/bogensportdiscount.ch\\\/produkt\\\/easton-break-off-edelstahl-spitzen-acg-100-120gr-12er-pack\\\/\"]}]},{\"@type\":\"ImageObject\",\"inLanguage\":\"fr-FR\",\"@id\":\"https:\\\/\\\/bogensportdiscount.ch\\\/produkt\\\/easton-break-off-edelstahl-spitzen-acg-100-120gr-12er-pack\\\/#primaryimage\",\"url\":\"https:\\\/\\\/bogensportdiscount.ch\\\/wp-content\\\/uploads\\\/2026\\\/04\\\/a029613_1.jpg\",\"contentUrl\":\"https:\\\/\\\/bogensportdiscount.ch\\\/wp-content\\\/uploads\\\/2026\\\/04\\\/a029613_1.jpg\",\"width\":84,\"height\":13},{\"@type\":\"BreadcrumbList\",\"@id\":\"https:\\\/\\\/bogensportdiscount.ch\\\/produkt\\\/easton-break-off-edelstahl-spitzen-acg-100-120gr-12er-pack\\\/#breadcrumb\",\"itemListElement\":[{\"@type\":\"ListItem\",\"position\":1,\"name\":\"Home\",\"item\":\"https:\\\/\\\/bogensportdiscount.ch\\\/\"},{\"@type\":\"ListItem\",\"position\":2,\"name\":\"Shop\",\"item\":\"https:\\\/\\\/bogensportdiscount.ch\\\/shop\\\/\"},{\"@type\":\"ListItem\",\"position\":3,\"name\":\"EASTON BREAK-OFF STAINLESS STEEL POINTS A\\\/C\\\/G 100-120 GR 12\\\/PK\"}]},{\"@type\":\"WebSite\",\"@id\":\"https:\\\/\\\/bogensportdiscount.ch\\\/#website\",\"url\":\"https:\\\/\\\/bogensportdiscount.ch\\\/\",\"name\":\"Bogensportdiscount\",\"description\":\"\",\"potentialAction\":[{\"@type\":\"SearchAction\",\"target\":{\"@type\":\"EntryPoint\",\"urlTemplate\":\"https:\\\/\\\/bogensportdiscount.ch\\\/?s={search_term_string}\"},\"query-input\":{\"@type\":\"PropertyValueSpecification\",\"valueRequired\":true,\"valueName\":\"search_term_string\"}}],\"inLanguage\":\"fr-FR\"}]}<\/script>\n<!-- \/ Yoast SEO plugin. -->","yoast_head_json":{"title":"EASTON BREAK-OFF ROSTFREIE STAHL-SPITZEN A\/C\/G 100-120 GR 12\/PK - Bogensportdiscount \u2013 B\u00f6gen, Pfeile, Targets &amp; Zubeh\u00f6r","description":"EASTON BREAK-OFF ROSTFREIE STAHL-SPITZEN A\/C\/G 100-120 GR 12\/PK g\u00fcnstig kaufen bei Bogensportdiscount \u2013 Top-Marken, schneller Versand aus der Schweiz.","robots":{"index":"index","follow":"follow","max-snippet":"max-snippet:-1","max-image-preview":"max-image-preview:large","max-video-preview":"max-video-preview:-1"},"canonical":"https:\/\/bogensportdiscount.ch\/fr\/produit\/easton-break-off-edelstahl-spitzen-acg-100-120gr-12er-pack\/","og_locale":"fr_FR","og_type":"article","og_title":"EASTON BREAK-OFF ROSTFREIE STAHL-SPITZEN A\/C\/G 100-120 GR 12\/PK - Bogensportdiscount \u2013 B\u00f6gen, Pfeile, Targets &amp; Zubeh\u00f6r","og_description":"EASTON BREAK-OFF ROSTFREIE STAHL-SPITZEN A\/C\/G 100-120 GR 12\/PK g\u00fcnstig kaufen bei Bogensportdiscount \u2013 Top-Marken, schneller Versand aus der Schweiz.","og_url":"https:\/\/bogensportdiscount.ch\/fr\/produit\/easton-break-off-edelstahl-spitzen-acg-100-120gr-12er-pack\/","og_site_name":"Bogensportdiscount \u2013 B\u00f6gen, Pfeile, Targets &amp; Zubeh\u00f6r","article_modified_time":"2026-05-14T05:21:34+00:00","twitter_card":"summary_large_image","schema":{"@context":"https:\/\/schema.org","@graph":[{"@type":"WebPage","@id":"https:\/\/bogensportdiscount.ch\/produkt\/easton-break-off-edelstahl-spitzen-acg-100-120gr-12er-pack\/","url":"https:\/\/bogensportdiscount.ch\/produkt\/easton-break-off-edelstahl-spitzen-acg-100-120gr-12er-pack\/","name":"EASTON BREAK-OFF ROSTFREIE STAHL-SPITZEN A\/C\/G 100-120 GR 12\/PK - Bogensportdiscount \u2013 B\u00f6gen, Pfeile, Targets &amp; Zubeh\u00f6r","isPartOf":{"@id":"https:\/\/bogensportdiscount.ch\/#website"},"primaryImageOfPage":{"@id":"https:\/\/bogensportdiscount.ch\/produkt\/easton-break-off-edelstahl-spitzen-acg-100-120gr-12er-pack\/#primaryimage"},"image":{"@id":"https:\/\/bogensportdiscount.ch\/produkt\/easton-break-off-edelstahl-spitzen-acg-100-120gr-12er-pack\/#primaryimage"},"thumbnailUrl":"https:\/\/bogensportdiscount.ch\/wp-content\/uploads\/2026\/04\/a029613_1.jpg","datePublished":"2026-04-19T09:38:46+00:00","dateModified":"2026-05-14T05:21:34+00:00","description":"EASTON BREAK-OFF ROSTFREIE STAHL-SPITZEN A\/C\/G 100-120 GR 12\/PK g\u00fcnstig kaufen bei Bogensportdiscount \u2013 Top-Marken, schneller Versand aus der Schweiz.","breadcrumb":{"@id":"https:\/\/bogensportdiscount.ch\/produkt\/easton-break-off-edelstahl-spitzen-acg-100-120gr-12er-pack\/#breadcrumb"},"inLanguage":"fr-FR","potentialAction":[{"@type":"ReadAction","target":["https:\/\/bogensportdiscount.ch\/produkt\/easton-break-off-edelstahl-spitzen-acg-100-120gr-12er-pack\/"]}]},{"@type":"ImageObject","inLanguage":"fr-FR","@id":"https:\/\/bogensportdiscount.ch\/produkt\/easton-break-off-edelstahl-spitzen-acg-100-120gr-12er-pack\/#primaryimage","url":"https:\/\/bogensportdiscount.ch\/wp-content\/uploads\/2026\/04\/a029613_1.jpg","contentUrl":"https:\/\/bogensportdiscount.ch\/wp-content\/uploads\/2026\/04\/a029613_1.jpg","width":84,"height":13},{"@type":"BreadcrumbList","@id":"https:\/\/bogensportdiscount.ch\/produkt\/easton-break-off-edelstahl-spitzen-acg-100-120gr-12er-pack\/#breadcrumb","itemListElement":[{"@type":"ListItem","position":1,"name":"Home","item":"https:\/\/bogensportdiscount.ch\/"},{"@type":"ListItem","position":2,"name":"Shop","item":"https:\/\/bogensportdiscount.ch\/shop\/"},{"@type":"ListItem","position":3,"name":"EASTON BREAK-OFF STAINLESS STEEL POINTS A\/C\/G 100-120 GR 12\/PK"}]},{"@type":"WebSite","@id":"https:\/\/bogensportdiscount.ch\/#website","url":"https:\/\/bogensportdiscount.ch\/","name":"Bogensportdiscount","description":"","potentialAction":[{"@type":"SearchAction","target":{"@type":"EntryPoint","urlTemplate":"https:\/\/bogensportdiscount.ch\/?s={search_term_string}"},"query-input":{"@type":"PropertyValueSpecification","valueRequired":true,"valueName":"search_term_string"}}],"inLanguage":"fr-FR"}]}},"_links":{"self":[{"href":"https:\/\/bogensportdiscount.ch\/fr\/wp-json\/wp\/v2\/product\/477277","targetHints":{"allow":["GET"]}}],"collection":[{"href":"https:\/\/bogensportdiscount.ch\/fr\/wp-json\/wp\/v2\/product"}],"about":[{"href":"https:\/\/bogensportdiscount.ch\/fr\/wp-json\/wp\/v2\/types\/product"}],"replies":[{"embeddable":true,"href":"https:\/\/bogensportdiscount.ch\/fr\/wp-json\/wp\/v2\/comments?post=477277"}],"wp:featuredmedia":[{"embeddable":true,"href":"https:\/\/bogensportdiscount.ch\/fr\/wp-json\/wp\/v2\/media\/522833"}],"wp:attachment":[{"href":"https:\/\/bogensportdiscount.ch\/fr\/wp-json\/wp\/v2\/media?parent=477277"}],"wp:term":[{"taxonomy":"product_brand","embeddable":true,"href":"https:\/\/bogensportdiscount.ch\/fr\/wp-json\/wp\/v2\/product_brand?post=477277"},{"taxonomy":"product_cat","embeddable":true,"href":"https:\/\/bogensportdiscount.ch\/fr\/wp-json\/wp\/v2\/product_cat?post=477277"},{"taxonomy":"product_tag","embeddable":true,"href":"https:\/\/bogensportdiscount.ch\/fr\/wp-json\/wp\/v2\/product_tag?post=477277"}],"curies":[{"name":"wp","href":"https:\/\/api.w.org\/{rel}","templated":true}]}}