{"id":477275,"date":"2026-04-19T11:38:46","date_gmt":"2026-04-19T09:38:46","guid":{"rendered":"https:\/\/bogensportdiscount.ch\/produkt\/easton-scout-2-17-64-fluo-green-12-pk-overfit-nocks\/"},"modified":"2026-04-20T13:38:53","modified_gmt":"2026-04-20T11:38:53","slug":"easton-scout-2-17-64-fluorgruen-aufsteck-nocken-12er-pack-overfit","status":"publish","type":"product","link":"https:\/\/bogensportdiscount.ch\/fr\/produit\/easton-scout-2-17-64-fluorgruen-aufsteck-nocken-12er-pack-overfit\/","title":{"rendered":"EASTON SCOUT 2 17\/64 FLUO-GR\u00dcN 12\/PK OVERFIT NOCKS"},"content":{"rendered":"<p>Die Easton Scout 2 Aufsteck-Nocken sind hochwertige Ersatz- und Verschleissteile f\u00fcr Pfeilsch\u00e4fte mit 17\/64&#8243; Aussendurchmesser. Mit ihrer fluorgr\u00fcnen Farbe bieten sie gute Sichtbarkeit beim Schiessbetrieb und erm\u00f6glichen eine schnelle Kontrolle der Pfeile.<\/p>\n<p>Das 12er-Pack erm\u00f6glicht einen kosteng\u00fcnstigen Vorrat an Ersatznnocken. Die Overfit-Ausf\u00fchrung sorgt f\u00fcr optimalen Sitz und sichere Verankerung am Schaft. Scout 2 Nocken sind eine zuverl\u00e4ssige Wahl f\u00fcr Anf\u00e4nger und ambitionierte Bogensch\u00fctzen.<\/p>\n<ul>\n<li>Farbe: Fluorgr\u00fcn f\u00fcr gute Sichtbarkeit<\/li>\n<li>Kompatibel mit Sch\u00e4ften \u00d8 17\/64&#8243;<\/li>\n<li>12 pi\u00e8ces par emballage<\/li>\n<li>Overfit-Bauart f\u00fcr sicheren Halt<\/li>\n<\/ul>","protected":false},"excerpt":{"rendered":"<table>\n<tr>\n<th>Propri\u00e9t\u00e9<\/th>\n<th>Valeur<\/th>\n<\/tr>\n<tr>\n<td>Marque<\/td>\n<td>Easton<\/td>\n<\/tr>\n<tr>\n<td>Mod\u00e8le<\/td>\n<td>Scout 2<\/td>\n<\/tr>\n<tr>\n<td>Aussendurchmesser<\/td>\n<td>17\/64&#8243;<\/td>\n<\/tr>\n<tr>\n<td>Couleur<\/td>\n<td>Fluorgr\u00fcn<\/td>\n<\/tr>\n<tr>\n<td>Contenu<\/td>\n<td>12 pi\u00e8ces<\/td>\n<\/tr>\n<tr>\n<td>Bauart<\/td>\n<td>Overfit Aufsteck-Nocken<\/td>\n<\/tr>\n<\/table>","protected":false},"featured_media":0,"comment_status":"open","ping_status":"closed","template":"","meta":[],"product_brand":[417],"product_cat":[4158,4220,4221],"product_tag":[3546],"class_list":{"0":"post-477275","1":"product","2":"type-product","3":"status-publish","5":"product_brand-easton","6":"product_cat-pfeile-schaefte","7":"product_cat-vanes-nocks-wraps","8":"product_cat-aufsteck-nocken","9":"product_tag-neuheit","11":"first","12":"instock","13":"shipping-taxable","14":"purchasable","15":"product-type-simple"},"yoast_head":"<!-- This site is optimized with the Yoast SEO plugin v27.4 - https:\/\/yoast.com\/product\/yoast-seo-wordpress\/ -->\n<title>EASTON SCOUT 2 17\/64 FLUO-GR\u00dcN 12\/PK OVERFIT NOCKS - Bogensportdiscount \u2013 B\u00f6gen, Pfeile, Targets &amp; Zubeh\u00f6r<\/title>\n<meta name=\"robots\" content=\"noindex, follow, max-snippet:-1, max-image-preview:large, max-video-preview:-1\" \/>\n<meta property=\"og:locale\" content=\"fr_FR\" \/>\n<meta property=\"og:type\" content=\"article\" \/>\n<meta property=\"og:title\" content=\"EASTON SCOUT 2 17\/64 FLUO-GR\u00dcN 12\/PK OVERFIT NOCKS - Bogensportdiscount \u2013 B\u00f6gen, Pfeile, Targets &amp; Zubeh\u00f6r\" \/>\n<meta property=\"og:description\" content=\"EigenschaftWertMarkeEastonModellScout 2Aussendurchmesser17\/64&quot;FarbeFluorgr\u00fcnInhalt12 St\u00fcckBauartOverfit Aufsteck-Nocken\" \/>\n<meta property=\"og:url\" content=\"https:\/\/bogensportdiscount.ch\/fr\/prodotto\/easton-scout-2-17-64-fluorgruen-aufsteck-nocken-12er-pack-overfit\/\" \/>\n<meta property=\"og:site_name\" content=\"Bogensportdiscount \u2013 B\u00f6gen, Pfeile, Targets &amp; Zubeh\u00f6r\" \/>\n<meta property=\"article:modified_time\" content=\"2026-04-20T11:38:53+00:00\" \/>\n<meta name=\"twitter:card\" content=\"summary_large_image\" \/>\n<script type=\"application\/ld+json\" class=\"yoast-schema-graph\">{\"@context\":\"https:\\\/\\\/schema.org\",\"@graph\":[{\"@type\":\"WebPage\",\"@id\":\"https:\\\/\\\/bogensportdiscount.ch\\\/it\\\/prodotto\\\/easton-scout-2-17-64-fluorgruen-aufsteck-nocken-12er-pack-overfit\\\/\",\"url\":\"https:\\\/\\\/bogensportdiscount.ch\\\/it\\\/prodotto\\\/easton-scout-2-17-64-fluorgruen-aufsteck-nocken-12er-pack-overfit\\\/\",\"name\":\"EASTON SCOUT 2 17\\\/64 FLUO-GR\u00dcN 12\\\/PK OVERFIT NOCKS - Bogensportdiscount \u2013 B\u00f6gen, Pfeile, Targets &amp; Zubeh\u00f6r\",\"isPartOf\":{\"@id\":\"https:\\\/\\\/bogensportdiscount.ch\\\/#website\"},\"datePublished\":\"2026-04-19T09:38:46+00:00\",\"dateModified\":\"2026-04-20T11:38:53+00:00\",\"breadcrumb\":{\"@id\":\"https:\\\/\\\/bogensportdiscount.ch\\\/it\\\/prodotto\\\/easton-scout-2-17-64-fluorgruen-aufsteck-nocken-12er-pack-overfit\\\/#breadcrumb\"},\"inLanguage\":\"fr-FR\",\"potentialAction\":[{\"@type\":\"ReadAction\",\"target\":[\"https:\\\/\\\/bogensportdiscount.ch\\\/it\\\/prodotto\\\/easton-scout-2-17-64-fluorgruen-aufsteck-nocken-12er-pack-overfit\\\/\"]}]},{\"@type\":\"BreadcrumbList\",\"@id\":\"https:\\\/\\\/bogensportdiscount.ch\\\/it\\\/prodotto\\\/easton-scout-2-17-64-fluorgruen-aufsteck-nocken-12er-pack-overfit\\\/#breadcrumb\",\"itemListElement\":[{\"@type\":\"ListItem\",\"position\":1,\"name\":\"Home\",\"item\":\"https:\\\/\\\/bogensportdiscount.ch\\\/\"},{\"@type\":\"ListItem\",\"position\":2,\"name\":\"Shop\",\"item\":\"https:\\\/\\\/bogensportdiscount.ch\\\/shop\\\/\"},{\"@type\":\"ListItem\",\"position\":3,\"name\":\"EASTON SCOUT 2 17\\\/64 FLUO-GR\u00dcN 12\\\/PK OVERFIT NOCKS\"}]},{\"@type\":\"WebSite\",\"@id\":\"https:\\\/\\\/bogensportdiscount.ch\\\/#website\",\"url\":\"https:\\\/\\\/bogensportdiscount.ch\\\/\",\"name\":\"Bogensportdiscount\",\"description\":\"\",\"potentialAction\":[{\"@type\":\"SearchAction\",\"target\":{\"@type\":\"EntryPoint\",\"urlTemplate\":\"https:\\\/\\\/bogensportdiscount.ch\\\/?s={search_term_string}\"},\"query-input\":{\"@type\":\"PropertyValueSpecification\",\"valueRequired\":true,\"valueName\":\"search_term_string\"}}],\"inLanguage\":\"fr-FR\"}]}<\/script>\n<!-- \/ Yoast SEO plugin. -->","yoast_head_json":{"title":"EASTON SCOUT 2 17\/64 FLUO-GR\u00dcN 12\/PK OVERFIT NOCKS - Bogensportdiscount \u2013 B\u00f6gen, Pfeile, Targets &amp; Zubeh\u00f6r","robots":{"index":"noindex","follow":"follow","max-snippet":"max-snippet:-1","max-image-preview":"max-image-preview:large","max-video-preview":"max-video-preview:-1"},"og_locale":"fr_FR","og_type":"article","og_title":"EASTON SCOUT 2 17\/64 FLUO-GR\u00dcN 12\/PK OVERFIT NOCKS - Bogensportdiscount \u2013 B\u00f6gen, Pfeile, Targets &amp; Zubeh\u00f6r","og_description":"EigenschaftWertMarkeEastonModellScout 2Aussendurchmesser17\/64\"FarbeFluorgr\u00fcnInhalt12 St\u00fcckBauartOverfit Aufsteck-Nocken","og_url":"https:\/\/bogensportdiscount.ch\/fr\/prodotto\/easton-scout-2-17-64-fluorgruen-aufsteck-nocken-12er-pack-overfit\/","og_site_name":"Bogensportdiscount \u2013 B\u00f6gen, Pfeile, Targets &amp; Zubeh\u00f6r","article_modified_time":"2026-04-20T11:38:53+00:00","twitter_card":"summary_large_image","schema":{"@context":"https:\/\/schema.org","@graph":[{"@type":"WebPage","@id":"https:\/\/bogensportdiscount.ch\/it\/prodotto\/easton-scout-2-17-64-fluorgruen-aufsteck-nocken-12er-pack-overfit\/","url":"https:\/\/bogensportdiscount.ch\/it\/prodotto\/easton-scout-2-17-64-fluorgruen-aufsteck-nocken-12er-pack-overfit\/","name":"EASTON SCOUT 2 17\/64 FLUO-GR\u00dcN 12\/PK OVERFIT NOCKS - Bogensportdiscount \u2013 B\u00f6gen, Pfeile, Targets &amp; Zubeh\u00f6r","isPartOf":{"@id":"https:\/\/bogensportdiscount.ch\/#website"},"datePublished":"2026-04-19T09:38:46+00:00","dateModified":"2026-04-20T11:38:53+00:00","breadcrumb":{"@id":"https:\/\/bogensportdiscount.ch\/it\/prodotto\/easton-scout-2-17-64-fluorgruen-aufsteck-nocken-12er-pack-overfit\/#breadcrumb"},"inLanguage":"fr-FR","potentialAction":[{"@type":"ReadAction","target":["https:\/\/bogensportdiscount.ch\/it\/prodotto\/easton-scout-2-17-64-fluorgruen-aufsteck-nocken-12er-pack-overfit\/"]}]},{"@type":"BreadcrumbList","@id":"https:\/\/bogensportdiscount.ch\/it\/prodotto\/easton-scout-2-17-64-fluorgruen-aufsteck-nocken-12er-pack-overfit\/#breadcrumb","itemListElement":[{"@type":"ListItem","position":1,"name":"Home","item":"https:\/\/bogensportdiscount.ch\/"},{"@type":"ListItem","position":2,"name":"Shop","item":"https:\/\/bogensportdiscount.ch\/shop\/"},{"@type":"ListItem","position":3,"name":"EASTON SCOUT 2 17\/64 FLUO-GR\u00dcN 12\/PK OVERFIT NOCKS"}]},{"@type":"WebSite","@id":"https:\/\/bogensportdiscount.ch\/#website","url":"https:\/\/bogensportdiscount.ch\/","name":"Bogensportdiscount","description":"","potentialAction":[{"@type":"SearchAction","target":{"@type":"EntryPoint","urlTemplate":"https:\/\/bogensportdiscount.ch\/?s={search_term_string}"},"query-input":{"@type":"PropertyValueSpecification","valueRequired":true,"valueName":"search_term_string"}}],"inLanguage":"fr-FR"}]}},"_links":{"self":[{"href":"https:\/\/bogensportdiscount.ch\/fr\/wp-json\/wp\/v2\/product\/477275","targetHints":{"allow":["GET"]}}],"collection":[{"href":"https:\/\/bogensportdiscount.ch\/fr\/wp-json\/wp\/v2\/product"}],"about":[{"href":"https:\/\/bogensportdiscount.ch\/fr\/wp-json\/wp\/v2\/types\/product"}],"replies":[{"embeddable":true,"href":"https:\/\/bogensportdiscount.ch\/fr\/wp-json\/wp\/v2\/comments?post=477275"}],"wp:attachment":[{"href":"https:\/\/bogensportdiscount.ch\/fr\/wp-json\/wp\/v2\/media?parent=477275"}],"wp:term":[{"taxonomy":"product_brand","embeddable":true,"href":"https:\/\/bogensportdiscount.ch\/fr\/wp-json\/wp\/v2\/product_brand?post=477275"},{"taxonomy":"product_cat","embeddable":true,"href":"https:\/\/bogensportdiscount.ch\/fr\/wp-json\/wp\/v2\/product_cat?post=477275"},{"taxonomy":"product_tag","embeddable":true,"href":"https:\/\/bogensportdiscount.ch\/fr\/wp-json\/wp\/v2\/product_tag?post=477275"}],"curies":[{"name":"wp","href":"https:\/\/api.w.org\/{rel}","templated":true}]}}