{"id":477253,"date":"2026-04-19T11:38:43","date_gmt":"2026-04-19T09:38:43","guid":{"rendered":"https:\/\/bogensportdiscount.ch\/produkt\/easton-target-quivers-flipside-2-tube-quiver-r-l-mossy-oak-bottomland-no-belt-included\/"},"modified":"2026-05-14T07:21:34","modified_gmt":"2026-05-14T05:21:34","slug":"easton-target-quivers-flipside-2-tube-koecher-rl-mossy-oak-bottomland","status":"publish","type":"product","link":"https:\/\/bogensportdiscount.ch\/fr\/produit\/easton-target-quivers-flipside-2-tube-koecher-rl-mossy-oak-bottomland\/","title":{"rendered":"EASTON TARGET QUIVERS FLIPSIDE 2-TUBE QUIVER R\/L MOSSY OAK BOTTOMLAND NO BELT INCLUDED"},"content":{"rendered":"<p>Le carquois EASTON Target Quivers Flipside 2-Tube est un carquois lat\u00e9ral l\u00e9ger et compact, id\u00e9al pour les archers recherchant une solution peu encombrante. Avec deux tubes s\u00e9par\u00e9s, il offre un maintien s\u00e9curis\u00e9 des fl\u00e8ches et se fixe facilement \u00e0 la ceinture de l'arc.<\/p>\n<p>Le robuste motif camouflage MOSSY OAK Bottomland permet une int\u00e9gration parfaite dans un environnement naturel \u2014 id\u00e9al pour la chasse et le tir en campagne. Le carquois est con\u00e7u pour les droitiers et les gauchers et offre de nombreuses possibilit\u00e9s d'utilisation.<\/p>\n<p>Contenu de la livraison : carquois sans ceinture \u2014 id\u00e9al si vous disposez d\u00e9j\u00e0 d'une ceinture compatible.<\/p>","protected":false},"excerpt":{"rendered":"<table>\n<tr>\n<th>Propri\u00e9t\u00e9<\/th>\n<th>Valeur<\/th>\n<\/tr>\n<tr>\n<td>Marque<\/td>\n<td>Easton<\/td>\n<\/tr>\n<tr>\n<td>Couleur<\/td>\n<td>Camo<\/td>\n<\/tr>\n<tr>\n<td>Hand (LH\/RH)<\/td>\n<td>Ambidextre<\/td>\n<\/tr>\n<tr>\n<td>Pays d'origine<\/td>\n<td>USA<\/td>\n<\/tr>\n<tr>\n<td>GTIN<\/td>\n<td>723560024957<\/td>\n<\/tr>\n<\/table>","protected":false},"featured_media":524887,"comment_status":"open","ping_status":"closed","template":"","meta":[],"product_brand":[417],"product_cat":[4124,4145,4284],"product_tag":[3546],"class_list":{"0":"post-477253","1":"product","2":"type-product","3":"status-publish","4":"has-post-thumbnail","6":"product_brand-easton","7":"product_cat-bogenschuetzer-ausruestung","8":"product_cat-koecher-guerteltasche","9":"product_cat-seitenkoecher","10":"product_tag-neuheit","11":"product_shipping_class-bsd-standard","13":"first","14":"instock","15":"shipping-taxable","16":"purchasable","17":"product-type-simple"},"yoast_head":"<!-- This site is optimized with the Yoast SEO plugin v27.6 - https:\/\/yoast.com\/product\/yoast-seo-wordpress\/ -->\n<title>EASTON TARGET QUIVERS FLIPSIDE 2-TUBE QUIVER R\/L MOSSY OAK BOTTOMLAND SANS CEINTURE - Bogensportdiscount \u2013 Arcs, fl\u00e8ches, cibles et accessoires<\/title>\n<meta name=\"description\" content=\"Achetez le carquois EASTON TARGET FLIPSIDE 2-TUBE R\/L MOSSY OAK BOTTOMLAND (ceinture non incluse) \u00e0 un prix avantageux chez Bogensportdiscount \u2013 Grandes marques, livraison rapide depuis la Suisse.\" \/>\n<meta name=\"robots\" content=\"index, follow, max-snippet:-1, max-image-preview:large, max-video-preview:-1\" \/>\n<link rel=\"canonical\" href=\"https:\/\/bogensportdiscount.ch\/fr\/produit\/easton-target-quivers-flipside-2-tube-koecher-rl-mossy-oak-bottomland\/\" \/>\n<meta property=\"og:locale\" content=\"fr_FR\" \/>\n<meta property=\"og:type\" content=\"article\" \/>\n<meta property=\"og:title\" content=\"EASTON TARGET QUIVERS FLIPSIDE 2-TUBE QUIVER R\/L MOSSY OAK BOTTOMLAND SANS CEINTURE - Bogensportdiscount \u2013 Arcs, fl\u00e8ches, cibles et accessoires\" \/>\n<meta property=\"og:description\" content=\"Achetez le carquois EASTON TARGET FLIPSIDE 2-TUBE R\/L MOSSY OAK BOTTOMLAND (ceinture non incluse) \u00e0 un prix avantageux chez Bogensportdiscount \u2013 Grandes marques, livraison rapide depuis la Suisse.\" \/>\n<meta property=\"og:url\" content=\"https:\/\/bogensportdiscount.ch\/fr\/produit\/easton-target-quivers-flipside-2-tube-koecher-rl-mossy-oak-bottomland\/\" \/>\n<meta property=\"og:site_name\" content=\"Bogensportdiscount \u2013 B\u00f6gen, Pfeile, Targets &amp; Zubeh\u00f6r\" \/>\n<meta property=\"article:modified_time\" content=\"2026-05-14T05:21:34+00:00\" \/>\n<meta property=\"og:image\" content=\"https:\/\/bogensportdiscount.ch\/wp-content\/uploads\/bsm-images\/A101379_1.png\" \/>\n\t<meta property=\"og:image:width\" content=\"600\" \/>\n\t<meta property=\"og:image:height\" content=\"600\" \/>\n\t<meta property=\"og:image:type\" content=\"image\/png\" \/>\n<meta name=\"twitter:card\" content=\"summary_large_image\" \/>\n<script type=\"application\/ld+json\" class=\"yoast-schema-graph\">{\"@context\":\"https:\\\/\\\/schema.org\",\"@graph\":[{\"@type\":\"WebPage\",\"@id\":\"https:\\\/\\\/bogensportdiscount.ch\\\/produkt\\\/easton-target-quivers-flipside-2-tube-koecher-rl-mossy-oak-bottomland\\\/\",\"url\":\"https:\\\/\\\/bogensportdiscount.ch\\\/produkt\\\/easton-target-quivers-flipside-2-tube-koecher-rl-mossy-oak-bottomland\\\/\",\"name\":\"EASTON TARGET QUIVERS FLIPSIDE 2-TUBE QUIVER R\\\/L MOSSY OAK BOTTOMLAND NO BELT INCLUDED - Bogensportdiscount \u2013 B\u00f6gen, Pfeile, Targets &amp; Zubeh\u00f6r\",\"isPartOf\":{\"@id\":\"https:\\\/\\\/bogensportdiscount.ch\\\/#website\"},\"primaryImageOfPage\":{\"@id\":\"https:\\\/\\\/bogensportdiscount.ch\\\/produkt\\\/easton-target-quivers-flipside-2-tube-koecher-rl-mossy-oak-bottomland\\\/#primaryimage\"},\"image\":{\"@id\":\"https:\\\/\\\/bogensportdiscount.ch\\\/produkt\\\/easton-target-quivers-flipside-2-tube-koecher-rl-mossy-oak-bottomland\\\/#primaryimage\"},\"thumbnailUrl\":\"https:\\\/\\\/bogensportdiscount.ch\\\/wp-content\\\/uploads\\\/bsm-images\\\/A101379_1.png\",\"datePublished\":\"2026-04-19T09:38:43+00:00\",\"dateModified\":\"2026-05-14T05:21:34+00:00\",\"description\":\"EASTON TARGET QUIVERS FLIPSIDE 2-TUBE QUIVER R\\\/L MOSSY OAK BOTTOMLAND NO BELT INCLUDED g\u00fcnstig kaufen bei Bogensportdiscount \u2013 Top-Marken, schneller Versand aus der Schweiz.\",\"breadcrumb\":{\"@id\":\"https:\\\/\\\/bogensportdiscount.ch\\\/produkt\\\/easton-target-quivers-flipside-2-tube-koecher-rl-mossy-oak-bottomland\\\/#breadcrumb\"},\"inLanguage\":\"fr-FR\",\"potentialAction\":[{\"@type\":\"ReadAction\",\"target\":[\"https:\\\/\\\/bogensportdiscount.ch\\\/produkt\\\/easton-target-quivers-flipside-2-tube-koecher-rl-mossy-oak-bottomland\\\/\"]}]},{\"@type\":\"ImageObject\",\"inLanguage\":\"fr-FR\",\"@id\":\"https:\\\/\\\/bogensportdiscount.ch\\\/produkt\\\/easton-target-quivers-flipside-2-tube-koecher-rl-mossy-oak-bottomland\\\/#primaryimage\",\"url\":\"https:\\\/\\\/bogensportdiscount.ch\\\/wp-content\\\/uploads\\\/bsm-images\\\/A101379_1.png\",\"contentUrl\":\"https:\\\/\\\/bogensportdiscount.ch\\\/wp-content\\\/uploads\\\/bsm-images\\\/A101379_1.png\",\"width\":600,\"height\":600},{\"@type\":\"BreadcrumbList\",\"@id\":\"https:\\\/\\\/bogensportdiscount.ch\\\/produkt\\\/easton-target-quivers-flipside-2-tube-koecher-rl-mossy-oak-bottomland\\\/#breadcrumb\",\"itemListElement\":[{\"@type\":\"ListItem\",\"position\":1,\"name\":\"Home\",\"item\":\"https:\\\/\\\/bogensportdiscount.ch\\\/\"},{\"@type\":\"ListItem\",\"position\":2,\"name\":\"Shop\",\"item\":\"https:\\\/\\\/bogensportdiscount.ch\\\/shop\\\/\"},{\"@type\":\"ListItem\",\"position\":3,\"name\":\"EASTON TARGET QUIVERS FLIPSIDE 2-TUBE QUIVER R\\\/L MOSSY OAK BOTTOMLAND NO BELT INCLUDED\"}]},{\"@type\":\"WebSite\",\"@id\":\"https:\\\/\\\/bogensportdiscount.ch\\\/#website\",\"url\":\"https:\\\/\\\/bogensportdiscount.ch\\\/\",\"name\":\"Bogensportdiscount\",\"description\":\"\",\"potentialAction\":[{\"@type\":\"SearchAction\",\"target\":{\"@type\":\"EntryPoint\",\"urlTemplate\":\"https:\\\/\\\/bogensportdiscount.ch\\\/?s={search_term_string}\"},\"query-input\":{\"@type\":\"PropertyValueSpecification\",\"valueRequired\":true,\"valueName\":\"search_term_string\"}}],\"inLanguage\":\"fr-FR\"}]}<\/script>\n<!-- \/ Yoast SEO plugin. -->","yoast_head_json":{"title":"EASTON TARGET QUIVERS FLIPSIDE 2-TUBE QUIVER R\/L MOSSY OAK BOTTOMLAND SANS CEINTURE - Bogensportdiscount \u2013 Arcs, fl\u00e8ches, cibles et accessoires","description":"Achetez le carquois EASTON TARGET FLIPSIDE 2-TUBE R\/L MOSSY OAK BOTTOMLAND (ceinture non incluse) \u00e0 un prix avantageux chez Bogensportdiscount \u2013 Grandes marques, livraison rapide depuis la Suisse.","robots":{"index":"index","follow":"follow","max-snippet":"max-snippet:-1","max-image-preview":"max-image-preview:large","max-video-preview":"max-video-preview:-1"},"canonical":"https:\/\/bogensportdiscount.ch\/fr\/produit\/easton-target-quivers-flipside-2-tube-koecher-rl-mossy-oak-bottomland\/","og_locale":"fr_FR","og_type":"article","og_title":"EASTON TARGET QUIVERS FLIPSIDE 2-TUBE QUIVER R\/L MOSSY OAK BOTTOMLAND SANS CEINTURE - Bogensportdiscount \u2013 Arcs, fl\u00e8ches, cibles et accessoires","og_description":"Achetez le carquois EASTON TARGET FLIPSIDE 2-TUBE R\/L MOSSY OAK BOTTOMLAND (ceinture non incluse) \u00e0 un prix avantageux chez Bogensportdiscount \u2013 Grandes marques, livraison rapide depuis la Suisse.","og_url":"https:\/\/bogensportdiscount.ch\/fr\/produit\/easton-target-quivers-flipside-2-tube-koecher-rl-mossy-oak-bottomland\/","og_site_name":"Bogensportdiscount \u2013 B\u00f6gen, Pfeile, Targets &amp; Zubeh\u00f6r","article_modified_time":"2026-05-14T05:21:34+00:00","og_image":[{"width":600,"height":600,"url":"https:\/\/bogensportdiscount.ch\/wp-content\/uploads\/bsm-images\/A101379_1.png","type":"image\/png"}],"twitter_card":"summary_large_image","schema":{"@context":"https:\/\/schema.org","@graph":[{"@type":"WebPage","@id":"https:\/\/bogensportdiscount.ch\/produkt\/easton-target-quivers-flipside-2-tube-koecher-rl-mossy-oak-bottomland\/","url":"https:\/\/bogensportdiscount.ch\/produkt\/easton-target-quivers-flipside-2-tube-koecher-rl-mossy-oak-bottomland\/","name":"EASTON TARGET QUIVERS FLIPSIDE 2-TUBE QUIVER R\/L MOSSY OAK BOTTOMLAND SANS CEINTURE - Bogensportdiscount \u2013 Arcs, fl\u00e8ches, cibles et accessoires","isPartOf":{"@id":"https:\/\/bogensportdiscount.ch\/#website"},"primaryImageOfPage":{"@id":"https:\/\/bogensportdiscount.ch\/produkt\/easton-target-quivers-flipside-2-tube-koecher-rl-mossy-oak-bottomland\/#primaryimage"},"image":{"@id":"https:\/\/bogensportdiscount.ch\/produkt\/easton-target-quivers-flipside-2-tube-koecher-rl-mossy-oak-bottomland\/#primaryimage"},"thumbnailUrl":"https:\/\/bogensportdiscount.ch\/wp-content\/uploads\/bsm-images\/A101379_1.png","datePublished":"2026-04-19T09:38:43+00:00","dateModified":"2026-05-14T05:21:34+00:00","description":"Achetez le carquois EASTON TARGET FLIPSIDE 2-TUBE R\/L MOSSY OAK BOTTOMLAND (ceinture non incluse) \u00e0 un prix avantageux chez Bogensportdiscount \u2013 Grandes marques, livraison rapide depuis la Suisse.","breadcrumb":{"@id":"https:\/\/bogensportdiscount.ch\/produkt\/easton-target-quivers-flipside-2-tube-koecher-rl-mossy-oak-bottomland\/#breadcrumb"},"inLanguage":"fr-FR","potentialAction":[{"@type":"ReadAction","target":["https:\/\/bogensportdiscount.ch\/produkt\/easton-target-quivers-flipside-2-tube-koecher-rl-mossy-oak-bottomland\/"]}]},{"@type":"ImageObject","inLanguage":"fr-FR","@id":"https:\/\/bogensportdiscount.ch\/produkt\/easton-target-quivers-flipside-2-tube-koecher-rl-mossy-oak-bottomland\/#primaryimage","url":"https:\/\/bogensportdiscount.ch\/wp-content\/uploads\/bsm-images\/A101379_1.png","contentUrl":"https:\/\/bogensportdiscount.ch\/wp-content\/uploads\/bsm-images\/A101379_1.png","width":600,"height":600},{"@type":"BreadcrumbList","@id":"https:\/\/bogensportdiscount.ch\/produkt\/easton-target-quivers-flipside-2-tube-koecher-rl-mossy-oak-bottomland\/#breadcrumb","itemListElement":[{"@type":"ListItem","position":1,"name":"Home","item":"https:\/\/bogensportdiscount.ch\/"},{"@type":"ListItem","position":2,"name":"Shop","item":"https:\/\/bogensportdiscount.ch\/shop\/"},{"@type":"ListItem","position":3,"name":"EASTON TARGET QUIVERS FLIPSIDE 2-TUBE QUIVER R\/L MOSSY OAK BOTTOMLAND NO BELT INCLUDED"}]},{"@type":"WebSite","@id":"https:\/\/bogensportdiscount.ch\/#website","url":"https:\/\/bogensportdiscount.ch\/","name":"Bogensportdiscount","description":"","potentialAction":[{"@type":"SearchAction","target":{"@type":"EntryPoint","urlTemplate":"https:\/\/bogensportdiscount.ch\/?s={search_term_string}"},"query-input":{"@type":"PropertyValueSpecification","valueRequired":true,"valueName":"search_term_string"}}],"inLanguage":"fr-FR"}]}},"_links":{"self":[{"href":"https:\/\/bogensportdiscount.ch\/fr\/wp-json\/wp\/v2\/product\/477253","targetHints":{"allow":["GET"]}}],"collection":[{"href":"https:\/\/bogensportdiscount.ch\/fr\/wp-json\/wp\/v2\/product"}],"about":[{"href":"https:\/\/bogensportdiscount.ch\/fr\/wp-json\/wp\/v2\/types\/product"}],"replies":[{"embeddable":true,"href":"https:\/\/bogensportdiscount.ch\/fr\/wp-json\/wp\/v2\/comments?post=477253"}],"wp:featuredmedia":[{"embeddable":true,"href":"https:\/\/bogensportdiscount.ch\/fr\/wp-json\/wp\/v2\/media\/524887"}],"wp:attachment":[{"href":"https:\/\/bogensportdiscount.ch\/fr\/wp-json\/wp\/v2\/media?parent=477253"}],"wp:term":[{"taxonomy":"product_brand","embeddable":true,"href":"https:\/\/bogensportdiscount.ch\/fr\/wp-json\/wp\/v2\/product_brand?post=477253"},{"taxonomy":"product_cat","embeddable":true,"href":"https:\/\/bogensportdiscount.ch\/fr\/wp-json\/wp\/v2\/product_cat?post=477253"},{"taxonomy":"product_tag","embeddable":true,"href":"https:\/\/bogensportdiscount.ch\/fr\/wp-json\/wp\/v2\/product_tag?post=477253"}],"curies":[{"name":"wp","href":"https:\/\/api.w.org\/{rel}","templated":true}]}}