{"id":477242,"date":"2026-04-19T11:38:42","date_gmt":"2026-04-19T09:38:42","guid":{"rendered":"https:\/\/bogensportdiscount.ch\/produkt\/easton-arrows-fmj-4mm-250-match-grade-halfout-inserts-36-pk\/"},"modified":"2026-04-19T17:28:28","modified_gmt":"2026-04-19T15:28:28","slug":"easton-fmj-pfeile-4mm-250-match-grade-halfout-inserts-36er-pack","status":"publish","type":"product","link":"https:\/\/bogensportdiscount.ch\/fr\/produit\/easton-fmj-pfeile-4mm-250-match-grade-halfout-inserts-36er-pack\/","title":{"rendered":"EASTON PFEILE FMJ 4MM 250 MATCH GRADE HALFOUT INSERTS 36\/PK"},"content":{"rendered":"<p>Die Easton FMJ Pfeile sind hochwertige Match Grade Pfeile mit 4mm Durchmesser und 250er Spine. Sie eignen sich ideal f\u00fcr pr\u00e4zises Schiessen und Jagdanwendungen und bieten mit 36 Pfeilen pro Pack eine gute Grundausstattung.<\/p>\n<p>Die Halfout-Inserts sind speziell konzipiert f\u00fcr eine sichere und konsistente Montage von Broadheads und anderen Pfeilspitzen. Die Match Grade Fertigung gew\u00e4hrleistet hohe Qualit\u00e4tsstandards und Konsistenz von Pfeil zu Pfeil.<\/p>\n<ul>\n<li>4mm Durchmesser mit 250er Spine<\/li>\n<li>Match Grade Qualit\u00e4t f\u00fcr h\u00f6chste Pr\u00e4zision<\/li>\n<li>Halfout-Inserts f\u00fcr sichere Spitzenmontage<\/li>\n<li>36 Pfeile pro Pack<\/li>\n<\/ul>","protected":false},"excerpt":{"rendered":"<p><strong>Marque :<\/strong> Easton<br \/><strong>Couleur:<\/strong> Noir<br \/><strong>Spine:<\/strong> 250<br \/><strong>ID :<\/strong> 4<br \/><strong>Tol\u00e9rance de rectitude (pouce):<\/strong> ,001<br \/><strong>Contenu :<\/strong> 36\/Pk<br \/><strong>GTIN:<\/strong> 723560012169<\/p>","protected":false},"featured_media":453241,"comment_status":"open","ping_status":"closed","template":"","meta":[],"product_brand":[417],"product_cat":[4158,4286,4299],"product_tag":[3546],"class_list":{"0":"post-477242","1":"product","2":"type-product","3":"status-publish","4":"has-post-thumbnail","6":"product_brand-easton","7":"product_cat-pfeile-schaefte","8":"product_cat-befiederte-pfeile","9":"product_cat-befiederte-carbon-alu-jagd-pfeile","10":"product_tag-neuheit","12":"first","13":"instock","14":"shipping-taxable","15":"purchasable","16":"product-type-simple"},"_links":{"self":[{"href":"https:\/\/bogensportdiscount.ch\/fr\/wp-json\/wp\/v2\/product\/477242","targetHints":{"allow":["GET"]}}],"collection":[{"href":"https:\/\/bogensportdiscount.ch\/fr\/wp-json\/wp\/v2\/product"}],"about":[{"href":"https:\/\/bogensportdiscount.ch\/fr\/wp-json\/wp\/v2\/types\/product"}],"replies":[{"embeddable":true,"href":"https:\/\/bogensportdiscount.ch\/fr\/wp-json\/wp\/v2\/comments?post=477242"}],"wp:featuredmedia":[{"embeddable":true,"href":"https:\/\/bogensportdiscount.ch\/fr\/wp-json\/wp\/v2\/media\/453241"}],"wp:attachment":[{"href":"https:\/\/bogensportdiscount.ch\/fr\/wp-json\/wp\/v2\/media?parent=477242"}],"wp:term":[{"taxonomy":"product_brand","embeddable":true,"href":"https:\/\/bogensportdiscount.ch\/fr\/wp-json\/wp\/v2\/product_brand?post=477242"},{"taxonomy":"product_cat","embeddable":true,"href":"https:\/\/bogensportdiscount.ch\/fr\/wp-json\/wp\/v2\/product_cat?post=477242"},{"taxonomy":"product_tag","embeddable":true,"href":"https:\/\/bogensportdiscount.ch\/fr\/wp-json\/wp\/v2\/product_tag?post=477242"}],"curies":[{"name":"wp","href":"https:\/\/api.w.org\/{rel}","templated":true}]}}