{"id":477212,"date":"2026-04-19T11:38:38","date_gmt":"2026-04-19T09:38:38","guid":{"rendered":"https:\/\/bogensportdiscount.ch\/produkt\/easton-bow-truk-travel-roller-bowcase-gen-2-4716-gray\/"},"modified":"2026-05-14T07:21:33","modified_gmt":"2026-05-14T05:21:33","slug":"easton-bow-truk-travel-roller-bowcase-gen-2-4716-grau","status":"publish","type":"product","link":"https:\/\/bogensportdiscount.ch\/fr\/produit\/easton-bow-truk-travel-roller-bowcase-gen-2-4716-grau\/","title":{"rendered":"EASTON BOW TRUK TRAVEL ROLLER BOWCASE - GEN 2 4716 GRAY"},"content":{"rendered":"<p>Le EASTON Bow Truk Travel Roller Bowcase Gen 2 4716 est une housse de voyage robuste sp\u00e9cialement con\u00e7ue pour le transport d'arcs \u00e0 poulies. Gr\u00e2ce \u00e0 son syst\u00e8me de roulettes, il permet une man\u0153uvre ais\u00e9e dans les a\u00e9roports et sur les sites de comp\u00e9tition.<\/p>\n<p>La deuxi\u00e8me g\u00e9n\u00e9ration offre une fonctionnalit\u00e9 et une protection am\u00e9lior\u00e9es pour votre \u00e9quipement de tir \u00e0 l'arc. La construction robuste prot\u00e8ge votre arc des dommages lors du transport et du stockage.<\/p>\n<p>Id\u00e9al pour les archers qui se rendent r\u00e9guli\u00e8rement \u00e0 des tournois et des \u00e9v\u00e9nements d'entra\u00eenement, ou souhaitant stocker leur \u00e9quipement de mani\u00e8re professionnelle.<\/p>","protected":false},"excerpt":{"rendered":"<table>\n<tr>\n<th>Propri\u00e9t\u00e9<\/th>\n<th>Valeur<\/th>\n<\/tr>\n<tr>\n<td>Marque<\/td>\n<td>Easton<\/td>\n<\/tr>\n<tr>\n<td>Couleur<\/td>\n<td>Gris<\/td>\n<\/tr>\n<tr>\n<td>Mod\u00e8le<\/td>\n<td>Bow Truk Travel Roller Gen 2 4716<\/td>\n<\/tr>\n<tr>\n<td>GTIN<\/td>\n<td>723560313129<\/td>\n<\/tr>\n<\/table>","protected":false},"featured_media":524909,"comment_status":"open","ping_status":"closed","template":"","meta":[],"product_brand":[417],"product_cat":[4124,4125,4207],"product_tag":[3546],"class_list":{"0":"post-477212","1":"product","2":"type-product","3":"status-publish","4":"has-post-thumbnail","6":"product_brand-easton","7":"product_cat-bogenschuetzer-ausruestung","8":"product_cat-taschen-koffer","9":"product_cat-compound-koffer","10":"product_tag-neuheit","11":"product_shipping_class-bsd-sperrgut","13":"first","14":"instock","15":"shipping-taxable","16":"purchasable","17":"product-type-simple"},"yoast_head":"<!-- This site is optimized with the Yoast SEO plugin v27.6 - https:\/\/yoast.com\/product\/yoast-seo-wordpress\/ -->\n<title>EASTON BOW TRUK TRAVEL ROLLER BOWCASE - GEN 2 4716 GRAY - Bogensportdiscount \u2013 B\u00f6gen, Pfeile, Targets &amp; Zubeh\u00f6r<\/title>\n<meta name=\"description\" content=\"EASTON BOW TRUK TRAVEL ROLLER BOWCASE - GEN 2 4716 GRAY g\u00fcnstig kaufen bei Bogensportdiscount \u2013 Top-Marken, schneller Versand aus der Schweiz.\" \/>\n<meta name=\"robots\" content=\"index, follow, max-snippet:-1, max-image-preview:large, max-video-preview:-1\" \/>\n<link rel=\"canonical\" href=\"https:\/\/bogensportdiscount.ch\/fr\/produit\/easton-bow-truk-travel-roller-bowcase-gen-2-4716-grau\/\" \/>\n<meta property=\"og:locale\" content=\"fr_FR\" \/>\n<meta property=\"og:type\" content=\"article\" \/>\n<meta property=\"og:title\" content=\"EASTON BOW TRUK TRAVEL ROLLER BOWCASE - GEN 2 4716 GRAY - Bogensportdiscount \u2013 B\u00f6gen, Pfeile, Targets &amp; Zubeh\u00f6r\" \/>\n<meta property=\"og:description\" content=\"EASTON BOW TRUK TRAVEL ROLLER BOWCASE - GEN 2 4716 GRAY g\u00fcnstig kaufen bei Bogensportdiscount \u2013 Top-Marken, schneller Versand aus der Schweiz.\" \/>\n<meta property=\"og:url\" content=\"https:\/\/bogensportdiscount.ch\/fr\/produit\/easton-bow-truk-travel-roller-bowcase-gen-2-4716-grau\/\" \/>\n<meta property=\"og:site_name\" content=\"Bogensportdiscount \u2013 B\u00f6gen, Pfeile, Targets &amp; Zubeh\u00f6r\" \/>\n<meta property=\"article:modified_time\" content=\"2026-05-14T05:21:33+00:00\" \/>\n<meta property=\"og:image\" content=\"https:\/\/bogensportdiscount.ch\/wp-content\/uploads\/bsm-images\/A066533_1.png\" \/>\n\t<meta property=\"og:image:width\" content=\"1428\" \/>\n\t<meta property=\"og:image:height\" content=\"3972\" \/>\n\t<meta property=\"og:image:type\" content=\"image\/png\" \/>\n<meta name=\"twitter:card\" content=\"summary_large_image\" \/>\n<script type=\"application\/ld+json\" class=\"yoast-schema-graph\">{\"@context\":\"https:\\\/\\\/schema.org\",\"@graph\":[{\"@type\":\"WebPage\",\"@id\":\"https:\\\/\\\/bogensportdiscount.ch\\\/produkt\\\/easton-bow-truk-travel-roller-bowcase-gen-2-4716-grau\\\/\",\"url\":\"https:\\\/\\\/bogensportdiscount.ch\\\/produkt\\\/easton-bow-truk-travel-roller-bowcase-gen-2-4716-grau\\\/\",\"name\":\"EASTON BOW TRUK TRAVEL ROLLER BOWCASE - GEN 2 4716 GRAY - Bogensportdiscount \u2013 B\u00f6gen, Pfeile, Targets &amp; Zubeh\u00f6r\",\"isPartOf\":{\"@id\":\"https:\\\/\\\/bogensportdiscount.ch\\\/#website\"},\"primaryImageOfPage\":{\"@id\":\"https:\\\/\\\/bogensportdiscount.ch\\\/produkt\\\/easton-bow-truk-travel-roller-bowcase-gen-2-4716-grau\\\/#primaryimage\"},\"image\":{\"@id\":\"https:\\\/\\\/bogensportdiscount.ch\\\/produkt\\\/easton-bow-truk-travel-roller-bowcase-gen-2-4716-grau\\\/#primaryimage\"},\"thumbnailUrl\":\"https:\\\/\\\/bogensportdiscount.ch\\\/wp-content\\\/uploads\\\/bsm-images\\\/A066533_1.png\",\"datePublished\":\"2026-04-19T09:38:38+00:00\",\"dateModified\":\"2026-05-14T05:21:33+00:00\",\"description\":\"EASTON BOW TRUK TRAVEL ROLLER BOWCASE - GEN 2 4716 GRAY g\u00fcnstig kaufen bei Bogensportdiscount \u2013 Top-Marken, schneller Versand aus der Schweiz.\",\"breadcrumb\":{\"@id\":\"https:\\\/\\\/bogensportdiscount.ch\\\/produkt\\\/easton-bow-truk-travel-roller-bowcase-gen-2-4716-grau\\\/#breadcrumb\"},\"inLanguage\":\"fr-FR\",\"potentialAction\":[{\"@type\":\"ReadAction\",\"target\":[\"https:\\\/\\\/bogensportdiscount.ch\\\/produkt\\\/easton-bow-truk-travel-roller-bowcase-gen-2-4716-grau\\\/\"]}]},{\"@type\":\"ImageObject\",\"inLanguage\":\"fr-FR\",\"@id\":\"https:\\\/\\\/bogensportdiscount.ch\\\/produkt\\\/easton-bow-truk-travel-roller-bowcase-gen-2-4716-grau\\\/#primaryimage\",\"url\":\"https:\\\/\\\/bogensportdiscount.ch\\\/wp-content\\\/uploads\\\/bsm-images\\\/A066533_1.png\",\"contentUrl\":\"https:\\\/\\\/bogensportdiscount.ch\\\/wp-content\\\/uploads\\\/bsm-images\\\/A066533_1.png\",\"width\":1428,\"height\":3972},{\"@type\":\"BreadcrumbList\",\"@id\":\"https:\\\/\\\/bogensportdiscount.ch\\\/produkt\\\/easton-bow-truk-travel-roller-bowcase-gen-2-4716-grau\\\/#breadcrumb\",\"itemListElement\":[{\"@type\":\"ListItem\",\"position\":1,\"name\":\"Home\",\"item\":\"https:\\\/\\\/bogensportdiscount.ch\\\/\"},{\"@type\":\"ListItem\",\"position\":2,\"name\":\"Shop\",\"item\":\"https:\\\/\\\/bogensportdiscount.ch\\\/shop\\\/\"},{\"@type\":\"ListItem\",\"position\":3,\"name\":\"EASTON BOW TRUK TRAVEL ROLLER BOWCASE &#8211; GEN 2 4716 GRAY\"}]},{\"@type\":\"WebSite\",\"@id\":\"https:\\\/\\\/bogensportdiscount.ch\\\/#website\",\"url\":\"https:\\\/\\\/bogensportdiscount.ch\\\/\",\"name\":\"Bogensportdiscount\",\"description\":\"\",\"potentialAction\":[{\"@type\":\"SearchAction\",\"target\":{\"@type\":\"EntryPoint\",\"urlTemplate\":\"https:\\\/\\\/bogensportdiscount.ch\\\/?s={search_term_string}\"},\"query-input\":{\"@type\":\"PropertyValueSpecification\",\"valueRequired\":true,\"valueName\":\"search_term_string\"}}],\"inLanguage\":\"fr-FR\"}]}<\/script>\n<!-- \/ Yoast SEO plugin. -->","yoast_head_json":{"title":"EASTON BOW TRUK TRAVEL ROLLER BOWCASE - GEN 2 4716 GRAY - Bogensportdiscount \u2013 B\u00f6gen, Pfeile, Targets &amp; Zubeh\u00f6r","description":"EASTON BOW TRUK TRAVEL ROLLER BOWCASE - GEN 2 4716 GRAY g\u00fcnstig kaufen bei Bogensportdiscount \u2013 Top-Marken, schneller Versand aus der Schweiz.","robots":{"index":"index","follow":"follow","max-snippet":"max-snippet:-1","max-image-preview":"max-image-preview:large","max-video-preview":"max-video-preview:-1"},"canonical":"https:\/\/bogensportdiscount.ch\/fr\/produit\/easton-bow-truk-travel-roller-bowcase-gen-2-4716-grau\/","og_locale":"fr_FR","og_type":"article","og_title":"EASTON BOW TRUK TRAVEL ROLLER BOWCASE - GEN 2 4716 GRAY - Bogensportdiscount \u2013 B\u00f6gen, Pfeile, Targets &amp; Zubeh\u00f6r","og_description":"EASTON BOW TRUK TRAVEL ROLLER BOWCASE - GEN 2 4716 GRAY g\u00fcnstig kaufen bei Bogensportdiscount \u2013 Top-Marken, schneller Versand aus der Schweiz.","og_url":"https:\/\/bogensportdiscount.ch\/fr\/produit\/easton-bow-truk-travel-roller-bowcase-gen-2-4716-grau\/","og_site_name":"Bogensportdiscount \u2013 B\u00f6gen, Pfeile, Targets &amp; Zubeh\u00f6r","article_modified_time":"2026-05-14T05:21:33+00:00","og_image":[{"url":"https:\/\/bogensportdiscount.ch\/wp-content\/uploads\/bsm-images\/A066533_1.png","width":1428,"height":3972,"type":"image\/png"}],"twitter_card":"summary_large_image","schema":{"@context":"https:\/\/schema.org","@graph":[{"@type":"WebPage","@id":"https:\/\/bogensportdiscount.ch\/produkt\/easton-bow-truk-travel-roller-bowcase-gen-2-4716-grau\/","url":"https:\/\/bogensportdiscount.ch\/produkt\/easton-bow-truk-travel-roller-bowcase-gen-2-4716-grau\/","name":"EASTON BOW TRUK TRAVEL ROLLER BOWCASE - GEN 2 4716 GRAY - Bogensportdiscount \u2013 B\u00f6gen, Pfeile, Targets &amp; Zubeh\u00f6r","isPartOf":{"@id":"https:\/\/bogensportdiscount.ch\/#website"},"primaryImageOfPage":{"@id":"https:\/\/bogensportdiscount.ch\/produkt\/easton-bow-truk-travel-roller-bowcase-gen-2-4716-grau\/#primaryimage"},"image":{"@id":"https:\/\/bogensportdiscount.ch\/produkt\/easton-bow-truk-travel-roller-bowcase-gen-2-4716-grau\/#primaryimage"},"thumbnailUrl":"https:\/\/bogensportdiscount.ch\/wp-content\/uploads\/bsm-images\/A066533_1.png","datePublished":"2026-04-19T09:38:38+00:00","dateModified":"2026-05-14T05:21:33+00:00","description":"EASTON BOW TRUK TRAVEL ROLLER BOWCASE - GEN 2 4716 GRAY g\u00fcnstig kaufen bei Bogensportdiscount \u2013 Top-Marken, schneller Versand aus der Schweiz.","breadcrumb":{"@id":"https:\/\/bogensportdiscount.ch\/produkt\/easton-bow-truk-travel-roller-bowcase-gen-2-4716-grau\/#breadcrumb"},"inLanguage":"fr-FR","potentialAction":[{"@type":"ReadAction","target":["https:\/\/bogensportdiscount.ch\/produkt\/easton-bow-truk-travel-roller-bowcase-gen-2-4716-grau\/"]}]},{"@type":"ImageObject","inLanguage":"fr-FR","@id":"https:\/\/bogensportdiscount.ch\/produkt\/easton-bow-truk-travel-roller-bowcase-gen-2-4716-grau\/#primaryimage","url":"https:\/\/bogensportdiscount.ch\/wp-content\/uploads\/bsm-images\/A066533_1.png","contentUrl":"https:\/\/bogensportdiscount.ch\/wp-content\/uploads\/bsm-images\/A066533_1.png","width":1428,"height":3972},{"@type":"BreadcrumbList","@id":"https:\/\/bogensportdiscount.ch\/produkt\/easton-bow-truk-travel-roller-bowcase-gen-2-4716-grau\/#breadcrumb","itemListElement":[{"@type":"ListItem","position":1,"name":"Home","item":"https:\/\/bogensportdiscount.ch\/"},{"@type":"ListItem","position":2,"name":"Shop","item":"https:\/\/bogensportdiscount.ch\/shop\/"},{"@type":"ListItem","position":3,"name":"EASTON BOW TRUK TRAVEL ROLLER BOWCASE &#8211; GEN 2 4716 GRAY"}]},{"@type":"WebSite","@id":"https:\/\/bogensportdiscount.ch\/#website","url":"https:\/\/bogensportdiscount.ch\/","name":"Bogensportdiscount","description":"","potentialAction":[{"@type":"SearchAction","target":{"@type":"EntryPoint","urlTemplate":"https:\/\/bogensportdiscount.ch\/?s={search_term_string}"},"query-input":{"@type":"PropertyValueSpecification","valueRequired":true,"valueName":"search_term_string"}}],"inLanguage":"fr-FR"}]}},"_links":{"self":[{"href":"https:\/\/bogensportdiscount.ch\/fr\/wp-json\/wp\/v2\/product\/477212","targetHints":{"allow":["GET"]}}],"collection":[{"href":"https:\/\/bogensportdiscount.ch\/fr\/wp-json\/wp\/v2\/product"}],"about":[{"href":"https:\/\/bogensportdiscount.ch\/fr\/wp-json\/wp\/v2\/types\/product"}],"replies":[{"embeddable":true,"href":"https:\/\/bogensportdiscount.ch\/fr\/wp-json\/wp\/v2\/comments?post=477212"}],"wp:featuredmedia":[{"embeddable":true,"href":"https:\/\/bogensportdiscount.ch\/fr\/wp-json\/wp\/v2\/media\/524909"}],"wp:attachment":[{"href":"https:\/\/bogensportdiscount.ch\/fr\/wp-json\/wp\/v2\/media?parent=477212"}],"wp:term":[{"taxonomy":"product_brand","embeddable":true,"href":"https:\/\/bogensportdiscount.ch\/fr\/wp-json\/wp\/v2\/product_brand?post=477212"},{"taxonomy":"product_cat","embeddable":true,"href":"https:\/\/bogensportdiscount.ch\/fr\/wp-json\/wp\/v2\/product_cat?post=477212"},{"taxonomy":"product_tag","embeddable":true,"href":"https:\/\/bogensportdiscount.ch\/fr\/wp-json\/wp\/v2\/product_tag?post=477212"}],"curies":[{"name":"wp","href":"https:\/\/api.w.org\/{rel}","templated":true}]}}