{"id":477205,"date":"2026-04-19T11:38:38","date_gmt":"2026-04-19T09:38:38","guid":{"rendered":"https:\/\/bogensportdiscount.ch\/produkt\/easton-super-uni-fatboy-340-500-12-pk\/"},"modified":"2026-04-19T13:34:31","modified_gmt":"2026-04-19T11:34:31","slug":"easton-super-uni-fatboy-340-500-12er-pack","status":"publish","type":"product","link":"https:\/\/bogensportdiscount.ch\/fr\/produit\/easton-super-uni-fatboy-340-500-12er-pack\/","title":{"rendered":"EASTON SUPER-UNI FATBOY 340-500 12\/PK"},"content":{"rendered":"<p>Die Easton Super-Uni Fatboy Uni-Bushings sind hochwertige Pfeilverl\u00e4ngerungskomponenten, die speziell f\u00fcr den professionellen und ambitionierten Bogensch\u00fctzen entwickelt wurden. Mit der Spezifikation 340-500 bieten sie optimale Kompatibilit\u00e4t mit verschiedenen Pfeilsch\u00e4ften und erm\u00f6glichen eine sichere sowie pr\u00e4zise Verbindung zwischen Pfeilschaft und Pfeilspitze.<\/p>\n<p>Das 12er Pack bietet wirtschaftliches Zubeh\u00f6r f\u00fcr Sch\u00fctzen, die regelm\u00e4ssig Pfeile bauen oder warten. Die bew\u00e4hrte Easton-Qualit\u00e4t garantiert Zuverl\u00e4ssigkeit und Langlebigkeit im Einsatz.<\/p>\n<ul>\n<li>12 pi\u00e8ces par emballage<\/li>\n<li>Spezifikation: 340-500<\/li>\n<li>Super-Uni Fatboy Ausf\u00fchrung<\/li>\n<li>Kompatibel mit verschiedenen Pfeiltypen<\/li>\n<\/ul>","protected":false},"excerpt":{"rendered":"<p><strong>Marque :<\/strong> Easton<\/p>","protected":false},"featured_media":452467,"comment_status":"open","ping_status":"closed","template":"","meta":[],"product_brand":[417],"product_cat":[4158,4511,4550],"product_tag":[3546],"class_list":{"0":"post-477205","1":"product","2":"type-product","3":"status-publish","4":"has-post-thumbnail","6":"product_brand-easton","7":"product_cat-pfeile-schaefte","8":"product_cat-pfeil-komponenten","9":"product_cat-uni-bushings-pfeil-komponenten","10":"product_tag-neuheit","12":"first","13":"instock","14":"shipping-taxable","15":"purchasable","16":"product-type-simple"},"_links":{"self":[{"href":"https:\/\/bogensportdiscount.ch\/fr\/wp-json\/wp\/v2\/product\/477205","targetHints":{"allow":["GET"]}}],"collection":[{"href":"https:\/\/bogensportdiscount.ch\/fr\/wp-json\/wp\/v2\/product"}],"about":[{"href":"https:\/\/bogensportdiscount.ch\/fr\/wp-json\/wp\/v2\/types\/product"}],"replies":[{"embeddable":true,"href":"https:\/\/bogensportdiscount.ch\/fr\/wp-json\/wp\/v2\/comments?post=477205"}],"wp:featuredmedia":[{"embeddable":true,"href":"https:\/\/bogensportdiscount.ch\/fr\/wp-json\/wp\/v2\/media\/452467"}],"wp:attachment":[{"href":"https:\/\/bogensportdiscount.ch\/fr\/wp-json\/wp\/v2\/media?parent=477205"}],"wp:term":[{"taxonomy":"product_brand","embeddable":true,"href":"https:\/\/bogensportdiscount.ch\/fr\/wp-json\/wp\/v2\/product_brand?post=477205"},{"taxonomy":"product_cat","embeddable":true,"href":"https:\/\/bogensportdiscount.ch\/fr\/wp-json\/wp\/v2\/product_cat?post=477205"},{"taxonomy":"product_tag","embeddable":true,"href":"https:\/\/bogensportdiscount.ch\/fr\/wp-json\/wp\/v2\/product_tag?post=477205"}],"curies":[{"name":"wp","href":"https:\/\/api.w.org\/{rel}","templated":true}]}}