{"id":477196,"date":"2026-04-19T11:38:36","date_gmt":"2026-04-19T09:38:36","guid":{"rendered":"https:\/\/bogensportdiscount.ch\/produkt\/easton-pin-inserts-aluminium-a-c-g-410-540-12-pk\/"},"modified":"2026-04-19T13:35:14","modified_gmt":"2026-04-19T11:35:14","slug":"easton-pin-inserts-aluminium-acg-410-540-12er-pack","status":"publish","type":"product","link":"https:\/\/bogensportdiscount.ch\/fr\/produit\/easton-pin-inserts-aluminium-acg-410-540-12er-pack\/","title":{"rendered":"EASTON PIN INSERTS ALUMINIUM A\/C\/G 410\/540 12\/PK"},"content":{"rendered":"<p>Die Easton Pin Inserts sind Aluminium-Eins\u00e4tze zur Verbindung von Pfeilspitzen mit den Schafttypen A, C und G. Das 12er Pack bietet ausreichend Ersatzmaterial f\u00fcr regelm\u00e4ssigen Gebrauch und Reparaturen.<\/p>\n<p>Die Inserts sind in den g\u00e4ngigen Durchmessern 410 und 540 erh\u00e4ltlich und erm\u00f6glichen eine sichere und pr\u00e4zise Montage von Spitzen auf dem Schaftende. Sie sind ein Standardzubeh\u00f6r f\u00fcr Bogensch\u00fctzen, die ihre Pfeile selbst zusammenstellen oder instand halten.<\/p>\n<ul>\n<li>Mat\u00e9riau : Aluminium<\/li>\n<li>Kompatibel mit Schafttypen A, C, G<\/li>\n<li>Durchmesser: 410 und 540<\/li>\n<li>Inhalt: 12 St\u00fcck<\/li>\n<\/ul>","protected":false},"excerpt":{"rendered":"<p><strong>Marque :<\/strong> Easton<\/p>","protected":false},"featured_media":452461,"comment_status":"open","ping_status":"closed","template":"","meta":[],"product_brand":[417],"product_cat":[4158,4511,4546],"product_tag":[3546],"class_list":{"0":"post-477196","1":"product","2":"type-product","3":"status-publish","4":"has-post-thumbnail","6":"product_brand-easton","7":"product_cat-pfeile-schaefte","8":"product_cat-pfeil-komponenten","9":"product_cat-pin-adapters-pfeil-komponenten","10":"product_tag-neuheit","12":"first","13":"instock","14":"shipping-taxable","15":"purchasable","16":"product-type-simple"},"_links":{"self":[{"href":"https:\/\/bogensportdiscount.ch\/fr\/wp-json\/wp\/v2\/product\/477196","targetHints":{"allow":["GET"]}}],"collection":[{"href":"https:\/\/bogensportdiscount.ch\/fr\/wp-json\/wp\/v2\/product"}],"about":[{"href":"https:\/\/bogensportdiscount.ch\/fr\/wp-json\/wp\/v2\/types\/product"}],"replies":[{"embeddable":true,"href":"https:\/\/bogensportdiscount.ch\/fr\/wp-json\/wp\/v2\/comments?post=477196"}],"wp:featuredmedia":[{"embeddable":true,"href":"https:\/\/bogensportdiscount.ch\/fr\/wp-json\/wp\/v2\/media\/452461"}],"wp:attachment":[{"href":"https:\/\/bogensportdiscount.ch\/fr\/wp-json\/wp\/v2\/media?parent=477196"}],"wp:term":[{"taxonomy":"product_brand","embeddable":true,"href":"https:\/\/bogensportdiscount.ch\/fr\/wp-json\/wp\/v2\/product_brand?post=477196"},{"taxonomy":"product_cat","embeddable":true,"href":"https:\/\/bogensportdiscount.ch\/fr\/wp-json\/wp\/v2\/product_cat?post=477196"},{"taxonomy":"product_tag","embeddable":true,"href":"https:\/\/bogensportdiscount.ch\/fr\/wp-json\/wp\/v2\/product_tag?post=477196"}],"curies":[{"name":"wp","href":"https:\/\/api.w.org\/{rel}","templated":true}]}}