{"id":477183,"date":"2026-04-19T11:38:34","date_gmt":"2026-04-19T09:38:34","guid":{"rendered":"https:\/\/bogensportdiscount.ch\/produkt\/easton-aluminum-arrows-patriotic-flag-7-x-1-25-12-pk-wraps\/"},"modified":"2026-04-19T19:44:24","modified_gmt":"2026-04-19T17:44:24","slug":"easton-aluminium-pfeil-wraps-patriotic-flag-7-1-25-12er-pack","status":"publish","type":"product","link":"https:\/\/bogensportdiscount.ch\/fr\/produit\/easton-aluminium-pfeil-wraps-patriotic-flag-7-1-25-12er-pack\/","title":{"rendered":"EASTON ALUMINIUM PFEILE USA-Flagge 7&#8243; X 1.25&#8243; 12\/PK Wraps"},"content":{"rendered":"<p>Die Easton Aluminium-Pfeil-Wraps bieten zuverl\u00e4ssigen Schutz f\u00fcr deine Pfeile und eine einfache M\u00f6glichkeit zur Individualisierung. Mit dem patriotischen Flag Design verleihen sie deinen Pfeilen einen charaktervollen und pers\u00f6nlichen Look.<\/p>\n<p>Die Wraps sind mit einer Gr\u00f6sse von 7&#8243; x 1.25&#8243; kompatibel mit den meisten Standard-Aluminium-Pfeilen. Sie lassen sich einfach auf den Pfeilschaft anbringen und bieten optimalen Schutz vor Kratzern und Verschleiss w\u00e4hrend des Trainings oder Wettkampfs.<\/p>\n<p>Eine Packung enth\u00e4lt 12 Wraps \u2014 ausreichend f\u00fcr mehrere Pfeile oder zum Austausch bei Verschleiss.<\/p>","protected":false},"excerpt":{"rendered":"<p><strong>Marque :<\/strong> Easton<br \/><strong>Couleur:<\/strong> Autre<br \/><strong>Tailles :<\/strong> 17,78cm x3,175cm<br \/><strong>GTIN:<\/strong> 723560990542<\/p>","protected":false},"featured_media":0,"comment_status":"open","ping_status":"closed","template":"","meta":[],"product_brand":[417],"product_cat":[4158,4220,4268],"product_tag":[3546],"class_list":{"0":"post-477183","1":"product","2":"type-product","3":"status-publish","5":"product_brand-easton","6":"product_cat-pfeile-schaefte","7":"product_cat-vanes-nocks-wraps","8":"product_cat-wraps-vanes-nocks-wraps","9":"product_tag-neuheit","11":"first","12":"instock","13":"shipping-taxable","14":"purchasable","15":"product-type-simple"},"_links":{"self":[{"href":"https:\/\/bogensportdiscount.ch\/fr\/wp-json\/wp\/v2\/product\/477183","targetHints":{"allow":["GET"]}}],"collection":[{"href":"https:\/\/bogensportdiscount.ch\/fr\/wp-json\/wp\/v2\/product"}],"about":[{"href":"https:\/\/bogensportdiscount.ch\/fr\/wp-json\/wp\/v2\/types\/product"}],"replies":[{"embeddable":true,"href":"https:\/\/bogensportdiscount.ch\/fr\/wp-json\/wp\/v2\/comments?post=477183"}],"wp:attachment":[{"href":"https:\/\/bogensportdiscount.ch\/fr\/wp-json\/wp\/v2\/media?parent=477183"}],"wp:term":[{"taxonomy":"product_brand","embeddable":true,"href":"https:\/\/bogensportdiscount.ch\/fr\/wp-json\/wp\/v2\/product_brand?post=477183"},{"taxonomy":"product_cat","embeddable":true,"href":"https:\/\/bogensportdiscount.ch\/fr\/wp-json\/wp\/v2\/product_cat?post=477183"},{"taxonomy":"product_tag","embeddable":true,"href":"https:\/\/bogensportdiscount.ch\/fr\/wp-json\/wp\/v2\/product_tag?post=477183"}],"curies":[{"name":"wp","href":"https:\/\/api.w.org\/{rel}","templated":true}]}}