{"id":477180,"date":"2026-04-19T11:38:32","date_gmt":"2026-04-19T09:38:32","guid":{"rendered":"https:\/\/bogensportdiscount.ch\/produkt\/easton-arrow-cleaning-9-piece-arrow-prep-tool-kit-1-pk\/"},"modified":"2026-04-20T13:38:46","modified_gmt":"2026-04-20T11:38:46","slug":"easton-pfeil-reinigungsset-9-teilig","status":"publish","type":"product","link":"https:\/\/bogensportdiscount.ch\/fr\/produkt\/easton-pfeil-reinigungsset-9-teilig\/","title":{"rendered":"EASTON NETTOYAGE DE FL\u00c8CHES SET DE PR\u00c9PARATION DE FL\u00c8CHES 9 PI\u00c8CES 1\/PAQUET"},"content":{"rendered":"<p>Das Easton Pfeil-Reinigungsset ist ein umfassendes 9-teiliges Werkzeugset zur gr\u00fcndlichen Reinigung und Vorbereitung von Pfeilen. Mit den 9 verschiedenen spezialisierten Werkzeugen k\u00f6nnen alle Bereiche eines Pfeils effizient gereinigt und gepflegt werden.<\/p>\n<p>Das Set ist ideal f\u00fcr Bogensch\u00fctzen, die ihre Ausr\u00fcstung professionell reinigen und instand halten m\u00f6chten. Von dem etablierten Pfeilhersteller Easton entwickelt, bietet das Set alle notwendigen Werkzeuge f\u00fcr regelm\u00e4ssige Pfeilwartung und Pfeilbau.<\/p>\n<ul>\n<li>9-teiliges Komplettset mit spezialisierten Reinigungswerkzeugen<\/li>\n<li>F\u00fcr alle g\u00e4ngigen Pfeiltypen geeignet<\/li>\n<li>Professionelle Pfeilpflege und Wartung<\/li>\n<li>Von Easton, dem f\u00fchrenden Pfeilhersteller<\/li>\n<\/ul>","protected":false},"excerpt":{"rendered":"<p><strong>Marque :<\/strong> Easton<br \/><strong>GTIN:<\/strong> 723560227709<\/p>","protected":false},"featured_media":524925,"comment_status":"open","ping_status":"closed","template":"","meta":[],"product_brand":[417],"product_cat":[4121,4140,4239],"product_tag":[3546],"class_list":{"0":"post-477180","1":"product","2":"type-product","3":"status-publish","4":"has-post-thumbnail","6":"product_brand-easton","7":"product_cat-werkzeuge-training","8":"product_cat-pfeilbau","9":"product_cat-arrow-cleaning","10":"product_tag-neuheit","11":"product_shipping_class-bsd-standard","13":"first","14":"instock","15":"shipping-taxable","16":"purchasable","17":"product-type-simple"},"yoast_head":"<!-- This site is optimized with the Yoast SEO plugin v27.4 - https:\/\/yoast.com\/product\/yoast-seo-wordpress\/ -->\n<title>EASTON NETTOYAGE DE FL\u00c8CHES - KIT DE PR\u00c9PARATION DE FL\u00c8CHES 9 PI\u00c8CES 1\/PAQUET - Bogensportdiscount \u2013 Arcs, fl\u00e8ches, cibles et accessoires<\/title>\n<meta name=\"description\" content=\"EASTON NETTOYAGE DE FL\u00c8CHES - KIT DE PR\u00c9PARATION DE FL\u00c8CHES 9 PI\u00c8CES 1\/PAQUET : achetez-le \u00e0 prix avantageux chez Bogensportdiscount \u2013 Grandes marques, livraison rapide depuis la Suisse.\" \/>\n<meta name=\"robots\" content=\"index, follow, max-snippet:-1, max-image-preview:large, max-video-preview:-1\" \/>\n<link rel=\"canonical\" href=\"https:\/\/bogensportdiscount.ch\/fr\/produit\/easton-pfeil-reinigungsset-9-teilig\/\" \/>\n<meta property=\"og:locale\" content=\"fr_FR\" \/>\n<meta property=\"og:type\" content=\"article\" \/>\n<meta property=\"og:title\" content=\"EASTON NETTOYAGE DE FL\u00c8CHES - KIT DE PR\u00c9PARATION DE FL\u00c8CHES 9 PI\u00c8CES 1\/PAQUET - Bogensportdiscount \u2013 Arcs, fl\u00e8ches, cibles et accessoires\" \/>\n<meta property=\"og:description\" content=\"EASTON NETTOYAGE DE FL\u00c8CHES - KIT DE PR\u00c9PARATION DE FL\u00c8CHES 9 PI\u00c8CES 1\/PAQUET : achetez-le \u00e0 prix avantageux chez Bogensportdiscount \u2013 Grandes marques, livraison rapide depuis la Suisse.\" \/>\n<meta property=\"og:url\" content=\"https:\/\/bogensportdiscount.ch\/fr\/produit\/easton-pfeil-reinigungsset-9-teilig\/\" \/>\n<meta property=\"og:site_name\" content=\"Bogensportdiscount \u2013 B\u00f6gen, Pfeile, Targets &amp; Zubeh\u00f6r\" \/>\n<meta property=\"article:modified_time\" content=\"2026-04-20T11:38:46+00:00\" \/>\n<meta property=\"og:image\" content=\"https:\/\/bogensportdiscount.ch\/wp-content\/uploads\/bsm-images\/A028600_1.png\" \/>\n\t<meta property=\"og:image:width\" content=\"1250\" \/>\n\t<meta property=\"og:image:height\" content=\"779\" \/>\n\t<meta property=\"og:image:type\" content=\"image\/png\" \/>\n<meta name=\"twitter:card\" content=\"summary_large_image\" \/>\n<script type=\"application\/ld+json\" class=\"yoast-schema-graph\">{\"@context\":\"https:\\\/\\\/schema.org\",\"@graph\":[{\"@type\":\"WebPage\",\"@id\":\"https:\\\/\\\/bogensportdiscount.ch\\\/produkt\\\/easton-pfeil-reinigungsset-9-teilig\\\/\",\"url\":\"https:\\\/\\\/bogensportdiscount.ch\\\/produkt\\\/easton-pfeil-reinigungsset-9-teilig\\\/\",\"name\":\"EASTON PFEILREINIGUNG 9-TEILIGES PFEIL-VORBEREITUNGSSET 1\\\/PK - Bogensportdiscount \u2013 B\u00f6gen, Pfeile, Targets &amp; Zubeh\u00f6r\",\"isPartOf\":{\"@id\":\"https:\\\/\\\/bogensportdiscount.ch\\\/#website\"},\"primaryImageOfPage\":{\"@id\":\"https:\\\/\\\/bogensportdiscount.ch\\\/produkt\\\/easton-pfeil-reinigungsset-9-teilig\\\/#primaryimage\"},\"image\":{\"@id\":\"https:\\\/\\\/bogensportdiscount.ch\\\/produkt\\\/easton-pfeil-reinigungsset-9-teilig\\\/#primaryimage\"},\"thumbnailUrl\":\"https:\\\/\\\/bogensportdiscount.ch\\\/wp-content\\\/uploads\\\/bsm-images\\\/A028600_1.png\",\"datePublished\":\"2026-04-19T09:38:32+00:00\",\"dateModified\":\"2026-04-20T11:38:46+00:00\",\"description\":\"EASTON PFEILREINIGUNG 9-TEILIGES PFEIL-VORBEREITUNGSSET 1\\\/PK g\u00fcnstig kaufen bei Bogensportdiscount \u2013 Top-Marken, schneller Versand aus der Schweiz.\",\"breadcrumb\":{\"@id\":\"https:\\\/\\\/bogensportdiscount.ch\\\/produkt\\\/easton-pfeil-reinigungsset-9-teilig\\\/#breadcrumb\"},\"inLanguage\":\"fr-FR\",\"potentialAction\":[{\"@type\":\"ReadAction\",\"target\":[\"https:\\\/\\\/bogensportdiscount.ch\\\/produkt\\\/easton-pfeil-reinigungsset-9-teilig\\\/\"]}]},{\"@type\":\"ImageObject\",\"inLanguage\":\"fr-FR\",\"@id\":\"https:\\\/\\\/bogensportdiscount.ch\\\/produkt\\\/easton-pfeil-reinigungsset-9-teilig\\\/#primaryimage\",\"url\":\"https:\\\/\\\/bogensportdiscount.ch\\\/wp-content\\\/uploads\\\/bsm-images\\\/A028600_1.png\",\"contentUrl\":\"https:\\\/\\\/bogensportdiscount.ch\\\/wp-content\\\/uploads\\\/bsm-images\\\/A028600_1.png\",\"width\":1250,\"height\":779},{\"@type\":\"BreadcrumbList\",\"@id\":\"https:\\\/\\\/bogensportdiscount.ch\\\/produkt\\\/easton-pfeil-reinigungsset-9-teilig\\\/#breadcrumb\",\"itemListElement\":[{\"@type\":\"ListItem\",\"position\":1,\"name\":\"Home\",\"item\":\"https:\\\/\\\/bogensportdiscount.ch\\\/\"},{\"@type\":\"ListItem\",\"position\":2,\"name\":\"Shop\",\"item\":\"https:\\\/\\\/bogensportdiscount.ch\\\/shop\\\/\"},{\"@type\":\"ListItem\",\"position\":3,\"name\":\"EASTON PFEILREINIGUNG 9-TEILIGES PFEIL-VORBEREITUNGSSET 1\\\/PK\"}]},{\"@type\":\"WebSite\",\"@id\":\"https:\\\/\\\/bogensportdiscount.ch\\\/#website\",\"url\":\"https:\\\/\\\/bogensportdiscount.ch\\\/\",\"name\":\"Bogensportdiscount\",\"description\":\"\",\"potentialAction\":[{\"@type\":\"SearchAction\",\"target\":{\"@type\":\"EntryPoint\",\"urlTemplate\":\"https:\\\/\\\/bogensportdiscount.ch\\\/?s={search_term_string}\"},\"query-input\":{\"@type\":\"PropertyValueSpecification\",\"valueRequired\":true,\"valueName\":\"search_term_string\"}}],\"inLanguage\":\"fr-FR\"}]}<\/script>\n<!-- \/ Yoast SEO plugin. -->","yoast_head_json":{"title":"EASTON NETTOYAGE DE FL\u00c8CHES - KIT DE PR\u00c9PARATION DE FL\u00c8CHES 9 PI\u00c8CES 1\/PAQUET - Bogensportdiscount \u2013 Arcs, fl\u00e8ches, cibles et accessoires","description":"EASTON NETTOYAGE DE FL\u00c8CHES - KIT DE PR\u00c9PARATION DE FL\u00c8CHES 9 PI\u00c8CES 1\/PAQUET : achetez-le \u00e0 prix avantageux chez Bogensportdiscount \u2013 Grandes marques, livraison rapide depuis la Suisse.","robots":{"index":"index","follow":"follow","max-snippet":"max-snippet:-1","max-image-preview":"max-image-preview:large","max-video-preview":"max-video-preview:-1"},"canonical":"https:\/\/bogensportdiscount.ch\/fr\/produit\/easton-pfeil-reinigungsset-9-teilig\/","og_locale":"fr_FR","og_type":"article","og_title":"EASTON NETTOYAGE DE FL\u00c8CHES - KIT DE PR\u00c9PARATION DE FL\u00c8CHES 9 PI\u00c8CES 1\/PAQUET - Bogensportdiscount \u2013 Arcs, fl\u00e8ches, cibles et accessoires","og_description":"EASTON NETTOYAGE DE FL\u00c8CHES - KIT DE PR\u00c9PARATION DE FL\u00c8CHES 9 PI\u00c8CES 1\/PAQUET : achetez-le \u00e0 prix avantageux chez Bogensportdiscount \u2013 Grandes marques, livraison rapide depuis la Suisse.","og_url":"https:\/\/bogensportdiscount.ch\/fr\/produit\/easton-pfeil-reinigungsset-9-teilig\/","og_site_name":"Bogensportdiscount \u2013 B\u00f6gen, Pfeile, Targets &amp; Zubeh\u00f6r","article_modified_time":"2026-04-20T11:38:46+00:00","og_image":[{"width":1250,"height":779,"url":"https:\/\/bogensportdiscount.ch\/wp-content\/uploads\/bsm-images\/A028600_1.png","type":"image\/png"}],"twitter_card":"summary_large_image","schema":{"@context":"https:\/\/schema.org","@graph":[{"@type":"WebPage","@id":"https:\/\/bogensportdiscount.ch\/produkt\/easton-pfeil-reinigungsset-9-teilig\/","url":"https:\/\/bogensportdiscount.ch\/produkt\/easton-pfeil-reinigungsset-9-teilig\/","name":"EASTON NETTOYAGE DE FL\u00c8CHES - KIT DE PR\u00c9PARATION DE FL\u00c8CHES 9 PI\u00c8CES 1\/PAQUET - Bogensportdiscount \u2013 Arcs, fl\u00e8ches, cibles et accessoires","isPartOf":{"@id":"https:\/\/bogensportdiscount.ch\/#website"},"primaryImageOfPage":{"@id":"https:\/\/bogensportdiscount.ch\/produkt\/easton-pfeil-reinigungsset-9-teilig\/#primaryimage"},"image":{"@id":"https:\/\/bogensportdiscount.ch\/produkt\/easton-pfeil-reinigungsset-9-teilig\/#primaryimage"},"thumbnailUrl":"https:\/\/bogensportdiscount.ch\/wp-content\/uploads\/bsm-images\/A028600_1.png","datePublished":"2026-04-19T09:38:32+00:00","dateModified":"2026-04-20T11:38:46+00:00","description":"EASTON NETTOYAGE DE FL\u00c8CHES - KIT DE PR\u00c9PARATION DE FL\u00c8CHES 9 PI\u00c8CES 1\/PAQUET : achetez-le \u00e0 prix avantageux chez Bogensportdiscount \u2013 Grandes marques, livraison rapide depuis la Suisse.","breadcrumb":{"@id":"https:\/\/bogensportdiscount.ch\/produkt\/easton-pfeil-reinigungsset-9-teilig\/#breadcrumb"},"inLanguage":"fr-FR","potentialAction":[{"@type":"ReadAction","target":["https:\/\/bogensportdiscount.ch\/produkt\/easton-pfeil-reinigungsset-9-teilig\/"]}]},{"@type":"ImageObject","inLanguage":"fr-FR","@id":"https:\/\/bogensportdiscount.ch\/produkt\/easton-pfeil-reinigungsset-9-teilig\/#primaryimage","url":"https:\/\/bogensportdiscount.ch\/wp-content\/uploads\/bsm-images\/A028600_1.png","contentUrl":"https:\/\/bogensportdiscount.ch\/wp-content\/uploads\/bsm-images\/A028600_1.png","width":1250,"height":779},{"@type":"BreadcrumbList","@id":"https:\/\/bogensportdiscount.ch\/produkt\/easton-pfeil-reinigungsset-9-teilig\/#breadcrumb","itemListElement":[{"@type":"ListItem","position":1,"name":"Home","item":"https:\/\/bogensportdiscount.ch\/"},{"@type":"ListItem","position":2,"name":"Shop","item":"https:\/\/bogensportdiscount.ch\/shop\/"},{"@type":"ListItem","position":3,"name":"EASTON PFEILREINIGUNG 9-TEILIGES PFEIL-VORBEREITUNGSSET 1\/PK"}]},{"@type":"WebSite","@id":"https:\/\/bogensportdiscount.ch\/#website","url":"https:\/\/bogensportdiscount.ch\/","name":"Bogensportdiscount","description":"","potentialAction":[{"@type":"SearchAction","target":{"@type":"EntryPoint","urlTemplate":"https:\/\/bogensportdiscount.ch\/?s={search_term_string}"},"query-input":{"@type":"PropertyValueSpecification","valueRequired":true,"valueName":"search_term_string"}}],"inLanguage":"fr-FR"}]}},"_links":{"self":[{"href":"https:\/\/bogensportdiscount.ch\/fr\/wp-json\/wp\/v2\/product\/477180","targetHints":{"allow":["GET"]}}],"collection":[{"href":"https:\/\/bogensportdiscount.ch\/fr\/wp-json\/wp\/v2\/product"}],"about":[{"href":"https:\/\/bogensportdiscount.ch\/fr\/wp-json\/wp\/v2\/types\/product"}],"replies":[{"embeddable":true,"href":"https:\/\/bogensportdiscount.ch\/fr\/wp-json\/wp\/v2\/comments?post=477180"}],"wp:featuredmedia":[{"embeddable":true,"href":"https:\/\/bogensportdiscount.ch\/fr\/wp-json\/wp\/v2\/media\/524925"}],"wp:attachment":[{"href":"https:\/\/bogensportdiscount.ch\/fr\/wp-json\/wp\/v2\/media?parent=477180"}],"wp:term":[{"taxonomy":"product_brand","embeddable":true,"href":"https:\/\/bogensportdiscount.ch\/fr\/wp-json\/wp\/v2\/product_brand?post=477180"},{"taxonomy":"product_cat","embeddable":true,"href":"https:\/\/bogensportdiscount.ch\/fr\/wp-json\/wp\/v2\/product_cat?post=477180"},{"taxonomy":"product_tag","embeddable":true,"href":"https:\/\/bogensportdiscount.ch\/fr\/wp-json\/wp\/v2\/product_tag?post=477180"}],"curies":[{"name":"wp","href":"https:\/\/api.w.org\/{rel}","templated":true}]}}