{"id":475998,"date":"2026-04-15T07:24:56","date_gmt":"2026-04-15T05:24:56","guid":{"rendered":"https:\/\/bogensportdiscount.ch\/produkt\/kinetic-recurve-part-locking-screw-for-limb-bolt-m6-black\/"},"modified":"2026-04-19T11:53:08","modified_gmt":"2026-04-19T09:53:08","slug":"kinetic-recurve-sperr-schraube-limbbolzen-m6-schwarz","status":"publish","type":"product","link":"https:\/\/bogensportdiscount.ch\/fr\/produit\/kinetic-recurve-sperr-schraube-limbbolzen-m6-schwarz\/","title":{"rendered":"Vis de s\u00e9curit\u00e9 KINETIC RECURVE pour les goupilles de bras de lancer M6, noire"},"content":{"rendered":"<p>La vis de blocage KINETIC Recurve est une pi\u00e8ce d'usure et de rechange pour les arcs recurve. Cette vis de taille M6 sert \u00e0 fixer et s\u00e9curiser le boulon de branche et emp\u00eache tout desserrage involontaire pendant l'entra\u00eenement ou en comp\u00e9tition.<\/p>\n<p>La version noire s'adapte \u00e0 la plupart des arcs recurve modernes et offre une fixation fiable. En tant que pi\u00e8ce de rechange d'origine Kinetic, cette vis est con\u00e7ue pour un ajustement pr\u00e9cis et une durabilit\u00e9 \u00e0 long terme.<\/p>","protected":false},"excerpt":{"rendered":"<table>\n<tr>\n<th>Propri\u00e9t\u00e9<\/th>\n<th>Valeur<\/th>\n<\/tr>\n<tr>\n<td>Marque<\/td>\n<td>Kinetic<\/td>\n<\/tr>\n<tr>\n<td>Type<\/td>\n<td>Vis de blocage pour boulon de branche<\/td>\n<\/tr>\n<tr>\n<td>Taille<\/td>\n<td>M6<\/td>\n<\/tr>\n<tr>\n<td>Couleur<\/td>\n<td>Noir<\/td>\n<\/tr>\n<tr>\n<td>Pays d'origine<\/td>\n<td>Chine<\/td>\n<\/tr>\n<\/table>","protected":false},"featured_media":0,"comment_status":"open","ping_status":"closed","template":"","meta":[],"product_brand":[439],"product_cat":[4522],"product_tag":[3546],"class_list":{"0":"post-475998","1":"product","2":"type-product","3":"status-publish","5":"product_brand-kinetic","6":"product_cat-einzelteile-fuer-recurve-boegen-recurve-boegen","7":"product_tag-neuheit","9":"first","10":"instock","11":"shipping-taxable","12":"purchasable","13":"product-type-simple"},"yoast_head":"<!-- This site is optimized with the Yoast SEO plugin v27.4 - https:\/\/yoast.com\/product\/yoast-seo-wordpress\/ -->\n<title>KINETIC RECURVE TEIL SICHERUNGSSCHRAUBE FUER WURFARMBOLZEN M6 SCHWARZ - Bogensportdiscount \u2013 B\u00f6gen, Pfeile, Targets &amp; Zubeh\u00f6r<\/title>\n<meta name=\"robots\" content=\"noindex, follow, max-snippet:-1, max-image-preview:large, max-video-preview:-1\" \/>\n<meta property=\"og:locale\" content=\"fr_FR\" \/>\n<meta property=\"og:type\" content=\"article\" \/>\n<meta property=\"og:title\" content=\"KINETIC RECURVE TEIL SICHERUNGSSCHRAUBE FUER WURFARMBOLZEN M6 SCHWARZ - Bogensportdiscount \u2013 B\u00f6gen, Pfeile, Targets &amp; Zubeh\u00f6r\" \/>\n<meta property=\"og:description\" content=\"EigenschaftWertMarkeKineticTypSperr-Schraube f\u00fcr LimbbolzenGr\u00f6sseM6FarbeSchwarzHerkunftslandChina\" \/>\n<meta property=\"og:url\" content=\"https:\/\/bogensportdiscount.ch\/fr\/produit\/kinetic-recurve-sperr-schraube-limbbolzen-m6-schwarz\/\" \/>\n<meta property=\"og:site_name\" content=\"Bogensportdiscount \u2013 B\u00f6gen, Pfeile, Targets &amp; Zubeh\u00f6r\" \/>\n<meta property=\"article:modified_time\" content=\"2026-04-19T09:53:08+00:00\" \/>\n<meta name=\"twitter:card\" content=\"summary_large_image\" \/>\n<script type=\"application\/ld+json\" class=\"yoast-schema-graph\">{\"@context\":\"https:\\\/\\\/schema.org\",\"@graph\":[{\"@type\":\"WebPage\",\"@id\":\"https:\\\/\\\/bogensportdiscount.ch\\\/fr\\\/produit\\\/kinetic-recurve-sperr-schraube-limbbolzen-m6-schwarz\\\/\",\"url\":\"https:\\\/\\\/bogensportdiscount.ch\\\/fr\\\/produit\\\/kinetic-recurve-sperr-schraube-limbbolzen-m6-schwarz\\\/\",\"name\":\"KINETIC RECURVE TEIL SICHERUNGSSCHRAUBE FUER WURFARMBOLZEN M6 SCHWARZ - Bogensportdiscount \u2013 B\u00f6gen, Pfeile, Targets &amp; Zubeh\u00f6r\",\"isPartOf\":{\"@id\":\"https:\\\/\\\/bogensportdiscount.ch\\\/#website\"},\"datePublished\":\"2026-04-15T05:24:56+00:00\",\"dateModified\":\"2026-04-19T09:53:08+00:00\",\"breadcrumb\":{\"@id\":\"https:\\\/\\\/bogensportdiscount.ch\\\/fr\\\/produit\\\/kinetic-recurve-sperr-schraube-limbbolzen-m6-schwarz\\\/#breadcrumb\"},\"inLanguage\":\"fr-FR\",\"potentialAction\":[{\"@type\":\"ReadAction\",\"target\":[\"https:\\\/\\\/bogensportdiscount.ch\\\/fr\\\/produit\\\/kinetic-recurve-sperr-schraube-limbbolzen-m6-schwarz\\\/\"]}]},{\"@type\":\"BreadcrumbList\",\"@id\":\"https:\\\/\\\/bogensportdiscount.ch\\\/fr\\\/produit\\\/kinetic-recurve-sperr-schraube-limbbolzen-m6-schwarz\\\/#breadcrumb\",\"itemListElement\":[{\"@type\":\"ListItem\",\"position\":1,\"name\":\"Home\",\"item\":\"https:\\\/\\\/bogensportdiscount.ch\\\/\"},{\"@type\":\"ListItem\",\"position\":2,\"name\":\"Shop\",\"item\":\"https:\\\/\\\/bogensportdiscount.ch\\\/shop\\\/\"},{\"@type\":\"ListItem\",\"position\":3,\"name\":\"KINETIC RECURVE TEIL SICHERUNGSSCHRAUBE FUER WURFARMBOLZEN M6 SCHWARZ\"}]},{\"@type\":\"WebSite\",\"@id\":\"https:\\\/\\\/bogensportdiscount.ch\\\/#website\",\"url\":\"https:\\\/\\\/bogensportdiscount.ch\\\/\",\"name\":\"Bogensportdiscount\",\"description\":\"\",\"potentialAction\":[{\"@type\":\"SearchAction\",\"target\":{\"@type\":\"EntryPoint\",\"urlTemplate\":\"https:\\\/\\\/bogensportdiscount.ch\\\/?s={search_term_string}\"},\"query-input\":{\"@type\":\"PropertyValueSpecification\",\"valueRequired\":true,\"valueName\":\"search_term_string\"}}],\"inLanguage\":\"fr-FR\"}]}<\/script>\n<!-- \/ Yoast SEO plugin. -->","yoast_head_json":{"title":"KINETIC RECURVE TEIL SICHERUNGSSCHRAUBE FUER WURFARMBOLZEN M6 SCHWARZ - Bogensportdiscount \u2013 B\u00f6gen, Pfeile, Targets &amp; Zubeh\u00f6r","robots":{"index":"noindex","follow":"follow","max-snippet":"max-snippet:-1","max-image-preview":"max-image-preview:large","max-video-preview":"max-video-preview:-1"},"og_locale":"fr_FR","og_type":"article","og_title":"KINETIC RECURVE TEIL SICHERUNGSSCHRAUBE FUER WURFARMBOLZEN M6 SCHWARZ - Bogensportdiscount \u2013 B\u00f6gen, Pfeile, Targets &amp; Zubeh\u00f6r","og_description":"EigenschaftWertMarkeKineticTypSperr-Schraube f\u00fcr LimbbolzenGr\u00f6sseM6FarbeSchwarzHerkunftslandChina","og_url":"https:\/\/bogensportdiscount.ch\/fr\/produit\/kinetic-recurve-sperr-schraube-limbbolzen-m6-schwarz\/","og_site_name":"Bogensportdiscount \u2013 B\u00f6gen, Pfeile, Targets &amp; Zubeh\u00f6r","article_modified_time":"2026-04-19T09:53:08+00:00","twitter_card":"summary_large_image","schema":{"@context":"https:\/\/schema.org","@graph":[{"@type":"WebPage","@id":"https:\/\/bogensportdiscount.ch\/fr\/produit\/kinetic-recurve-sperr-schraube-limbbolzen-m6-schwarz\/","url":"https:\/\/bogensportdiscount.ch\/fr\/produit\/kinetic-recurve-sperr-schraube-limbbolzen-m6-schwarz\/","name":"KINETIC RECURVE TEIL SICHERUNGSSCHRAUBE FUER WURFARMBOLZEN M6 SCHWARZ - Bogensportdiscount \u2013 B\u00f6gen, Pfeile, Targets &amp; Zubeh\u00f6r","isPartOf":{"@id":"https:\/\/bogensportdiscount.ch\/#website"},"datePublished":"2026-04-15T05:24:56+00:00","dateModified":"2026-04-19T09:53:08+00:00","breadcrumb":{"@id":"https:\/\/bogensportdiscount.ch\/fr\/produit\/kinetic-recurve-sperr-schraube-limbbolzen-m6-schwarz\/#breadcrumb"},"inLanguage":"fr-FR","potentialAction":[{"@type":"ReadAction","target":["https:\/\/bogensportdiscount.ch\/fr\/produit\/kinetic-recurve-sperr-schraube-limbbolzen-m6-schwarz\/"]}]},{"@type":"BreadcrumbList","@id":"https:\/\/bogensportdiscount.ch\/fr\/produit\/kinetic-recurve-sperr-schraube-limbbolzen-m6-schwarz\/#breadcrumb","itemListElement":[{"@type":"ListItem","position":1,"name":"Home","item":"https:\/\/bogensportdiscount.ch\/"},{"@type":"ListItem","position":2,"name":"Shop","item":"https:\/\/bogensportdiscount.ch\/shop\/"},{"@type":"ListItem","position":3,"name":"KINETIC RECURVE TEIL SICHERUNGSSCHRAUBE FUER WURFARMBOLZEN M6 SCHWARZ"}]},{"@type":"WebSite","@id":"https:\/\/bogensportdiscount.ch\/#website","url":"https:\/\/bogensportdiscount.ch\/","name":"Bogensportdiscount","description":"","potentialAction":[{"@type":"SearchAction","target":{"@type":"EntryPoint","urlTemplate":"https:\/\/bogensportdiscount.ch\/?s={search_term_string}"},"query-input":{"@type":"PropertyValueSpecification","valueRequired":true,"valueName":"search_term_string"}}],"inLanguage":"fr-FR"}]}},"_links":{"self":[{"href":"https:\/\/bogensportdiscount.ch\/fr\/wp-json\/wp\/v2\/product\/475998","targetHints":{"allow":["GET"]}}],"collection":[{"href":"https:\/\/bogensportdiscount.ch\/fr\/wp-json\/wp\/v2\/product"}],"about":[{"href":"https:\/\/bogensportdiscount.ch\/fr\/wp-json\/wp\/v2\/types\/product"}],"replies":[{"embeddable":true,"href":"https:\/\/bogensportdiscount.ch\/fr\/wp-json\/wp\/v2\/comments?post=475998"}],"wp:attachment":[{"href":"https:\/\/bogensportdiscount.ch\/fr\/wp-json\/wp\/v2\/media?parent=475998"}],"wp:term":[{"taxonomy":"product_brand","embeddable":true,"href":"https:\/\/bogensportdiscount.ch\/fr\/wp-json\/wp\/v2\/product_brand?post=475998"},{"taxonomy":"product_cat","embeddable":true,"href":"https:\/\/bogensportdiscount.ch\/fr\/wp-json\/wp\/v2\/product_cat?post=475998"},{"taxonomy":"product_tag","embeddable":true,"href":"https:\/\/bogensportdiscount.ch\/fr\/wp-json\/wp\/v2\/product_tag?post=475998"}],"curies":[{"name":"wp","href":"https:\/\/api.w.org\/{rel}","templated":true}]}}