{"id":433739,"date":"2026-04-05T15:51:31","date_gmt":"2026-04-05T13:51:31","guid":{"rendered":"https:\/\/bogensportdiscount.ch\/produkt\/sight-parts-level-green-clear-holder\/"},"modified":"2026-04-17T13:50:34","modified_gmt":"2026-04-17T11:50:34","slug":"beiter-visier-wasserwaage-sight-parts-level","status":"publish","type":"product","link":"https:\/\/bogensportdiscount.ch\/fr\/produit\/beiter-visier-wasserwaage-sight-parts-level\/","title":{"rendered":"NIVEAU DE VUE DE L'OP\u00c9RATEUR"},"content":{"rendered":"<p>Das BEITER Sight Parts Level ist eine Ersatz- bzw. Erg\u00e4nzungskomponente f\u00fcr BEITER Recurve-Visiere. Die Wasserwaage erm\u00f6glicht eine pr\u00e4zise Ausrichtung des Visiers und unterst\u00fctzt eine korrekte Bogenposition beim Schiessen.<\/p>\n<p>Das Teil ist in den Farben Schwarz und Gr\u00fcn erh\u00e4ltlich und l\u00e4sst sich in das BEITER Visiersystem integrieren. Die Produktion erfolgt in Deutschland.<\/p>\n<ul>\n<li>Ersatz-Wasserwaage f\u00fcr BEITER Visiere<\/li>\n<li>Erh\u00e4ltlich in Schwarz und Gr\u00fcn<\/li>\n<li>Hergestellt in Deutschland<\/li>\n<li>Kompatibel mit dem BEITER Visiersystem<\/li>\n<\/ul>","protected":false},"excerpt":{"rendered":"<p>Ersatz-Wasserwaage f\u00fcr BEITER Visiere. Erh\u00e4ltlich in Schwarz und Gr\u00fcn. Hergestellt in Deutschland.<\/p>","protected":false},"featured_media":453631,"comment_status":"open","ping_status":"closed","template":"","meta":[],"product_brand":[419],"product_cat":[4259],"product_tag":[],"class_list":{"0":"post-433739","1":"product","2":"type-product","3":"status-publish","4":"has-post-thumbnail","6":"product_brand-beiter","7":"product_cat-ring-pin-parts","9":"first","10":"onbackorder","11":"shipping-taxable","12":"purchasable","13":"product-type-variable"},"_links":{"self":[{"href":"https:\/\/bogensportdiscount.ch\/fr\/wp-json\/wp\/v2\/product\/433739","targetHints":{"allow":["GET"]}}],"collection":[{"href":"https:\/\/bogensportdiscount.ch\/fr\/wp-json\/wp\/v2\/product"}],"about":[{"href":"https:\/\/bogensportdiscount.ch\/fr\/wp-json\/wp\/v2\/types\/product"}],"replies":[{"embeddable":true,"href":"https:\/\/bogensportdiscount.ch\/fr\/wp-json\/wp\/v2\/comments?post=433739"}],"wp:featuredmedia":[{"embeddable":true,"href":"https:\/\/bogensportdiscount.ch\/fr\/wp-json\/wp\/v2\/media\/453631"}],"wp:attachment":[{"href":"https:\/\/bogensportdiscount.ch\/fr\/wp-json\/wp\/v2\/media?parent=433739"}],"wp:term":[{"taxonomy":"product_brand","embeddable":true,"href":"https:\/\/bogensportdiscount.ch\/fr\/wp-json\/wp\/v2\/product_brand?post=433739"},{"taxonomy":"product_cat","embeddable":true,"href":"https:\/\/bogensportdiscount.ch\/fr\/wp-json\/wp\/v2\/product_cat?post=433739"},{"taxonomy":"product_tag","embeddable":true,"href":"https:\/\/bogensportdiscount.ch\/fr\/wp-json\/wp\/v2\/product_tag?post=433739"}],"curies":[{"name":"wp","href":"https:\/\/api.w.org\/{rel}","templated":true}]}}