{"id":433720,"date":"2026-04-05T15:51:28","date_gmt":"2026-04-05T13:51:28","guid":{"rendered":"https:\/\/bogensportdiscount.ch\/produkt\/compound-sight-nytrx-pro-xv3-vertical-3-pin-dovetail-010-rh\/"},"modified":"2026-04-17T13:50:34","modified_gmt":"2026-04-17T11:50:34","slug":"hha-compound-visier-nytrx-pro-xv3-3-pin-dovetail-010","status":"publish","type":"product","link":"https:\/\/bogensportdiscount.ch\/fr\/produit\/hha-compound-visier-nytrx-pro-xv3-3-pin-dovetail-010\/","title":{"rendered":"HHA Visi\u00e8re Compos\u00e9e Nytrx Pro XV3 Verticale 3-Pin Dovetail .010\u2033"},"content":{"rendered":"<p>Das HHA Nytrx Pro XV3 ist ein Compound-Visier f\u00fcr Jagd und 3D-Bogenschiessen. Die vertikale 3-Pin-Dovetail-Konfiguration bietet eine pr\u00e4zise Entfernungseinstellung und erm\u00f6glicht eine stabile Befestigung am Bogen.<\/p>\n<p>Mit einer Fadenst\u00e4rke von .010&#8243; eignet sich dieses Visier f\u00fcr Sch\u00fctzen, die eine feine Zielmarkierung bevorzugen. Das Visier ist sowohl f\u00fcr Rechts- als auch f\u00fcr Linksh\u00e4nder erh\u00e4ltlich.<\/p>\n<ul>\n<li>3-Pin-Dovetail-Visier mit vertikaler Ausrichtung<\/li>\n<li>Fadenst\u00e4rke .010&#8243; f\u00fcr pr\u00e4zises Zielen<\/li>\n<li>F\u00fcr Rechts- und Linkshand verf\u00fcgbar<\/li>\n<li>Fabriqu\u00e9 aux \u00c9tats-Unis<\/li>\n<\/ul>","protected":false},"excerpt":{"rendered":"<p>Das HHA Nytrx Pro XV3 ist ein Compound-Visier mit vertikaler 3-Pin-Dovetail-Montage und einer Fadenst\u00e4rke von .010&#8243;. Erh\u00e4ltlich f\u00fcr Rechts- und Linkshand. Hergestellt in den USA.<\/p>","protected":false},"featured_media":453631,"comment_status":"open","ping_status":"closed","template":"","meta":[],"product_brand":[528],"product_cat":[4263],"product_tag":[],"class_list":{"0":"post-433720","1":"product","2":"type-product","3":"status-publish","4":"has-post-thumbnail","6":"product_brand-hha","7":"product_cat-jagd-und-3d-visiere","9":"first","10":"onbackorder","11":"shipping-taxable","12":"purchasable","13":"product-type-variable"},"_links":{"self":[{"href":"https:\/\/bogensportdiscount.ch\/fr\/wp-json\/wp\/v2\/product\/433720","targetHints":{"allow":["GET"]}}],"collection":[{"href":"https:\/\/bogensportdiscount.ch\/fr\/wp-json\/wp\/v2\/product"}],"about":[{"href":"https:\/\/bogensportdiscount.ch\/fr\/wp-json\/wp\/v2\/types\/product"}],"replies":[{"embeddable":true,"href":"https:\/\/bogensportdiscount.ch\/fr\/wp-json\/wp\/v2\/comments?post=433720"}],"wp:featuredmedia":[{"embeddable":true,"href":"https:\/\/bogensportdiscount.ch\/fr\/wp-json\/wp\/v2\/media\/453631"}],"wp:attachment":[{"href":"https:\/\/bogensportdiscount.ch\/fr\/wp-json\/wp\/v2\/media?parent=433720"}],"wp:term":[{"taxonomy":"product_brand","embeddable":true,"href":"https:\/\/bogensportdiscount.ch\/fr\/wp-json\/wp\/v2\/product_brand?post=433720"},{"taxonomy":"product_cat","embeddable":true,"href":"https:\/\/bogensportdiscount.ch\/fr\/wp-json\/wp\/v2\/product_cat?post=433720"},{"taxonomy":"product_tag","embeddable":true,"href":"https:\/\/bogensportdiscount.ch\/fr\/wp-json\/wp\/v2\/product_tag?post=433720"}],"curies":[{"name":"wp","href":"https:\/\/api.w.org\/{rel}","templated":true}]}}