{"id":433717,"date":"2026-04-05T15:51:27","date_gmt":"2026-04-05T13:51:27","guid":{"rendered":"https:\/\/bogensportdiscount.ch\/produkt\/compound-sight-nytrx-pro-xv3-vertical-3-pin-dovetail-019-rh\/"},"modified":"2026-04-17T13:50:34","modified_gmt":"2026-04-17T11:50:34","slug":"hha-compound-visier-nytrx-pro-xv3-vertikal-3-pin-dovetail-019","status":"publish","type":"product","link":"https:\/\/bogensportdiscount.ch\/fr\/produit\/hha-compound-visier-nytrx-pro-xv3-vertikal-3-pin-dovetail-019\/","title":{"rendered":"HHA Viseur compound Nytrx Pro XV3 Vertical 3-Pin Dovetail .019&#8243;"},"content":{"rendered":"<p>Das HHA Nytrx Pro XV3 ist ein Compound-Visier f\u00fcr den Einsatz bei der Jagd und im 3D-Bogensport. Die vertikale Anordnung der drei Pins erm\u00f6glicht eine klare Sichtlinie auf das Ziel, w\u00e4hrend die Dovetail-Montage eine schnelle und sichere Befestigung am Bogen gew\u00e4hrleistet.<\/p>\n<p>Mit einer Fadenst\u00e4rke von .019&#8243; eignet sich das Visier f\u00fcr Einsatzbedingungen mit wenig Licht, wie sie bei der Jagd h\u00e4ufig vorkommen. Das Modell ist sowohl f\u00fcr Rechts- als auch f\u00fcr Linksh\u00e4nder erh\u00e4ltlich.<\/p>\n<ul>\n<li>3-Pin-Visier mit vertikaler Anordnung<\/li>\n<li>Dovetail-Montagesystem f\u00fcr einfache Befestigung<\/li>\n<li>Fadenst\u00e4rke .019&#8243; f\u00fcr gute Sichtbarkeit bei schlechten Lichtverh\u00e4ltnissen<\/li>\n<li>Erh\u00e4ltlich f\u00fcr Rechts- und Linkshandbogensch\u00fctzen<\/li>\n<\/ul>","protected":false},"excerpt":{"rendered":"<p>Das HHA Nytrx Pro XV3 ist ein Compound-Visier mit vertikaler 3-Pin-Anordnung und Dovetail-Montage. Es ist in einer Fadenst\u00e4rke von .019&#8243; erh\u00e4ltlich und f\u00fcr Rechts- sowie Linkshandbogensch\u00fctzen geeignet. Hergestellt in den USA.<\/p>","protected":false},"featured_media":453631,"comment_status":"open","ping_status":"closed","template":"","meta":[],"product_brand":[528],"product_cat":[4263],"product_tag":[],"class_list":{"0":"post-433717","1":"product","2":"type-product","3":"status-publish","4":"has-post-thumbnail","6":"product_brand-hha","7":"product_cat-jagd-und-3d-visiere","9":"first","10":"instock","11":"shipping-taxable","12":"purchasable","13":"product-type-variable"},"_links":{"self":[{"href":"https:\/\/bogensportdiscount.ch\/fr\/wp-json\/wp\/v2\/product\/433717","targetHints":{"allow":["GET"]}}],"collection":[{"href":"https:\/\/bogensportdiscount.ch\/fr\/wp-json\/wp\/v2\/product"}],"about":[{"href":"https:\/\/bogensportdiscount.ch\/fr\/wp-json\/wp\/v2\/types\/product"}],"replies":[{"embeddable":true,"href":"https:\/\/bogensportdiscount.ch\/fr\/wp-json\/wp\/v2\/comments?post=433717"}],"wp:featuredmedia":[{"embeddable":true,"href":"https:\/\/bogensportdiscount.ch\/fr\/wp-json\/wp\/v2\/media\/453631"}],"wp:attachment":[{"href":"https:\/\/bogensportdiscount.ch\/fr\/wp-json\/wp\/v2\/media?parent=433717"}],"wp:term":[{"taxonomy":"product_brand","embeddable":true,"href":"https:\/\/bogensportdiscount.ch\/fr\/wp-json\/wp\/v2\/product_brand?post=433717"},{"taxonomy":"product_cat","embeddable":true,"href":"https:\/\/bogensportdiscount.ch\/fr\/wp-json\/wp\/v2\/product_cat?post=433717"},{"taxonomy":"product_tag","embeddable":true,"href":"https:\/\/bogensportdiscount.ch\/fr\/wp-json\/wp\/v2\/product_tag?post=433717"}],"curies":[{"name":"wp","href":"https:\/\/api.w.org\/{rel}","templated":true}]}}