{"id":433693,"date":"2026-04-05T15:51:21","date_gmt":"2026-04-05T13:51:21","guid":{"rendered":"https:\/\/bogensportdiscount.ch\/produkt\/compound-sight-nytrx-xv3-vertical-3-pin-dovetail-019-rh\/"},"modified":"2026-04-17T13:50:33","modified_gmt":"2026-04-17T11:50:33","slug":"hha-compound-visier-nytrx-xv3-vertikal-3-pin-dovetail-019","status":"publish","type":"product","link":"https:\/\/bogensportdiscount.ch\/fr\/produit\/hha-compound-visier-nytrx-xv3-vertikal-3-pin-dovetail-019\/","title":{"rendered":"HHA Visi\u00e8re Compos\u00e9e Nytrx XV3 Verticale 3-Pin Dovetail .019\u2033"},"content":{"rendered":"<p>Das HHA Nytrx XV3 ist ein vertikales Compound-Visier mit drei Pins und Dovetail-Montage. Die Pindicke von .019&#8243; eignet sich f\u00fcr Situationen, bei denen eine feine Zieloptik gefragt ist, etwa bei der 3D-Jagd oder im Feldbogenschiessen.<\/p>\n<p>Dank der Dovetail-Befestigung l\u00e4sst sich das Visier sicher und pr\u00e4zise am Bogen montieren. Es ist in einer Rechtshand- und einer Linkshandversion erh\u00e4ltlich, um unterschiedlichen Sch\u00fctzen gerecht zu werden.<\/p>\n<ul>\n<li>Vertikale 3-Pin-Anordnung f\u00fcr klare Zielf\u00fchrung<\/li>\n<li>Dovetail-Befestigung f\u00fcr stabile Montage<\/li>\n<li>Pindicke .019&#8243; f\u00fcr pr\u00e4zises Zielen<\/li>\n<li>Erh\u00e4ltlich f\u00fcr Rechts- und Linksh\u00e4nder<\/li>\n<\/ul>","protected":false},"excerpt":{"rendered":"<p>Das HHA Nytrx XV3 ist ein vertikales 3-Pin Compound-Visier mit Dovetail-Befestigung und einer Faseroptikst\u00e4rke von .019&#8243;. Es ist sowohl f\u00fcr Rechts- als auch Linksh\u00e4nder erh\u00e4ltlich und wird in den USA gefertigt.<\/p>","protected":false},"featured_media":453631,"comment_status":"open","ping_status":"closed","template":"","meta":[],"product_brand":[528],"product_cat":[4263],"product_tag":[],"class_list":{"0":"post-433693","1":"product","2":"type-product","3":"status-publish","4":"has-post-thumbnail","6":"product_brand-hha","7":"product_cat-jagd-und-3d-visiere","9":"first","10":"instock","11":"shipping-taxable","12":"purchasable","13":"product-type-variable"},"_links":{"self":[{"href":"https:\/\/bogensportdiscount.ch\/fr\/wp-json\/wp\/v2\/product\/433693","targetHints":{"allow":["GET"]}}],"collection":[{"href":"https:\/\/bogensportdiscount.ch\/fr\/wp-json\/wp\/v2\/product"}],"about":[{"href":"https:\/\/bogensportdiscount.ch\/fr\/wp-json\/wp\/v2\/types\/product"}],"replies":[{"embeddable":true,"href":"https:\/\/bogensportdiscount.ch\/fr\/wp-json\/wp\/v2\/comments?post=433693"}],"wp:featuredmedia":[{"embeddable":true,"href":"https:\/\/bogensportdiscount.ch\/fr\/wp-json\/wp\/v2\/media\/453631"}],"wp:attachment":[{"href":"https:\/\/bogensportdiscount.ch\/fr\/wp-json\/wp\/v2\/media?parent=433693"}],"wp:term":[{"taxonomy":"product_brand","embeddable":true,"href":"https:\/\/bogensportdiscount.ch\/fr\/wp-json\/wp\/v2\/product_brand?post=433693"},{"taxonomy":"product_cat","embeddable":true,"href":"https:\/\/bogensportdiscount.ch\/fr\/wp-json\/wp\/v2\/product_cat?post=433693"},{"taxonomy":"product_tag","embeddable":true,"href":"https:\/\/bogensportdiscount.ch\/fr\/wp-json\/wp\/v2\/product_tag?post=433693"}],"curies":[{"name":"wp","href":"https:\/\/api.w.org\/{rel}","templated":true}]}}