{"id":433615,"date":"2026-04-05T15:51:03","date_gmt":"2026-04-05T13:51:03","guid":{"rendered":"https:\/\/bogensportdiscount.ch\/produkt\/wraps-7-large-dia-9-53mm-23-64-prism-aqua-violet-13-pk\/"},"modified":"2026-04-17T12:29:29","modified_gmt":"2026-04-17T10:29:29","slug":"bohning-wraps-7-zoll-large-dia-9-53mm-23-64-prism","status":"publish","type":"product","link":"https:\/\/bogensportdiscount.ch\/fr\/produit\/bohning-wraps-7-zoll-large-dia-9-53mm-23-64-prism\/","title":{"rendered":"BOHNING 7\u2033 23\/64\u2033 PRISM ARROW WRAP"},"content":{"rendered":"<p>Die BOHNING Wraps in der Ausf\u00fchrung 7&#8243; Large Dia (9.53 mm \/ 23\/64&#8243;) sind speziell f\u00fcr grosskalibrige Pfeilsch\u00e4fte konzipiert. Sie werden vor der Befiederung auf den Schaft aufgeklebt und bieten eine glatte, saubere Fl\u00e4che f\u00fcr eine zuverl\u00e4ssige Haftung der Federn oder Vanes.<\/p>\n<p>Das Prism-Finish sorgt f\u00fcr einen visuell markanten Effekt am Pfeil, ohne die Funktion zu beeintr\u00e4chtigen. BOHNING Wraps sind ein bew\u00e4hrtes Zubeh\u00f6r f\u00fcr die Pfeilherstellung und -reparatur im Bogensport.<\/p>\n<ul>\n<li>L\u00e4nge: 7 Zoll \u2013 geeignet f\u00fcr gr\u00f6ssere Schaftdurchmesser<\/li>\n<li>Durchmesser: 9.53 mm \/ 23\/64&#8243;<\/li>\n<li>Prism-Finish f\u00fcr optische Gestaltung des Schafts<\/li>\n<li>Verbessert die Haftung der Befiederung auf dem Schaft<\/li>\n<\/ul>","protected":false},"excerpt":{"rendered":"<p><strong>Marque :<\/strong> Bohning<\/p>","protected":false},"featured_media":453631,"comment_status":"open","ping_status":"closed","template":"","meta":[],"product_brand":[444],"product_cat":[4268],"product_tag":[],"class_list":{"0":"post-433615","1":"product","2":"type-product","3":"status-publish","4":"has-post-thumbnail","6":"product_brand-bohning","7":"product_cat-wraps-vanes-nocks-wraps","9":"first","10":"onbackorder","11":"shipping-taxable","12":"purchasable","13":"product-type-variable"},"_links":{"self":[{"href":"https:\/\/bogensportdiscount.ch\/fr\/wp-json\/wp\/v2\/product\/433615","targetHints":{"allow":["GET"]}}],"collection":[{"href":"https:\/\/bogensportdiscount.ch\/fr\/wp-json\/wp\/v2\/product"}],"about":[{"href":"https:\/\/bogensportdiscount.ch\/fr\/wp-json\/wp\/v2\/types\/product"}],"replies":[{"embeddable":true,"href":"https:\/\/bogensportdiscount.ch\/fr\/wp-json\/wp\/v2\/comments?post=433615"}],"wp:featuredmedia":[{"embeddable":true,"href":"https:\/\/bogensportdiscount.ch\/fr\/wp-json\/wp\/v2\/media\/453631"}],"wp:attachment":[{"href":"https:\/\/bogensportdiscount.ch\/fr\/wp-json\/wp\/v2\/media?parent=433615"}],"wp:term":[{"taxonomy":"product_brand","embeddable":true,"href":"https:\/\/bogensportdiscount.ch\/fr\/wp-json\/wp\/v2\/product_brand?post=433615"},{"taxonomy":"product_cat","embeddable":true,"href":"https:\/\/bogensportdiscount.ch\/fr\/wp-json\/wp\/v2\/product_cat?post=433615"},{"taxonomy":"product_tag","embeddable":true,"href":"https:\/\/bogensportdiscount.ch\/fr\/wp-json\/wp\/v2\/product_tag?post=433615"}],"curies":[{"name":"wp","href":"https:\/\/api.w.org\/{rel}","templated":true}]}}