{"id":433605,"date":"2026-04-05T15:51:01","date_gmt":"2026-04-05T13:51:01","guid":{"rendered":"https:\/\/bogensportdiscount.ch\/produkt\/wraps-7-x-small-dia-5-56mm-14-64-prism-aqua-violet-13-pk\/"},"modified":"2026-04-17T12:29:25","modified_gmt":"2026-04-17T10:29:25","slug":"bohning-wraps-7-x-small-dia-5-56mm-14-64-prism","status":"publish","type":"product","link":"https:\/\/bogensportdiscount.ch\/fr\/produit\/bohning-wraps-7-x-small-dia-5-56mm-14-64-prism\/","title":{"rendered":"BOHNING 7\u2033 14\/64\u2033 PRISM ARROW WRAP"},"content":{"rendered":"<p>Die BOHNING Wraps 7&#8243; X-Small sind selbstklebende Unterlagen, die vor dem Aufbringen der Befiederung auf den Pfeilschaft aufgeklebt werden. Sie eignen sich f\u00fcr Sch\u00e4fte mit einem Durchmesser von 5.56mm (14\/64&#8243;) und sind speziell auf schmale X-Small-Sch\u00e4fte ausgelegt.<\/p>\n<p>Das Prism-Design verleiht dem Pfeil ein optisch ansprechendes Erscheinungsbild und erm\u00f6glicht eine bessere Sichtbarkeit des Pfeils. Die Wraps erleichtern zudem das saubere Aufkleben von Federn oder Vanes, da sie eine gleichm\u00e4ssige Klebefl\u00e4che bieten.<\/p>\n<ul>\n<li>Gr\u00f6sse: 7&#8243; X-Small f\u00fcr schmale Sch\u00e4fte<\/li>\n<li>Durchmesser: 5.56mm \/ 14\/64&#8243;<\/li>\n<li>Design: Prism<\/li>\n<li>Selbstklebend, einfache Montage<\/li>\n<\/ul>","protected":false},"excerpt":{"rendered":"<p><strong>Marque :<\/strong> Bohning<\/p>","protected":false},"featured_media":453631,"comment_status":"open","ping_status":"closed","template":"","meta":[],"product_brand":[444],"product_cat":[4268],"product_tag":[],"class_list":{"0":"post-433605","1":"product","2":"type-product","3":"status-publish","4":"has-post-thumbnail","6":"product_brand-bohning","7":"product_cat-wraps-vanes-nocks-wraps","9":"first","10":"onbackorder","11":"shipping-taxable","12":"purchasable","13":"product-type-variable"},"_links":{"self":[{"href":"https:\/\/bogensportdiscount.ch\/fr\/wp-json\/wp\/v2\/product\/433605","targetHints":{"allow":["GET"]}}],"collection":[{"href":"https:\/\/bogensportdiscount.ch\/fr\/wp-json\/wp\/v2\/product"}],"about":[{"href":"https:\/\/bogensportdiscount.ch\/fr\/wp-json\/wp\/v2\/types\/product"}],"replies":[{"embeddable":true,"href":"https:\/\/bogensportdiscount.ch\/fr\/wp-json\/wp\/v2\/comments?post=433605"}],"wp:featuredmedia":[{"embeddable":true,"href":"https:\/\/bogensportdiscount.ch\/fr\/wp-json\/wp\/v2\/media\/453631"}],"wp:attachment":[{"href":"https:\/\/bogensportdiscount.ch\/fr\/wp-json\/wp\/v2\/media?parent=433605"}],"wp:term":[{"taxonomy":"product_brand","embeddable":true,"href":"https:\/\/bogensportdiscount.ch\/fr\/wp-json\/wp\/v2\/product_brand?post=433605"},{"taxonomy":"product_cat","embeddable":true,"href":"https:\/\/bogensportdiscount.ch\/fr\/wp-json\/wp\/v2\/product_cat?post=433605"},{"taxonomy":"product_tag","embeddable":true,"href":"https:\/\/bogensportdiscount.ch\/fr\/wp-json\/wp\/v2\/product_tag?post=433605"}],"curies":[{"name":"wp","href":"https:\/\/api.w.org\/{rel}","templated":true}]}}