{"id":433585,"date":"2026-04-05T15:50:58","date_gmt":"2026-04-05T13:50:58","guid":{"rendered":"https:\/\/bogensportdiscount.ch\/produkt\/wraps-7-standard-dia-7-54mm-19-64-prism-aqua-violet-13-pk\/"},"modified":"2026-04-17T12:29:16","modified_gmt":"2026-04-17T10:29:16","slug":"bohning-wraps-7-zoll-standard-durchmesser-7-54mm-prism","status":"publish","type":"product","link":"https:\/\/bogensportdiscount.ch\/fr\/produit\/bohning-wraps-7-zoll-standard-durchmesser-7-54mm-prism\/","title":{"rendered":"BOHNING 7\u2033 19\/64\u2033 PRISM ARROW WRAP"},"content":{"rendered":"<p>Die BOHNING Wraps in der 7-Zoll-L\u00e4nge (Standard-Durchmesser 7.54 mm \/ 19\/64&#8243;) bieten eine glatte, gleichm\u00e4ssige Unterlagsfl\u00e4che f\u00fcr die Befiederung von Carbonpfeilen. Die Prism-Ausf\u00fchrung zeichnet sich durch ein optisch ansprechendes, schimmerndes Finish aus.<\/p>\n<p>Wraps werden auf den hinteren Teil des Pfeilschafts aufgeklebt und sorgen f\u00fcr eine bessere Haftung der Befiederung sowie f\u00fcr eine einfachere Identifikation der eigenen Pfeile. Sie sind in den Farben Green und Tan erh\u00e4ltlich.<\/p>\n<ul>\n<li>L\u00e4nge: 7 Zoll<\/li>\n<li>Durchmesser: 7.54 mm (19\/64&#8243;)<\/li>\n<li>Prism-Optik<\/li>\n<li>Erh\u00e4ltlich in Green und Tan<\/li>\n<\/ul>","protected":false},"excerpt":{"rendered":"<p>Die BOHNING Wraps 7&#8243; Standard (Durchmesser 7.54 mm \/ 19\/64&#8243;) in der Prism-Ausf\u00fchrung sind selbstklebende Pfeilfolien zur Befiederung von Pfeilen. Sie sind in den Farben Green und Tan erh\u00e4ltlich und eignen sich f\u00fcr Sch\u00e4fte mit dem entsprechenden Standarddurchmesser.<\/p>","protected":false},"featured_media":453631,"comment_status":"open","ping_status":"closed","template":"","meta":[],"product_brand":[444],"product_cat":[4268],"product_tag":[],"class_list":{"0":"post-433585","1":"product","2":"type-product","3":"status-publish","4":"has-post-thumbnail","6":"product_brand-bohning","7":"product_cat-wraps-vanes-nocks-wraps","9":"first","10":"onbackorder","11":"shipping-taxable","12":"purchasable","13":"product-type-variable"},"_links":{"self":[{"href":"https:\/\/bogensportdiscount.ch\/fr\/wp-json\/wp\/v2\/product\/433585","targetHints":{"allow":["GET"]}}],"collection":[{"href":"https:\/\/bogensportdiscount.ch\/fr\/wp-json\/wp\/v2\/product"}],"about":[{"href":"https:\/\/bogensportdiscount.ch\/fr\/wp-json\/wp\/v2\/types\/product"}],"replies":[{"embeddable":true,"href":"https:\/\/bogensportdiscount.ch\/fr\/wp-json\/wp\/v2\/comments?post=433585"}],"wp:featuredmedia":[{"embeddable":true,"href":"https:\/\/bogensportdiscount.ch\/fr\/wp-json\/wp\/v2\/media\/453631"}],"wp:attachment":[{"href":"https:\/\/bogensportdiscount.ch\/fr\/wp-json\/wp\/v2\/media?parent=433585"}],"wp:term":[{"taxonomy":"product_brand","embeddable":true,"href":"https:\/\/bogensportdiscount.ch\/fr\/wp-json\/wp\/v2\/product_brand?post=433585"},{"taxonomy":"product_cat","embeddable":true,"href":"https:\/\/bogensportdiscount.ch\/fr\/wp-json\/wp\/v2\/product_cat?post=433585"},{"taxonomy":"product_tag","embeddable":true,"href":"https:\/\/bogensportdiscount.ch\/fr\/wp-json\/wp\/v2\/product_tag?post=433585"}],"curies":[{"name":"wp","href":"https:\/\/api.w.org\/{rel}","templated":true}]}}