{"id":433485,"date":"2026-04-05T15:50:41","date_gmt":"2026-04-05T13:50:41","guid":{"rendered":"https:\/\/bogensportdiscount.ch\/produkt\/wraps-4-standard-dia-7-54mm-19-64-prism-aqua-violet-13-pk\/"},"modified":"2026-04-17T12:28:30","modified_gmt":"2026-04-17T10:28:30","slug":"bohning-wraps-4-zoll-standard-dia-7-54mm-19-64-prism","status":"publish","type":"product","link":"https:\/\/bogensportdiscount.ch\/fr\/produit\/bohning-wraps-4-zoll-standard-dia-7-54mm-19-64-prism\/","title":{"rendered":"BOHNING 4\u2033 19\/64\u2033 ENVELOPPE DE FL\u00c8CHE PRISMATIQUE"},"content":{"rendered":"<p>Die Bohning Wraps 4&#8243; Standard sind selbstklebende Folienstreifen, die auf den Pfeilschaft aufgebracht werden, bevor die Federn oder Vanes befestigt werden. Sie sorgen f\u00fcr eine saubere Klebefl\u00e4che und verbessern die Haftung der Befiederung, unabh\u00e4ngig vom Schaftmaterial.<\/p>\n<p>Das Prism-Design verleiht den Pfeilen ein dekoratives Erscheinungsbild und erleichtert gleichzeitig das Wiederfinden der Pfeile. Die Wraps sind f\u00fcr Sch\u00e4fte mit einem Durchmesser von 7.54 mm (19\/64&#8243;) ausgelegt.<\/p>\n<ul>\n<li>L\u00e4nge: 4&#8243; (Standardgr\u00f6sse)<\/li>\n<li>Schaftdurchmesser: 7.54 mm \/ 19\/64&#8243;<\/li>\n<li>Design: Prism<\/li>\n<li>Erh\u00e4ltlich in Green und Tan<\/li>\n<\/ul>","protected":false},"excerpt":{"rendered":"<p>Bohning Wraps in der 4&#8243;-Standardgr\u00f6sse mit einem Durchmesser von 7.54 mm (19\/64&#8243;) im Prism-Design. Erh\u00e4ltlich in den Farben Green und Tan. Geeignet f\u00fcr die Befiederung von Pfeilen mit entsprechendem Schaftdurchmesser.<\/p>","protected":false},"featured_media":453631,"comment_status":"open","ping_status":"closed","template":"","meta":[],"product_brand":[444],"product_cat":[4268],"product_tag":[],"class_list":{"0":"post-433485","1":"product","2":"type-product","3":"status-publish","4":"has-post-thumbnail","6":"product_brand-bohning","7":"product_cat-wraps-vanes-nocks-wraps","9":"first","10":"onbackorder","11":"shipping-taxable","12":"purchasable","13":"product-type-variable"},"_links":{"self":[{"href":"https:\/\/bogensportdiscount.ch\/fr\/wp-json\/wp\/v2\/product\/433485","targetHints":{"allow":["GET"]}}],"collection":[{"href":"https:\/\/bogensportdiscount.ch\/fr\/wp-json\/wp\/v2\/product"}],"about":[{"href":"https:\/\/bogensportdiscount.ch\/fr\/wp-json\/wp\/v2\/types\/product"}],"replies":[{"embeddable":true,"href":"https:\/\/bogensportdiscount.ch\/fr\/wp-json\/wp\/v2\/comments?post=433485"}],"wp:featuredmedia":[{"embeddable":true,"href":"https:\/\/bogensportdiscount.ch\/fr\/wp-json\/wp\/v2\/media\/453631"}],"wp:attachment":[{"href":"https:\/\/bogensportdiscount.ch\/fr\/wp-json\/wp\/v2\/media?parent=433485"}],"wp:term":[{"taxonomy":"product_brand","embeddable":true,"href":"https:\/\/bogensportdiscount.ch\/fr\/wp-json\/wp\/v2\/product_brand?post=433485"},{"taxonomy":"product_cat","embeddable":true,"href":"https:\/\/bogensportdiscount.ch\/fr\/wp-json\/wp\/v2\/product_cat?post=433485"},{"taxonomy":"product_tag","embeddable":true,"href":"https:\/\/bogensportdiscount.ch\/fr\/wp-json\/wp\/v2\/product_tag?post=433485"}],"curies":[{"name":"wp","href":"https:\/\/api.w.org\/{rel}","templated":true}]}}