{"id":433482,"date":"2026-04-05T15:50:40","date_gmt":"2026-04-05T13:50:40","guid":{"rendered":"https:\/\/bogensportdiscount.ch\/produkt\/gold-plunger-replacement-carbon-stem-for-carbon-arrows\/"},"modified":"2026-04-16T12:04:10","modified_gmt":"2026-04-16T10:04:10","slug":"aae-gold-plunger-ersatz-carbon-schaft","status":"publish","type":"product","link":"https:\/\/bogensportdiscount.ch\/fr\/produit\/aae-gold-plunger-ersatz-carbon-schaft\/","title":{"rendered":"AAE GOLD PLUNGER REPLACEMENT CARBON STEM FOR"},"content":{"rendered":"<p>Dieser Ersatz-Carbon-Schaft ist als Ersatzteil f\u00fcr den AAE Gold Plunger (Druckknopf) konzipiert. Er erm\u00f6glicht den Austausch eines verschlissenen oder besch\u00e4digten Schafts, ohne den gesamten Plunger ersetzen zu m\u00fcssen.<\/p>\n<p>Carbon als Material sorgt f\u00fcr ein geringes Gewicht bei ausreichender Steifigkeit. Das Ersatzteil ist in den USA gefertigt und entspricht den Originalspezifikationen des AAE Gold Plungers.<\/p>\n<ul>\n<li>Ersatzteil f\u00fcr AAE Gold Plunger<\/li>\n<li>Carbon-Material: leicht und stabil<\/li>\n<li>Fabriqu\u00e9 aux \u00c9tats-Unis<\/li>\n<li>Einfacher Austausch des Schafts<\/li>\n<\/ul>","protected":false},"excerpt":{"rendered":"<p>Ersatz-Carbon-Schaft f\u00fcr den AAE Gold Plunger. Passend f\u00fcr den Austausch des originalen Schafts am AAE Gold Plunger-Button. Hergestellt in den USA.<\/p>","protected":false},"featured_media":453631,"comment_status":"open","ping_status":"closed","template":"","meta":[],"product_brand":[517],"product_cat":[4648],"product_tag":[],"class_list":{"0":"post-433482","1":"product","2":"type-product","3":"status-publish","4":"has-post-thumbnail","6":"product_brand-aae","7":"product_cat-einzelteile-fuer-button","9":"first","10":"onbackorder","11":"shipping-taxable","12":"purchasable","13":"product-type-variable"},"_links":{"self":[{"href":"https:\/\/bogensportdiscount.ch\/fr\/wp-json\/wp\/v2\/product\/433482","targetHints":{"allow":["GET"]}}],"collection":[{"href":"https:\/\/bogensportdiscount.ch\/fr\/wp-json\/wp\/v2\/product"}],"about":[{"href":"https:\/\/bogensportdiscount.ch\/fr\/wp-json\/wp\/v2\/types\/product"}],"replies":[{"embeddable":true,"href":"https:\/\/bogensportdiscount.ch\/fr\/wp-json\/wp\/v2\/comments?post=433482"}],"wp:featuredmedia":[{"embeddable":true,"href":"https:\/\/bogensportdiscount.ch\/fr\/wp-json\/wp\/v2\/media\/453631"}],"wp:attachment":[{"href":"https:\/\/bogensportdiscount.ch\/fr\/wp-json\/wp\/v2\/media?parent=433482"}],"wp:term":[{"taxonomy":"product_brand","embeddable":true,"href":"https:\/\/bogensportdiscount.ch\/fr\/wp-json\/wp\/v2\/product_brand?post=433482"},{"taxonomy":"product_cat","embeddable":true,"href":"https:\/\/bogensportdiscount.ch\/fr\/wp-json\/wp\/v2\/product_cat?post=433482"},{"taxonomy":"product_tag","embeddable":true,"href":"https:\/\/bogensportdiscount.ch\/fr\/wp-json\/wp\/v2\/product_tag?post=433482"}],"curies":[{"name":"wp","href":"https:\/\/api.w.org\/{rel}","templated":true}]}}