{"id":433466,"date":"2026-04-05T15:50:37","date_gmt":"2026-04-05T13:50:37","guid":{"rendered":"https:\/\/bogensportdiscount.ch\/produkt\/triple-fletching-tape-jig-blue\/"},"modified":"2026-05-14T15:28:05","modified_gmt":"2026-05-14T13:28:05","slug":"jet6-befiederungsband-schablone-triple-fletching-tape-jig","status":"publish","type":"product","link":"https:\/\/bogensportdiscount.ch\/fr\/produit\/jet6-befiederungsband-schablone-triple-fletching-tape-jig\/","title":{"rendered":"JET6 TRIPLE BEFIEDERUNGSBAND JIG"},"content":{"rendered":"<p>Le JET6 Triple Fletching Tape Jig simplifie la pose du ruban d'empennage sur les tubes de fl\u00e8che. Le gabarit positionne trois bandes de plumes de mani\u00e8re uniforme \u00e0 120 degr\u00e9s, permettant ainsi un empennage pr\u00e9cis et reproductible.<\/p>\n<p>L'appareil est con\u00e7u pour \u00eatre utilis\u00e9 avec du ruban d'empennage (Fletching Tape) et convient aux archers qui souhaitent empenner leurs fl\u00e8ches eux-m\u00eames. Fabriqu\u00e9 en Cor\u00e9e, disponible en bleu et rose.<\/p>\n<ul>\n<li>Gabarit d'empennage triple pour une disposition \u00e0 120 degr\u00e9s<\/li>\n<li>Optimis\u00e9 pour une utilisation avec du ruban adh\u00e9sif pour l'empennage<\/li>\n<li>Disponible en bleu et rose<\/li>\n<li>Manipulation simple pour le montage des fl\u00e8ches par soi-m\u00eame<\/li>\n<\/ul>","protected":false},"excerpt":{"rendered":"<table>\n<tr>\n<th>Propri\u00e9t\u00e9<\/th>\n<th>Valeur<\/th>\n<\/tr>\n<tr>\n<td>Marque<\/td>\n<td>Jet 6<\/td>\n<\/tr>\n<tr>\n<td>Pays d'origine<\/td>\n<td>Cor\u00e9e du Sud<\/td>\n<\/tr>\n<\/table>","protected":false},"featured_media":528651,"comment_status":"open","ping_status":"closed","template":"","meta":[],"product_brand":[1340],"product_cat":[4141],"product_tag":[],"class_list":{"0":"post-433466","1":"product","2":"type-product","3":"status-publish","4":"has-post-thumbnail","6":"product_brand-jet6","7":"product_cat-befiederungsgeraete-einzelteile","8":"product_shipping_class-bsd-standard","10":"first","11":"instock","12":"shipping-taxable","13":"purchasable","14":"product-type-variable"},"yoast_head":"<!-- This site is optimized with the Yoast SEO plugin v27.6 - https:\/\/yoast.com\/product\/yoast-seo-wordpress\/ -->\n<title>JET6 TRIPLE BANDE DE PLUMES POUR JIG - Bogensportdiscount \u2013 Arcs, fl\u00e8ches, cibles et accessoires<\/title>\n<meta name=\"description\" content=\"Achetez le JET6 TRIPLE BEFIEDUNGSBAND JIG \u00e0 prix avantageux chez Bogensportdiscount \u2013 Les meilleures marques, livraison rapide depuis la Suisse.\" \/>\n<meta name=\"robots\" content=\"index, follow, max-snippet:-1, max-image-preview:large, max-video-preview:-1\" \/>\n<link rel=\"canonical\" href=\"https:\/\/bogensportdiscount.ch\/fr\/produit\/jet6-befiederungsband-schablone-triple-fletching-tape-jig\/\" \/>\n<meta property=\"og:locale\" content=\"fr_FR\" \/>\n<meta property=\"og:type\" content=\"article\" \/>\n<meta property=\"og:title\" content=\"JET6 TRIPLE BANDE DE PLUMES POUR JIG - Bogensportdiscount \u2013 Arcs, fl\u00e8ches, cibles et accessoires\" \/>\n<meta property=\"og:description\" content=\"Achetez le JET6 TRIPLE BEFIEDUNGSBAND JIG \u00e0 prix avantageux chez Bogensportdiscount \u2013 Les meilleures marques, livraison rapide depuis la Suisse.\" \/>\n<meta property=\"og:url\" content=\"https:\/\/bogensportdiscount.ch\/fr\/produit\/jet6-befiederungsband-schablone-triple-fletching-tape-jig\/\" \/>\n<meta property=\"og:site_name\" content=\"Bogensportdiscount \u2013 B\u00f6gen, Pfeile, Targets &amp; Zubeh\u00f6r\" \/>\n<meta property=\"article:modified_time\" content=\"2026-05-14T13:28:05+00:00\" \/>\n<meta property=\"og:image\" content=\"https:\/\/bogensportdiscount.ch\/wp-content\/uploads\/2026\/04\/bogensportdiscount.ch-pfeile-boegen-zubehoer-fuer-anfaenger-und-profis-zum-besten-preis-Symbolbild-kein-foto-zu-diesem-artikel_01.jpg\" \/>\n\t<meta property=\"og:image:width\" content=\"1080\" \/>\n\t<meta property=\"og:image:height\" content=\"1080\" \/>\n\t<meta property=\"og:image:type\" content=\"image\/jpeg\" \/>\n<meta name=\"twitter:card\" content=\"summary_large_image\" \/>\n<script type=\"application\/ld+json\" class=\"yoast-schema-graph\">{\"@context\":\"https:\\\/\\\/schema.org\",\"@graph\":[{\"@type\":\"WebPage\",\"@id\":\"https:\\\/\\\/bogensportdiscount.ch\\\/produkt\\\/jet6-befiederungsband-schablone-triple-fletching-tape-jig\\\/\",\"url\":\"https:\\\/\\\/bogensportdiscount.ch\\\/produkt\\\/jet6-befiederungsband-schablone-triple-fletching-tape-jig\\\/\",\"name\":\"JET6 TRIPLE BEFIEDERUNGSBAND JIG - Bogensportdiscount \u2013 B\u00f6gen, Pfeile, Targets &amp; Zubeh\u00f6r\",\"isPartOf\":{\"@id\":\"https:\\\/\\\/bogensportdiscount.ch\\\/#website\"},\"primaryImageOfPage\":{\"@id\":\"https:\\\/\\\/bogensportdiscount.ch\\\/produkt\\\/jet6-befiederungsband-schablone-triple-fletching-tape-jig\\\/#primaryimage\"},\"image\":{\"@id\":\"https:\\\/\\\/bogensportdiscount.ch\\\/produkt\\\/jet6-befiederungsband-schablone-triple-fletching-tape-jig\\\/#primaryimage\"},\"thumbnailUrl\":\"https:\\\/\\\/bogensportdiscount.ch\\\/wp-content\\\/uploads\\\/2026\\\/04\\\/a102568_1.png\",\"datePublished\":\"2026-04-05T13:50:37+00:00\",\"dateModified\":\"2026-05-14T13:28:05+00:00\",\"description\":\"JET6 TRIPLE BEFIEDERUNGSBAND JIG g\u00fcnstig kaufen bei Bogensportdiscount \u2013 Top-Marken, schneller Versand aus der Schweiz.\",\"breadcrumb\":{\"@id\":\"https:\\\/\\\/bogensportdiscount.ch\\\/produkt\\\/jet6-befiederungsband-schablone-triple-fletching-tape-jig\\\/#breadcrumb\"},\"inLanguage\":\"fr-FR\",\"potentialAction\":[{\"@type\":\"ReadAction\",\"target\":[\"https:\\\/\\\/bogensportdiscount.ch\\\/produkt\\\/jet6-befiederungsband-schablone-triple-fletching-tape-jig\\\/\"]}]},{\"@type\":\"ImageObject\",\"inLanguage\":\"fr-FR\",\"@id\":\"https:\\\/\\\/bogensportdiscount.ch\\\/produkt\\\/jet6-befiederungsband-schablone-triple-fletching-tape-jig\\\/#primaryimage\",\"url\":\"https:\\\/\\\/bogensportdiscount.ch\\\/wp-content\\\/uploads\\\/2026\\\/04\\\/a102568_1.png\",\"contentUrl\":\"https:\\\/\\\/bogensportdiscount.ch\\\/wp-content\\\/uploads\\\/2026\\\/04\\\/a102568_1.png\",\"width\":400,\"height\":168},{\"@type\":\"BreadcrumbList\",\"@id\":\"https:\\\/\\\/bogensportdiscount.ch\\\/produkt\\\/jet6-befiederungsband-schablone-triple-fletching-tape-jig\\\/#breadcrumb\",\"itemListElement\":[{\"@type\":\"ListItem\",\"position\":1,\"name\":\"Home\",\"item\":\"https:\\\/\\\/bogensportdiscount.ch\\\/\"},{\"@type\":\"ListItem\",\"position\":2,\"name\":\"Shop\",\"item\":\"https:\\\/\\\/bogensportdiscount.ch\\\/shop\\\/\"},{\"@type\":\"ListItem\",\"position\":3,\"name\":\"JET6 TRIPLE BEFIEDERUNGSBAND JIG\"}]},{\"@type\":\"WebSite\",\"@id\":\"https:\\\/\\\/bogensportdiscount.ch\\\/#website\",\"url\":\"https:\\\/\\\/bogensportdiscount.ch\\\/\",\"name\":\"Bogensportdiscount\",\"description\":\"\",\"potentialAction\":[{\"@type\":\"SearchAction\",\"target\":{\"@type\":\"EntryPoint\",\"urlTemplate\":\"https:\\\/\\\/bogensportdiscount.ch\\\/?s={search_term_string}\"},\"query-input\":{\"@type\":\"PropertyValueSpecification\",\"valueRequired\":true,\"valueName\":\"search_term_string\"}}],\"inLanguage\":\"fr-FR\"}]}<\/script>\n<!-- \/ Yoast SEO plugin. -->","yoast_head_json":{"title":"JET6 TRIPLE BANDE DE PLUMES POUR JIG - Bogensportdiscount \u2013 Arcs, fl\u00e8ches, cibles et accessoires","description":"Achetez le JET6 TRIPLE BEFIEDUNGSBAND JIG \u00e0 prix avantageux chez Bogensportdiscount \u2013 Les meilleures marques, livraison rapide depuis la Suisse.","robots":{"index":"index","follow":"follow","max-snippet":"max-snippet:-1","max-image-preview":"max-image-preview:large","max-video-preview":"max-video-preview:-1"},"canonical":"https:\/\/bogensportdiscount.ch\/fr\/produit\/jet6-befiederungsband-schablone-triple-fletching-tape-jig\/","og_locale":"fr_FR","og_type":"article","og_title":"JET6 TRIPLE BANDE DE PLUMES POUR JIG - Bogensportdiscount \u2013 Arcs, fl\u00e8ches, cibles et accessoires","og_description":"Achetez le JET6 TRIPLE BEFIEDUNGSBAND JIG \u00e0 prix avantageux chez Bogensportdiscount \u2013 Les meilleures marques, livraison rapide depuis la Suisse.","og_url":"https:\/\/bogensportdiscount.ch\/fr\/produit\/jet6-befiederungsband-schablone-triple-fletching-tape-jig\/","og_site_name":"Bogensportdiscount \u2013 B\u00f6gen, Pfeile, Targets &amp; Zubeh\u00f6r","article_modified_time":"2026-05-14T13:28:05+00:00","og_image":[{"width":1080,"height":1080,"url":"https:\/\/bogensportdiscount.ch\/wp-content\/uploads\/2026\/04\/bogensportdiscount.ch-pfeile-boegen-zubehoer-fuer-anfaenger-und-profis-zum-besten-preis-Symbolbild-kein-foto-zu-diesem-artikel_01.jpg","type":"image\/jpeg"}],"twitter_card":"summary_large_image","schema":{"@context":"https:\/\/schema.org","@graph":[{"@type":"WebPage","@id":"https:\/\/bogensportdiscount.ch\/produkt\/jet6-befiederungsband-schablone-triple-fletching-tape-jig\/","url":"https:\/\/bogensportdiscount.ch\/produkt\/jet6-befiederungsband-schablone-triple-fletching-tape-jig\/","name":"JET6 TRIPLE BANDE DE PLUMES POUR JIG - Bogensportdiscount \u2013 Arcs, fl\u00e8ches, cibles et accessoires","isPartOf":{"@id":"https:\/\/bogensportdiscount.ch\/#website"},"primaryImageOfPage":{"@id":"https:\/\/bogensportdiscount.ch\/produkt\/jet6-befiederungsband-schablone-triple-fletching-tape-jig\/#primaryimage"},"image":{"@id":"https:\/\/bogensportdiscount.ch\/produkt\/jet6-befiederungsband-schablone-triple-fletching-tape-jig\/#primaryimage"},"thumbnailUrl":"https:\/\/bogensportdiscount.ch\/wp-content\/uploads\/2026\/04\/a102568_1.png","datePublished":"2026-04-05T13:50:37+00:00","dateModified":"2026-05-14T13:28:05+00:00","description":"Achetez le JET6 TRIPLE BEFIEDUNGSBAND JIG \u00e0 prix avantageux chez Bogensportdiscount \u2013 Les meilleures marques, livraison rapide depuis la Suisse.","breadcrumb":{"@id":"https:\/\/bogensportdiscount.ch\/produkt\/jet6-befiederungsband-schablone-triple-fletching-tape-jig\/#breadcrumb"},"inLanguage":"fr-FR","potentialAction":[{"@type":"ReadAction","target":["https:\/\/bogensportdiscount.ch\/produkt\/jet6-befiederungsband-schablone-triple-fletching-tape-jig\/"]}]},{"@type":"ImageObject","inLanguage":"fr-FR","@id":"https:\/\/bogensportdiscount.ch\/produkt\/jet6-befiederungsband-schablone-triple-fletching-tape-jig\/#primaryimage","url":"https:\/\/bogensportdiscount.ch\/wp-content\/uploads\/2026\/04\/a102568_1.png","contentUrl":"https:\/\/bogensportdiscount.ch\/wp-content\/uploads\/2026\/04\/a102568_1.png","width":400,"height":168},{"@type":"BreadcrumbList","@id":"https:\/\/bogensportdiscount.ch\/produkt\/jet6-befiederungsband-schablone-triple-fletching-tape-jig\/#breadcrumb","itemListElement":[{"@type":"ListItem","position":1,"name":"Home","item":"https:\/\/bogensportdiscount.ch\/"},{"@type":"ListItem","position":2,"name":"Shop","item":"https:\/\/bogensportdiscount.ch\/shop\/"},{"@type":"ListItem","position":3,"name":"JET6 TRIPLE BEFIEDERUNGSBAND JIG"}]},{"@type":"WebSite","@id":"https:\/\/bogensportdiscount.ch\/#website","url":"https:\/\/bogensportdiscount.ch\/","name":"Bogensportdiscount","description":"","potentialAction":[{"@type":"SearchAction","target":{"@type":"EntryPoint","urlTemplate":"https:\/\/bogensportdiscount.ch\/?s={search_term_string}"},"query-input":{"@type":"PropertyValueSpecification","valueRequired":true,"valueName":"search_term_string"}}],"inLanguage":"fr-FR"}]}},"_links":{"self":[{"href":"https:\/\/bogensportdiscount.ch\/fr\/wp-json\/wp\/v2\/product\/433466","targetHints":{"allow":["GET"]}}],"collection":[{"href":"https:\/\/bogensportdiscount.ch\/fr\/wp-json\/wp\/v2\/product"}],"about":[{"href":"https:\/\/bogensportdiscount.ch\/fr\/wp-json\/wp\/v2\/types\/product"}],"replies":[{"embeddable":true,"href":"https:\/\/bogensportdiscount.ch\/fr\/wp-json\/wp\/v2\/comments?post=433466"}],"wp:featuredmedia":[{"embeddable":true,"href":"https:\/\/bogensportdiscount.ch\/fr\/wp-json\/wp\/v2\/media\/528651"}],"wp:attachment":[{"href":"https:\/\/bogensportdiscount.ch\/fr\/wp-json\/wp\/v2\/media?parent=433466"}],"wp:term":[{"taxonomy":"product_brand","embeddable":true,"href":"https:\/\/bogensportdiscount.ch\/fr\/wp-json\/wp\/v2\/product_brand?post=433466"},{"taxonomy":"product_cat","embeddable":true,"href":"https:\/\/bogensportdiscount.ch\/fr\/wp-json\/wp\/v2\/product_cat?post=433466"},{"taxonomy":"product_tag","embeddable":true,"href":"https:\/\/bogensportdiscount.ch\/fr\/wp-json\/wp\/v2\/product_tag?post=433466"}],"curies":[{"name":"wp","href":"https:\/\/api.w.org\/{rel}","templated":true}]}}